{"id":249528,"date":"2023-05-23T22:05:12","date_gmt":"2023-05-23T21:05:12","guid":{"rendered":"https:\/\/www.moskito.cz\/?post_type=product&#038;p=249528"},"modified":"2025-11-04T14:24:49","modified_gmt":"2025-11-04T13:24:49","slug":"zaviraci-nuz-spyderco-tenacious-c122gps","status":"publish","type":"product","link":"https:\/\/www.moskito.cz\/de\/produkt\/zaviraci-nuz-spyderco-tenacious-c122gps\/","title":{"rendered":"Zav\u00edrac\u00ed N\u016f\u017e Spyderco Tenacious C122GPS"},"content":{"rendered":"<p>Zav\u00edrac\u00ed N\u016f\u017e <strong>Spyderco<\/strong> Tenacious C122GPS<\/p>\n<p>B\u00fdt hou\u017eevnat\u00fd znamen\u00e1 dr\u017eet se pevn\u011b. Znamen\u00e1 to b\u00fdt tvrd\u00fd a ne\u00fanavn\u00fd, dokud nedos\u00e1hnete sv\u00e9ho c\u00edle: v\u0161echny definice hodn\u00e9 no\u017ee pro hodn\u00fd n\u016f\u017e. St\u0159edn\u011b velk\u00fd Tenacious m\u00e1 \u010dernou lamin\u00e1tovou rukoje\u0165 G10, fr\u00e9zovanou s ohledem na dlouhodob\u00e9 \u0159ez\u00e1n\u00ed bez \u00fanavy. Uvnit\u0159 jsou zasunuty skeletonizovan\u00e9 ocelov\u00e9 vlo\u017eky zvy\u0161uj\u00edc\u00ed tuhost a pevnost rukojeti, ani\u017e by p\u0159id\u00e1valy nefunk\u010dn\u00ed hmotnost nebo objemnou tlou\u0161\u0165ku. Nerezov\u00e1 \u010depel 8Cr13Mov m\u00e1 tvar listu a je brou\u0161en\u00e1 naplocho od h\u0159betu k \u0159ezn\u00e9 hran\u011b pro v\u00fdkon p\u0159i \u0159ez\u00e1n\u00ed. Tvar \u010depele spojen\u00fd s nadm\u011brnou kulatou d\u00edrou Spyderco a strukturovan\u00fdm lemov\u00e1n\u00edm h\u0159betu v\u00e1m umo\u017en\u00ed otev\u0159\u00edt \u010depel a um\u00edstit palec na p\u00e1te\u0159 s jistotou, \u017ee jste p\u0159ipraveni k pr\u00e1ci. Z\u00e1mek Walker Linerlock (s vyztu\u017eenou vlo\u017ekou) a \u010dty\u0159cestn\u00fd kapesn\u00ed klip v\u00e1m umo\u017en\u00ed nastavit preferenci no\u0161en\u00ed a kreslen\u00ed: Nakl\u00e1p\u011bn\u00ed\/skl\u00e1p\u011bn\u00ed vlevo\/vpravo.<\/p>\n<p>Specifikace<br \/>\nCelkov\u00e1 d\u00e9lka: 19.7 cm<br \/>\nD\u00e9lka \u010depele: 8.6 cm<br \/>\n\u010cepel ocel: 8CR13MOV<br \/>\nD\u00e9lka v zav\u0159en\u00e9m stavu: 11.3 cm<br \/>\n\u0158ezn\u00e1 hrana: 8.6 cm<br \/>\nTlou\u0161\u0165ka \u010depele:0.3 cm<br \/>\nMateri\u00e1l rukojeti: G10<br \/>\nHmotnost: 4 oz. (115 g)<\/p>\n","protected":false},"excerpt":{"rendered":"<p><strong>St\u0159edn\u011b velk\u00fd Tenacious m\u00e1 \u010dernou lamin\u00e1tovou rukoje\u0165 G10, fr\u00e9zovanou s ohledem na dlouhodob\u00e9 \u0159ez\u00e1n\u00ed bez \u00fanavy.<\/strong><\/p>\n","protected":false},"featured_media":249529,"comment_status":"open","ping_status":"closed","template":"","meta":[],"pwb-brand":[567],"product_brand":[],"product_cat":[22,17],"product_tag":[3667],"class_list":{"0":"post-249528","1":"product","2":"type-product","3":"status-publish","4":"has-post-thumbnail","6":"pwb-brand-spyderco","7":"product_cat-zaviraci-noze","8":"product_cat-noze","9":"product_tag-b2b","11":"first","12":"instock","13":"taxable","14":"shipping-taxable","15":"purchasable","16":"product-type-simple"},"brands":[{"id":567,"name":"Spyderco","slug":"spyderco"}],"_links":{"self":[{"href":"https:\/\/www.moskito.cz\/de\/wp-json\/wp\/v2\/product\/249528","targetHints":{"allow":["GET"]}}],"collection":[{"href":"https:\/\/www.moskito.cz\/de\/wp-json\/wp\/v2\/product"}],"about":[{"href":"https:\/\/www.moskito.cz\/de\/wp-json\/wp\/v2\/types\/product"}],"replies":[{"embeddable":true,"href":"https:\/\/www.moskito.cz\/de\/wp-json\/wp\/v2\/comments?post=249528"}],"wp:featuredmedia":[{"embeddable":true,"href":"https:\/\/www.moskito.cz\/de\/wp-json\/wp\/v2\/media\/249529"}],"wp:attachment":[{"href":"https:\/\/www.moskito.cz\/de\/wp-json\/wp\/v2\/media?parent=249528"}],"wp:term":[{"taxonomy":"pwb-brand","embeddable":true,"href":"https:\/\/www.moskito.cz\/de\/wp-json\/wp\/v2\/pwb-brand?post=249528"},{"taxonomy":"product_brand","embeddable":true,"href":"https:\/\/www.moskito.cz\/de\/wp-json\/wp\/v2\/product_brand?post=249528"},{"taxonomy":"product_cat","embeddable":true,"href":"https:\/\/www.moskito.cz\/de\/wp-json\/wp\/v2\/product_cat?post=249528"},{"taxonomy":"product_tag","embeddable":true,"href":"https:\/\/www.moskito.cz\/de\/wp-json\/wp\/v2\/product_tag?post=249528"}],"curies":[{"name":"wp","href":"https:\/\/api.w.org\/{rel}","templated":true}]}}