{"id":249767,"date":"2023-05-30T18:49:05","date_gmt":"2023-05-30T17:49:05","guid":{"rendered":"https:\/\/www.moskito.cz\/?post_type=product&#038;p=249767"},"modified":"2025-05-07T10:51:07","modified_gmt":"2025-05-07T09:51:07","slug":"zaviraci-nuz-spyderco-lil-temperance-3-lightweight-c69pbk3","status":"publish","type":"product","link":"https:\/\/www.moskito.cz\/de\/produkt\/zaviraci-nuz-spyderco-lil-temperance-3-lightweight-c69pbk3\/","title":{"rendered":"Zav\u00edrac\u00ed N\u016f\u017e Spyderco Lil&#8216; Temperance 3 Lightweight C69PBK3"},"content":{"rendered":"<p>Zav\u00edrac\u00ed N\u016f\u017e <strong>Spyderco<\/strong> Lil&#8216; Temperance 3 Lightweight C69PBK3<\/p>\n<p>Spoluzakladatel <strong>Spyderco<\/strong> Sal Glesser nen\u00ed ciz\u00ed my\u0161lence nosit n\u016f\u017e jako n\u00e1stroj osobn\u00ed obrany. Vyr\u016fstal v jedn\u00e9 z chud\u0161\u00edch \u2013 a tvrd\u0161\u00edch \u2013 oblast\u00ed Brooklynu v New Yorku a u\u017e v ran\u00e9m v\u011bku se nau\u010dil ocenit ochrannou hodnotu no\u017e\u016f. Pozd\u011bji v \u017eivot\u011b ho tento pouli\u010dn\u00ed postoj tak\u00e9 p\u0159ivedl k tr\u00e9nov\u00e1n\u00ed r\u016fzn\u00fdch bojov\u00fdch um\u011bn\u00ed, v\u010detn\u011b discipl\u00edn zam\u011b\u0159en\u00fdch na dovednosti s ostr\u00fdmi zbran\u011bmi. A zat\u00edmco v\u011bt\u0161ina n\u00e1vrh\u016f Salov\u00fdch no\u017e\u016f zd\u016fraz\u0148ovala utilit\u00e1rn\u00ed pou\u017eit\u00ed ost\u0159\u00ed, n\u011bkolik z nich bez omluvy p\u0159ijalo ducha toho, co naz\u00fdv\u00e1 \u201eMartial Blade Craft\u201c. Pat\u0159\u00ed mezi n\u011b r\u016fzn\u00e9 v\u00fdrazy slo\u017eky Lil\u2019 Temperance a nejnov\u011bj\u0161\u00ed \u010dlen t\u00e9to rodiny, Lil\u2019 Temperance 3 Lightweight.<\/p>\n<p>Lil&#8216; Temperance Origins<\/p>\n<p>P\u016fvodn\u00ed Lil\u2019 Temperance, p\u0159edstaven\u00fd v roce 2001, byl v\u00fdkonn\u00fd zav\u00edrac\u00ed n\u016f\u017e ur\u010den\u00fd jak pro utilit\u00e1rn\u00ed, tak pro osobn\u00ed obranu. Vyzna\u010doval se silnou \u010depel\u00ed ve tvaru listu p\u016fvodn\u011b vyrobenou z nerezov\u00e9 oceli CPM 440V \u010d\u00e1sticov\u00e9 metalurgie a pozd\u011bji z CPM S30V. Pln\u011b ploch\u00e9 brou\u0161en\u00ed ze 4 mm (0,157 palce) pa\u017eby a vyr\u00e1b\u011bn\u00e9 ve variant\u00e1ch PlainEdge i SpyderEdge, \u010depel byla podporov\u00e1na inovativn\u00edm mechanismem Compression Lock spole\u010dnosti Spyderco, kter\u00fd no\u017ei dodal pevnost z\u00e1mku \u201eMBC-hodnocen\u00fd\u201c pro extr\u00e9mn\u00ed spolehlivost.<\/p>\n<p>Vlo\u017eky z nerezov\u00e9 oceli, kter\u00e9 tvo\u0159ily z\u00e1klad kompresn\u00edho z\u00e1mku, byly vno\u0159eny do zelen\u00fdch vah rukojet\u00ed G-10, kter\u00e9 byly pe\u010dliv\u011b opracov\u00e1ny, aby vytvo\u0159ily pokro\u010dil\u00fd ergonomick\u00fd design rukojeti. Tento trojrozm\u011brn\u00fd design obsahoval t\u0159i oto\u010dn\u00e9 \u201eoto\u010dky\u201c na stupnici na l\u00edcn\u00ed stran\u011b a unik\u00e1tn\u00ed kapesn\u00ed klip s odpov\u00eddaj\u00edc\u00ed \u0159adou otvor\u016f. Kapsov\u00e1 spona, navr\u017een\u00e1 pouze pro no\u0161en\u00ed na prav\u00e9 stran\u011b, mohla b\u00fdt nakonfigurov\u00e1na pro orientaci naklon\u011bn\u00edm nahoru nebo dol\u016f. V obou poloh\u00e1ch byly otvory klipu dokonale zarovn\u00e1ny s dr\u00e1\u017ekami v opa\u010dn\u00e9m m\u011b\u0159\u00edtku, aby poskytovaly indexov\u00e9 body pro taktiku zm\u011bny \u00fachopu bojov\u00fdch um\u011bn\u00ed. Sev\u0159en\u00ed jednoho z otvor\u016f mezi palcem a ukazov\u00e1\u010dkem nebo prost\u0159edn\u00edkem vytvo\u0159ilo p\u0159irozenou osu ot\u00e1\u010den\u00ed, kter\u00e1 umo\u017e\u0148ovala rychlou zm\u011bnu no\u017ee ze standardn\u00edho \u00fachopu na reverzn\u00ed \u00fachop a zp\u011bt. P\u0159\u00edtomnost t\u0159\u00ed p\u00e1r\u016f otvor\u016f a otvor\u016f umo\u017enila u\u017eivatel\u016fm vybrat si oto\u010dn\u00fd bod, kter\u00fd nejl\u00e9pe vyhovuje velikosti jejich ruky a technice manipulace.<\/p>\n<p>Lil&#8216; Temperance 2<\/p>\n<p>Krom\u011b p\u016fvodn\u00ed verze Spyderco vyrobilo tak\u00e9 druhou variaci slo\u017eky Lil\u2019 Temperance. Vyzna\u010doval se p\u0159esn\u011b stejnou konstrukc\u00ed rukojeti, ale m\u00edsto \u010depele ve tvaru listu m\u011bl \u010depel se zahnutou koncovou \u0161pi\u010dkou s konk\u00e1vn\u00ed \u201esponou\u201c na h\u0159betu. Konk\u00e1vn\u00ed klip, p\u0159ipom\u00ednaj\u00edc\u00ed klasick\u00fd tvar no\u017ee Bowie, tak\u00e9 poskytoval bezpe\u010dn\u011bj\u0161\u00ed n\u00e1kup, kdy\u017e byl n\u016f\u017e dr\u017een v obr\u00e1cen\u00e9m sev\u0159en\u00ed a byl pou\u017eit k zah\u00e1knut\u00ed a p\u0159esm\u011brov\u00e1n\u00ed kon\u010detiny \u00fato\u010dn\u00edka.<\/p>\n<p>Stejn\u011b jako jeho sourozenec byla \u010depel Lil\u2019 Temperance 2 siln\u00e1 4 mm siln\u00e1 a m\u011bla zcela ploch\u00e9 brou\u0161en\u00ed pro optim\u00e1ln\u00ed geometrii ost\u0159\u00ed. Brou\u0161en\u00e9 \u00fakosy obou profil\u016f tak\u00e9 prodlou\u017eily celou d\u00e9lku \u010depele a zcela eliminovaly ricasso (nezkosen\u00e1 \u010d\u00e1st v\u011bt\u0161iny \u010depel\u00ed mezi rameny brusn\u00fdch \u00fakos\u016f a rukojet\u00ed). To maximalizovalo d\u00e9lku ost\u0159\u00ed a umo\u017enilo ob\u011bma no\u017e\u016fm \u0159ezat s autoritou daleko za velikost\u00ed jejich kompaktn\u00edch \u010depel\u00ed. Ran\u00e1 v\u00fdroba Lil\u2019 Temperance 2 s \u010depel\u00ed Bowie tak\u00e9 p\u0159edv\u00e1d\u011bla ocel \u010depele CPM 440V, ale pozd\u011bji byla p\u0159evedena na CPM S30V. A\u010dkoli byla verze SpyderEdge s pln\u00fdm zoubkov\u00e1n\u00edm zm\u00edn\u011bna v pr\u016fvodci produkt\u016f Spyderco z roku 2003, Lil\u2019 Temperance 2 byl vyroben pouze ve form\u00e1tu PlainEdge.<\/p>\n<p>Lil&#8216; Temperance 3<\/p>\n<p>Lil\u2019 Temperance a Lil\u2019 Temperance 2 z\u016fstaly v produktov\u00e9 \u0159ad\u011b Spyderco od roku 2001 do zhruba roku 2004. B\u011bhem t\u00e9 doby byl jejich charakteristick\u00fd klipov\u00fd design n\u011bkolikr\u00e1t vylep\u0161ov\u00e1n, aby byl p\u0159\u00edv\u011btiv\u011bj\u0161\u00ed do kapsy, ale nakonec byly oba modely ukon\u010deny.<\/p>\n<p>V roce 2017 se Sal Glesser rozhodl vzk\u0159\u00edsit Lil\u2019 Temperance, ale ve \u0161t\u00edhlej\u0161\u00ed a jednodu\u0161\u0161\u00ed podob\u011b. Pok\u0159t\u011bn\u00fd Lil\u2019 Temperance 3 m\u011bl \u0161irokou \u010depel ve tvaru listu vyrobenou z CPM S30V. Stejn\u011b jako design prvn\u00ed generace byl kotou\u010d vyroben ze siln\u00e9 4mm pa\u017eby a pln\u011b ploch\u00e9ho brou\u0161en\u00ed pro v\u00fdjime\u010dnou rovnov\u00e1hu mezi pevnost\u00ed, geometri\u00ed b\u0159itu a \u0159ezn\u00fdm v\u00fdkonem s n\u00edzk\u00fdm t\u0159en\u00edm. P\u0159esto\u017ee jeho ricasso bylo o n\u011bco v\u00fdrazn\u011bj\u0161\u00ed ne\u017e origin\u00e1l, st\u00e1le se chlubilo ost\u0159\u00edm po cel\u00e9 d\u00e9lce pro maxim\u00e1ln\u00ed \u0159ezn\u00fd v\u00fdkon. Tak\u00e9 p\u0159idal strategicky um\u00edst\u011bnou \u010d\u00e1st jimpingu (texturovan\u00e9 dr\u00e1\u017eky) na palcov\u00e9 ramp\u011b, aby zajistil pozitivn\u00ed n\u00e1kup palce. Stejn\u011b jako jeho p\u0159edch\u016fdci byl i jeho kulat\u00fd otvor s ochrannou zn\u00e1mkou pln\u011b p\u0159\u00edstupn\u00fd z obou stran, aby bylo mo\u017en\u00e9 rychle a oboustrann\u011b otev\u0159\u00edt jednou rukou.<\/p>\n<p>Nejv\u00fdrazn\u011bj\u0161\u00edm rozd\u00edlem mezi Lil\u2019 Temperance 3 a designem prvn\u00ed generace byla jeho rukoje\u0165. Nam\u00edsto 3D-obroben\u00e9ho reli\u00e9fu origin\u00e1lu byly jeho \u0161upiny vyrobeny z odlupovac\u00ed vrstvy G-10, kter\u00e1 poskytovala protiskluzovou texturu v jednodu\u0161\u0161\u00edm form\u00e1tu. Profil rukojeti byl tak\u00e9 zefektivn\u011bn, aby se odstranily slo\u017eit\u00e9 dr\u00e1\u017eky pro prsty u zadn\u00edho konce ve prosp\u011bch plynulej\u0161\u00edch k\u0159ivek. V\u011brn\u00fd sv\u00e9mu tvaru si v\u0161ak zachoval vysoce pevn\u00fd kompresn\u00ed z\u00e1mek a vno\u0159en\u00e9 nerezov\u00e9 vlo\u017eky klasick\u00e9ho designu. Pro dopln\u011bn\u00ed snadno \u010distiteln\u00e9ho designu rukojeti s otev\u0159enou h\u0159betem byly vlo\u017eky z nerezov\u00e9 oceli tak\u00e9 skeletonizov\u00e1ny, aby se d\u00e1le sn\u00ed\u017eila hmotnost.<\/p>\n<p>V souladu s p\u016fvodn\u00edm duchem designu jako potenci\u00e1ln\u00edho n\u00e1stroje osobn\u00ed obrany obsahoval Lil\u2019 Temperance 3 jeden indexovac\u00ed \u201eoto\u010dn\u00fd kloub\u201c v ka\u017ed\u00e9 stupnici rukojeti a p\u0159idal v\u0161estrannost \u010dty\u0159polohov\u00e9 kapesn\u00ed spony. \u0160irok\u00e1 spona by mohla b\u00fdt namontov\u00e1na tak, aby podporovala v\u0161echny mo\u017en\u00e9 polohy no\u0161en\u00ed, v\u010detn\u011b no\u0161en\u00ed na lev\u00e9 nebo prav\u00e9 stran\u011b, nakl\u00e1p\u011bn\u00ed nebo skl\u00e1p\u011bn\u00ed. Bez ohledu na jeho konfiguraci byly dr\u00e1\u017eky ve stupnic\u00edch p\u0159esn\u011b zarovn\u00e1ny s konk\u00e1vn\u00ed \u010d\u00e1st\u00ed spony kapsy, aby vytvo\u0159ily osu ot\u00e1\u010den\u00ed pro man\u00e9vry zm\u011bny \u00fachopu.<\/p>\n<p>Lil\u2019 Temperance 3 Lehk\u00e1<\/p>\n<p>V roce 2022 Spyderco posunulo v\u00fdvoj konceptu Lil\u2019 Temperance o krok d\u00e1le a nahradilo stupnice G-10 Lil\u2019 Temperance 3 vst\u0159ikovan\u00fdm nylonem vyztu\u017een\u00fdm skeln\u00fdm vl\u00e1knem (FRN) a vytvo\u0159ilo tak Lil\u2019 Temperance 3 Lightweight. Stejn\u011b jako v\u0161echny \u201eodleh\u010den\u00e9\u201c no\u017ee Spyderco tento v\u00fdraz odr\u00e1\u017e\u00ed konstrukci rukojeti FRN, co\u017e nemus\u00ed nutn\u011b znamenat v\u00fdrazn\u00e9 sn\u00ed\u017een\u00ed hmotnosti ve srovn\u00e1n\u00ed s jin\u00fdmi verzemi designu. V p\u0159\u00edpad\u011b Lil\u2019 Temperance 3 Lightweight je skute\u010dn\u00e9 sn\u00ed\u017een\u00ed hmotnosti pouze 0,2 unce (6 gram\u016f), tedy p\u011bt procent.<\/p>\n<p>D\u016fle\u017eit\u011bj\u0161\u00ed v\u00fdhodou rukojeti FRN na tomto no\u017ei je to, \u017ee umo\u017e\u0148uj\u00ed hluboce tvarovan\u00fd vzor obousm\u011brn\u00e9 textury. Ve srovn\u00e1n\u00ed s jemnou texturou slupovac\u00ed vrstvy G-10 tato textura v\u00fdrazn\u011b zvy\u0161uje bezpe\u010dnost \u00fachopu rukojeti, zejm\u00e9na ve vysoce nam\u00e1han\u00fdch situac\u00edch nebo n\u00e1ro\u010dn\u00fdch okoln\u00edch podm\u00ednk\u00e1ch. P\u0159esn\u00fd st\u0159ed obou vah, v\u011brn\u00fd sv\u00fdm p\u0159edch\u016fdc\u016fm, je vybaven jemnou dr\u00e1\u017ekou, kter\u00e1 dokonale l\u00edcuje s konk\u00e1vn\u00ed oblast\u00ed kapesn\u00ed spony a poskytuje definovan\u00fd oto\u010dn\u00fd bod pro zm\u011bny \u00fachopu. Skeletonizovan\u00e9 vlo\u017eky z nerezov\u00e9 oceli vlo\u017een\u00e9 do \u0161upin tvo\u0159\u00ed z\u00e1klad vysoce pevn\u00e9ho mechanismu Compression Lock no\u017ee. Poskytuj\u00ed tak\u00e9 pevn\u00e9 ukotven\u00ed pro jeho \u0161irokou, \u010dty\u0159polohovou kapesn\u00ed sponu, kter\u00e1 je pln\u011b konfigurovateln\u00e1 pro no\u0161en\u00ed na lev\u00e9 nebo prav\u00e9 stran\u011b, nakl\u00e1p\u011bn\u00ed nebo skl\u00e1p\u011bn\u00ed. Pro ty, kte\u0159\u00ed r\u00e1di pou\u017e\u00edvaj\u00ed na no\u017ei p\u0159\u00edv\u011bsky nebo \u0161\u0148\u016frky, m\u00e1 rukoje\u0165 tak\u00e9 velkoryse dimenzovan\u00fd otvor na \u0161\u0148\u016frku.<\/p>\n<p>Pevn\u00e1 \u010depel ve tvaru listu Lil\u2019 Temperance 3 Lightweight je zcela ploch\u00e1 brou\u0161en\u00e1 z nerezov\u00e9 oceli VG-10 o tlou\u0161\u0165ce 4 mm a m\u00e1 minim\u00e1ln\u00ed ricasso pro maximalizaci d\u00e9lky ost\u0159\u00ed. Zahrnuje texturovanou palcovou rampu pro lep\u0161\u00ed ovl\u00e1d\u00e1n\u00ed b\u011bhem pou\u017e\u00edv\u00e1n\u00ed a je k dispozici ve v\u00fdb\u011bru form\u00e1tu PlainEdge nebo pln\u011b zoubkovan\u00e9ho SpyderEdge.<\/p>\n<p>Lil\u2019 Temperance 3 Lightweight hrd\u011b pokra\u010duje v odkazu skute\u010dn\u00e9 klasiky Spyderco a v\u011brn\u011b ct\u00ed ducha p\u016fvodn\u00edho designu a zahrnuje n\u011bkolik v\u00fdznamn\u00fdch vylep\u0161en\u00ed, d\u00edky nim\u017e je je\u0161t\u011b funk\u010dn\u011bj\u0161\u00ed a schopn\u011bj\u0161\u00ed. A\u0165 u\u017e hled\u00e1te kompaktn\u00ed, robustn\u00ed n\u016f\u017e nebo d\u016fv\u011bryhodn\u00fd n\u00e1stroj osobn\u00ed obrany, je to rozhodn\u011b v\u00e1\u0161 \u00fakol.<\/p>\n<p>Specifikace<br \/>\nD\u00e9lka \u010depele: 7.4 cm<br \/>\nD\u00e9lka v zav\u0159en\u00e9m stavu: 11.1 cm<br \/>\nCelkov\u00e1 d\u00e9lka: 18.2 cm<br \/>\n\u0158ezn\u00e1 hrana: 7.2 cm<br \/>\nTlou\u0161\u0165ka \u010depele: 0.4 cm<br \/>\nMateri\u00e1l \u010depele: Nerezov\u00e1 ocel VG-10<br \/>\nStyl \u010depele: ve tvaru listu<br \/>\nBrou\u0161en\u00ed \u010depele: Pln\u011b ploch\u00e9<br \/>\nPovrchov\u00e1 \u00faprava \u010depele: sat\u00e9n<br \/>\nOst\u0159\u00ed \u010depele: Hladk\u00e9<br \/>\nMateri\u00e1l rukojeti: FRN<br \/>\nBarva rukojeti: \u010cern\u00e1<br \/>\nUzamykac\u00ed mechanismus: Kompresn\u00ed z\u00e1mek<br \/>\nKapesn\u00ed klip: Tip-Down, Tip-Down, Left\/Right Carry<br \/>\n\u010c\u00edslo modelu: C69PBK3<br \/>\nN\u00e1zev modelu: Lil&#8216; Temperance 3 Lightweight<br \/>\nDesign\u00e9r: Sal Glesser<br \/>\nHmotnost: 3,81 oz. (108 g)<br \/>\nVyrobeno v Japonsku<\/p>\n","protected":false},"excerpt":{"rendered":"<p><strong>Lil\u2019 Temperance 3 Lightweight hrd\u011b pokra\u010duje v odkazu skute\u010dn\u00e9 klasiky Spyderco a v\u011brn\u011b ct\u00ed ducha p\u016fvodn\u00edho designu a zahrnuje n\u011bkolik v\u00fdznamn\u00fdch vylep\u0161en\u00ed, d\u00edky nim\u017e je je\u0161t\u011b funk\u010dn\u011bj\u0161\u00ed a schopn\u011bj\u0161\u00ed.<\/strong><\/p>\n","protected":false},"featured_media":249768,"comment_status":"open","ping_status":"closed","template":"","meta":[],"pwb-brand":[567],"product_brand":[],"product_cat":[22,17],"product_tag":[3667],"class_list":{"0":"post-249767","1":"product","2":"type-product","3":"status-publish","4":"has-post-thumbnail","6":"pwb-brand-spyderco","7":"product_cat-zaviraci-noze","8":"product_cat-noze","9":"product_tag-b2b","11":"first","12":"instock","13":"taxable","14":"shipping-taxable","15":"purchasable","16":"product-type-simple"},"brands":[{"id":567,"name":"Spyderco","slug":"spyderco"}],"_links":{"self":[{"href":"https:\/\/www.moskito.cz\/de\/wp-json\/wp\/v2\/product\/249767","targetHints":{"allow":["GET"]}}],"collection":[{"href":"https:\/\/www.moskito.cz\/de\/wp-json\/wp\/v2\/product"}],"about":[{"href":"https:\/\/www.moskito.cz\/de\/wp-json\/wp\/v2\/types\/product"}],"replies":[{"embeddable":true,"href":"https:\/\/www.moskito.cz\/de\/wp-json\/wp\/v2\/comments?post=249767"}],"wp:featuredmedia":[{"embeddable":true,"href":"https:\/\/www.moskito.cz\/de\/wp-json\/wp\/v2\/media\/249768"}],"wp:attachment":[{"href":"https:\/\/www.moskito.cz\/de\/wp-json\/wp\/v2\/media?parent=249767"}],"wp:term":[{"taxonomy":"pwb-brand","embeddable":true,"href":"https:\/\/www.moskito.cz\/de\/wp-json\/wp\/v2\/pwb-brand?post=249767"},{"taxonomy":"product_brand","embeddable":true,"href":"https:\/\/www.moskito.cz\/de\/wp-json\/wp\/v2\/product_brand?post=249767"},{"taxonomy":"product_cat","embeddable":true,"href":"https:\/\/www.moskito.cz\/de\/wp-json\/wp\/v2\/product_cat?post=249767"},{"taxonomy":"product_tag","embeddable":true,"href":"https:\/\/www.moskito.cz\/de\/wp-json\/wp\/v2\/product_tag?post=249767"}],"curies":[{"name":"wp","href":"https:\/\/api.w.org\/{rel}","templated":true}]}}