{"id":249982,"date":"2023-06-04T19:53:02","date_gmt":"2023-06-04T18:53:02","guid":{"rendered":"https:\/\/www.moskito.cz\/?post_type=product&#038;p=249982"},"modified":"2025-05-07T10:51:12","modified_gmt":"2025-05-07T09:51:12","slug":"brousek-spyderco-ceramic-golden-stone-sharpener-fine-308f","status":"publish","type":"product","link":"https:\/\/www.moskito.cz\/de\/produkt\/brousek-spyderco-ceramic-golden-stone-sharpener-fine-308f\/","title":{"rendered":"Brousek Spyderco Ceramic Golden Stone Sharpener Fine 308F"},"content":{"rendered":"<p>Brousek <strong>Spyderco<\/strong> Ceramic Golden Stone Sharpener Fine 308F<\/p>\n<p>Brousek <strong>Spyderco<\/strong> Golden Stone obsahuje v\u0161echny k\u0159ivky a \u00fahly pro ost\u0159en\u00ed jak\u00e9koli hrany. Vyrobeno v USA, z Alumina Ceramic je vytvo\u0159eno procesem kombinuj\u00edc\u00ed pojivo s \u010d\u00e1sticemi oxidu hlinit\u00e9ho (co\u017e jsou ve skute\u010dnosti syntetick\u00e9 saf\u00edry o velikosti 15 a\u017e 25 mikron\u016f). Jeho pec pak vypalovala p\u0159i teplot\u00e1ch p\u0159esahuj\u00edc\u00edch 3000 stup\u0148\u016f F (1649 \u00b0C), kde dosahuje 9 (z 10) na Mohsov\u011b stupnici tvrdosti a je ochlazov\u00e1na po etap\u00e1ch. Keramick\u00e1 o\u0159ez\u00e1v\u00e1tka se pou\u017e\u00edvaj\u00ed nasucho bez oleje nebo vody. Jemn\u00e9 zrno Golden Stone m\u00e1 uzav\u0159en\u00e9 bu\u0148ky a neopot\u0159ebov\u00e1v\u00e1 se pou\u017e\u00edv\u00e1n\u00edm ani \u010dasem, vynik\u00e1 p\u0159i le\u0161t\u011bn\u00ed a profesion\u00e1ln\u00edm dokon\u010dov\u00e1n\u00ed jak\u00e9koli hrany. \u00dahly a bo\u010dnice zahrnuj\u00ed: ploch\u00fd k\u00e1men, dr\u00e1\u017eku pro odhrotov\u00e1n\u00ed a honov\u00e1n\u00ed \u0161pi\u010dat\u00fdch p\u0159edm\u011bt\u016f. Dr\u017een\u00edm kamene svisle na desce stolu a nakl\u00e1n\u011bn\u00edm z jedn\u00e9 strany na druhou se zvedne jedna hrana z desky stolu, \u010d\u00edm\u017e se vytvo\u0159\u00ed \u00fahel 20\u00b0 (celkov\u00fd \u00fahel 40\u00b0) pro brou\u0161en\u00ed \u010depel\u00ed no\u017e\u016f. Ob\u011b strany jsou eliptick\u00e9. Jedna strana m\u00e1 velk\u00fd polom\u011br pro ost\u0159en\u00ed PlainEdges, druh\u00e1 men\u0161\u00ed polom\u011br pro SpyderEdges (zuby). Um\u00edst\u011bn\u00fd na boku vodorovn\u011b vytv\u00e1\u0159\u00ed \u00fahel 12,5\u00b0 pro brou\u0161en\u00ed n\u016f\u017eek. Semi\u0161ov\u00e9 ko\u017een\u00e9 pouzdro slou\u017e\u00ed jako protiskluzov\u00e1 podlo\u017eka pro stoln\u00ed ost\u0159en\u00ed. \u010ci\u0161t\u011bn\u00ed: opl\u00e1chn\u011bte ve vod\u011b a osu\u0161te. Je teplotn\u011b odoln\u00fd, vhodn\u00fd do my\u010dky a autokl\u00e1vu. V sou\u010dasn\u00e9 dob\u011b nep\u0159ich\u00e1z\u00ed s \u017e\u00e1dn\u00fdmi pokyny, balen\u00edm nebo podporou DVD.<\/p>\n","protected":false},"excerpt":{"rendered":"<p>Brousek <strong>Spyderco<\/strong> Golden Stone obsahuje v\u0161echny k\u0159ivky a \u00fahly pro ost\u0159en\u00ed jak\u00e9koli hrany.<\/p>\n","protected":false},"featured_media":249983,"comment_status":"open","ping_status":"closed","template":"","meta":[],"pwb-brand":[567],"product_brand":[],"product_cat":[26],"product_tag":[3667],"class_list":{"0":"post-249982","1":"product","2":"type-product","3":"status-publish","4":"has-post-thumbnail","6":"pwb-brand-spyderco","7":"product_cat-brousky-a-ocilky","8":"product_tag-b2b","10":"first","11":"instock","12":"taxable","13":"shipping-taxable","14":"purchasable","15":"product-type-simple"},"brands":[{"id":567,"name":"Spyderco","slug":"spyderco"}],"_links":{"self":[{"href":"https:\/\/www.moskito.cz\/de\/wp-json\/wp\/v2\/product\/249982","targetHints":{"allow":["GET"]}}],"collection":[{"href":"https:\/\/www.moskito.cz\/de\/wp-json\/wp\/v2\/product"}],"about":[{"href":"https:\/\/www.moskito.cz\/de\/wp-json\/wp\/v2\/types\/product"}],"replies":[{"embeddable":true,"href":"https:\/\/www.moskito.cz\/de\/wp-json\/wp\/v2\/comments?post=249982"}],"wp:featuredmedia":[{"embeddable":true,"href":"https:\/\/www.moskito.cz\/de\/wp-json\/wp\/v2\/media\/249983"}],"wp:attachment":[{"href":"https:\/\/www.moskito.cz\/de\/wp-json\/wp\/v2\/media?parent=249982"}],"wp:term":[{"taxonomy":"pwb-brand","embeddable":true,"href":"https:\/\/www.moskito.cz\/de\/wp-json\/wp\/v2\/pwb-brand?post=249982"},{"taxonomy":"product_brand","embeddable":true,"href":"https:\/\/www.moskito.cz\/de\/wp-json\/wp\/v2\/product_brand?post=249982"},{"taxonomy":"product_cat","embeddable":true,"href":"https:\/\/www.moskito.cz\/de\/wp-json\/wp\/v2\/product_cat?post=249982"},{"taxonomy":"product_tag","embeddable":true,"href":"https:\/\/www.moskito.cz\/de\/wp-json\/wp\/v2\/product_tag?post=249982"}],"curies":[{"name":"wp","href":"https:\/\/api.w.org\/{rel}","templated":true}]}}