{"id":250110,"date":"2023-06-06T21:24:33","date_gmt":"2023-06-06T20:24:33","guid":{"rendered":"https:\/\/www.moskito.cz\/?post_type=product&#038;p=250110"},"modified":"2026-01-01T12:52:23","modified_gmt":"2026-01-01T11:52:23","slug":"zaviraci-nuz-spyderco-lightweight-paramilitary-3-c223pbbk","status":"publish","type":"product","link":"https:\/\/www.moskito.cz\/de\/produkt\/zaviraci-nuz-spyderco-lightweight-paramilitary-3-c223pbbk\/","title":{"rendered":"Zav\u00edrac\u00ed N\u016f\u017e Spyderco Lightweight Paramilitary 3 C223PBBK"},"content":{"rendered":"<h2 data-start=\"204\" data-end=\"272\">\ud83d\udde1\ufe0f Zav\u00edrac\u00ed n\u016f\u017e <strong data-start=\"224\" data-end=\"272\">Spyderco Lightweight Paramilitary 3 C223PBBK<\/strong><\/h2>\n<h3 data-start=\"274\" data-end=\"334\">Leh\u010d\u00ed varianta legendy \u2013 v\u00fdkon a ovladatelnost v jednom.<\/h3>\n<p data-start=\"336\" data-end=\"701\">Spyderco Lightweight Paramilitary 3 je modern\u00ed interpretace ikonick\u00e9ho modelu Paramilitary 3 s d\u016frazem na <strong data-start=\"442\" data-end=\"490\">ni\u017e\u0161\u00ed hmotnost a komfort ka\u017edodenn\u00edho no\u0161en\u00ed<\/strong>, ani\u017e by se slevilo z v\u00fdkonu, pevnosti nebo spolehlivosti.<br data-start=\"549\" data-end=\"552\" \/>Tento model je navr\u017een tak, aby poskytoval <strong data-start=\"595\" data-end=\"647\">rychl\u00e9 otev\u0159en\u00ed, jist\u00fd \u00fachop a pohodln\u00e9 ovl\u00e1d\u00e1n\u00ed<\/strong>, a z\u00e1rove\u0148 byl dostate\u010dn\u011b siln\u00fd pro n\u00e1ro\u010dn\u011bj\u0161\u00ed \u00fakoly.<\/p>\n<p data-start=\"703\" data-end=\"871\">Kdy\u017e otev\u0159e\u0161 \u010depel charakteristick\u00fdm kruhov\u00fdm otvorem Spyderco a zajist\u00ed\u0161 ji <strong data-start=\"780\" data-end=\"801\">Compression Lock\u00ae<\/strong>, okam\u017eit\u011b poc\u00edt\u00ed\u0161 rovnov\u00e1hu s\u00edly a lehkosti, kterou tento n\u016f\u017e nab\u00edz\u00ed.<\/p>\n<hr data-start=\"873\" data-end=\"876\" \/>\n<h3 data-start=\"878\" data-end=\"903\">Charakter a filozofie<\/h3>\n<p data-start=\"905\" data-end=\"1242\">Lightweight Paramilitary 3 stav\u00ed na osv\u011bd\u010den\u00e9m konceptu Paramilitary \u2013 ale p\u0159id\u00e1v\u00e1 <strong data-start=\"988\" data-end=\"1072\">\u0161et\u0159\u00edc\u00ed design, ni\u017e\u0161\u00ed hmotnost a snadn\u011bj\u0161\u00ed manipulaci pro ka\u017edodenn\u00ed EDC pou\u017eit\u00ed<\/strong>.<br data-start=\"1073\" data-end=\"1076\" \/>Je to n\u00e1stroj, kter\u00fd <strong data-start=\"1097\" data-end=\"1132\">funguje intuitivn\u011b a spolehliv\u011b<\/strong> \u2013 p\u0159ipraven\u00fd \u010delit jak b\u011b\u017en\u00fdm ka\u017edodenn\u00edm \u00fakon\u016fm, tak t\u011b\u017e\u0161\u00edm \u00fakol\u016fm, kdy je pot\u0159eba v\u011bt\u0161\u00ed kontrola a pevnost.<\/p>\n<p data-start=\"1244\" data-end=\"1370\">Tento model je ide\u00e1ln\u00ed volbou pro u\u017eivatele, kte\u0159\u00ed cht\u011bj\u00ed legend\u00e1rn\u00ed v\u00fdkon Paramilitary 3 ve <strong data-start=\"1337\" data-end=\"1369\">lehk\u00e9m a pohodln\u00e9m proveden\u00ed<\/strong>.<\/p>\n<hr data-start=\"1372\" data-end=\"1375\" \/>\n<h2 data-start=\"1377\" data-end=\"1392\">\ud83c\udfed O v\u00fdrobci<\/h2>\n<p data-start=\"1394\" data-end=\"1688\">Spyderco je zna\u010dka, kter\u00e1 stoj\u00ed v pop\u0159ed\u00ed modern\u00edho no\u017e\u00ed\u0159stv\u00ed.<br data-start=\"1456\" data-end=\"1459\" \/>Je zn\u00e1m\u00e1 d\u016frazem na <strong data-start=\"1479\" data-end=\"1525\">ergonomii, inovativn\u00ed konstrukce a kvalitu<\/strong>, kter\u00e9 se odr\u00e1\u017e\u00ed v ka\u017ed\u00e9m modelu.<br data-start=\"1559\" data-end=\"1562\" \/>Lightweight Paramilitary 3 je dal\u0161\u00edm p\u0159\u00edkladem toho, jak zna\u010dka kombinuje v\u00fdkon, prakti\u010dnost a pohodl\u00ed pro ka\u017edodenn\u00ed pou\u017eit\u00ed.<\/p>\n<hr data-start=\"1690\" data-end=\"1693\" \/>\n<h2 data-start=\"1695\" data-end=\"1722\">\u2699\ufe0f Technick\u00e9 specifikace<\/h2>\n<div class=\"TyagGW_tableContainer\">\n<div class=\"group TyagGW_tableWrapper flex w-fit flex-col-reverse\" tabindex=\"-1\">\n<table class=\"w-fit min-w-(--thread-content-width)\" data-start=\"1724\" data-end=\"2354\">\n<thead data-start=\"1724\" data-end=\"1746\">\n<tr data-start=\"1724\" data-end=\"1746\">\n<th data-start=\"1724\" data-end=\"1735\" data-col-size=\"sm\">Parametr<\/th>\n<th data-start=\"1735\" data-end=\"1746\" data-col-size=\"md\">Hodnota<\/th>\n<\/tr>\n<\/thead>\n<tbody data-start=\"1770\" data-end=\"2354\">\n<tr data-start=\"1770\" data-end=\"1805\">\n<td data-start=\"1770\" data-end=\"1786\" data-col-size=\"sm\">Celkov\u00e1 d\u00e9lka<\/td>\n<td data-col-size=\"md\" data-start=\"1786\" data-end=\"1805\">cca <strong data-start=\"1792\" data-end=\"1803\">21,5 cm<\/strong><\/td>\n<\/tr>\n<tr data-start=\"1806\" data-end=\"1839\">\n<td data-start=\"1806\" data-end=\"1821\" data-col-size=\"sm\">D\u00e9lka \u010depele<\/td>\n<td data-col-size=\"md\" data-start=\"1821\" data-end=\"1839\">cca <strong data-start=\"1827\" data-end=\"1837\">8,9 cm<\/strong><\/td>\n<\/tr>\n<tr data-start=\"1840\" data-end=\"1876\">\n<td data-start=\"1840\" data-end=\"1858\" data-col-size=\"sm\">Tlou\u0161\u0165ka \u010depele<\/td>\n<td data-col-size=\"md\" data-start=\"1858\" data-end=\"1876\">cca <strong data-start=\"1864\" data-end=\"1874\">3,8 mm<\/strong><\/td>\n<\/tr>\n<tr data-start=\"1877\" data-end=\"1936\">\n<td data-start=\"1877\" data-end=\"1895\" data-col-size=\"sm\">Materi\u00e1l \u010depele<\/td>\n<td data-col-size=\"md\" data-start=\"1895\" data-end=\"1936\"><strong data-start=\"1897\" data-end=\"1909\">CPM S30V<\/strong> \u2013 pr\u00e9miov\u00e1 nerezov\u00e1 ocel<\/td>\n<\/tr>\n<tr data-start=\"1937\" data-end=\"1974\">\n<td data-start=\"1937\" data-end=\"1953\" data-col-size=\"sm\">Tvrdost oceli<\/td>\n<td data-start=\"1953\" data-end=\"1974\" data-col-size=\"md\">cca <strong data-start=\"1959\" data-end=\"1972\">58\u201360 HRC<\/strong><\/td>\n<\/tr>\n<tr data-start=\"1975\" data-end=\"2003\">\n<td data-start=\"1975\" data-end=\"1989\" data-col-size=\"sm\">Tvar \u010depele<\/td>\n<td data-col-size=\"md\" data-start=\"1989\" data-end=\"2003\">Leaf-shape<\/td>\n<\/tr>\n<tr data-start=\"2004\" data-end=\"2039\">\n<td data-start=\"2004\" data-end=\"2020\" data-col-size=\"sm\">Povrch \u010depele<\/td>\n<td data-start=\"2020\" data-end=\"2039\" data-col-size=\"md\"><strong data-start=\"2022\" data-end=\"2037\">Black Blade<\/strong><\/td>\n<\/tr>\n<tr data-start=\"2040\" data-end=\"2123\">\n<td data-start=\"2040\" data-end=\"2050\" data-col-size=\"sm\">Rukoje\u0165<\/td>\n<td data-col-size=\"md\" data-start=\"2050\" data-end=\"2123\"><strong data-start=\"2052\" data-end=\"2072\">Lehk\u00e1 konstrukce<\/strong> \u2013 kter\u00e9 sni\u017euje v\u00e1hu, sou\u010dasn\u011b pevn\u00e1 a komfortn\u00ed<\/td>\n<\/tr>\n<tr data-start=\"2124\" data-end=\"2193\">\n<td data-start=\"2124\" data-end=\"2132\" data-col-size=\"sm\">Z\u00e1mek<\/td>\n<td data-col-size=\"md\" data-start=\"2132\" data-end=\"2193\"><strong data-start=\"2134\" data-end=\"2155\">Compression Lock\u00ae<\/strong> \u2013 bezpe\u010dn\u00fd a intuitivn\u00ed mechanismus<\/td>\n<\/tr>\n<tr data-start=\"2194\" data-end=\"2232\">\n<td data-start=\"2194\" data-end=\"2206\" data-col-size=\"sm\">Otev\u00edr\u00e1n\u00ed<\/td>\n<td data-start=\"2206\" data-end=\"2232\" data-col-size=\"md\">Kruhov\u00fd otvor Spyderco<\/td>\n<\/tr>\n<tr data-start=\"2233\" data-end=\"2285\">\n<td data-start=\"2233\" data-end=\"2240\" data-col-size=\"sm\">Klip<\/td>\n<td data-col-size=\"md\" data-start=\"2240\" data-end=\"2285\">\u010cty\u0159polohov\u00fd \u2013 flexibiln\u00ed mo\u017enosti no\u0161en\u00ed<\/td>\n<\/tr>\n<tr data-start=\"2286\" data-end=\"2337\">\n<td data-start=\"2286\" data-end=\"2297\" data-col-size=\"sm\">Hmotnost<\/td>\n<td data-col-size=\"md\" data-start=\"2297\" data-end=\"2337\">v\u00fdrazn\u011b <strong data-start=\"2307\" data-end=\"2335\">ni\u017e\u0161\u00ed ne\u017e standardn\u00ed PM3<\/strong><\/td>\n<\/tr>\n<tr data-start=\"2338\" data-end=\"2354\">\n<td data-start=\"2338\" data-end=\"2347\" data-col-size=\"sm\">V\u00fdroba<\/td>\n<td data-start=\"2347\" data-end=\"2354\" data-col-size=\"md\">USA<\/td>\n<\/tr>\n<\/tbody>\n<\/table>\n<\/div>\n<\/div>\n<hr data-start=\"2356\" data-end=\"2359\" \/>\n<h2 data-start=\"2361\" data-end=\"2379\">\u2705 Hlavn\u00ed v\u00fdhody<\/h2>\n<ul data-start=\"2381\" data-end=\"2744\">\n<li data-start=\"2381\" data-end=\"2454\">\n<p data-start=\"2383\" data-end=\"2454\"><strong data-start=\"2383\" data-end=\"2421\">Kombinace v\u00fdkonu a n\u00edzk\u00e9 hmotnosti<\/strong> \u2013 skv\u011bl\u00e9 pro ka\u017edodenn\u00ed no\u0161en\u00ed<\/p>\n<\/li>\n<li data-start=\"2455\" data-end=\"2526\">\n<p data-start=\"2457\" data-end=\"2526\">Pr\u00e9miov\u00e1 ocel <strong data-start=\"2471\" data-end=\"2483\">CPM S30V<\/strong> \u2013 odolnost, retence ost\u0159\u00ed a spolehlivost<\/p>\n<\/li>\n<li data-start=\"2527\" data-end=\"2581\">\n<p data-start=\"2529\" data-end=\"2581\"><strong data-start=\"2529\" data-end=\"2550\">Compression Lock\u00ae<\/strong> \u2013 hladk\u00e9 a bezpe\u010dn\u00e9 uzam\u010den\u00ed<\/p>\n<\/li>\n<li data-start=\"2582\" data-end=\"2635\">\n<p data-start=\"2584\" data-end=\"2635\"><strong data-start=\"2584\" data-end=\"2599\">Black Blade<\/strong> \u2013 nen\u00e1padn\u00fd, profesion\u00e1ln\u00ed vzhled<\/p>\n<\/li>\n<li data-start=\"2636\" data-end=\"2688\">\n<p data-start=\"2638\" data-end=\"2688\">Ergonomick\u00e1 konstrukce sni\u017euj\u00edc\u00ed \u00fanavu p\u0159i pr\u00e1ci<\/p>\n<\/li>\n<li data-start=\"2689\" data-end=\"2744\">\n<p data-start=\"2691\" data-end=\"2744\">Kruhov\u00fd otvor Spyderco \u2013 rychl\u00e9 a intuitivn\u00ed otev\u0159en\u00ed<\/p>\n<\/li>\n<\/ul>\n<hr data-start=\"2746\" data-end=\"2749\" \/>\n<h2 data-start=\"2751\" data-end=\"2770\">\u26a0\ufe0f Mo\u017en\u00e1 omezen\u00ed<\/h2>\n<ul data-start=\"2772\" data-end=\"2972\">\n<li data-start=\"2772\" data-end=\"2846\">\n<p data-start=\"2774\" data-end=\"2846\">Ni\u017e\u0161\u00ed hmotnost znamen\u00e1, \u017ee n\u016f\u017e nen\u00ed prim\u00e1rn\u011b ur\u010den pro extr\u00e9mn\u00ed p\u00e1\u010den\u00ed<\/p>\n<\/li>\n<li data-start=\"2847\" data-end=\"2905\">\n<p data-start=\"2849\" data-end=\"2905\">Cena odpov\u00edd\u00e1 pr\u00e9miov\u00fdm materi\u00e1l\u016fm a ikonick\u00e9mu modelu<\/p>\n<\/li>\n<li data-start=\"2906\" data-end=\"2972\">\n<p data-start=\"2908\" data-end=\"2972\">\u010cern\u00fd povrch vy\u017eaduje pravidelnou p\u00e9\u010di p\u0159i intenzivn\u00edm pou\u017e\u00edv\u00e1n\u00ed<\/p>\n<\/li>\n<\/ul>\n<hr data-start=\"2974\" data-end=\"2977\" \/>\n<h2 data-start=\"2979\" data-end=\"2999\">\ud83d\udee0\ufe0f \u00dadr\u017eba a p\u00e9\u010de<\/h2>\n<ul data-start=\"3001\" data-end=\"3255\">\n<li data-start=\"3001\" data-end=\"3036\">\n<p data-start=\"3003\" data-end=\"3036\">Po pou\u017eit\u00ed \u010depel o\u010disti a osu\u0161\u00ed<\/p>\n<\/li>\n<li data-start=\"3037\" data-end=\"3096\">\n<p data-start=\"3039\" data-end=\"3096\">Vyh\u00fdbej se abrazivn\u00edm a agresivn\u00edm \u010distic\u00edm prost\u0159edk\u016fm<\/p>\n<\/li>\n<li data-start=\"3097\" data-end=\"3149\">\n<p data-start=\"3099\" data-end=\"3149\">Lehkou konstrukci a povrch \u010dist\u011b jemn\u00fdm had\u0159\u00edkem<\/p>\n<\/li>\n<li data-start=\"3150\" data-end=\"3213\">\n<p data-start=\"3152\" data-end=\"3213\">Pivot a Compression Lock\u00ae pravideln\u011b proma\u017e vhodn\u00fdm mazivem<\/p>\n<\/li>\n<li data-start=\"3214\" data-end=\"3255\">\n<p data-start=\"3216\" data-end=\"3255\">Skladuj v such\u00e9m prost\u0159ed\u00ed mimo vlhkost<\/p>\n<\/li>\n<\/ul>\n<hr data-start=\"3257\" data-end=\"3260\" \/>\n<h2 data-start=\"3262\" data-end=\"3298\">\ud83d\udd2a Pro udr\u017een\u00ed ost\u0159\u00ed doporu\u010dujeme<\/h2>\n<p data-start=\"3300\" data-end=\"3416\">Pro zachov\u00e1n\u00ed maxim\u00e1ln\u00ed ostrosti \u010depele <strong data-start=\"3340\" data-end=\"3352\">CPM S30V<\/strong> doporu\u010dujeme kvalitn\u00ed syst\u00e9m brou\u0161en\u00ed ur\u010den\u00fd pro tvrd\u00e1 ost\u0159\u00ed.<\/p>\n<p data-start=\"3418\" data-end=\"3521\">Ide\u00e1ln\u00ed volbou je <strong data-start=\"3436\" data-end=\"3502\">Spyderco Tri-Angle Sharpmaker Complete Sharpening System 204MF<\/strong>, kter\u00fd umo\u017e\u0148uje:<\/p>\n<ul data-start=\"3522\" data-end=\"3661\">\n<li data-start=\"3522\" data-end=\"3561\">\n<p data-start=\"3524\" data-end=\"3561\">p\u0159esn\u00e9 a konzistentn\u00ed \u00fahly brou\u0161en\u00ed<\/p>\n<\/li>\n<li data-start=\"3562\" data-end=\"3611\">\n<p data-start=\"3564\" data-end=\"3611\">\u0161etrnou \u00fadr\u017ebu bez nadm\u011brn\u00e9ho \u00fab\u011bru materi\u00e1lu<\/p>\n<\/li>\n<li data-start=\"3612\" data-end=\"3661\">\n<p data-start=\"3614\" data-end=\"3661\">bezpe\u010dn\u00e9 pou\u017eit\u00ed i bez p\u0159edchoz\u00edch zku\u0161enost\u00ed<\/p>\n<\/li>\n<\/ul>\n<p data-start=\"3663\" data-end=\"3708\">\ud83d\uded2 <strong data-start=\"3666\" data-end=\"3708\">Zakoup\u00edte na na\u0161ich str\u00e1nk\u00e1ch Moskito.<\/strong><\/p>\n<hr data-start=\"3710\" data-end=\"3713\" \/>\n<h2 data-start=\"3715\" data-end=\"3735\">\ud83c\udfaf Doporu\u010deno pro<\/h2>\n<ul data-start=\"3737\" data-end=\"3931\">\n<li data-start=\"3737\" data-end=\"3764\">\n<p data-start=\"3739\" data-end=\"3764\">Ka\u017edodenn\u00ed no\u0161en\u00ed (EDC)<\/p>\n<\/li>\n<li data-start=\"3765\" data-end=\"3846\">\n<p data-start=\"3767\" data-end=\"3846\">U\u017eivatel\u00e9 preferuj\u00edc\u00ed <strong data-start=\"3789\" data-end=\"3844\">legend\u00e1rn\u00ed v\u00fdkon Paramilitary 3 ve lehk\u00e9m proveden\u00ed<\/strong><\/p>\n<\/li>\n<li data-start=\"3847\" data-end=\"3883\">\n<p data-start=\"3849\" data-end=\"3883\">Outdoor, pr\u00e1ce a praktick\u00e9 \u00fakoly<\/p>\n<\/li>\n<li data-start=\"3884\" data-end=\"3931\">\n<p data-start=\"3886\" data-end=\"3931\">Fanou\u0161ci robustn\u00edho designu s ni\u017e\u0161\u00ed hmotnost\u00ed<\/p>\n<\/li>\n<\/ul>\n<hr data-start=\"3933\" data-end=\"3936\" \/>\n<h2 data-start=\"3938\" data-end=\"3962\">\u2b50 Z\u00e1v\u011bre\u010dn\u00e9 hodnocen\u00ed<\/h2>\n<p data-start=\"3964\" data-end=\"4211\">Spyderco Lightweight Paramilitary 3 C223PBBK je <strong data-start=\"4012\" data-end=\"4054\">v\u00fdkonn\u00fd, vyv\u00e1\u017een\u00fd a lehk\u00fd zav\u00edrac\u00ed n\u016f\u017e<\/strong>, kter\u00fd spojuje legend\u00e1rn\u00ed v\u00fdkon Paramilitary \u0159ady s komfortem, kter\u00e9 si v\u0161imne\u0161 p\u0159i ka\u017edodenn\u00edm no\u0161en\u00ed.<br data-start=\"4158\" data-end=\"4161\" \/>Je to n\u00e1stroj, kter\u00fd <strong data-start=\"4182\" data-end=\"4211\">funguje \u2013 bez kompromis\u016f.<\/strong><\/p>\n<p data-start=\"4213\" data-end=\"4276\"><strong data-start=\"4213\" data-end=\"4276\">Lightweight Paramilitary 3 \u2013 v\u00fdkon, kter\u00fd nos\u00ed\u0161 s lehkost\u00ed.<\/strong><\/p>\n","protected":false},"excerpt":{"rendered":"<p data-start=\"3964\" data-end=\"4211\"><strong>Spyderco Lightweight Paramilitary 3 C223PBBK je v\u00fdkonn\u00fd, vyv\u00e1\u017een\u00fd a lehk\u00fd zav\u00edrac\u00ed n\u016f\u017e, kter\u00fd spojuje legend\u00e1rn\u00ed v\u00fdkon Paramilitary \u0159ady s komfortem, kter\u00e9 si v\u0161imne\u0161 p\u0159i ka\u017edodenn\u00edm no\u0161en\u00ed.<\/strong><br data-start=\"4158\" data-end=\"4161\" \/><strong>Je to n\u00e1stroj, kter\u00fd funguje \u2013 bez kompromis\u016f.<\/strong><\/p>\n<p data-start=\"4213\" data-end=\"4276\"><strong data-start=\"4213\" data-end=\"4276\">Lightweight Paramilitary 3 \u2013 v\u00fdkon, kter\u00fd nos\u00ed\u0161 s lehkost\u00ed.<\/strong><\/p>\n<p data-start=\"4213\" data-end=\"4276\"><strong>Doprava zdarma.<\/strong><\/p>\n","protected":false},"featured_media":250111,"comment_status":"open","ping_status":"closed","template":"","meta":[],"pwb-brand":[567],"product_brand":[],"product_cat":[22,17],"product_tag":[3667],"class_list":{"0":"post-250110","1":"product","2":"type-product","3":"status-publish","4":"has-post-thumbnail","6":"pwb-brand-spyderco","7":"product_cat-zaviraci-noze","8":"product_cat-noze","9":"product_tag-b2b","11":"first","12":"instock","13":"taxable","14":"shipping-taxable","15":"purchasable","16":"product-type-simple"},"brands":[{"id":567,"name":"Spyderco","slug":"spyderco"}],"_links":{"self":[{"href":"https:\/\/www.moskito.cz\/de\/wp-json\/wp\/v2\/product\/250110","targetHints":{"allow":["GET"]}}],"collection":[{"href":"https:\/\/www.moskito.cz\/de\/wp-json\/wp\/v2\/product"}],"about":[{"href":"https:\/\/www.moskito.cz\/de\/wp-json\/wp\/v2\/types\/product"}],"replies":[{"embeddable":true,"href":"https:\/\/www.moskito.cz\/de\/wp-json\/wp\/v2\/comments?post=250110"}],"wp:featuredmedia":[{"embeddable":true,"href":"https:\/\/www.moskito.cz\/de\/wp-json\/wp\/v2\/media\/250111"}],"wp:attachment":[{"href":"https:\/\/www.moskito.cz\/de\/wp-json\/wp\/v2\/media?parent=250110"}],"wp:term":[{"taxonomy":"pwb-brand","embeddable":true,"href":"https:\/\/www.moskito.cz\/de\/wp-json\/wp\/v2\/pwb-brand?post=250110"},{"taxonomy":"product_brand","embeddable":true,"href":"https:\/\/www.moskito.cz\/de\/wp-json\/wp\/v2\/product_brand?post=250110"},{"taxonomy":"product_cat","embeddable":true,"href":"https:\/\/www.moskito.cz\/de\/wp-json\/wp\/v2\/product_cat?post=250110"},{"taxonomy":"product_tag","embeddable":true,"href":"https:\/\/www.moskito.cz\/de\/wp-json\/wp\/v2\/product_tag?post=250110"}],"curies":[{"name":"wp","href":"https:\/\/api.w.org\/{rel}","templated":true}]}}