{"id":250558,"date":"2023-06-09T20:54:46","date_gmt":"2023-06-09T19:54:46","guid":{"rendered":"https:\/\/www.moskito.cz\/?post_type=product&#038;p=250558"},"modified":"2026-01-24T18:23:08","modified_gmt":"2026-01-24T17:23:08","slug":"zaviraci-nuz-spyderco-delica-4-c11psbbk","status":"publish","type":"product","link":"https:\/\/www.moskito.cz\/de\/produkt\/zaviraci-nuz-spyderco-delica-4-c11psbbk\/","title":{"rendered":"Zav\u00edrac\u00ed N\u016f\u017e Spyderco Delica 4 C11PSBBK"},"content":{"rendered":"<div class=\"flex flex-col text-sm pb-25\">\n<article class=\"text-token-text-primary w-full focus:outline-none [--shadow-height:45px] has-data-writing-block:pointer-events-none has-data-writing-block:-mt-(--shadow-height) has-data-writing-block:pt-(--shadow-height) [&amp;:has([data-writing-block])&gt;*]:pointer-events-auto scroll-mt-[calc(var(--header-height)+min(200px,max(70px,20svh)))]\" dir=\"auto\" tabindex=\"-1\" data-turn-id=\"request-WEB:5a31c067-40a2-49cd-ae2f-6812e8325e34-36\" data-testid=\"conversation-turn-74\" data-scroll-anchor=\"true\" data-turn=\"assistant\">\n<div class=\"text-base my-auto mx-auto pb-10 [--thread-content-margin:--spacing(4)] @w-sm\/main:[--thread-content-margin:--spacing(6)] @w-lg\/main:[--thread-content-margin:--spacing(16)] px-(--thread-content-margin)\">\n<div class=\"[--thread-content-max-width:40rem] @w-lg\/main:[--thread-content-max-width:48rem] mx-auto max-w-(--thread-content-max-width) flex-1 group\/turn-messages focus-visible:outline-hidden relative flex w-full min-w-0 flex-col agent-turn\" tabindex=\"-1\">\n<div class=\"flex max-w-full flex-col grow\">\n<div class=\"min-h-8 text-message relative flex w-full flex-col items-end gap-2 text-start break-words whitespace-normal [.text-message+&amp;]:mt-1\" dir=\"auto\" data-message-author-role=\"assistant\" data-message-id=\"9ede54cc-00f2-446d-9ece-b58a621a1c96\" data-message-model-slug=\"gpt-5-2\">\n<div class=\"flex w-full flex-col gap-1 empty:hidden first:pt-[1px]\">\n<div class=\"markdown prose dark:prose-invert w-full break-words light markdown-new-styling\">\n<p data-start=\"183\" data-end=\"551\">Jakmile \u010depel otev\u0159e\u0161 typick\u00fdm <strong data-start=\"214\" data-end=\"242\">kulat\u00fdm otvorem Spyderco<\/strong> a zajist\u00ed\u0161 ji spolehliv\u00fdm <strong data-start=\"269\" data-end=\"284\">back lockem<\/strong>, okam\u017eit\u011b poc\u00edt\u00ed\u0161 <strong data-start=\"303\" data-end=\"339\">precizn\u00ed kontrolu a jistotu \u0159ezu<\/strong>, kterou nab\u00edz\u00ed <strong data-start=\"355\" data-end=\"385\">Spyderco Delica 4 C11PSBBK<\/strong>. Tento zav\u00edrac\u00ed n\u016f\u017e kombinuje <strong data-start=\"416\" data-end=\"453\">legend\u00e1rn\u00ed ergonomii s\u00e9rie Delica<\/strong> s modern\u00edm designem a lehkou konstrukc\u00ed \u2014 ide\u00e1ln\u00ed pro ka\u017edodenn\u00ed no\u0161en\u00ed i n\u00e1ro\u010dn\u011bj\u0161\u00ed \u0159ezn\u00e9 \u00fakoly.<\/p>\n<p data-start=\"553\" data-end=\"770\">Tento model je ur\u010den pro u\u017eivatele, kte\u0159\u00ed cht\u011bj\u00ed <strong data-start=\"602\" data-end=\"647\">lehk\u00e9, spolehliv\u00e9 a v\u0161estrann\u00e9 EDC \u0159e\u0161en\u00ed<\/strong>, kter\u00e9 zvl\u00e1dne \u0161irokou \u0161k\u00e1lu \u00fakol\u016f \u2014 od b\u011b\u017en\u00fdch \u0159ez\u016f, otev\u0159en\u00ed bal\u00edk\u016f a pr\u00e1ce v ter\u00e9nu a\u017e po drobn\u00e9 outdoorov\u00e9 \u010dinnosti.<\/p>\n<hr data-start=\"772\" data-end=\"775\" \/>\n<h2 data-start=\"777\" data-end=\"803\">Charakter a filozofie<\/h2>\n<p data-start=\"804\" data-end=\"1088\"><strong data-start=\"804\" data-end=\"825\">Spyderco Delica 4<\/strong> p\u0159edstavuje filozofii no\u017ee, kter\u00fd je navr\u017een tak, aby <strong data-start=\"880\" data-end=\"920\">pracoval intuitivn\u011b a bez kompromis\u016f<\/strong>. Profil \u010depele je <strong data-start=\"939\" data-end=\"974\">vyv\u00e1\u017een\u00fd pro optim\u00e1ln\u00ed kontrolu<\/strong>, co\u017e umo\u017e\u0148uje jist\u00e9 a p\u0159esn\u00e9 \u0159ezy p\u0159i ka\u017ed\u00e9m tahu \u2014 a\u0165 u\u017e \u0159e\u017ee\u0161 karton, lana, textilie nebo jin\u00e9 b\u011b\u017en\u00e9 materi\u00e1ly.<\/p>\n<p data-start=\"1090\" data-end=\"1371\">Rukoje\u0165 je ergonomicky tvarovan\u00e1 a dob\u0159e sed\u00ed v dlani, co\u017e znamen\u00e1 <strong data-start=\"1157\" data-end=\"1194\">komfortn\u00ed \u00fachop i p\u0159i del\u0161\u00ed pr\u00e1ci<\/strong>. Texturovan\u00fd povrch zvy\u0161uje p\u0159ilnavost i v mokr\u00fdch nebo kluzk\u00fdch podm\u00ednk\u00e1ch. <strong data-start=\"1272\" data-end=\"1285\">Back lock<\/strong> je osv\u011bd\u010den\u00fd a bezpe\u010dn\u00fd z\u00e1mek, kter\u00fd poskytuje vysokou \u00farove\u0148 bezpe\u010dnosti p\u0159i \u0159ez\u00e1n\u00ed.<\/p>\n<p data-start=\"1373\" data-end=\"1504\">Delica 4 je navr\u017eena jako <strong data-start=\"1399\" data-end=\"1437\">praktick\u00fd a spolehliv\u00fd EDC n\u00e1stroj<\/strong> \u2014 dob\u0159e vyv\u00e1\u017een\u00fd mezi v\u00fdkonem, pohodl\u00edm a ka\u017edodenn\u00ed prakti\u010dnost\u00ed.<\/p>\n<hr data-start=\"1506\" data-end=\"1509\" \/>\n<h2 data-start=\"1511\" data-end=\"1528\">\ud83c\udfed O v\u00fdrobci<\/h2>\n<p data-start=\"1529\" data-end=\"1758\"><strong data-start=\"1529\" data-end=\"1541\">Spyderco<\/strong> je zna\u010dka proslul\u00e1 sv\u00fdm d\u016frazem na <strong data-start=\"1577\" data-end=\"1616\">ergonomii, inovace a re\u00e1ln\u00e9 pou\u017eit\u00ed<\/strong>. Modely jako Delica 4 \u010derpaj\u00ed z dlouholet\u00e9 zku\u0161enosti s designem no\u017e\u016f, kter\u00e9 funguj\u00ed spolehliv\u011b v praxi \u2014 u profesion\u00e1l\u016f i b\u011b\u017en\u00fdch u\u017eivatel\u016f.<\/p>\n<hr data-start=\"1760\" data-end=\"1763\" \/>\n<h2 data-start=\"1765\" data-end=\"1792\">\u2699\ufe0f Technick\u00e9 specifikace<\/h2>\n<div class=\"TyagGW_tableContainer\">\n<div class=\"group TyagGW_tableWrapper flex flex-col-reverse w-fit\" tabindex=\"-1\">\n<table class=\"w-fit min-w-(--thread-content-width)\" data-start=\"1794\" data-end=\"2387\">\n<thead data-start=\"1794\" data-end=\"1816\">\n<tr data-start=\"1794\" data-end=\"1816\">\n<th data-start=\"1794\" data-end=\"1805\" data-col-size=\"sm\">Parametr<\/th>\n<th data-start=\"1805\" data-end=\"1816\" data-col-size=\"sm\">Hodnota<\/th>\n<\/tr>\n<\/thead>\n<tbody data-start=\"1840\" data-end=\"2387\">\n<tr data-start=\"1840\" data-end=\"1878\">\n<td data-start=\"1840\" data-end=\"1848\" data-col-size=\"sm\">Model<\/td>\n<td data-start=\"1848\" data-end=\"1878\" data-col-size=\"sm\">Spyderco Delica 4 C11PSBBK<\/td>\n<\/tr>\n<tr data-start=\"1879\" data-end=\"1901\">\n<td data-start=\"1879\" data-end=\"1885\" data-col-size=\"sm\">Typ<\/td>\n<td data-start=\"1885\" data-end=\"1901\" data-col-size=\"sm\">Zav\u00edrac\u00ed n\u016f\u017e<\/td>\n<\/tr>\n<tr data-start=\"1902\" data-end=\"1933\">\n<td data-start=\"1902\" data-end=\"1918\" data-col-size=\"sm\">Celkov\u00e1 d\u00e9lka<\/td>\n<td data-start=\"1918\" data-end=\"1933\" data-col-size=\"sm\">cca 20,5 cm<\/td>\n<\/tr>\n<tr data-start=\"1934\" data-end=\"1963\">\n<td data-start=\"1934\" data-end=\"1949\" data-col-size=\"sm\">D\u00e9lka \u010depele<\/td>\n<td data-start=\"1949\" data-end=\"1963\" data-col-size=\"sm\">cca 8,6 cm<\/td>\n<\/tr>\n<tr data-start=\"1964\" data-end=\"2000\">\n<td data-start=\"1964\" data-end=\"1982\" data-col-size=\"sm\">Tlou\u0161\u0165ka \u010depele<\/td>\n<td data-start=\"1982\" data-end=\"2000\" data-col-size=\"sm\">cca 2,5\u20133,0 mm<\/td>\n<\/tr>\n<tr data-start=\"2001\" data-end=\"2045\">\n<td data-start=\"2001\" data-end=\"2019\" data-col-size=\"sm\">Materi\u00e1l \u010depele<\/td>\n<td data-start=\"2019\" data-end=\"2045\" data-col-size=\"sm\">kvalitn\u00ed nerezov\u00e1 ocel<\/td>\n<\/tr>\n<tr data-start=\"2046\" data-end=\"2097\">\n<td data-start=\"2046\" data-end=\"2062\" data-col-size=\"sm\">Tvrdost oceli<\/td>\n<td data-start=\"2062\" data-end=\"2097\" data-col-size=\"sm\">vyv\u00e1\u017een\u00e1 pro ka\u017edodenn\u00ed pou\u017eit\u00ed<\/td>\n<\/tr>\n<tr data-start=\"2098\" data-end=\"2126\">\n<td data-start=\"2098\" data-end=\"2112\" data-col-size=\"sm\">Tvar \u010depele<\/td>\n<td data-start=\"2112\" data-end=\"2126\" data-col-size=\"sm\">Drop Point<\/td>\n<\/tr>\n<tr data-start=\"2127\" data-end=\"2155\">\n<td data-start=\"2127\" data-end=\"2136\" data-col-size=\"sm\">V\u00fdbrus<\/td>\n<td data-start=\"2136\" data-end=\"2155\" data-col-size=\"sm\">Full Flat Grind<\/td>\n<\/tr>\n<tr data-start=\"2156\" data-end=\"2197\">\n<td data-start=\"2156\" data-end=\"2172\" data-col-size=\"sm\">Povrch \u010depele<\/td>\n<td data-start=\"2172\" data-end=\"2197\" data-col-size=\"sm\">\u010dern\u00e1 sat\u00e9nov\u00e1 \u00faprava<\/td>\n<\/tr>\n<tr data-start=\"2198\" data-end=\"2234\">\n<td data-start=\"2198\" data-end=\"2208\" data-col-size=\"sm\">Rukoje\u0165<\/td>\n<td data-start=\"2208\" data-end=\"2234\" data-col-size=\"sm\">ergonomick\u00e1 konstrukce<\/td>\n<\/tr>\n<tr data-start=\"2235\" data-end=\"2256\">\n<td data-start=\"2235\" data-end=\"2243\" data-col-size=\"sm\">Z\u00e1mek<\/td>\n<td data-start=\"2243\" data-end=\"2256\" data-col-size=\"sm\">Back Lock<\/td>\n<\/tr>\n<tr data-start=\"2257\" data-end=\"2294\">\n<td data-start=\"2257\" data-end=\"2269\" data-col-size=\"sm\">Otev\u00edr\u00e1n\u00ed<\/td>\n<td data-start=\"2269\" data-end=\"2294\" data-col-size=\"sm\">kulat\u00fd otvor Spyderco<\/td>\n<\/tr>\n<tr data-start=\"2295\" data-end=\"2327\">\n<td data-start=\"2295\" data-end=\"2302\" data-col-size=\"sm\">Klip<\/td>\n<td data-start=\"2302\" data-end=\"2327\" data-col-size=\"sm\">reverzibiln\u00ed \u2013 tip-up<\/td>\n<\/tr>\n<tr data-start=\"2328\" data-end=\"2354\">\n<td data-start=\"2328\" data-end=\"2339\" data-col-size=\"sm\">Hmotnost<\/td>\n<td data-start=\"2339\" data-end=\"2354\" data-col-size=\"sm\">velmi n\u00edzk\u00e1<\/td>\n<\/tr>\n<tr data-start=\"2355\" data-end=\"2387\">\n<td data-start=\"2355\" data-end=\"2364\" data-col-size=\"sm\">V\u00fdroba<\/td>\n<td data-start=\"2364\" data-end=\"2387\" data-col-size=\"sm\">precizn\u00ed zpracov\u00e1n\u00ed<\/td>\n<\/tr>\n<\/tbody>\n<\/table>\n<\/div>\n<\/div>\n<hr data-start=\"2389\" data-end=\"2392\" \/>\n<h2 data-start=\"2394\" data-end=\"2412\">\u2705 Hlavn\u00ed v\u00fdhody<\/h2>\n<ul data-start=\"2413\" data-end=\"2689\">\n<li data-start=\"2413\" data-end=\"2464\">\n<p data-start=\"2415\" data-end=\"2464\"><strong data-start=\"2415\" data-end=\"2435\">Lehk\u00e1 konstrukce<\/strong> \u2013 pohodln\u00e9 everyday no\u0161en\u00ed<\/p>\n<\/li>\n<li data-start=\"2465\" data-end=\"2524\">\n<p data-start=\"2467\" data-end=\"2524\"><strong data-start=\"2467\" data-end=\"2490\">Ergonomick\u00e1 rukoje\u0165<\/strong> \u2013 jist\u00fd \u00fachop i p\u0159i del\u0161\u00ed pr\u00e1ci<\/p>\n<\/li>\n<li data-start=\"2525\" data-end=\"2572\">\n<p data-start=\"2527\" data-end=\"2572\"><strong data-start=\"2527\" data-end=\"2540\">Back Lock<\/strong> \u2013 bezpe\u010dn\u00fd a spolehliv\u00fd z\u00e1mek<\/p>\n<\/li>\n<li data-start=\"2573\" data-end=\"2630\">\n<p data-start=\"2575\" data-end=\"2630\"><strong data-start=\"2575\" data-end=\"2601\">Vyv\u00e1\u017een\u00fd profil \u010depele<\/strong> \u2013 efektivn\u00ed v\u0161estrann\u00fd \u0159ez<\/p>\n<\/li>\n<li data-start=\"2631\" data-end=\"2689\">\n<p data-start=\"2633\" data-end=\"2689\"><strong data-start=\"2633\" data-end=\"2666\">Snadn\u00e9 otev\u00edr\u00e1n\u00ed jednou rukou<\/strong> \u2013 intuitivn\u00ed pou\u017eit\u00ed<\/p>\n<\/li>\n<\/ul>\n<hr data-start=\"2691\" data-end=\"2694\" \/>\n<h2 data-start=\"2696\" data-end=\"2715\">\u26a0\ufe0f Mo\u017en\u00e1 omezen\u00ed<\/h2>\n<ul data-start=\"2716\" data-end=\"2900\">\n<li data-start=\"2716\" data-end=\"2768\">\n<p data-start=\"2718\" data-end=\"2768\">Standardn\u00ed ocel nen\u00ed high-end, ale dob\u0159e funguje<\/p>\n<\/li>\n<li data-start=\"2769\" data-end=\"2841\">\n<p data-start=\"2771\" data-end=\"2841\">Men\u0161\u00ed velikost nemus\u00ed vyhovovat t\u011bm, kdo cht\u011bj\u00ed v\u011bt\u0161\u00ed pracovn\u00ed \u010depel<\/p>\n<\/li>\n<li data-start=\"2842\" data-end=\"2900\">\n<p data-start=\"2844\" data-end=\"2900\">\u010cern\u00e1 \u00faprava se m\u016f\u017ee p\u0159i intenzivn\u00edm pou\u017e\u00edv\u00e1n\u00ed o\u0161oupat<\/p>\n<\/li>\n<\/ul>\n<hr data-start=\"2902\" data-end=\"2905\" \/>\n<h2 data-start=\"2907\" data-end=\"2927\">\ud83d\udee0\ufe0f \u00dadr\u017eba a p\u00e9\u010de<\/h2>\n<p data-start=\"2928\" data-end=\"3127\">Po pou\u017eit\u00ed \u010depel osu\u0161\u00ed a o\u010disti \u2014 zejm\u00e9na kdy\u017e byla v kontaktu s vlhkost\u00ed.<br data-start=\"3002\" data-end=\"3005\" \/>Pravideln\u011b kontroluj chod z\u00e1mku a mechaniku otev\u00edr\u00e1n\u00ed.<br data-start=\"3059\" data-end=\"3062\" \/>Ost\u0159\u00ed udr\u017euj jemn\u00fdm brou\u0161en\u00edm, aby bylo st\u00e1le ostr\u00e9 a spolehliv\u00e9.<\/p>\n<hr data-start=\"3129\" data-end=\"3132\" \/>\n<h2 data-start=\"3134\" data-end=\"3172\">\ud83d\udd2a Pro udr\u017een\u00ed ost\u0159\u00ed doporu\u010dujeme<\/h2>\n<p data-start=\"3173\" data-end=\"3499\">Pou\u017e\u00edvat kvalitn\u00ed brusn\u00e9 syst\u00e9my s p\u0159esn\u00fdm veden\u00edm \u00fahlu, <strong data-start=\"3230\" data-end=\"3327\">kter\u00e9 zajist\u00ed spr\u00e1vnou geometrii ost\u0159\u00ed a dlouhodobou ostrost bez zbyte\u010dn\u00e9ho ub\u00edr\u00e1n\u00ed materi\u00e1lu<\/strong>. Pro tento \u00fa\u010del <strong data-start=\"3344\" data-end=\"3431\">doporu\u010dujeme brousek Spyderco Tri-Angle Sharpmaker Complete Sharpening System 204MF<\/strong>, kter\u00fd umo\u017e\u0148uje bezpe\u010dn\u00e9 a velmi p\u0159esn\u00e9 brou\u0161en\u00ed i modern\u00edch ocel\u00ed.<\/p>\n<p data-start=\"3501\" data-end=\"3535\"><strong data-start=\"3501\" data-end=\"3535\">Zakoup\u00edte na na\u0161ich str\u00e1nk\u00e1ch.<\/strong><\/p>\n<hr data-start=\"3537\" data-end=\"3540\" \/>\n<h2 data-start=\"3542\" data-end=\"3562\">\ud83c\udfaf Doporu\u010deno pro<\/h2>\n<ul data-start=\"3563\" data-end=\"3753\">\n<li data-start=\"3563\" data-end=\"3588\">\n<p data-start=\"3565\" data-end=\"3588\">ka\u017edodenn\u00ed EDC no\u0161en\u00ed<\/p>\n<\/li>\n<li data-start=\"3589\" data-end=\"3634\">\n<p data-start=\"3591\" data-end=\"3634\">outdoor a lehk\u00e9 a\u017e st\u0159edn\u00ed pracovn\u00ed \u00fakoly<\/p>\n<\/li>\n<li data-start=\"3635\" data-end=\"3701\">\n<p data-start=\"3637\" data-end=\"3701\">u\u017eivatele hledaj\u00edc\u00ed <strong data-start=\"3657\" data-end=\"3699\">lehk\u00e9, ergonomick\u00e9 a spolehliv\u00e9 \u0159e\u0161en\u00ed<\/strong><\/p>\n<\/li>\n<li data-start=\"3702\" data-end=\"3753\">\n<p data-start=\"3704\" data-end=\"3753\">milovn\u00edky funk\u010dn\u00edch a pohodln\u00fdch kapesn\u00edch no\u017e\u016f<\/p>\n<\/li>\n<\/ul>\n<hr data-start=\"3755\" data-end=\"3758\" \/>\n<h2 data-start=\"3760\" data-end=\"3786\">\u2b50 Z\u00e1v\u011bre\u010dn\u00e9 hodnocen\u00ed<\/h2>\n<p data-start=\"3787\" data-end=\"4092\"><strong data-start=\"3787\" data-end=\"3817\">Spyderco Delica 4 C11PSBBK<\/strong> je <strong data-start=\"3821\" data-end=\"3855\">lehk\u00e9, spolehliv\u00e9 a v\u0161estrann\u00e9<\/strong> zav\u00edrac\u00ed \u0159e\u0161en\u00ed, kter\u00e9 t\u011b nezklame p\u0159i ka\u017edodenn\u00edch \u00fakolech i p\u0159i b\u011b\u017en\u00fdch outdoorov\u00fdch situac\u00edch. D\u00edky ergonomii, pohodln\u00e9mu ovl\u00e1d\u00e1n\u00ed a dob\u0159e navr\u017een\u00e9 \u010depeli je to ide\u00e1ln\u00ed volba pro ka\u017ed\u00e9ho, kdo chce <strong data-start=\"4056\" data-end=\"4092\">kvalitn\u00ed EDC n\u016f\u017e bez kompromis\u016f.<\/strong><\/p>\n<p data-start=\"4094\" data-end=\"4148\"><strong data-start=\"4094\" data-end=\"4148\">Delica 4 \u2013 lehkost, jistota a v\u00fdkon v ka\u017ed\u00e9m \u0159ezu.<\/strong><\/p>\n<\/div>\n<\/div>\n<\/div>\n<\/div>\n<div class=\"z-0 flex min-h-[46px] justify-start\"><\/div>\n<\/div>\n<\/div>\n<\/article>\n<\/div>\n","protected":false},"excerpt":{"rendered":"<p data-start=\"3787\" data-end=\"4092\"><strong>Spyderco Delica 4 C11PSBBK je lehk\u00e9, spolehliv\u00e9 a v\u0161estrann\u00e9 zav\u00edrac\u00ed \u0159e\u0161en\u00ed, kter\u00e9 t\u011b nezklame p\u0159i ka\u017edodenn\u00edch \u00fakolech i p\u0159i b\u011b\u017en\u00fdch outdoorov\u00fdch situac\u00edch. D\u00edky ergonomii, pohodln\u00e9mu ovl\u00e1d\u00e1n\u00ed a dob\u0159e navr\u017een\u00e9 \u010depeli je to ide\u00e1ln\u00ed volba pro ka\u017ed\u00e9ho, kdo chce kvalitn\u00ed EDC n\u016f\u017e bez kompromis\u016f.<\/strong><\/p>\n<p data-start=\"4094\" data-end=\"4148\"><strong>Delica 4 \u2013 lehkost, jistota a v\u00fdkon v ka\u017ed\u00e9m \u0159ezu.<\/strong><\/p>\n","protected":false},"featured_media":250559,"comment_status":"open","ping_status":"closed","template":"","meta":[],"pwb-brand":[567],"product_brand":[],"product_cat":[22,17],"product_tag":[3667],"class_list":{"0":"post-250558","1":"product","2":"type-product","3":"status-publish","4":"has-post-thumbnail","6":"pwb-brand-spyderco","7":"product_cat-zaviraci-noze","8":"product_cat-noze","9":"product_tag-b2b","11":"first","12":"instock","13":"taxable","14":"shipping-taxable","15":"purchasable","16":"product-type-simple"},"brands":[{"id":567,"name":"Spyderco","slug":"spyderco"}],"_links":{"self":[{"href":"https:\/\/www.moskito.cz\/de\/wp-json\/wp\/v2\/product\/250558","targetHints":{"allow":["GET"]}}],"collection":[{"href":"https:\/\/www.moskito.cz\/de\/wp-json\/wp\/v2\/product"}],"about":[{"href":"https:\/\/www.moskito.cz\/de\/wp-json\/wp\/v2\/types\/product"}],"replies":[{"embeddable":true,"href":"https:\/\/www.moskito.cz\/de\/wp-json\/wp\/v2\/comments?post=250558"}],"wp:featuredmedia":[{"embeddable":true,"href":"https:\/\/www.moskito.cz\/de\/wp-json\/wp\/v2\/media\/250559"}],"wp:attachment":[{"href":"https:\/\/www.moskito.cz\/de\/wp-json\/wp\/v2\/media?parent=250558"}],"wp:term":[{"taxonomy":"pwb-brand","embeddable":true,"href":"https:\/\/www.moskito.cz\/de\/wp-json\/wp\/v2\/pwb-brand?post=250558"},{"taxonomy":"product_brand","embeddable":true,"href":"https:\/\/www.moskito.cz\/de\/wp-json\/wp\/v2\/product_brand?post=250558"},{"taxonomy":"product_cat","embeddable":true,"href":"https:\/\/www.moskito.cz\/de\/wp-json\/wp\/v2\/product_cat?post=250558"},{"taxonomy":"product_tag","embeddable":true,"href":"https:\/\/www.moskito.cz\/de\/wp-json\/wp\/v2\/product_tag?post=250558"}],"curies":[{"name":"wp","href":"https:\/\/api.w.org\/{rel}","templated":true}]}}