{"id":251086,"date":"2023-06-26T20:42:42","date_gmt":"2023-06-26T19:42:42","guid":{"rendered":"https:\/\/www.moskito.cz\/?post_type=product&#038;p=251086"},"modified":"2025-12-31T19:00:42","modified_gmt":"2025-12-31T18:00:42","slug":"zaviraci-nuz-spyderco-delica-4-c11s","status":"publish","type":"product","link":"https:\/\/www.moskito.cz\/de\/produkt\/zaviraci-nuz-spyderco-delica-4-c11s\/","title":{"rendered":"Zav\u00edrac\u00ed N\u016f\u017e Spyderco Delica 4 C11S"},"content":{"rendered":"<h2 data-start=\"166\" data-end=\"212\">\ud83d\udde1\ufe0f Zav\u00edrac\u00ed n\u016f\u017e <strong data-start=\"186\" data-end=\"212\">Spyderco Delica 4 C11S<\/strong><\/h2>\n<h3 data-start=\"214\" data-end=\"265\">Lehkost, p\u0159esnost a spolehlivost v ka\u017ed\u00e9m tahu.<\/h3>\n<p data-start=\"267\" data-end=\"619\">Spyderco Delica 4 je jeden z nejl\u00e9pe vyv\u00e1\u017een\u00fdch EDC no\u017e\u016f na trhu.<br data-start=\"332\" data-end=\"335\" \/>Kompaktn\u00ed rozm\u011bry, <strong data-start=\"354\" data-end=\"395\">ergonomick\u00e1 rukoje\u0165 a precizn\u00ed design<\/strong> d\u011blaj\u00ed z Delica 4 d\u016fv\u011bryhodn\u00e9ho spole\u010dn\u00edka pro ka\u017edodenn\u00ed pou\u017eit\u00ed i ne\u010dekan\u00e9 situace.<br data-start=\"481\" data-end=\"484\" \/>Kdy\u017e otev\u0159e\u0161 \u010depel charakteristick\u00fdm kruhov\u00fdm otvorem a z\u00e1mek <strong data-start=\"546\" data-end=\"559\">Back Lock<\/strong> ji pevn\u011b zajist\u00ed, poc\u00edt\u00ed\u0161 jistotu a kontrolu v ka\u017ed\u00e9m tahu.<\/p>\n<hr data-start=\"621\" data-end=\"624\" \/>\n<h3 data-start=\"626\" data-end=\"651\">Charakter a filozofie<\/h3>\n<p data-start=\"653\" data-end=\"927\">Delica 4 je n\u016f\u017e pro ty, kte\u0159\u00ed cht\u011bj\u00ed <strong data-start=\"690\" data-end=\"724\">lehk\u00e9, spolehliv\u00e9 a p\u0159esn\u00e9 EDC<\/strong>.<br data-start=\"725\" data-end=\"728\" \/>Je to n\u00e1stroj, kter\u00fd je p\u0159ipraven\u00fd pracovat \u2013 ale nen\u00e1padn\u00fd v kapse.<br data-start=\"796\" data-end=\"799\" \/>Ploch\u00fd v\u00fdbrus \u010depele zaji\u0161\u0165uje hladk\u00e9 a konzistentn\u00ed \u0159ezy, zat\u00edmco ergonomick\u00e1 rukoje\u0165 poskytuje komfort i p\u0159i del\u0161\u00edm pou\u017e\u00edv\u00e1n\u00ed.<\/p>\n<p data-start=\"929\" data-end=\"1035\">Je to n\u016f\u017e, kter\u00fd <strong data-start=\"946\" data-end=\"977\">funguje perfektn\u011b ka\u017ed\u00fd den<\/strong>, bez kompromis\u016f mezi velikost\u00ed, v\u00fdkonem a ovladatelnost\u00ed.<\/p>\n<hr data-start=\"1037\" data-end=\"1040\" \/>\n<h2 data-start=\"1042\" data-end=\"1057\">\ud83c\udfed O v\u00fdrobci<\/h2>\n<p data-start=\"1059\" data-end=\"1309\">Spyderco je zna\u010dka, kter\u00e1 posouv\u00e1 hranice modern\u00edho no\u017e\u00ed\u0159stv\u00ed.<br data-start=\"1121\" data-end=\"1124\" \/>V ka\u017ed\u00e9m modelu kombinuje <strong data-start=\"1150\" data-end=\"1198\">ergonomii, inovace a praktickou pou\u017eitelnost<\/strong>.<br data-start=\"1199\" data-end=\"1202\" \/>Delica 4 je v\u00fdsledkem dlouholet\u00e9 tradice designu, kter\u00fd vznik\u00e1 <strong data-start=\"1265\" data-end=\"1308\">s ohledem na skute\u010dn\u00e9 pot\u0159eby u\u017eivatele<\/strong>.<\/p>\n<hr data-start=\"1311\" data-end=\"1314\" \/>\n<h2 data-start=\"1316\" data-end=\"1343\">\u2699\ufe0f Technick\u00e9 specifikace<\/h2>\n<div class=\"TyagGW_tableContainer\">\n<div class=\"group TyagGW_tableWrapper flex w-fit flex-col-reverse\" tabindex=\"-1\">\n<table class=\"w-fit min-w-(--thread-content-width)\" data-start=\"1345\" data-end=\"1797\">\n<thead data-start=\"1345\" data-end=\"1367\">\n<tr data-start=\"1345\" data-end=\"1367\">\n<th data-start=\"1345\" data-end=\"1356\" data-col-size=\"sm\">Parametr<\/th>\n<th data-start=\"1356\" data-end=\"1367\" data-col-size=\"sm\">Hodnota<\/th>\n<\/tr>\n<\/thead>\n<tbody data-start=\"1388\" data-end=\"1797\">\n<tr data-start=\"1388\" data-end=\"1419\">\n<td data-start=\"1388\" data-end=\"1404\" data-col-size=\"sm\">Celkov\u00e1 d\u00e9lka<\/td>\n<td data-start=\"1404\" data-end=\"1419\" data-col-size=\"sm\">cca 19,1 cm<\/td>\n<\/tr>\n<tr data-start=\"1420\" data-end=\"1449\">\n<td data-start=\"1420\" data-end=\"1435\" data-col-size=\"sm\">D\u00e9lka \u010depele<\/td>\n<td data-col-size=\"sm\" data-start=\"1435\" data-end=\"1449\">cca 7,6 cm<\/td>\n<\/tr>\n<tr data-start=\"1450\" data-end=\"1482\">\n<td data-start=\"1450\" data-end=\"1468\" data-col-size=\"sm\">Tlou\u0161\u0165ka \u010depele<\/td>\n<td data-col-size=\"sm\" data-start=\"1468\" data-end=\"1482\">cca 2,5 mm<\/td>\n<\/tr>\n<tr data-start=\"1483\" data-end=\"1526\">\n<td data-start=\"1483\" data-end=\"1501\" data-col-size=\"sm\">Materi\u00e1l \u010depele<\/td>\n<td data-col-size=\"sm\" data-start=\"1501\" data-end=\"1526\">VG-10 \u2013 nerezov\u00e1 ocel<\/td>\n<\/tr>\n<tr data-start=\"1527\" data-end=\"1560\">\n<td data-start=\"1527\" data-end=\"1543\" data-col-size=\"sm\">Tvrdost oceli<\/td>\n<td data-col-size=\"sm\" data-start=\"1543\" data-end=\"1560\">cca 58\u201360 HRC<\/td>\n<\/tr>\n<tr data-start=\"1561\" data-end=\"1589\">\n<td data-start=\"1561\" data-end=\"1575\" data-col-size=\"sm\">Tvar \u010depele<\/td>\n<td data-col-size=\"sm\" data-start=\"1575\" data-end=\"1589\">Leaf-shape<\/td>\n<\/tr>\n<tr data-start=\"1590\" data-end=\"1623\">\n<td data-start=\"1590\" data-end=\"1599\" data-col-size=\"sm\">V\u00fdbrus<\/td>\n<td data-start=\"1599\" data-end=\"1623\" data-col-size=\"sm\">ploch\u00fd (Flat Ground)<\/td>\n<\/tr>\n<tr data-start=\"1624\" data-end=\"1649\">\n<td data-start=\"1624\" data-end=\"1640\" data-col-size=\"sm\">Povrch \u010depele<\/td>\n<td data-col-size=\"sm\" data-start=\"1640\" data-end=\"1649\">Satin<\/td>\n<\/tr>\n<tr data-start=\"1650\" data-end=\"1675\">\n<td data-start=\"1650\" data-end=\"1660\" data-col-size=\"sm\">Rukoje\u0165<\/td>\n<td data-start=\"1660\" data-end=\"1675\" data-col-size=\"sm\">FRN (\u010dern\u00e1)<\/td>\n<\/tr>\n<tr data-start=\"1676\" data-end=\"1697\">\n<td data-start=\"1676\" data-end=\"1684\" data-col-size=\"sm\">Z\u00e1mek<\/td>\n<td data-start=\"1684\" data-end=\"1697\" data-col-size=\"sm\">Back Lock<\/td>\n<\/tr>\n<tr data-start=\"1698\" data-end=\"1727\">\n<td data-start=\"1698\" data-end=\"1710\" data-col-size=\"sm\">Otev\u00edr\u00e1n\u00ed<\/td>\n<td data-col-size=\"sm\" data-start=\"1710\" data-end=\"1727\">Kruhov\u00fd otvor<\/td>\n<\/tr>\n<tr data-start=\"1728\" data-end=\"1751\">\n<td data-start=\"1728\" data-end=\"1735\" data-col-size=\"sm\">Klip<\/td>\n<td data-start=\"1735\" data-end=\"1751\" data-col-size=\"sm\">\u010cty\u0159polohov\u00fd<\/td>\n<\/tr>\n<tr data-start=\"1752\" data-end=\"1775\">\n<td data-start=\"1752\" data-end=\"1763\" data-col-size=\"sm\">Hmotnost<\/td>\n<td data-start=\"1763\" data-end=\"1775\" data-col-size=\"sm\">cca 59 g<\/td>\n<\/tr>\n<tr data-start=\"1776\" data-end=\"1797\">\n<td data-start=\"1776\" data-end=\"1785\" data-col-size=\"sm\">V\u00fdroba<\/td>\n<td data-col-size=\"sm\" data-start=\"1785\" data-end=\"1797\">Japonsko<\/td>\n<\/tr>\n<\/tbody>\n<\/table>\n<\/div>\n<\/div>\n<hr data-start=\"1799\" data-end=\"1802\" \/>\n<h2 data-start=\"1804\" data-end=\"1822\">\u2705 Hlavn\u00ed v\u00fdhody<\/h2>\n<ul data-start=\"1824\" data-end=\"2101\">\n<li data-start=\"1824\" data-end=\"1882\">\n<p data-start=\"1826\" data-end=\"1882\">Lehk\u00fd a kompaktn\u00ed design ide\u00e1ln\u00ed pro ka\u017edodenn\u00ed no\u0161en\u00ed<\/p>\n<\/li>\n<li data-start=\"1883\" data-end=\"1925\">\n<p data-start=\"1885\" data-end=\"1925\">Ploch\u00fd v\u00fdbrus pro hladk\u00e9 a p\u0159esn\u00e9 \u0159ezy<\/p>\n<\/li>\n<li data-start=\"1926\" data-end=\"1969\">\n<p data-start=\"1928\" data-end=\"1969\">Ergonomick\u00e1 rukoje\u0165 FRN pro jist\u00fd \u00fachop<\/p>\n<\/li>\n<li data-start=\"1970\" data-end=\"2019\">\n<p data-start=\"1972\" data-end=\"2019\">Spolehliv\u00fd <strong data-start=\"1983\" data-end=\"1996\">Back Lock<\/strong> pro bezpe\u010dn\u00e9 pou\u017eit\u00ed<\/p>\n<\/li>\n<li data-start=\"2020\" data-end=\"2065\">\n<p data-start=\"2022\" data-end=\"2065\">N\u00edzk\u00e1 hmotnost a vynikaj\u00edc\u00ed ovladatelnost<\/p>\n<\/li>\n<li data-start=\"2066\" data-end=\"2101\">\n<p data-start=\"2068\" data-end=\"2101\">Osv\u011bd\u010den\u00fd model s dlouhou tradic\u00ed<\/p>\n<\/li>\n<\/ul>\n<hr data-start=\"2103\" data-end=\"2106\" \/>\n<h2 data-start=\"2108\" data-end=\"2127\">\u26a0\ufe0f Mo\u017en\u00e1 omezen\u00ed<\/h2>\n<ul data-start=\"2129\" data-end=\"2312\">\n<li data-start=\"2129\" data-end=\"2205\">\n<p data-start=\"2131\" data-end=\"2205\">Men\u0161\u00ed velikost nemus\u00ed vyhovovat u\u017eivatel\u016fm hledaj\u00edc\u00edm v\u011bt\u0161\u00ed pracovn\u00ed n\u016f\u017e<\/p>\n<\/li>\n<li data-start=\"2206\" data-end=\"2272\">\n<p data-start=\"2208\" data-end=\"2272\">VG-10 vy\u017eaduje precizn\u00ed p\u0159\u00edstup k brou\u0161en\u00ed pro maxim\u00e1ln\u00ed v\u00fdkon<\/p>\n<\/li>\n<li data-start=\"2273\" data-end=\"2312\">\n<p data-start=\"2275\" data-end=\"2312\">Jednoduch\u00fd design bez luxusn\u00edch prvk\u016f<\/p>\n<\/li>\n<\/ul>\n<hr data-start=\"2314\" data-end=\"2317\" \/>\n<h2 data-start=\"2319\" data-end=\"2339\">\ud83d\udee0\ufe0f \u00dadr\u017eba a p\u00e9\u010de<\/h2>\n<ul data-start=\"2341\" data-end=\"2564\">\n<li data-start=\"2341\" data-end=\"2376\">\n<p data-start=\"2343\" data-end=\"2376\">Po pou\u017eit\u00ed \u010depel o\u010disti a osu\u0161\u00ed<\/p>\n<\/li>\n<li data-start=\"2377\" data-end=\"2424\">\n<p data-start=\"2379\" data-end=\"2424\">Pravideln\u011b kontroluj \u010distotu z\u00e1mku a pivotu<\/p>\n<\/li>\n<li data-start=\"2425\" data-end=\"2462\">\n<p data-start=\"2427\" data-end=\"2462\">Rukoje\u0165 FRN \u010dist\u011b jemn\u00fdm had\u0159\u00edkem<\/p>\n<\/li>\n<li data-start=\"2463\" data-end=\"2522\">\n<p data-start=\"2465\" data-end=\"2522\">Pivot pravideln\u011b proma\u017e vhodn\u00fdm mazivem pro hladk\u00fd chod<\/p>\n<\/li>\n<li data-start=\"2523\" data-end=\"2564\">\n<p data-start=\"2525\" data-end=\"2564\">Skladuj v such\u00e9m prost\u0159ed\u00ed mimo vlhkost<\/p>\n<\/li>\n<\/ul>\n<hr data-start=\"2566\" data-end=\"2569\" \/>\n<h2 data-start=\"2571\" data-end=\"2607\">\ud83d\udd2a Pro udr\u017een\u00ed ost\u0159\u00ed doporu\u010dujeme<\/h2>\n<p data-start=\"2609\" data-end=\"2702\">Pro zachov\u00e1n\u00ed maxim\u00e1ln\u00ed ostrosti \u010depele doporu\u010dujeme syst\u00e9m brou\u0161en\u00ed ur\u010den\u00fd pro hladk\u00e1 ost\u0159\u00ed.<\/p>\n<p data-start=\"2704\" data-end=\"2807\">Ide\u00e1ln\u00ed volbou je <strong data-start=\"2722\" data-end=\"2788\">Spyderco Tri-Angle Sharpmaker Complete Sharpening System 204MF<\/strong>, kter\u00fd umo\u017e\u0148uje:<\/p>\n<ul data-start=\"2808\" data-end=\"2940\">\n<li data-start=\"2808\" data-end=\"2842\">\n<p data-start=\"2810\" data-end=\"2842\">p\u0159esn\u00e9 a konzistentn\u00ed brou\u0161en\u00ed<\/p>\n<\/li>\n<li data-start=\"2843\" data-end=\"2892\">\n<p data-start=\"2845\" data-end=\"2892\">\u0161etrnou \u00fadr\u017ebu bez nadm\u011brn\u00e9ho \u00fab\u011bru materi\u00e1lu<\/p>\n<\/li>\n<li data-start=\"2893\" data-end=\"2940\">\n<p data-start=\"2895\" data-end=\"2940\">bezpe\u010dn\u00e9 pou\u017eit\u00ed i bez p\u0159edchoz\u00edch zku\u0161enost\u00ed<\/p>\n<\/li>\n<\/ul>\n<p data-start=\"2942\" data-end=\"2987\">\ud83d\uded2 <strong data-start=\"2945\" data-end=\"2987\">Zakoup\u00edte na na\u0161ich str\u00e1nk\u00e1ch Moskito.<\/strong><\/p>\n<hr data-start=\"2989\" data-end=\"2992\" \/>\n<h2 data-start=\"2994\" data-end=\"3014\">\ud83c\udfaf Doporu\u010deno pro<\/h2>\n<ul data-start=\"3016\" data-end=\"3170\">\n<li data-start=\"3016\" data-end=\"3043\">\n<p data-start=\"3018\" data-end=\"3043\">Ka\u017edodenn\u00ed no\u0161en\u00ed (EDC)<\/p>\n<\/li>\n<li data-start=\"3044\" data-end=\"3078\">\n<p data-start=\"3046\" data-end=\"3078\">Outdoorov\u00e9 a praktick\u00e9 vyu\u017eit\u00ed<\/p>\n<\/li>\n<li data-start=\"3079\" data-end=\"3129\">\n<p data-start=\"3081\" data-end=\"3129\">U\u017eivatele preferuj\u00edc\u00ed lehk\u00fd, ale efektivn\u00ed n\u016f\u017e<\/p>\n<\/li>\n<li data-start=\"3130\" data-end=\"3170\">\n<p data-start=\"3132\" data-end=\"3170\">Fanou\u0161ky ov\u011b\u0159en\u00e9ho a funk\u010dn\u00edho designu<\/p>\n<\/li>\n<\/ul>\n<hr data-start=\"3172\" data-end=\"3175\" \/>\n<h2 data-start=\"3177\" data-end=\"3201\">\u2b50 Z\u00e1v\u011bre\u010dn\u00e9 hodnocen\u00ed<\/h2>\n<p data-start=\"3203\" data-end=\"3387\">Spyderco Delica 4 C11S je <strong data-start=\"3229\" data-end=\"3262\">vyv\u00e1\u017een\u00fd a spolehliv\u00fd EDC n\u016f\u017e<\/strong> \u2013 ide\u00e1ln\u00ed pro ka\u017edodenn\u00ed \u00fakoly i m\u00e9n\u011b obvykl\u00e9 situace.<br data-start=\"3317\" data-end=\"3320\" \/>Kompaktn\u00ed, lehk\u00fd a komfortn\u00ed \u2013 n\u016f\u017e, na kter\u00fd se m\u016f\u017ee\u0161 spolehnout.<\/p>\n<p data-start=\"3389\" data-end=\"3443\"><strong data-start=\"3389\" data-end=\"3443\">Delica 4 \u2013 preciznost, na kterou se d\u00e1 spolehnout.<\/strong><\/p>\n","protected":false},"excerpt":{"rendered":"<p data-start=\"3203\" data-end=\"3387\"><strong>Spyderco Delica 4 C11S je vyv\u00e1\u017een\u00fd a spolehliv\u00fd EDC n\u016f\u017e \u2013 ide\u00e1ln\u00ed pro ka\u017edodenn\u00ed \u00fakoly i m\u00e9n\u011b obvykl\u00e9 situace.<\/strong><br data-start=\"3317\" data-end=\"3320\" \/><strong>Kompaktn\u00ed, lehk\u00fd a komfortn\u00ed \u2013 n\u016f\u017e, na kter\u00fd se m\u016f\u017ee\u0161 spolehnout.<\/strong><\/p>\n<p data-start=\"3389\" data-end=\"3443\"><strong data-start=\"3389\" data-end=\"3443\">Delica 4 \u2013 preciznost, na kterou se d\u00e1 spolehnout.<\/strong><\/p>\n","protected":false},"featured_media":251087,"comment_status":"open","ping_status":"closed","template":"","meta":[],"pwb-brand":[567],"product_brand":[],"product_cat":[22,17],"product_tag":[3667],"class_list":{"0":"post-251086","1":"product","2":"type-product","3":"status-publish","4":"has-post-thumbnail","6":"pwb-brand-spyderco","7":"product_cat-zaviraci-noze","8":"product_cat-noze","9":"product_tag-b2b","11":"first","12":"instock","13":"taxable","14":"shipping-taxable","15":"purchasable","16":"product-type-simple"},"brands":[{"id":567,"name":"Spyderco","slug":"spyderco"}],"_links":{"self":[{"href":"https:\/\/www.moskito.cz\/de\/wp-json\/wp\/v2\/product\/251086","targetHints":{"allow":["GET"]}}],"collection":[{"href":"https:\/\/www.moskito.cz\/de\/wp-json\/wp\/v2\/product"}],"about":[{"href":"https:\/\/www.moskito.cz\/de\/wp-json\/wp\/v2\/types\/product"}],"replies":[{"embeddable":true,"href":"https:\/\/www.moskito.cz\/de\/wp-json\/wp\/v2\/comments?post=251086"}],"wp:featuredmedia":[{"embeddable":true,"href":"https:\/\/www.moskito.cz\/de\/wp-json\/wp\/v2\/media\/251087"}],"wp:attachment":[{"href":"https:\/\/www.moskito.cz\/de\/wp-json\/wp\/v2\/media?parent=251086"}],"wp:term":[{"taxonomy":"pwb-brand","embeddable":true,"href":"https:\/\/www.moskito.cz\/de\/wp-json\/wp\/v2\/pwb-brand?post=251086"},{"taxonomy":"product_brand","embeddable":true,"href":"https:\/\/www.moskito.cz\/de\/wp-json\/wp\/v2\/product_brand?post=251086"},{"taxonomy":"product_cat","embeddable":true,"href":"https:\/\/www.moskito.cz\/de\/wp-json\/wp\/v2\/product_cat?post=251086"},{"taxonomy":"product_tag","embeddable":true,"href":"https:\/\/www.moskito.cz\/de\/wp-json\/wp\/v2\/product_tag?post=251086"}],"curies":[{"name":"wp","href":"https:\/\/api.w.org\/{rel}","templated":true}]}}