{"id":251545,"date":"2023-06-28T20:25:37","date_gmt":"2023-06-28T19:25:37","guid":{"rendered":"https:\/\/www.moskito.cz\/?post_type=product&#038;p=251545"},"modified":"2025-06-28T12:00:55","modified_gmt":"2025-06-28T11:00:55","slug":"zaviraci-nuz-spyderco-rockjumper-c254pbk","status":"publish","type":"product","link":"https:\/\/www.moskito.cz\/de\/produkt\/zaviraci-nuz-spyderco-rockjumper-c254pbk\/","title":{"rendered":"Zav\u00edrac\u00ed N\u016f\u017e Spyderco RockJumper C254PBK"},"content":{"rendered":"<p>Zav\u00edrac\u00ed N\u016f\u017e <strong>Spyderco<\/strong> RockJumper C254PBK<\/p>\n<p>Na prvn\u00ed pohled se Spyderco RockJumper jev\u00ed jako nic jin\u00e9ho ne\u017e lehk\u00fd n\u016f\u017e s \u010depel\u00ed Wharncliffe, kter\u00e1 m\u00e1 velikost tak, aby rozd\u011blila rozd\u00edl mezi nejprod\u00e1van\u011bj\u0161\u00edm Spyderco Delica 4 a Endura 4. Pokud se v\u0161ak pono\u0159\u00edte trochu hloub\u011bji, uv\u011bdom\u00edte si, \u017ee Drobn\u00e9 nuance jeho designu odr\u00e1\u017eej\u00ed mnohem hlub\u0161\u00ed logiku a extr\u00e9mn\u00ed pozornost k detailu \u2013 druh, kter\u00fd poch\u00e1z\u00ed pouze z mysli jeho design\u00e9ra, zakladatele Spyderco Sala Glessera.<\/p>\n<p>Z\u00e1kladn\u00ed vlastnosti RockJumperu jsou v souladu s mnoha lehk\u00fdmi zaklada\u010di Spyderco japonsk\u00e9 v\u00fdroby: \u010depel z nerezov\u00e9 oceli VG10 s pln\u011b ploch\u00fdm brou\u0161en\u00edm, pln\u011b p\u0159\u00edstupn\u00fd kulat\u00fd otvor s ochrannou zn\u00e1mkou, v\u00fdb\u011br konfigurace PlainEdge nebo SpyderEdge, skeletonizovan\u00e9 vlo\u017eky z nerezov\u00e9 oceli, robustn\u00ed lockback mechanismus, vst\u0159ikovan\u00e1 rukoje\u0165 z nylonu vyztu\u017een\u00e9ho sklen\u011bn\u00fdmi vl\u00e1kny (FRN), vysoce p\u0159ilnav\u00fd dvousm\u011brn\u00fd texturov\u00fd vzor a \u010dty\u0159polohov\u00fd kapesn\u00ed klip. Jakkoli to m\u016f\u017ee zn\u00edt \u201estandardn\u011b\u201c, skute\u010dn\u00e9 kouzlo tohoto designu spo\u010d\u00edv\u00e1 ve zp\u016fsobu, jak\u00fdm jsou vyj\u00e1d\u0159eny v\u0161echny tyto osv\u011bd\u010den\u00e9 vlastnosti.<\/p>\n<p>Jedn\u00edm z prim\u00e1rn\u00edch designov\u00fdch c\u00edl\u016f RockJumperu bylo zabalit co nejv\u00edce \u0161pi\u010dkov\u00e9ho vybaven\u00ed do jeho kapesn\u00ed velikosti a p\u0159itom st\u00e1le vyu\u017e\u00edvat st\u0159edov\u00fd z\u00e1mek. Prodlou\u017een\u00e9 ost\u0159\u00ed a minim\u00e1ln\u00ed ricassos (ploch\u00e1, nezkosen\u00e1 \u010d\u00e1st \u010depele v bl\u00edzkosti spoje rukojeti) lze snadno dos\u00e1hnout pomoc\u00ed LinerLock, Compression Lock nebo jin\u00fdch mechanism\u016f, kter\u00e9 nejsou um\u00edst\u011bny v rovin\u011b \u010depele; nicm\u00e9n\u011b s lockbacky jsou n\u00e1ro\u010dn\u00e9. Sal tento probl\u00e9m vy\u0159e\u0161il pou\u017eit\u00edm filozofie designu \u201edop\u0159edu rukojeti\u201c, kter\u00e1 roz\u0161i\u0159uje spodn\u00ed \u010d\u00e1st rukojeti sm\u011brem k pat\u011b okraje. Toto brilantn\u00ed \u0159e\u0161en\u00ed umo\u017e\u0148uje, aby se \u0159ezn\u00e1 hrana roz\u0161\u00ed\u0159ila t\u00e9m\u011b\u0159 po cel\u00e9 d\u00e9lce \u010depele a um\u00edstila ruku u\u017eivatele d\u00e1le dop\u0159edu pro optim\u00e1ln\u00ed kontrolu a p\u00e1kov\u00fd efekt. funk\u010dn\u011b, poskytuje stejnou schopnost &#8222;udusit se&#8220; ve va\u0161em \u00fachopu jako choil ukazov\u00e1\u010dku, ale bez ob\u011btov\u00e1n\u00ed jak\u00e9koli pou\u017eiteln\u00e9 d\u00e9lky hrany. T\u00edm, \u017ee minimalizuje mrtv\u00fd prostor mezi p\u0159edn\u00ed \u010d\u00e1st\u00ed rukojeti a patou hrany, design RockJumper tak\u00e9 v\u00fdrazn\u011b sni\u017euje mo\u017enost zachycen\u00ed &#8211; zejm\u00e9na p\u0159i \u0159ez\u00e1n\u00ed lan nebo popruh\u016f ve vysoce nam\u00e1han\u00fdch situac\u00edch.<\/p>\n<p>Sal trval na lockback mechanismu pro RockJumper z n\u011bkolika d\u016fvod\u016f. Za prv\u00e9, dopl\u0148uje ostatn\u00ed vlastnosti no\u017ee, aby byl jeho design zcela symetrick\u00fd a jeho chod 100% oboustrann\u00fd. Lockbacks proveden\u00e9 ve stylu Spyderco tak\u00e9 p\u0159edstavuj\u00ed ploch\u00e9 &#8222;kopy&#8220; (oblast na okrajov\u00e9 stran\u011b ricasso), kter\u00e9 &#8222;sklo\u0148uj\u00ed&#8220; \u00fapln\u011b proti ty\u010di z\u00e1mku. Tato jedine\u010dn\u00e1 vlastnost znemo\u017e\u0148uje otupen\u00ed ost\u0159\u00ed \u010depele p\u0159i kontaktu s vnit\u0159kem rukojeti a v\u017edy byla ur\u010duj\u00edc\u00edm \u2013 ale nedocen\u011bn\u00fdm \u2013 rysem z\u00e1mk\u016f Spyderco.<\/p>\n<p>Uzamykac\u00ed mechanismus tak\u00e9 nab\u00edz\u00ed p\u016fsobivou pevnost a, co\u017e je velmi d\u016fle\u017eit\u00e9, silnou funkci samozav\u00edr\u00e1n\u00ed. Ve srovn\u00e1n\u00ed s jin\u00fdmi mechanismy, kter\u00e9 nejsou um\u00edst\u011bny v jedn\u00e9 linii s \u010depel\u00ed, lockback \u010depel autoritativn\u011b zaklapne a dr\u017e\u00ed ji tam i p\u0159i n\u00e1ro\u010dn\u00fdch \u010dinnostech, jako je lezen\u00ed.<\/p>\n<p>Stejn\u011b jako v\u0161echny z\u00e1mky Spyderco je mechanismus na RockJumper p\u0159esn\u011bji kategorizov\u00e1n jako st\u0159edn\u00ed z\u00e1mek. Tento styl z\u00e1mku um\u00eds\u0165uje uvoln\u011bn\u00ed z\u00e1mku do st\u0159edu rukojeti pro snadn\u00e9 zav\u00edr\u00e1n\u00ed \u010depele jednou rukou \u2013 zvl\u00e1\u0161t\u011b kdy\u017e je ukazov\u00e1\u010dek um\u00edst\u011bn na p\u0159edn\u00ed \u010d\u00e1sti rukojeti a pou\u017e\u00edv\u00e1n jako zar\u00e1\u017eka. Varianta tradi\u010dn\u00edho full-length lockback, st\u0159edn\u00ed-lockback, byl pr\u016fkopn\u00edky Harvey McBurnette, Dick Dorough a WT Fuller, kte\u0159\u00ed spolupracovali v tov\u00e1rn\u011b na pneumatiky v Alabam\u011b na konci 60. let. Pot\u00e9, co Fuller p\u0159i pr\u016fmyslov\u00e9 nehod\u011b tragicky p\u0159i\u0161el o jednu ruku, v\u0161ichni t\u0159i mu\u017ei \u2013 v\u0161ichni strojn\u00edci a za\u010d\u00ednaj\u00edc\u00ed no\u017e\u00ed\u0159i \u2013 spolupracovali na n\u00e1vrhu zav\u00edrac\u00edho no\u017ee pro Fullera, kter\u00fd by se dal snadno otev\u0159\u00edt a zav\u0159\u00edt jednou rukou. V\u00fdsledkem bylo to, co p\u016fvodn\u011b naz\u00fdvali slo\u017eka \u201efront lock\u201c. Zkr\u00e1cen\u00edm z\u00e1mkov\u00e9 ty\u010de tradi\u010dn\u00edho lockback mechanismu a \u00fapravou jeho pru\u017einov\u00e9ho nap\u011bt\u00ed vytvo\u0159ili t\u0159i mu\u017ei vzor skl\u00e1dac\u00edho no\u017ee, kter\u00fd umo\u017e\u0148oval snadn\u00e9 uvoln\u011bn\u00ed z\u00e1mku pouze jednou rukou. Zaj\u00edmav\u00e9 je, \u017ee tak\u00e9 vytvo\u0159ili t\u00e9ma pro svou vlastn\u00ed kari\u00e9ru jako zak\u00e1zkov\u00ed no\u017e\u00ed\u0159i, proto\u017ee v\u0161ichni t\u0159i se nakonec specializovali na v\u00fdrobu jemn\u00fdch ru\u010dn\u011b vyr\u00e1b\u011bn\u00fdch p\u0159edn\u00edch z\u00e1mkov\u00fdch slo\u017eek, kter\u00e9 jsou nyn\u00ed vysoce cen\u011bn\u00fdmi sb\u011bratelsk\u00fdmi p\u0159edm\u011bty.<\/p>\n<p>O n\u011bkolik let pozd\u011bji, v roce 1977, legend\u00e1rn\u00ed n\u00e1vrh\u00e1\u0159 no\u017e\u016f Al Mar opustil svou pozici v Gerber a zalo\u017eil Al Mar Knives. B\u00fdval\u00fd voj\u00e1k speci\u00e1ln\u00edch sil americk\u00e9 arm\u00e1dy s magistersk\u00fdm titulem v pr\u016fmyslov\u00e9m designu, Mar byl hluboce inspirov\u00e1n tehdej\u0161\u00edmi zak\u00e1zkov\u00fdmi v\u00fdrobci \u2013 v\u010detn\u011b Harveyho McBurnette. Ocenil v\u00fdhody McBurnetteho designu p\u0159edn\u00edho z\u00e1mku\/st\u0159edn\u00edho z\u00e1mku a rozhodl se jej za\u010dlenit do sv\u00e9 takticky orientovan\u00e9 \u0159ady zav\u00edrac\u00edch no\u017e\u016f. Jako gentleman Mar nejen p\u0159ipsal McBurnette za inspiraci, ale velkoryse se pod\u011blil o tajemstv\u00ed mechanismu se Salem Glesserem. Kdy\u017e Mar p\u0159edstavil Salovi sv\u00e9 no\u017e\u00ed\u0159sk\u00e9 zdroje v Japonsku a pomohl zasadit semena v\u00fdroby no\u017e\u016f Spyderco, tak\u00e9 dal Salovi po\u017eehn\u00e1n\u00ed, aby pou\u017e\u00edval st\u0159edov\u00fd z\u00e1mek ve v\u0161ech sv\u00fdch n\u00e1vrz\u00edch. O \u010dty\u0159icet let pozd\u011bji,<\/p>\n<p>Na rozd\u00edl od mnoha jin\u00fdch z\u00e1mk\u016f Spyderco RockJumper neobsahuje Boye Dent \u2013 \u200b\u200bvroubkovan\u00e9 vybr\u00e1n\u00ed v z\u00e1vorce z\u00e1mku, kter\u00e9 pom\u00e1h\u00e1 p\u0159edch\u00e1zet ne\u00famysln\u00e9mu uvoln\u011bn\u00ed z\u00e1mku. Pot\u0159eba t\u00e9to vlastnosti je do zna\u010dn\u00e9 m\u00edry zp\u016fsobena tvarem rukojeti no\u017ee a hloubkou dob\u0159e odblokovat z\u00e1mek. V p\u0159\u00edpad\u011b RockJumperu orientuje \u0161irok\u00fd, ruku vypl\u0148uj\u00edc\u00ed tvar rukojeti uvoln\u011bn\u00ed z\u00e1mku tak, aby se dot\u00fdkalo dutiny dlan\u011b bez ohledu na to, jak je n\u016f\u017e uchopen. D\u00edky tomu a pe\u010dliv\u011b tvarovan\u00e9mu tvaru h\u0159betu rukojeti je Boye Dent zbyte\u010dn\u00fd.<\/p>\n<p>Podobn\u011b zadn\u00ed \u010d\u00e1st h\u0159betu \u010depele RockJumperu postr\u00e1d\u00e1 dr\u00e1\u017eky (texturovan\u00e9 dr\u00e1\u017eky), kter\u00e9 se \u010dasto vyskytuj\u00ed na jin\u00fdch slo\u017ek\u00e1ch Spyderco. Op\u011bt se jednalo o v\u011bdom\u00e9 rozhodnut\u00ed zalo\u017een\u00e9 na specifick\u00e9 ergonomii designu, jak padne do ruky a jak jezd\u00ed v kapse. Sal se rozhodl jej nezahrnout, aby odstranil jak\u00e9koli povrchy, kter\u00e9 by mohly b\u00fdt p\u0159\u00edli\u0161 abrazivn\u00ed pro ruku nebo kapsy u\u017eivatele.<\/p>\n<p>D\u016fvtipn\u00ed u\u017eivatel\u00e9 no\u017e\u016f v\u011bd\u00ed, \u017ee &#8222;jedna velikost padne v\u0161em&#8220; je obt\u00ed\u017en\u00e9 dos\u00e1hnout v designu no\u017ee. Lidsk\u00e9 ruce jsou organick\u00e9 a maj\u00ed \u0161irokou \u0161k\u00e1lu tvar\u016f a velikost\u00ed. Rukojeti no\u017e\u016f jsou naopak pevn\u00e9, neohebn\u00e9 p\u0159edm\u011bty. RockJumper p\u0159eklenuje propast mezi t\u011bmito dv\u011bma extr\u00e9my t\u00edm, \u017ee nab\u00edz\u00ed \u0161irokou rukoje\u0165 s velmi jemn\u00fdmi k\u0159ivkami, kter\u00e9 \u00fa\u010dinn\u011b \u201edr\u017e\u00ed\u201c ruku pro bezpe\u010dn\u00e9 uchopen\u00ed, a p\u0159esto pohodln\u011b pojme t\u00e9m\u011b\u0159 v\u0161echny velikosti rukou. Tento jedine\u010dn\u00fd design tak\u00e9 umo\u017e\u0148uje instinktivn\u00ed hmatovou orientaci hrany a poskytuje velkou plochu povrchu, kter\u00e1 eliminuje hork\u00e1 m\u00edsta a sni\u017euje \u00fanavu p\u0159i dlouhodob\u00e9m pou\u017e\u00edv\u00e1n\u00ed.<\/p>\n<p>Pro fanou\u0161ky \u0161\u0148\u016frek a p\u0159\u00edv\u011bsk\u016f obsahuje RockJumper extra velk\u00fd otvor pro \u0161\u0148\u016frku o pr\u016fm\u011bru 0,28 palce (7,1 mm). Mont\u00e1\u017en\u00ed otvory pro jeho \u010dty\u0159polohovou sponu jsou tak\u00e9 um\u00edst\u011bny v dist\u00e1ln\u00edch bodech obou konc\u016f rukojeti pro vynikaj\u00edc\u00ed rovnov\u00e1hu mezi snadn\u00fdm p\u0159\u00edstupem a diskr\u00e9tn\u00edm no\u0161en\u00edm.<\/p>\n<p>Sal, koncipovan\u00fd jako praktick\u00fd \u0159ezac\u00ed n\u00e1stroj s kompletn\u00edm servisem pro venkovn\u00ed a b\u011b\u017en\u00e9 pou\u017eit\u00ed, pojmenoval tento n\u016f\u017e RockJumper, proto\u017ee c\u00edtil, \u017ee jeho vlastnosti z n\u011bj \u010din\u00ed ide\u00e1ln\u00ed \u0159ezn\u00fd n\u00e1stroj pro pou\u017eit\u00ed horolezci. Ch\u00e1peme, \u017ee lezci maj\u00ed na no\u017ee \u010dasto siln\u00e9 n\u00e1zory pro a proti, ale pro ty, kte\u0159\u00ed je zahrnou do sv\u00e9 sady, je RockJumper t\u011b\u017ek\u00e9 porazit. Pro nelezce je to je\u0161t\u011b t\u011b\u017e\u0161\u00ed porazit.<\/p>\n<p>Specifikace<br \/>\nD\u00e9lka \u010depele: 7.8 cm<br \/>\nD\u00e9lka v zav\u0159en\u00e9m stavu: 11.2 cm<br \/>\nCelkov\u00e1 d\u00e9lka: 19 cm<br \/>\nTlou\u0161\u0165ka \u010depele: 0.3 cm<br \/>\nMateri\u00e1l \u010depele: VG10 Nerezov\u00e1 ocel<br \/>\nStyl \u010depele: Wharncliffe<br \/>\nBrou\u0161en\u00ed \u010depele: Pln\u011b ploch\u00e9<br \/>\nPovrchov\u00e1 \u00faprava \u010depele: sat\u00e9n<br \/>\nOst\u0159\u00ed \u010depele: Hladk\u00e9<br \/>\nMateri\u00e1l rukojeti: FRN<br \/>\nBarva rukojeti: \u010cern\u00e1<br \/>\nUzamykac\u00ed mechanismus: Lockback<br \/>\nKapesn\u00ed spona: Nerezov\u00e1 ocel (Tip-Up\/Down, Right\/Left carry)<br \/>\n\u010c\u00edslo modelu: C254PBK<br \/>\nN\u00e1zev modelu: Rockjumper<br \/>\nHmotnost: 3,1 oz. (88 g)<br \/>\nVyrobeno v Japonsku<\/p>\n<p style=\"text-align: right;\">\n","protected":false},"excerpt":{"rendered":"<p><strong>Na prvn\u00ed pohled se Spyderco RockJumper jev\u00ed jako nic jin\u00e9ho ne\u017e lehk\u00fd n\u016f\u017e s \u010depel\u00ed Wharncliffe, kter\u00e1 m\u00e1 velikost tak, aby rozd\u011blila rozd\u00edl mezi nejprod\u00e1van\u011bj\u0161\u00edm Spyderco Delica 4 a Endura 4.<\/strong><\/p>\n","protected":false},"featured_media":251546,"comment_status":"open","ping_status":"closed","template":"","meta":[],"pwb-brand":[567],"product_brand":[],"product_cat":[22,17],"product_tag":[3667],"class_list":{"0":"post-251545","1":"product","2":"type-product","3":"status-publish","4":"has-post-thumbnail","6":"pwb-brand-spyderco","7":"product_cat-zaviraci-noze","8":"product_cat-noze","9":"product_tag-b2b","11":"first","12":"instock","13":"taxable","14":"shipping-taxable","15":"purchasable","16":"product-type-simple"},"brands":[{"id":567,"name":"Spyderco","slug":"spyderco"}],"_links":{"self":[{"href":"https:\/\/www.moskito.cz\/de\/wp-json\/wp\/v2\/product\/251545","targetHints":{"allow":["GET"]}}],"collection":[{"href":"https:\/\/www.moskito.cz\/de\/wp-json\/wp\/v2\/product"}],"about":[{"href":"https:\/\/www.moskito.cz\/de\/wp-json\/wp\/v2\/types\/product"}],"replies":[{"embeddable":true,"href":"https:\/\/www.moskito.cz\/de\/wp-json\/wp\/v2\/comments?post=251545"}],"wp:featuredmedia":[{"embeddable":true,"href":"https:\/\/www.moskito.cz\/de\/wp-json\/wp\/v2\/media\/251546"}],"wp:attachment":[{"href":"https:\/\/www.moskito.cz\/de\/wp-json\/wp\/v2\/media?parent=251545"}],"wp:term":[{"taxonomy":"pwb-brand","embeddable":true,"href":"https:\/\/www.moskito.cz\/de\/wp-json\/wp\/v2\/pwb-brand?post=251545"},{"taxonomy":"product_brand","embeddable":true,"href":"https:\/\/www.moskito.cz\/de\/wp-json\/wp\/v2\/product_brand?post=251545"},{"taxonomy":"product_cat","embeddable":true,"href":"https:\/\/www.moskito.cz\/de\/wp-json\/wp\/v2\/product_cat?post=251545"},{"taxonomy":"product_tag","embeddable":true,"href":"https:\/\/www.moskito.cz\/de\/wp-json\/wp\/v2\/product_tag?post=251545"}],"curies":[{"name":"wp","href":"https:\/\/api.w.org\/{rel}","templated":true}]}}