{"id":251598,"date":"2023-06-28T21:22:34","date_gmt":"2023-06-28T20:22:34","guid":{"rendered":"https:\/\/www.moskito.cz\/?post_type=product&#038;p=251598"},"modified":"2025-06-28T21:05:41","modified_gmt":"2025-06-28T20:05:41","slug":"zaviraci-nuz-spyderco-dmitry-sinkevich-drunken-c235cftip","status":"publish","type":"product","link":"https:\/\/www.moskito.cz\/de\/produkt\/zaviraci-nuz-spyderco-dmitry-sinkevich-drunken-c235cftip\/","title":{"rendered":"Zav\u00edrac\u00ed N\u016f\u017e Spyderco Dmitry Sinkevich Drunken C235CFTIP"},"content":{"rendered":"<p>Zav\u00edrac\u00ed N\u016f\u017e <strong>Spyderco<\/strong> Dmitry Sinkevich Drunken C235CFTIP<\/p>\n<p>Dmitrij Sinkevi\u010d je dnes jedn\u00edm z nej\u017ehav\u011bj\u0161\u00edch zak\u00e1zkov\u00fdch v\u00fdrobc\u016f v no\u017e\u00ed\u0159sk\u00e9m pr\u016fmyslu. Jeho prvn\u00ed spolupr\u00e1ce se Spyderco, The Drunken, ukazuje jeho schopnost kombinovat um\u011bleck\u00fd design a bezkonkuren\u010dn\u00ed \u0159emeslo s praktickou funkc\u00ed. \u010cepel tohoto no\u017ee je celoplo\u0161n\u011b brou\u0161en\u00e1 z nerezov\u00e9 oceli CPM-S90V a m\u00e1 omletou povrchovou \u00fapravu. Je sp\u00e1rov\u00e1n se stylov\u011b ergonomickou rukojet\u00ed, kter\u00e1 obsahuje titanovou stupnici na jedn\u00e9 stran\u011b a pevnou stupnici z uhl\u00edkov\u00fdch vl\u00e1ken a vlo\u017eku z nerezov\u00e9 oceli na stran\u011b druh\u00e9. Titanov\u00e1 stupnice je &#8222;webbed&#8220; pro sn\u00ed\u017een\u00ed hmotnosti a tvo\u0159\u00ed z\u00e1klad pro mechanismus no\u017ee Reeve Integral Lock (RIL), kter\u00fd zahrnuje dlouhotrvaj\u00edc\u00ed rozhran\u00ed z nerezov\u00e9 oceli.<\/p>\n<p>Specifikace<br \/>\nD\u00e9lka \u010depele: 8.75 cm<br \/>\nD\u00e9lka v zav\u0159en\u00e9m stavu: 11.5 cm<br \/>\nCelkov\u00e1 d\u00e9lka: 20.12 cm<br \/>\nMateri\u00e1l \u010depele: CPM-S90V Nerezov\u00e1 ocel<br \/>\nStyl \u010depele: Sheepfoot<br \/>\nBrou\u0161en\u00ed \u010depele: Pln\u011b ploch\u00e9<br \/>\nPovrchov\u00e1 \u00faprava \u010depele: sat\u00e9n<br \/>\nOst\u0159\u00ed \u010depele: Hladk\u00e9<br \/>\nMateri\u00e1l rukojeti: uhl\u00edkov\u00e9 vl\u00e1kno s titanov\u00fdm z\u00e1mkem<br \/>\nBarva rukojeti: \u010cern\u00e1<br \/>\nUzamykac\u00ed mechanismus: R\u00e1m<br \/>\nKapesn\u00ed klip: Vykl\u00e1p\u011bc\u00ed, prav\u00e9 no\u0161en\u00ed<br \/>\n\u010c\u00edslo modelu: C235CFTIP<br \/>\nN\u00e1zev modelu: Drunken<br \/>\nDesign\u00e9r: Dmitrij Sinkevi\u010d<br \/>\nHmotnost: 3,8 oz.<\/p>\n","protected":false},"excerpt":{"rendered":"<p><strong>Dmitrij Sinkevi\u010d je dnes jedn\u00edm z nej\u017ehav\u011bj\u0161\u00edch zak\u00e1zkov\u00fdch v\u00fdrobc\u016f v no\u017e\u00ed\u0159sk\u00e9m pr\u016fmyslu.<\/strong><\/p>\n","protected":false},"featured_media":251599,"comment_status":"open","ping_status":"closed","template":"","meta":[],"pwb-brand":[567],"product_brand":[],"product_cat":[22,17],"product_tag":[3667],"class_list":{"0":"post-251598","1":"product","2":"type-product","3":"status-publish","4":"has-post-thumbnail","6":"pwb-brand-spyderco","7":"product_cat-zaviraci-noze","8":"product_cat-noze","9":"product_tag-b2b","11":"first","12":"instock","13":"sale","14":"taxable","15":"shipping-taxable","16":"purchasable","17":"product-type-simple"},"brands":[{"id":567,"name":"Spyderco","slug":"spyderco"}],"_links":{"self":[{"href":"https:\/\/www.moskito.cz\/de\/wp-json\/wp\/v2\/product\/251598","targetHints":{"allow":["GET"]}}],"collection":[{"href":"https:\/\/www.moskito.cz\/de\/wp-json\/wp\/v2\/product"}],"about":[{"href":"https:\/\/www.moskito.cz\/de\/wp-json\/wp\/v2\/types\/product"}],"replies":[{"embeddable":true,"href":"https:\/\/www.moskito.cz\/de\/wp-json\/wp\/v2\/comments?post=251598"}],"wp:featuredmedia":[{"embeddable":true,"href":"https:\/\/www.moskito.cz\/de\/wp-json\/wp\/v2\/media\/251599"}],"wp:attachment":[{"href":"https:\/\/www.moskito.cz\/de\/wp-json\/wp\/v2\/media?parent=251598"}],"wp:term":[{"taxonomy":"pwb-brand","embeddable":true,"href":"https:\/\/www.moskito.cz\/de\/wp-json\/wp\/v2\/pwb-brand?post=251598"},{"taxonomy":"product_brand","embeddable":true,"href":"https:\/\/www.moskito.cz\/de\/wp-json\/wp\/v2\/product_brand?post=251598"},{"taxonomy":"product_cat","embeddable":true,"href":"https:\/\/www.moskito.cz\/de\/wp-json\/wp\/v2\/product_cat?post=251598"},{"taxonomy":"product_tag","embeddable":true,"href":"https:\/\/www.moskito.cz\/de\/wp-json\/wp\/v2\/product_tag?post=251598"}],"curies":[{"name":"wp","href":"https:\/\/api.w.org\/{rel}","templated":true}]}}