{"id":252607,"date":"2023-07-05T09:16:50","date_gmt":"2023-07-05T08:16:50","guid":{"rendered":"https:\/\/www.moskito.cz\/?post_type=product&#038;p=252607"},"modified":"2026-01-04T10:24:18","modified_gmt":"2026-01-04T09:24:18","slug":"zaviraci-nuz-spyderco-tasman-salt-2-c106pyl2","status":"publish","type":"product","link":"https:\/\/www.moskito.cz\/de\/produkt\/zaviraci-nuz-spyderco-tasman-salt-2-c106pyl2\/","title":{"rendered":"Zav\u00edrac\u00ed N\u016f\u017e Spyderco Tasman Salt 2 C106PYL2"},"content":{"rendered":"<h2 data-start=\"199\" data-end=\"254\">\ud83d\udde1\ufe0f Zav\u00edrac\u00ed n\u016f\u017e <strong data-start=\"219\" data-end=\"254\">Spyderco Tasman Salt 2 C106PYL2<\/strong><\/h2>\n<h3 data-start=\"256\" data-end=\"320\">Odolnost, jistota a v\u00fdkon \u2014 p\u0159ipraven\u00fd na jak\u00e9koli podm\u00ednky.<\/h3>\n<p data-start=\"322\" data-end=\"763\">Spyderco <em data-start=\"331\" data-end=\"355\">Tasman Salt 2 C106PYL2<\/em> je extr\u00e9mn\u011b odoln\u00fd zav\u00edrac\u00ed n\u016f\u017e, kter\u00fd byl navr\u017een pro pou\u017eit\u00ed v <strong data-start=\"421\" data-end=\"460\">vlhk\u00e9m, slan\u00e9m a n\u00e1ro\u010dn\u00e9m prost\u0159ed\u00ed<\/strong>, kde ostatn\u00ed no\u017ee \u010dasto selh\u00e1vaj\u00ed.<br data-start=\"495\" data-end=\"498\" \/>D\u00edky vysoce korozivzdorn\u00e9 oceli, ergonomick\u00e9mu tvaru a v\u00fdrazn\u00e9 <strong data-start=\"561\" data-end=\"579\">\u017elut\u00e9 rukojeti<\/strong>, kter\u00e1 usnad\u0148uje dohled\u00e1n\u00ed no\u017ee i v n\u00e1ro\u010dn\u00e9m ter\u00e9nu, je Tasman Salt 2 ide\u00e1ln\u00ed spole\u010dn\u00edk pro outdoorov\u00e9 aktivity, ryba\u0159en\u00ed, pob\u0159e\u017en\u00ed v\u00fdpravy \u010di ka\u017edodenn\u00ed nasazen\u00ed ve vlhk\u00e9m prost\u0159ed\u00ed.<\/p>\n<p data-start=\"765\" data-end=\"937\">Kdy\u017e otev\u0159e\u0161 \u010depel charakteristick\u00fdm kruhov\u00fdm otvorem Spyderco a zajist\u00ed\u0161 ji <strong data-start=\"842\" data-end=\"857\">Back Lockem<\/strong>, poc\u00edt\u00ed\u0161 hladk\u00fd, jist\u00fd a spolehliv\u00fd chod \u2014 v\u00fdkon, na kter\u00fd se m\u016f\u017ee\u0161 spolehnout.<\/p>\n<hr data-start=\"939\" data-end=\"942\" \/>\n<h3 data-start=\"944\" data-end=\"969\">Charakter a filozofie<\/h3>\n<p data-start=\"971\" data-end=\"1350\">Tasman Salt 2 je optimalizovan\u00fd n\u00e1stroj pro situace, kde je <strong data-start=\"1031\" data-end=\"1063\">odolnost v\u016f\u010di korozi kl\u00ed\u010dov\u00e1<\/strong>.<br data-start=\"1064\" data-end=\"1067\" \/>Ocel s vysokou odolnost\u00ed v\u016f\u010di korozi je schopna odolat slan\u00e9 vod\u011b, vlhk\u00e9mu vzduchu a kontaktu s mokr\u00fdmi materi\u00e1ly bez ztr\u00e1ty funk\u010dnosti.<br data-start=\"1203\" data-end=\"1206\" \/>Ergonomick\u00e1 \u017elut\u00e1 rukoje\u0165 z FRN je navr\u017eena tak, aby poskytovala <strong data-start=\"1271\" data-end=\"1298\">pevn\u016fstk\u00fd a jist\u00fd \u00fachop<\/strong>, i kdy\u017e m\u00e1\u0161 mokr\u00e9 ruce nebo jsi na kluzk\u00e9m povrchu.<\/p>\n<p data-start=\"1352\" data-end=\"1463\">Tasman Salt 2 nen\u00ed jen no\u017eem \u2014 je to <strong data-start=\"1389\" data-end=\"1462\">n\u00e1stroj, kter\u00fd t\u011b bude podporovat i v t\u011bch nejn\u00e1ro\u010dn\u011bj\u0161\u00edch podm\u00ednk\u00e1ch<\/strong>.<\/p>\n<hr data-start=\"1465\" data-end=\"1468\" \/>\n<h2 data-start=\"1470\" data-end=\"1485\">\ud83c\udfed O v\u00fdrobci<\/h2>\n<p data-start=\"1487\" data-end=\"1886\">Spyderco dlouhodob\u011b pat\u0159\u00ed mezi l\u00eddry modern\u00edho no\u017e\u00ed\u0159stv\u00ed a je zn\u00e1m\u00e9 svou kombinac\u00ed <strong data-start=\"1570\" data-end=\"1607\">ergonomie, inovac\u00ed a prakti\u010dnosti<\/strong>.<br data-start=\"1608\" data-end=\"1611\" \/>Jejich no\u017ee jsou vyhled\u00e1van\u00e9 profesion\u00e1ly, outdoorov\u00fdmi nad\u0161enci i ka\u017edodenn\u00edmi u\u017eivateli, kte\u0159\u00ed vy\u017eaduj\u00ed spolehliv\u00fd v\u00fdkon i v n\u00e1ro\u010dn\u00fdch podm\u00ednk\u00e1ch.<br data-start=\"1759\" data-end=\"1762\" \/>Tasman Salt 2 je jedn\u00edm z model\u016f, kter\u00fd tuto filozofii dokonale vystihuje \u2014 <strong data-start=\"1838\" data-end=\"1885\">odolnost, s\u00edla a jistota ve v\u0161ech situac\u00edch<\/strong>.<\/p>\n<hr data-start=\"1888\" data-end=\"1891\" \/>\n<h2 data-start=\"1893\" data-end=\"1920\">\u2699\ufe0f Technick\u00e9 specifikace<\/h2>\n<div class=\"TyagGW_tableContainer\">\n<div class=\"group TyagGW_tableWrapper flex w-fit flex-col-reverse\" tabindex=\"-1\">\n<table class=\"w-fit min-w-(--thread-content-width)\" data-start=\"1922\" data-end=\"2513\">\n<thead data-start=\"1922\" data-end=\"1944\">\n<tr data-start=\"1922\" data-end=\"1944\">\n<th data-start=\"1922\" data-end=\"1933\" data-col-size=\"sm\">Parametr<\/th>\n<th data-start=\"1933\" data-end=\"1944\" data-col-size=\"md\">Hodnota<\/th>\n<\/tr>\n<\/thead>\n<tbody data-start=\"1968\" data-end=\"2513\">\n<tr data-start=\"1968\" data-end=\"2003\">\n<td data-start=\"1968\" data-end=\"1984\" data-col-size=\"sm\">Celkov\u00e1 d\u00e9lka<\/td>\n<td data-start=\"1984\" data-end=\"2003\" data-col-size=\"md\">cca <strong data-start=\"1990\" data-end=\"2001\">22,0 cm<\/strong><\/td>\n<\/tr>\n<tr data-start=\"2004\" data-end=\"2037\">\n<td data-start=\"2004\" data-end=\"2019\" data-col-size=\"sm\">D\u00e9lka \u010depele<\/td>\n<td data-col-size=\"md\" data-start=\"2019\" data-end=\"2037\">cca <strong data-start=\"2025\" data-end=\"2035\">9,1 cm<\/strong><\/td>\n<\/tr>\n<tr data-start=\"2038\" data-end=\"2074\">\n<td data-start=\"2038\" data-end=\"2056\" data-col-size=\"sm\">Tlou\u0161\u0165ka \u010depele<\/td>\n<td data-col-size=\"md\" data-start=\"2056\" data-end=\"2074\">cca <strong data-start=\"2062\" data-end=\"2072\">3,3 mm<\/strong><\/td>\n<\/tr>\n<tr data-start=\"2075\" data-end=\"2131\">\n<td data-start=\"2075\" data-end=\"2093\" data-col-size=\"sm\">Materi\u00e1l \u010depele<\/td>\n<td data-start=\"2093\" data-end=\"2131\" data-col-size=\"md\">Vysoce korozivzdorn\u00e1 nerezov\u00e1 ocel<\/td>\n<\/tr>\n<tr data-start=\"2132\" data-end=\"2199\">\n<td data-start=\"2132\" data-end=\"2148\" data-col-size=\"sm\">Tvrdost oceli<\/td>\n<td data-col-size=\"md\" data-start=\"2148\" data-end=\"2199\">Optimalizovan\u00e1 pro vysokou odolnost v\u016f\u010di korozi<\/td>\n<\/tr>\n<tr data-start=\"2200\" data-end=\"2248\">\n<td data-start=\"2200\" data-end=\"2214\" data-col-size=\"sm\">Tvar \u010depele<\/td>\n<td data-start=\"2214\" data-end=\"2248\" data-col-size=\"md\">Drop-point \/ utilit\u00e1rn\u00ed profil<\/td>\n<\/tr>\n<tr data-start=\"2249\" data-end=\"2274\">\n<td data-start=\"2249\" data-end=\"2265\" data-col-size=\"sm\">Povrch \u010depele<\/td>\n<td data-start=\"2265\" data-end=\"2274\" data-col-size=\"md\">Satin<\/td>\n<\/tr>\n<tr data-start=\"2275\" data-end=\"2317\">\n<td data-start=\"2275\" data-end=\"2285\" data-col-size=\"sm\">Rukoje\u0165<\/td>\n<td data-start=\"2285\" data-end=\"2317\" data-col-size=\"md\"><strong data-start=\"2287\" data-end=\"2315\">FRN (\u017elut\u00e1, texturovan\u00e1)<\/strong><\/td>\n<\/tr>\n<tr data-start=\"2318\" data-end=\"2372\">\n<td data-start=\"2318\" data-end=\"2326\" data-col-size=\"sm\">Z\u00e1mek<\/td>\n<td data-start=\"2326\" data-end=\"2372\" data-col-size=\"md\"><strong data-start=\"2328\" data-end=\"2341\">Back Lock<\/strong> \u2013 robustn\u00ed a bezpe\u010dn\u00fd syst\u00e9m<\/td>\n<\/tr>\n<tr data-start=\"2373\" data-end=\"2411\">\n<td data-start=\"2373\" data-end=\"2385\" data-col-size=\"sm\">Otev\u00edr\u00e1n\u00ed<\/td>\n<td data-start=\"2385\" data-end=\"2411\" data-col-size=\"md\">Kruhov\u00fd otvor Spyderco<\/td>\n<\/tr>\n<tr data-start=\"2412\" data-end=\"2464\">\n<td data-start=\"2412\" data-end=\"2419\" data-col-size=\"sm\">Klip<\/td>\n<td data-col-size=\"md\" data-start=\"2419\" data-end=\"2464\">\u010cty\u0159polohov\u00fd \u2013 flexibiln\u00ed mo\u017enosti no\u0161en\u00ed<\/td>\n<\/tr>\n<tr data-start=\"2465\" data-end=\"2496\">\n<td data-start=\"2465\" data-end=\"2476\" data-col-size=\"sm\">Hmotnost<\/td>\n<td data-start=\"2476\" data-end=\"2496\" data-col-size=\"md\">cca <strong data-start=\"2482\" data-end=\"2494\">95\u2013105 g<\/strong><\/td>\n<\/tr>\n<tr data-start=\"2497\" data-end=\"2513\">\n<td data-start=\"2497\" data-end=\"2506\" data-col-size=\"sm\">V\u00fdroba<\/td>\n<td data-start=\"2506\" data-end=\"2513\" data-col-size=\"md\">USA<\/td>\n<\/tr>\n<\/tbody>\n<\/table>\n<\/div>\n<\/div>\n<hr data-start=\"2515\" data-end=\"2518\" \/>\n<h2 data-start=\"2520\" data-end=\"2538\">\u2705 Hlavn\u00ed v\u00fdhody<\/h2>\n<ul data-start=\"2540\" data-end=\"2870\">\n<li data-start=\"2540\" data-end=\"2611\">\n<p data-start=\"2542\" data-end=\"2611\"><strong data-start=\"2542\" data-end=\"2571\">Vysoce korozivzdorn\u00e1 ocel<\/strong> \u2013 ide\u00e1ln\u00ed pro slan\u00e9 a vlhk\u00e9 prost\u0159ed\u00ed<\/p>\n<\/li>\n<li data-start=\"2612\" data-end=\"2659\">\n<p data-start=\"2614\" data-end=\"2659\"><strong data-start=\"2614\" data-end=\"2627\">Back Lock<\/strong> \u2013 bezpe\u010dn\u00e9 a plynul\u00e9 uzam\u010den\u00ed<\/p>\n<\/li>\n<li data-start=\"2660\" data-end=\"2725\">\n<p data-start=\"2662\" data-end=\"2725\">V\u00fdrazn\u00e1 <strong data-start=\"2670\" data-end=\"2691\">\u017elut\u00e1 rukoje\u0165 FRN<\/strong> \u2013 lep\u0161\u00ed dohledatelnost v ter\u00e9nu<\/p>\n<\/li>\n<li data-start=\"2726\" data-end=\"2772\">\n<p data-start=\"2728\" data-end=\"2772\">Ergonomick\u00fd \u00fachop i p\u0159i mokr\u00fdch podm\u00ednk\u00e1ch<\/p>\n<\/li>\n<li data-start=\"2773\" data-end=\"2821\">\n<p data-start=\"2775\" data-end=\"2821\">Kruhov\u00fd otvor Spyderco \u2013 intuitivn\u00ed otev\u0159en\u00ed<\/p>\n<\/li>\n<li data-start=\"2822\" data-end=\"2870\">\n<p data-start=\"2824\" data-end=\"2870\">\u010cty\u0159polohov\u00fd klip \u2013 flexibiln\u00ed mo\u017enosti no\u0161en\u00ed<\/p>\n<\/li>\n<\/ul>\n<hr data-start=\"2872\" data-end=\"2875\" \/>\n<h2 data-start=\"2877\" data-end=\"2896\">\u26a0\ufe0f Mo\u017en\u00e1 omezen\u00ed<\/h2>\n<ul data-start=\"2898\" data-end=\"3064\">\n<li data-start=\"2898\" data-end=\"2954\">\n<p data-start=\"2900\" data-end=\"2954\">Kompaktn\u00ed konstrukce nen\u00ed ur\u010dena pro extr\u00e9mn\u00ed p\u00e1\u010den\u00ed<\/p>\n<\/li>\n<li data-start=\"2955\" data-end=\"3003\">\n<p data-start=\"2957\" data-end=\"3003\">FRN je funk\u010dn\u00ed materi\u00e1l, ne luxusn\u00ed dekorace<\/p>\n<\/li>\n<li data-start=\"3004\" data-end=\"3064\">\n<p data-start=\"3006\" data-end=\"3064\">Vy\u0161\u0161\u00ed cena odpov\u00edd\u00e1 optimalizovan\u00fdm materi\u00e1l\u016fm a odolnosti<\/p>\n<\/li>\n<\/ul>\n<hr data-start=\"3066\" data-end=\"3069\" \/>\n<h2 data-start=\"3071\" data-end=\"3091\">\ud83d\udee0\ufe0f \u00dadr\u017eba a p\u00e9\u010de<\/h2>\n<ul data-start=\"3093\" data-end=\"3319\">\n<li data-start=\"3093\" data-end=\"3136\">\n<p data-start=\"3095\" data-end=\"3136\">Po pou\u017eit\u00ed \u010depel pe\u010dliv\u011b o\u010disti a osu\u0161\u00ed<\/p>\n<\/li>\n<li data-start=\"3137\" data-end=\"3196\">\n<p data-start=\"3139\" data-end=\"3196\">Vyh\u00fdbej se abrazivn\u00edm a agresivn\u00edm \u010distic\u00edm prost\u0159edk\u016fm<\/p>\n<\/li>\n<li data-start=\"3197\" data-end=\"3234\">\n<p data-start=\"3199\" data-end=\"3234\">Rukoje\u0165 FRN \u010dist\u011b jemn\u00fdm had\u0159\u00edkem<\/p>\n<\/li>\n<li data-start=\"3235\" data-end=\"3290\">\n<p data-start=\"3237\" data-end=\"3290\">Pivot a Back Lock pravideln\u011b proma\u017e vhodn\u00fdm mazivem<\/p>\n<\/li>\n<li data-start=\"3291\" data-end=\"3319\">\n<p data-start=\"3293\" data-end=\"3319\">Skladuj v such\u00e9m prost\u0159ed\u00ed<\/p>\n<\/li>\n<\/ul>\n<hr data-start=\"3321\" data-end=\"3324\" \/>\n<h2 data-start=\"3326\" data-end=\"3362\">\ud83d\udd2a Pro udr\u017een\u00ed ost\u0159\u00ed doporu\u010dujeme<\/h2>\n<p data-start=\"3364\" data-end=\"3466\">Pro zachov\u00e1n\u00ed maxim\u00e1ln\u00ed ostrosti \u010depele doporu\u010dujeme kvalitn\u00ed syst\u00e9m brou\u0161en\u00ed ur\u010den\u00fd pro hladk\u00e1 ost\u0159\u00ed.<\/p>\n<p data-start=\"3468\" data-end=\"3571\">Ide\u00e1ln\u00ed volbou je <strong data-start=\"3486\" data-end=\"3552\">Spyderco Tri-Angle Sharpmaker Complete Sharpening System 204MF<\/strong>, kter\u00fd umo\u017e\u0148uje:<\/p>\n<ul data-start=\"3572\" data-end=\"3721\">\n<li data-start=\"3572\" data-end=\"3615\">\n<p data-start=\"3574\" data-end=\"3615\"><strong data-start=\"3574\" data-end=\"3613\">p\u0159esn\u00e9 a konzistentn\u00ed \u00fahly brou\u0161en\u00ed<\/strong><\/p>\n<\/li>\n<li data-start=\"3616\" data-end=\"3669\">\n<p data-start=\"3618\" data-end=\"3669\"><strong data-start=\"3618\" data-end=\"3667\">\u0161etrnou \u00fadr\u017ebu bez nadm\u011brn\u00e9ho \u00fab\u011bru materi\u00e1lu<\/strong><\/p>\n<\/li>\n<li data-start=\"3670\" data-end=\"3721\">\n<p data-start=\"3672\" data-end=\"3721\"><strong data-start=\"3672\" data-end=\"3721\">bezpe\u010dn\u00e9 pou\u017eit\u00ed i bez p\u0159edchoz\u00edch zku\u0161enost\u00ed<\/strong><\/p>\n<\/li>\n<\/ul>\n<p data-start=\"3723\" data-end=\"3768\">\ud83d\uded2 <strong data-start=\"3726\" data-end=\"3768\">Zakoup\u00edte na na\u0161ich str\u00e1nk\u00e1ch Moskito.<\/strong><\/p>\n<hr data-start=\"3770\" data-end=\"3773\" \/>\n<h2 data-start=\"3775\" data-end=\"3795\">\ud83c\udfaf Doporu\u010deno pro<\/h2>\n<ul data-start=\"3797\" data-end=\"3981\">\n<li data-start=\"3797\" data-end=\"3842\">\n<p data-start=\"3799\" data-end=\"3842\">Outdoorov\u00e9 nad\u0161ence a pob\u0159e\u017en\u00ed dobrodruhy<\/p>\n<\/li>\n<li data-start=\"3843\" data-end=\"3870\">\n<p data-start=\"3845\" data-end=\"3870\">Ryba\u0159en\u00ed a vodn\u00ed sporty<\/p>\n<\/li>\n<li data-start=\"3871\" data-end=\"3919\">\n<p data-start=\"3873\" data-end=\"3919\">Ka\u017edodenn\u00ed no\u0161en\u00ed i n\u00e1ro\u010dn\u00e9 situace ve vlhku<\/p>\n<\/li>\n<li data-start=\"3920\" data-end=\"3981\">\n<p data-start=\"3922\" data-end=\"3981\">U\u017eivatel\u00e9, kte\u0159\u00ed cht\u011bj\u00ed <strong data-start=\"3946\" data-end=\"3981\">maxim\u00e1ln\u00ed odolnost proti korozi<\/strong><\/p>\n<\/li>\n<\/ul>\n<hr data-start=\"3983\" data-end=\"3986\" \/>\n<h2 data-start=\"3988\" data-end=\"4012\">\u2b50 Z\u00e1v\u011bre\u010dn\u00e9 hodnocen\u00ed<\/h2>\n<p data-start=\"4014\" data-end=\"4275\">Spyderco <strong data-start=\"4023\" data-end=\"4049\">Tasman Salt 2 C106PYL2<\/strong> je <strong data-start=\"4053\" data-end=\"4101\">odoln\u00fd, spolehliv\u00fd a v\u0161estrann\u00fd zav\u00edrac\u00ed n\u016f\u017e<\/strong>, kter\u00fd zvl\u00e1dne i ty nejn\u00e1ro\u010dn\u011bj\u0161\u00ed podm\u00ednky bez kompromis\u016f.<br data-start=\"4160\" data-end=\"4163\" \/>Lehk\u00fd, komfortn\u00ed a p\u0159ipraven\u00fd k pou\u017eit\u00ed \u2014 p\u0159esn\u011b tak, jak si p\u0159edstavuje\u0161 od no\u017ee, na kter\u00fd se m\u016f\u017ee\u0161 spolehnout.<\/p>\n<p data-start=\"4277\" data-end=\"4341\"><strong data-start=\"4277\" data-end=\"4341\">Tasman Salt 2 \u2013 odolnost a v\u00fdkon, na kter\u00e9 se d\u00e1 spolehnout.<\/strong><\/p>\n","protected":false},"excerpt":{"rendered":"<p data-start=\"4014\" data-end=\"4275\"><strong>Spyderco Tasman Salt 2 C106PYL2 je odoln\u00fd, spolehliv\u00fd a v\u0161estrann\u00fd zav\u00edrac\u00ed n\u016f\u017e, kter\u00fd zvl\u00e1dne i ty nejn\u00e1ro\u010dn\u011bj\u0161\u00ed podm\u00ednky bez kompromis\u016f.<\/strong><br data-start=\"4160\" data-end=\"4163\" \/><strong>Lehk\u00fd, komfortn\u00ed a p\u0159ipraven\u00fd k pou\u017eit\u00ed \u2014 p\u0159esn\u011b tak, jak si p\u0159edstavuje\u0161 od no\u017ee, na kter\u00fd se m\u016f\u017ee\u0161 spolehnout.<\/strong><\/p>\n<p data-start=\"4277\" data-end=\"4341\"><strong data-start=\"4277\" data-end=\"4341\">Tasman Salt 2 \u2013 odolnost a v\u00fdkon, na kter\u00e9 se d\u00e1 spolehnout.<\/strong><\/p>\n","protected":false},"featured_media":252608,"comment_status":"open","ping_status":"closed","template":"","meta":[],"pwb-brand":[567],"product_brand":[],"product_cat":[22,17],"product_tag":[3667],"class_list":{"0":"post-252607","1":"product","2":"type-product","3":"status-publish","4":"has-post-thumbnail","6":"pwb-brand-spyderco","7":"product_cat-zaviraci-noze","8":"product_cat-noze","9":"product_tag-b2b","11":"first","12":"instock","13":"taxable","14":"shipping-taxable","15":"purchasable","16":"product-type-simple"},"brands":[{"id":567,"name":"Spyderco","slug":"spyderco"}],"_links":{"self":[{"href":"https:\/\/www.moskito.cz\/de\/wp-json\/wp\/v2\/product\/252607","targetHints":{"allow":["GET"]}}],"collection":[{"href":"https:\/\/www.moskito.cz\/de\/wp-json\/wp\/v2\/product"}],"about":[{"href":"https:\/\/www.moskito.cz\/de\/wp-json\/wp\/v2\/types\/product"}],"replies":[{"embeddable":true,"href":"https:\/\/www.moskito.cz\/de\/wp-json\/wp\/v2\/comments?post=252607"}],"wp:featuredmedia":[{"embeddable":true,"href":"https:\/\/www.moskito.cz\/de\/wp-json\/wp\/v2\/media\/252608"}],"wp:attachment":[{"href":"https:\/\/www.moskito.cz\/de\/wp-json\/wp\/v2\/media?parent=252607"}],"wp:term":[{"taxonomy":"pwb-brand","embeddable":true,"href":"https:\/\/www.moskito.cz\/de\/wp-json\/wp\/v2\/pwb-brand?post=252607"},{"taxonomy":"product_brand","embeddable":true,"href":"https:\/\/www.moskito.cz\/de\/wp-json\/wp\/v2\/product_brand?post=252607"},{"taxonomy":"product_cat","embeddable":true,"href":"https:\/\/www.moskito.cz\/de\/wp-json\/wp\/v2\/product_cat?post=252607"},{"taxonomy":"product_tag","embeddable":true,"href":"https:\/\/www.moskito.cz\/de\/wp-json\/wp\/v2\/product_tag?post=252607"}],"curies":[{"name":"wp","href":"https:\/\/api.w.org\/{rel}","templated":true}]}}