{"id":252832,"date":"2023-07-05T14:20:44","date_gmt":"2023-07-05T13:20:44","guid":{"rendered":"https:\/\/www.moskito.cz\/?post_type=product&#038;p=252832"},"modified":"2025-06-28T12:01:02","modified_gmt":"2025-06-28T11:01:02","slug":"zaviraci-nuz-spyderco-sage-1-c123gpgy","status":"publish","type":"product","link":"https:\/\/www.moskito.cz\/de\/produkt\/zaviraci-nuz-spyderco-sage-1-c123gpgy\/","title":{"rendered":"Zav\u00edrac\u00ed N\u016f\u017e Spyderco Sage 1 C123GPGY"},"content":{"rendered":"<p>Zav\u00edrac\u00ed N\u016f\u017e Spyderco Sage 1 C123GPGY<\/p>\n<p>Chcete-li skute\u010dn\u011b porozum\u011bt a ocenit no\u017ee, pom\u016f\u017ee to pochopit bohatou historii jejich v\u00fdvoje. Abychom toho dos\u00e1hli, mus\u00edme tak\u00e9 n\u00e1le\u017eit\u011b ocenit inovativn\u00ed mozky, kter\u00e9 to poh\u00e1n\u011bly. O t\u00e9to u\u0161lechtil\u00e9 v\u011bci je cel\u00e1 \u0159ada Spyderco&#8217;s Sage Series.<\/p>\n<p><strong>Spyderco<\/strong> vytvo\u0159ilo s\u00e9rii Sage, aby uznalo p\u0159evratn\u00e9 inovace, kter\u00e9 formovaly no\u017e\u00ed\u0159sk\u00fd pr\u016fmysl, konkr\u00e9tn\u011b formu a funkci modern\u00edho zav\u00edrac\u00edho no\u017ee. Ka\u017ed\u00fd n\u016f\u017e v t\u00e9to pozoruhodn\u00e9 rodin\u011b se \u0159\u00edd\u00ed stejn\u00fdmi z\u00e1kladn\u00edmi konstruk\u010dn\u00edmi parametry \u2013 zcela ploch\u00e1 \u010depel ve tvaru listu, ergonomick\u00fd design rukojeti s texturovan\u00fdm v\u00fdstupkem ukazov\u00e1\u010dku a palcem a oboustrann\u011b vykl\u00e1p\u011bc\u00ed dr\u00e1t\u011bn\u00e1 spona. Jedine\u010dn\u00e9 je v\u0161ak to, \u017ee ka\u017ed\u00fd model Sage vyzdvihuje specifick\u00fd mechanismus z\u00e1mku a vzd\u00e1v\u00e1 hold vizion\u00e1\u0159sk\u00e9mu no\u017e\u00ed\u0159i nebo design\u00e9rovi, kter\u00fd jej vymyslel. No\u017ee ze s\u00e9rie Sage tak\u00e9 podporuj\u00ed velmi hodnotnou v\u011bc, proto\u017ee \u010d\u00e1st z prodeje ka\u017ed\u00e9ho no\u017ee je v\u011bnov\u00e1na Coloradsk\u00e9 pobo\u010dce Asociace Alzheimerovy choroby.<\/p>\n<p><strong>Sage 1 Maxamet<\/strong><\/p>\n<p>Prvn\u00ed n\u016f\u017e v \u0159ad\u011b Sage byl Sage 1, kter\u00fd poznal revolu\u010dn\u00ed mechanismus Linerlock od v\u00fdrobce no\u017e\u016f Michaela Walkera. Tento elegantn\u011b jednoduch\u00fd z\u00e1mek m\u011bl hlubok\u00fd dopad na sou\u010dasn\u00fd design zav\u00edrac\u00edch no\u017e\u016f a st\u00e1le je jedn\u00edm z nejobl\u00edben\u011bj\u0161\u00edch z\u00e1mk\u016f v no\u017e\u00ed\u0159sk\u00e9m pr\u016fmyslu. A\u010dkoli Walker nen\u00ed \u0161iroce zn\u00e1m\u00fd nebo p\u0159ipisov\u00e1n jako jeho vyn\u00e1lezce, Spyderco&#8217;s Sage 1 tuto skute\u010dnost ve\u0159ejn\u011b uznal a uznal ho tak\u00e9 za aretaci kuli\u010dkov\u00e9ho lo\u017eiska, kterou pro ni pozd\u011bji vyvinul.<\/p>\n<p>P\u016fvodn\u00ed Sage 1, p\u0159edstaven\u00fd v roce 2008, m\u011bl lehk\u00e9 keprov\u00e9 v\u00e1hy z uhl\u00edkov\u00fdch vl\u00e1ken\/G10, skeletonizovan\u00e9 celonerezov\u00e9 vlo\u017eky a konstrukci s otev\u0159enou zadn\u00ed stranou, kter\u00e1 sni\u017eovala hmotnost a umo\u017e\u0148ovala snadn\u00e9 \u010di\u0161t\u011bn\u00ed. Jeho celoplo\u0161n\u011b brou\u0161en\u00e1 \u010depel se sat\u00e9novou povrchovou \u00fapravou byla precizn\u011b vyrobena z nerezov\u00e9 oceli Crucible CPM S30V a m\u011bla pln\u011b p\u0159\u00edstupn\u00fd kulat\u00fd otvor pro ochrannou zn\u00e1mku. A\u010dkoli Linerlock no\u017ee up\u0159ednost\u0148oval ovl\u00e1d\u00e1n\u00ed pravou rukou, snadno p\u0159\u00edstupn\u00fd otvor pro \u010depel a oboustrann\u00e1 spona na dr\u00e1t\u011bnou hlubokou kapsu jej u\u010dinily velmi p\u0159\u00e1telsk\u00fdm i pro levoruk\u00e9 u\u017eivatele.<\/p>\n<p>Stylov\u00fd, praktick\u00fd a ide\u00e1ln\u00ed velikost pro pohodln\u00e9 ka\u017edodenn\u00ed no\u0161en\u00ed, Sage 1 z\u016fstal ve v\u00fdrob\u011b v\u00edce ne\u017e deset let. Ve skute\u010dnosti se vyzna\u010doval jako jeden z nejpopul\u00e1rn\u011bj\u0161\u00edch \u010dlen\u016f \u0159ady Sage, p\u0159e\u017eil n\u00e1sleduj\u00edc\u00ed modely Sage, kter\u00e9 p\u0159edv\u00e1d\u011bj\u00ed Chris Reeves&#8216; Reeve Integral Lock (R.I.L., aka frame lock), Blackie Collins&#8216; Bolt-Action Lock a dop\u0159edu um\u00edst\u011bn\u00fd z\u00e1mek. zadn\u00ed z\u00e1mek vyvinut\u00fd Harvey McBurnette, Dickem Doroughem a W.T. Fullerem. Navzdory sv\u00e9 dlouh\u00e9 \u017eivotnosti byl v roce 2019 p\u016fvodn\u00ed Sage 1 ukon\u010den \u2013 ne proto, \u017ee by o n\u011bj upadl z\u00e1jem, ale aby p\u0159ipravil cestu pro nov\u00fd sm\u011br ve v\u00fdvoji \u0159ady Sage.<\/p>\n<p><strong>Sage 1 Maxamet<\/strong><\/p>\n<p>V\u0161echny modely Sage jsou odborn\u011b vyr\u00e1b\u011bny v\u00fdrobcem Spyderco na Tchaj-wanu. Aby Spyderco pln\u011b vyu\u017eilo neuv\u011b\u0159iteln\u00e9 kvality jejich \u0159emesln\u00e9ho zpracov\u00e1n\u00ed, v\u017edy investovalo dal\u0161\u00ed investice do dod\u00e1vek americk\u00e9 oceli. V p\u0159\u00edpad\u011b \u0159ady Sage byla tato ocel tradi\u010dn\u011b CPM S30V, nerezov\u00e1 ocel z \u010d\u00e1sticov\u00e9 metalurgie, kter\u00e1 st\u00e1le nastavuje siln\u00fd standard v no\u017e\u00ed\u0159sk\u00e9m pr\u016fmyslu. Aby la\u0165ku je\u0161t\u011b zv\u00fd\u0161ilo, Spyderco se rozhodlo, \u017ee je \u010das p\u0159edv\u00e9st exoti\u010dt\u011bj\u0161\u00ed oceli vyroben\u00e9 v USA \u2013 a znovuzaveden\u00ed Sage 1 bylo perfektn\u00edm m\u00edstem, kde za\u010d\u00edt.<\/p>\n<p>Tato verze Sage 1 je zcela v\u011brn\u00e1 origin\u00e1lu, pokud jde o jej\u00ed velikost, formu a funkci, ale jej\u00ed \u010depel je vyrobena z Micro-Melt Maxamet spole\u010dnosti Carpenter Technology. Tento mimo\u0159\u00e1dn\u00fd materi\u00e1l je supertvrd\u00e1 vysokorychlostn\u00ed pr\u00e1\u0161kov\u00e1 n\u00e1strojov\u00e1 ocel obohacen\u00e1 o kobalt, vanad a wolfram a tak\u00e9 o v\u00edce ne\u017e dv\u011b procenta uhl\u00edku. Jeho sofistikovan\u00e1 sm\u011bs slitin mu d\u00e1v\u00e1 vlastnosti, kter\u00e9 p\u0159ekon\u00e1vaj\u00ed b\u011b\u017en\u00e9 n\u00e1strojov\u00e9 oceli a p\u0159ibli\u017euj\u00ed se vlastnostem slinut\u00fdch karbid\u016f \u2013 ultratvrd\u00fdch materi\u00e1l\u016f pou\u017e\u00edvan\u00fdch k obr\u00e1b\u011bn\u00ed jin\u00fdch ocel\u00ed.<\/p>\n<p>Carpenter vyvinul Maxamet speci\u00e1ln\u011b pro pou\u017eit\u00ed ve v\u00e1lc\u00edch jejich nejmodern\u011bj\u0161\u00edch ocelov\u00fdch v\u00e1lcoven. V\u00e1lcov\u00e1n\u00ed a tvarov\u00e1n\u00ed \u017ehav\u00e9 oceli vy\u017eaduje materi\u00e1l, kter\u00fd je neuv\u011b\u0159iteln\u011b tvrd\u00fd a hou\u017eevnat\u00fd a dok\u00e1\u017ee si tyto vlastnosti zachovat i p\u0159i extr\u00e9mn\u011b vysok\u00fdch teplot\u00e1ch. Pokro\u010dil\u00e9 slo\u017een\u00ed Maxamet mu umo\u017e\u0148uje splnit tyto v\u00fdzvy a d\u00e1v\u00e1 mu vlastnosti, kter\u00e9 nab\u00edzej\u00ed mimo\u0159\u00e1dn\u00fd potenci\u00e1l p\u0159i pou\u017eit\u00ed v jin\u00fdch aplikac\u00edch \u2013 jako jsou \u010depele no\u017e\u016f. Kdy\u017e Carpenter poprv\u00e9 vyvinul tuto pozoruhodnou slitinu, poslali vzorky r\u016fzn\u00fdm spole\u010dnostem v no\u017e\u00ed\u0159sk\u00e9m pr\u016fmyslu, aby je vyhodnotili jako \u010depelovou ocel. A\u010dkoli se o to mnoz\u00ed sna\u017eili, Spyderco byla jednou z m\u00e1la spole\u010dnost\u00ed, kter\u00e9 \u00fasp\u011b\u0161n\u011b vyvinuly specializovan\u00e9 metody pot\u0159ebn\u00e9 k obr\u00e1b\u011bn\u00ed, tepeln\u00e9mu zpracov\u00e1n\u00ed a brou\u0161en\u00ed tohoto n\u00e1ro\u010dn\u00e9ho materi\u00e1lu, aby se vyrobily spolehliv\u00e9, vysoce v\u00fdkonn\u00e9 \u010depele no\u017e\u016f. V sou\u010dasn\u00e9 dob\u011b americk\u00e1 tov\u00e1rna Spyderco vede pr\u016fmysl ve v\u00fdrob\u011b no\u017e\u016f s \u010depel\u00ed Maxamet. Spyderco se tak\u00e9 pod\u011blilo o sv\u00e9 t\u011b\u017ece vydobyt\u00e9 moudrosti se sv\u00fdm tchajwansk\u00fdm v\u00fdrobn\u00edm z\u00e1vodem, aby jim umo\u017enilo pou\u017e\u00edvat Maxamet v pe\u010dliv\u011b vyr\u00e1b\u011bn\u00fdch no\u017e\u00edch.<\/p>\n<p>Prim\u00e1rn\u00edmi v\u00fdhodami <strong>Maxamet<\/strong> jako \u010depelov\u00e9 oceli jsou jej\u00ed vysok\u00fd objem tvrdokovu, extr\u00e9mn\u00ed odolnost proti opot\u0159eben\u00ed a schopnost dos\u00e1hnout velmi vysok\u00e9 tvrdosti p\u0159i zachov\u00e1n\u00ed p\u0159im\u011b\u0159en\u011b hou\u017eevnat\u00e9. P\u0159i pou\u017eit\u00ed to znamen\u00e1 vynikaj\u00edc\u00ed retenci ost\u0159\u00ed a dobrou pracovn\u00ed hou\u017eevnatost. P\u0159esto\u017ee obsahuje zna\u010dn\u00e9 mno\u017estv\u00ed chr\u00f3mu, obsah chromu Maxamet je daleko ni\u017e\u0161\u00ed ne\u017e u nerezov\u00e9 oceli, tak\u017ee je t\u0159eba jej \u0159\u00e1dn\u011b udr\u017eovat a lze o\u010dek\u00e1vat, \u017ee \u010dasem bude patinovat.<\/p>\n<p>V souladu s tradic\u00ed Spyderco p\u00e1rov\u00e1n\u00ed exotick\u00fdch materi\u00e1l\u016f \u010depele s charakteristick\u00fdmi barvami rukojeti se Sage 1 Maxamet hrd\u011b vyzna\u010duje chladn\u00fdmi \u0161ed\u00fdmi stupnicemi vyroben\u00fdmi z G10 s odlupovac\u00ed vrstvou. Jsou podporov\u00e1ny cel\u00fdmi vlo\u017ekami z nerezov\u00e9 oceli, kter\u00e9 tvo\u0159\u00ed z\u00e1klad mechanismu Linerlock no\u017ee a jsou domovem dr\u00e1t\u011bn\u00e9 spony s hlubokou kapsou, kter\u00e1 je oboustrann\u00e1 pro oboustrann\u00e9 no\u0161en\u00ed se \u0161pi\u010dkou.<\/p>\n<p><strong>Sage 1 Maxamet<\/strong> nad\u00e1le uzn\u00e1v\u00e1 jeden z nejv\u00fdznamn\u011bj\u0161\u00edch a nejvlivn\u011bj\u0161\u00edch vyn\u00e1lez\u016f v historii zav\u00edrac\u00edch no\u017e\u016f a Michaela Walkera, mu\u017ee, kter\u00fd za n\u00edm stoj\u00ed. Z\u00e1rove\u0148 zahajuje novou \u00e9ru ve v\u00fdvoji \u0159ady Sage \u2013 a zcela novou sadu mo\u017enost\u00ed.<br \/>\nSpecifikace<\/p>\n<p>D\u00e9lka \u010depele: 7.6 cm<br \/>\nD\u00e9lka v zav\u0159en\u00e9m stavu: 10.6 cm<br \/>\nCelkov\u00e1 d\u00e9lka: 18.1 cm<br \/>\nMateri\u00e1l \u010depele: Maxamet Tool Steel<br \/>\nTlou\u0161\u0165ka \u010depele: 0.3 cm<br \/>\nStyl \u010depele: Tvar listu<br \/>\nBrou\u0161en\u00ed \u010depele: Pln\u011b ploch\u00e9<br \/>\nPovrchov\u00e1 \u00faprava \u010depele: sat\u00e9n<br \/>\nMateri\u00e1l rukojeti: Cool Grey FRN<br \/>\nMateri\u00e1l vlo\u017eky: Nerezov\u00e1 ocel<br \/>\nUzamykac\u00ed mechanismus: Liner Lock<br \/>\nKapesn\u00ed spona: dr\u00e1t z nerezov\u00e9 oceli (vykl\u00e1p\u011bc\u00ed, prav\u00e9\/lev\u00e9 no\u0161en\u00ed)<br \/>\nHmotnost: 3,3 oz. (94 g)<\/p>\n<p>&nbsp;<\/p>\n","protected":false},"excerpt":{"rendered":"<p><strong>Chcete-li skute\u010dn\u011b porozum\u011bt a ocenit no\u017ee, pom\u016f\u017ee to pochopit bohatou historii jejich v\u00fdvoje.<\/strong><\/p>\n","protected":false},"featured_media":252833,"comment_status":"open","ping_status":"closed","template":"","meta":[],"pwb-brand":[567],"product_brand":[],"product_cat":[22,17],"product_tag":[3667],"class_list":{"0":"post-252832","1":"product","2":"type-product","3":"status-publish","4":"has-post-thumbnail","6":"pwb-brand-spyderco","7":"product_cat-zaviraci-noze","8":"product_cat-noze","9":"product_tag-b2b","11":"first","12":"instock","13":"sale","14":"taxable","15":"shipping-taxable","16":"purchasable","17":"product-type-simple"},"brands":[{"id":567,"name":"Spyderco","slug":"spyderco"}],"_links":{"self":[{"href":"https:\/\/www.moskito.cz\/de\/wp-json\/wp\/v2\/product\/252832","targetHints":{"allow":["GET"]}}],"collection":[{"href":"https:\/\/www.moskito.cz\/de\/wp-json\/wp\/v2\/product"}],"about":[{"href":"https:\/\/www.moskito.cz\/de\/wp-json\/wp\/v2\/types\/product"}],"replies":[{"embeddable":true,"href":"https:\/\/www.moskito.cz\/de\/wp-json\/wp\/v2\/comments?post=252832"}],"wp:featuredmedia":[{"embeddable":true,"href":"https:\/\/www.moskito.cz\/de\/wp-json\/wp\/v2\/media\/252833"}],"wp:attachment":[{"href":"https:\/\/www.moskito.cz\/de\/wp-json\/wp\/v2\/media?parent=252832"}],"wp:term":[{"taxonomy":"pwb-brand","embeddable":true,"href":"https:\/\/www.moskito.cz\/de\/wp-json\/wp\/v2\/pwb-brand?post=252832"},{"taxonomy":"product_brand","embeddable":true,"href":"https:\/\/www.moskito.cz\/de\/wp-json\/wp\/v2\/product_brand?post=252832"},{"taxonomy":"product_cat","embeddable":true,"href":"https:\/\/www.moskito.cz\/de\/wp-json\/wp\/v2\/product_cat?post=252832"},{"taxonomy":"product_tag","embeddable":true,"href":"https:\/\/www.moskito.cz\/de\/wp-json\/wp\/v2\/product_tag?post=252832"}],"curies":[{"name":"wp","href":"https:\/\/api.w.org\/{rel}","templated":true}]}}