{"id":253130,"date":"2023-07-06T13:07:49","date_gmt":"2023-07-06T12:07:49","guid":{"rendered":"https:\/\/www.moskito.cz\/?post_type=product&#038;p=253130"},"modified":"2025-05-07T10:52:09","modified_gmt":"2025-05-07T09:52:09","slug":"brousek-spyderco-603cbn-gauntlet-cubic-boron-nitride-rods-set-of-2-603cbnpr","status":"publish","type":"product","link":"https:\/\/www.moskito.cz\/de\/produkt\/brousek-spyderco-603cbn-gauntlet-cubic-boron-nitride-rods-set-of-2-603cbnpr\/","title":{"rendered":"Brousek Spyderco 603CBN Gauntlet Cubic Boron Nitride Rods, Set of 2 603CBNPR"},"content":{"rendered":"<p>Brousek <strong>Spyderco<\/strong> 603CBN Gauntlet Cubic Boron Nitride Rods, Set of 2 603CBNPR<\/p>\n<p>Jedn\u00e1 se o ocelov\u00e9 ost\u0159ic\u00ed ty\u010de pokryt\u00e9 pojivem a pot\u00e9 pokryt\u00e9 \u010d\u00e1sticemi kubick\u00e9ho nitridu b\u00f3ru. Kubick\u00fd nitrid boru je superabrazivo, kter\u00e9 je v tvrdosti druh\u00e9 za diamantem. Nab\u00edz\u00ed vynikaj\u00edc\u00ed odolnost proti od\u011bru a tepelnou vodivost ve srovn\u00e1n\u00ed s konven\u010dn\u00edmi brusivy, jako je karbid k\u0159em\u00edku a oxid hlinit\u00fd, co\u017e z n\u011bj \u010din\u00ed preferovan\u00e9 brusivo v mnoha pokro\u010dil\u00fdch pr\u016fmyslov\u00fdch brusn\u00fdch aplikac\u00edch. Nyn\u00ed m\u016f\u017eete spojit v\u00fdhody tohoto rychle \u0159ezaj\u00edc\u00edho superabraziva s pohodl\u00edm a snadnost\u00ed pou\u017eit\u00ed Spyderco&#8217;s Gauntlet Sharpening System. Vyrobeno v USA.<\/p>\n<p>&nbsp;<\/p>\n","protected":false},"excerpt":{"rendered":"<p><strong>Jedn\u00e1 se o ocelov\u00e9 ost\u0159ic\u00ed ty\u010de pokryt\u00e9 pojivem a pot\u00e9 pokryt\u00e9 \u010d\u00e1sticemi kubick\u00e9ho nitridu b\u00f3ru.<\/strong><\/p>\n","protected":false},"featured_media":253131,"comment_status":"open","ping_status":"closed","template":"","meta":[],"pwb-brand":[567],"product_brand":[],"product_cat":[26],"product_tag":[3667],"class_list":{"0":"post-253130","1":"product","2":"type-product","3":"status-publish","4":"has-post-thumbnail","6":"pwb-brand-spyderco","7":"product_cat-brousky-a-ocilky","8":"product_tag-b2b","10":"first","11":"instock","12":"taxable","13":"shipping-taxable","14":"purchasable","15":"product-type-simple"},"brands":[{"id":567,"name":"Spyderco","slug":"spyderco"}],"_links":{"self":[{"href":"https:\/\/www.moskito.cz\/de\/wp-json\/wp\/v2\/product\/253130","targetHints":{"allow":["GET"]}}],"collection":[{"href":"https:\/\/www.moskito.cz\/de\/wp-json\/wp\/v2\/product"}],"about":[{"href":"https:\/\/www.moskito.cz\/de\/wp-json\/wp\/v2\/types\/product"}],"replies":[{"embeddable":true,"href":"https:\/\/www.moskito.cz\/de\/wp-json\/wp\/v2\/comments?post=253130"}],"wp:featuredmedia":[{"embeddable":true,"href":"https:\/\/www.moskito.cz\/de\/wp-json\/wp\/v2\/media\/253131"}],"wp:attachment":[{"href":"https:\/\/www.moskito.cz\/de\/wp-json\/wp\/v2\/media?parent=253130"}],"wp:term":[{"taxonomy":"pwb-brand","embeddable":true,"href":"https:\/\/www.moskito.cz\/de\/wp-json\/wp\/v2\/pwb-brand?post=253130"},{"taxonomy":"product_brand","embeddable":true,"href":"https:\/\/www.moskito.cz\/de\/wp-json\/wp\/v2\/product_brand?post=253130"},{"taxonomy":"product_cat","embeddable":true,"href":"https:\/\/www.moskito.cz\/de\/wp-json\/wp\/v2\/product_cat?post=253130"},{"taxonomy":"product_tag","embeddable":true,"href":"https:\/\/www.moskito.cz\/de\/wp-json\/wp\/v2\/product_tag?post=253130"}],"curies":[{"name":"wp","href":"https:\/\/api.w.org\/{rel}","templated":true}]}}