{"id":253322,"date":"2023-07-08T14:26:14","date_gmt":"2023-07-08T13:26:14","guid":{"rendered":"https:\/\/www.moskito.cz\/?post_type=product&#038;p=253322"},"modified":"2025-05-07T10:52:13","modified_gmt":"2025-05-07T09:52:13","slug":"vystrelovaci-nuz-heretic-knives-manticore-x-predator-h031-6a-pred","status":"publish","type":"product","link":"https:\/\/www.moskito.cz\/de\/produkt\/vystrelovaci-nuz-heretic-knives-manticore-x-predator-h031-6a-pred\/","title":{"rendered":"Vyst\u0159elovac\u00ed N\u016f\u017e Heretic Knives Manticore X Predator H031-6A-PRED"},"content":{"rendered":"<p>Vyst\u0159elovac\u00ed N\u016f\u017e <strong>Heretic<\/strong> Knives Manticore X Predator H031-6A-PRED<\/p>\n<p>Manticore X je nejv\u011bt\u0161\u00ed OTF nab\u00eddka spole\u010dnosti Heretic Knives ze s\u00e9rie Manticore. Tento n\u016f\u017e je 100% vyroben a sestaven v USA a je podpo\u0159en do\u017eivotn\u00ed z\u00e1rukou, tak\u017ee si m\u016f\u017eete b\u00fdt jisti, \u017ee tento OTF vydr\u017e\u00ed. Vyzna\u010duje se hedv\u00e1bn\u011b hladk\u00fdm nasazen\u00edm a zata\u017een\u00edm jednou rukou, co\u017e je standardn\u00ed v \u0159ad\u011b Manticore. Varianta X je vybavena kr\u00e1snou \u010depel\u00ed tanto, integrovan\u00fdm otvorem pro \u0161\u0148\u016frku, rozb\u00edje\u010dem skla z tvrzen\u00e9 oceli a hlubokou sponou na p\u0159en\u00e1\u0161en\u00ed. Jeho \u0161t\u00edhl\u00fd profil umo\u017e\u0148uje snadn\u00e9 p\u0159en\u00e1\u0161en\u00ed po ruce a okam\u017eit\u011b p\u0159ipraven\u00e9. Akce je n\u00e1vykov\u00e1, ergonomie je na m\u00edst\u011b a kvalita zpracov\u00e1n\u00ed je \u0161pi\u010dkov\u00e1. Obzvl\u00e1\u0161t\u011b v t\u00e9to speci\u00e1ln\u00ed edici modelu Predator nebudete zklam\u00e1ni. Zahrnuje hlubok\u00e9 ryt\u00ed na \u010depeli, \u010dern\u00fd DLC titanov\u00fd hardware a klip a ru\u010dn\u011b vyroben\u00fd st\u0159\u00edbrn\u00fd\/mosazn\u00fd kor\u00e1lek Predator k dokon\u010den\u00ed tohoto \u00fa\u017easn\u00e9ho bal\u00ed\u010dku.<br \/>\nSpecifikace<\/p>\n<p>D\u00e9lka \u010depele: <span id=\"cwos\" class=\"qv3Wpe\">9.25<\/span> cm<br \/>\nD\u00e9lka v zav\u0159en\u00e9m stavu: <span id=\"cwos\" class=\"qv3Wpe\">13.75<\/span> cm<br \/>\nCelkov\u00e1 d\u00e9lka: <span id=\"cwos\" class=\"qv3Wpe\">23<\/span> cm<br \/>\nMateri\u00e1l \u010depele: CPM-MagnaCut Nerezov\u00e1 ocel<br \/>\nTlou\u0161\u0165ka \u010depele: <span id=\"cwos\" class=\"qv3Wpe\">0.31<\/span> cm<br \/>\nStyl \u010depele: Tanto<br \/>\nBrou\u0161en\u00ed \u010depele: Ploch\u00e9<br \/>\nPovrchov\u00e1 \u00faprava \u010depele: Black DLC s grav\u00edrov\u00e1n\u00edm<br \/>\nMateri\u00e1l rukojeti: Hluboce ryt\u00fd \u010dern\u00fd hlin\u00edk<br \/>\nTlou\u0161\u0165ka rukojeti: 0,47&#8243;<br \/>\nUzamykac\u00ed mechanismus: Posuvn\u00fd<br \/>\nKapesn\u00ed klip: Nerezov\u00e1 ocel s hlubok\u00fdm p\u0159enosem (sklopen\u00edm dol\u016f, doprava doprava)<br \/>\nHmotnost: 4,7 oz.<br \/>\nDesign\u00e9r: Tony Marfione Jr.<br \/>\nRu\u010dn\u011b vyr\u00e1b\u011bn\u00fd st\u0159\u00edbrn\u00fd\/mosazn\u00fd kor\u00e1lek a \u0161\u0148\u016frka na krk<br \/>\nVyrobeno v USA<\/p>\n<p><iframe title=\"Heretic Shop Video\" width=\"800\" height=\"450\" src=\"https:\/\/www.youtube.com\/embed\/7qUL5q7Cvgo?feature=oembed\" frameborder=\"0\" allow=\"accelerometer; autoplay; clipboard-write; encrypted-media; gyroscope; picture-in-picture; web-share\" referrerpolicy=\"strict-origin-when-cross-origin\" allowfullscreen><\/iframe><\/p>\n<p>&nbsp;<\/p>\n<p>&nbsp;<\/p>\n","protected":false},"excerpt":{"rendered":"<p><strong>Tento n\u016f\u017e je 100% vyroben a sestaven v USA a je podpo\u0159en do\u017eivotn\u00ed z\u00e1rukou, tak\u017ee si m\u016f\u017eete b\u00fdt jisti, \u017ee tento OTF vydr\u017e\u00ed.<\/strong><\/p>\n","protected":false},"featured_media":253323,"comment_status":"open","ping_status":"closed","template":"","meta":[],"pwb-brand":[318],"product_brand":[],"product_cat":[2019,17],"product_tag":[],"class_list":{"0":"post-253322","1":"product","2":"type-product","3":"status-publish","4":"has-post-thumbnail","6":"pwb-brand-heretic-knives","7":"product_cat-vystrelovaci-noze","8":"product_cat-noze","10":"first","11":"outofstock","12":"taxable","13":"shipping-taxable","14":"purchasable","15":"product-type-simple"},"brands":[{"id":318,"name":"Heretic Knives","slug":"heretic-knives"}],"_links":{"self":[{"href":"https:\/\/www.moskito.cz\/de\/wp-json\/wp\/v2\/product\/253322","targetHints":{"allow":["GET"]}}],"collection":[{"href":"https:\/\/www.moskito.cz\/de\/wp-json\/wp\/v2\/product"}],"about":[{"href":"https:\/\/www.moskito.cz\/de\/wp-json\/wp\/v2\/types\/product"}],"replies":[{"embeddable":true,"href":"https:\/\/www.moskito.cz\/de\/wp-json\/wp\/v2\/comments?post=253322"}],"wp:featuredmedia":[{"embeddable":true,"href":"https:\/\/www.moskito.cz\/de\/wp-json\/wp\/v2\/media\/253323"}],"wp:attachment":[{"href":"https:\/\/www.moskito.cz\/de\/wp-json\/wp\/v2\/media?parent=253322"}],"wp:term":[{"taxonomy":"pwb-brand","embeddable":true,"href":"https:\/\/www.moskito.cz\/de\/wp-json\/wp\/v2\/pwb-brand?post=253322"},{"taxonomy":"product_brand","embeddable":true,"href":"https:\/\/www.moskito.cz\/de\/wp-json\/wp\/v2\/product_brand?post=253322"},{"taxonomy":"product_cat","embeddable":true,"href":"https:\/\/www.moskito.cz\/de\/wp-json\/wp\/v2\/product_cat?post=253322"},{"taxonomy":"product_tag","embeddable":true,"href":"https:\/\/www.moskito.cz\/de\/wp-json\/wp\/v2\/product_tag?post=253322"}],"curies":[{"name":"wp","href":"https:\/\/api.w.org\/{rel}","templated":true}]}}