{"id":253517,"date":"2023-07-10T13:15:06","date_gmt":"2023-07-10T12:15:06","guid":{"rendered":"https:\/\/www.moskito.cz\/?post_type=product&#038;p=253517"},"modified":"2025-05-07T10:52:17","modified_gmt":"2025-05-07T09:52:17","slug":"vystrelovaci-nuz-heretic-knives-manticore-e-predator-h027-6a-pred","status":"publish","type":"product","link":"https:\/\/www.moskito.cz\/de\/produkt\/vystrelovaci-nuz-heretic-knives-manticore-e-predator-h027-6a-pred\/","title":{"rendered":"Vyst\u0159elovac\u00ed N\u016f\u017e  Heretic Knives Manticore E Predator H027-6A-PRED"},"content":{"rendered":"<p>Vyst\u0159elovac\u00ed N\u016f\u017e <strong>Heretic <\/strong>Knives Manticore E Predator H027-6A-PRED<\/p>\n<p>Manticore E od Heretic Knives spad\u00e1 do \u0159ady Manticore, velikosti p\u0159\u00edmo mezi modely S a X. Nejen, \u017ee E d\u00e1v\u00e1 rodin\u011b chytrou zkratku, ale je to tak\u00e9 perfektn\u00ed velikost pro v\u011bt\u0161inu z n\u00e1s, p\u0159\u00edmo na stejn\u00e9 \u00farovni jako slavn\u00fd Microtech Ultratech. Tento n\u016f\u017e je 100% vyroben a sestaven v USA a je podpo\u0159en do\u017eivotn\u00ed z\u00e1rukou, tak\u017ee si m\u016f\u017eete b\u00fdt jisti, \u017ee tento OTF vydr\u017e\u00ed. Vyzna\u010duje se hedv\u00e1bn\u011b hladk\u00fdm nasazen\u00edm a zata\u017een\u00edm jednou rukou, co\u017e je standardn\u00ed v \u0159ad\u011b Manticore. Varianta E se vyzna\u010duje ide\u00e1ln\u00ed t\u0159\u00edpalcovou \u010depel\u00ed, integrovan\u00fdm otvorem pro \u0161\u0148\u016frku, rozb\u00edje\u010dem skla z tvrzen\u00e9 oceli a hlubokou sponou. Jeho \u0161t\u00edhl\u00fd profil a lehk\u00e1 povaha umo\u017e\u0148uj\u00ed snadn\u00e9 p\u0159en\u00e1\u0161en\u00ed po ruce a p\u0159ipraven\u00e9 okam\u017eit\u011b. Akce je n\u00e1vykov\u00e1, ergonomie je na m\u00edst\u011b a kvalita zpracov\u00e1n\u00ed je \u0161pi\u010dkov\u00e1. Obzvl\u00e1\u0161t\u011b v t\u00e9to speci\u00e1ln\u00ed edici modelu Predator nebudete zklam\u00e1ni. Zahrnuje hlubok\u00e9 ryt\u00ed na \u010depeli, \u010dern\u00fd DLC titanov\u00fd hardware a klip a ru\u010dn\u011b vyroben\u00fd st\u0159\u00edbrn\u00fd\/mosazn\u00fd kor\u00e1lek Predator k dokon\u010den\u00ed tohoto \u00fa\u017easn\u00e9ho bal\u00ed\u010dku.<br \/>\nSpecifikace<\/p>\n<p>D\u00e9lka \u010depele: <span id=\"cwos\" class=\"qv3Wpe\">7.62<\/span> cm<br \/>\nD\u00e9lka v zav\u0159en\u00e9m stavu: <span id=\"cwos\" class=\"qv3Wpe\">11.75<\/span> cm<br \/>\nCelkov\u00e1 d\u00e9lka: <span id=\"cwos\" class=\"qv3Wpe\">19.37<\/span> cm<br \/>\nMateri\u00e1l \u010depele: CPM-MagnaCut Nerezov\u00e1 ocel<br \/>\nTlou\u0161\u0165ka \u010depele: <span id=\"cwos\" class=\"qv3Wpe\">0.31<\/span> cm<br \/>\nStyl \u010depele: Tanto<br \/>\nBrou\u0161en\u00ed \u010depele: Ploch\u00e9<br \/>\nPovrchov\u00e1 \u00faprava \u010depele: Black DLC s grav\u00edrov\u00e1n\u00edm<br \/>\nMateri\u00e1l rukojeti: Hluboce ryt\u00fd \u010dern\u00fd hlin\u00edk<br \/>\nTlou\u0161\u0165ka rukojeti: <span id=\"cwos\" class=\"qv3Wpe\">1.17<\/span> cm<br \/>\nUzamykac\u00ed mechanismus: Posuvn\u00fd<br \/>\nKapesn\u00ed klip: Nerezov\u00e1 ocel s hlubok\u00fdm p\u0159enosem (sklopen\u00edm dol\u016f, doprava doprava)<br \/>\nHmotnost: 3,45 oz.<br \/>\nDesign\u00e9r: Tony Marfione Jr.<br \/>\nRu\u010dn\u011b vyr\u00e1b\u011bn\u00fd st\u0159\u00edbrn\u00fd\/mosazn\u00fd kor\u00e1lek a \u0161\u0148\u016frka na krk<br \/>\nVyrobeno v USA<\/p>\n<p><iframe title=\"Heretic Shop Video\" width=\"800\" height=\"450\" src=\"https:\/\/www.youtube.com\/embed\/7qUL5q7Cvgo?feature=oembed\" frameborder=\"0\" allow=\"accelerometer; autoplay; clipboard-write; encrypted-media; gyroscope; picture-in-picture; web-share\" referrerpolicy=\"strict-origin-when-cross-origin\" allowfullscreen><\/iframe><\/p>\n<p>&nbsp;<\/p>\n","protected":false},"excerpt":{"rendered":"<p><strong>Tento n\u016f\u017e je 100% vyroben a sestaven v USA a je podpo\u0159en do\u017eivotn\u00ed z\u00e1rukou, tak\u017ee si m\u016f\u017eete b\u00fdt jisti, \u017ee tento OTF vydr\u017e\u00ed.<\/strong><\/p>\n<p><strong>Doprava zdrama.<\/strong><\/p>\n","protected":false},"featured_media":253518,"comment_status":"open","ping_status":"closed","template":"","meta":[],"pwb-brand":[318],"product_brand":[],"product_cat":[2019,17],"product_tag":[3667],"class_list":{"0":"post-253517","1":"product","2":"type-product","3":"status-publish","4":"has-post-thumbnail","6":"pwb-brand-heretic-knives","7":"product_cat-vystrelovaci-noze","8":"product_cat-noze","9":"product_tag-b2b","11":"first","12":"outofstock","13":"taxable","14":"shipping-taxable","15":"purchasable","16":"product-type-simple"},"brands":[{"id":318,"name":"Heretic Knives","slug":"heretic-knives"}],"_links":{"self":[{"href":"https:\/\/www.moskito.cz\/de\/wp-json\/wp\/v2\/product\/253517","targetHints":{"allow":["GET"]}}],"collection":[{"href":"https:\/\/www.moskito.cz\/de\/wp-json\/wp\/v2\/product"}],"about":[{"href":"https:\/\/www.moskito.cz\/de\/wp-json\/wp\/v2\/types\/product"}],"replies":[{"embeddable":true,"href":"https:\/\/www.moskito.cz\/de\/wp-json\/wp\/v2\/comments?post=253517"}],"wp:featuredmedia":[{"embeddable":true,"href":"https:\/\/www.moskito.cz\/de\/wp-json\/wp\/v2\/media\/253518"}],"wp:attachment":[{"href":"https:\/\/www.moskito.cz\/de\/wp-json\/wp\/v2\/media?parent=253517"}],"wp:term":[{"taxonomy":"pwb-brand","embeddable":true,"href":"https:\/\/www.moskito.cz\/de\/wp-json\/wp\/v2\/pwb-brand?post=253517"},{"taxonomy":"product_brand","embeddable":true,"href":"https:\/\/www.moskito.cz\/de\/wp-json\/wp\/v2\/product_brand?post=253517"},{"taxonomy":"product_cat","embeddable":true,"href":"https:\/\/www.moskito.cz\/de\/wp-json\/wp\/v2\/product_cat?post=253517"},{"taxonomy":"product_tag","embeddable":true,"href":"https:\/\/www.moskito.cz\/de\/wp-json\/wp\/v2\/product_tag?post=253517"}],"curies":[{"name":"wp","href":"https:\/\/api.w.org\/{rel}","templated":true}]}}