{"id":253940,"date":"2023-07-13T15:53:24","date_gmt":"2023-07-13T14:53:24","guid":{"rendered":"https:\/\/www.moskito.cz\/?post_type=product&#038;p=253940"},"modified":"2025-08-24T19:16:59","modified_gmt":"2025-08-24T18:16:59","slug":"pevny-nuz-muela-gred-16","status":"publish","type":"product","link":"https:\/\/www.moskito.cz\/de\/produkt\/pevny-nuz-muela-gred-16\/","title":{"rendered":"Pevn\u00fd N\u016f\u017e Muela GRED-16"},"content":{"rendered":"<p>Pevn\u00fd N\u016f\u017e <strong>Muela<\/strong> GRED-16<\/p>\n<p>GRED-16, vyroben\u00fd z molybden-vanadiov\u00e9 oceli (MoVa) je loveck\u00fd n\u016f\u017e \u0161pan\u011blsk\u00e9 firmy Muela. Ur\u010den\u00fd pro loveck\u00e9 nad\u0161ence, bude fungovat i p\u0159i expedici za p\u0159e\u017eit\u00edm a mimo m\u011bsto. Solidn\u00ed, stvo\u0159en\u00fd pro ka\u017edou pr\u00e1ci ve v\u0161ech podm\u00ednk\u00e1ch i v t\u011bch nejn\u00e1ro\u010dn\u011bj\u0161\u00edch.<\/p>\n<p>\u010cepel &#8211; tlou\u0161\u0165ka 4,5 milimetru s profilem Bowie. \u010cepel byla pokryta nereflexn\u00ed vrstvou Satin Finish (polomatn\u00e1) eliminuj\u00edc\u00ed odlesky. Vyrobeno z nerezov\u00e9 oceli, molybden-vanadiov\u00e9 oceli (X50CrMoV15). Kaleno v rozmez\u00ed 57-58 HRC. Hladk\u00e1 \u010depel (typ Plain) byla vyrobena s konk\u00e1vn\u00edm v\u00fdbrusem (Hollow Grind) zaji\u0161\u0165uj\u00edc\u00edm dobr\u00e9 \u0159ezn\u00e9 vlastnosti. Na z\u00e1kladn\u011b \u010depele je jednostrann\u00fd hrot z vysoce niklov\u00e9 mosazi, kter\u00fd chr\u00e1n\u00ed p\u0159ed sklouznut\u00edm ruky po \u010depeli<\/p>\n<p>Rukoje\u0165 &#8211; paro\u017e\u00ed z jelena, poskytuj\u00edc\u00ed exkluzivn\u00ed vzhled a pohodln\u00fd \u00fachop. Na zadn\u00ed stran\u011b rukojeti byla um\u00edst\u011bna mezera s propleten\u00fdmi ko\u017een\u00fdmi \u0159em\u00ednky.<\/p>\n<p>Pouzdro &#8211; z hn\u011bd\u00e9, p\u0159\u00edrodn\u00ed k\u016f\u017ee s vyra\u017een\u00fdm logem firmy. Pochva byla na okraj\u00edch pro\u0161ita ozdobnou nit\u00ed. Pochva m\u00e1 upevn\u011bn\u00ed na opasek pro no\u0161en\u00ed no\u017ee ve svisl\u00e9 poloze.<\/p>\n<p>Technick\u00e9 specifikace:<br \/>\nProduktov\u00e9 \u010d\u00edslo: GRED-16<br \/>\nTyp oceli: X50CrMoV15<br \/>\nD\u00e9lka \u010depele: 16 cm<br \/>\nTlou\u0161\u0165ka \u010depele: 0.45 cm<br \/>\nCelkov\u00e1 d\u00e9lka: 27.8 cm<br \/>\nHmotnost: 204,0 g \/ 7,2 oz<br \/>\nTyp b\u0159itu: Hladk\u00fd<br \/>\nTyp \u010depele: Bowie<br \/>\nTyp \u0159ezu: Konk\u00e1vn\u00ed<br \/>\nMateri\u00e1l rukojeti: Deer stang<br \/>\nPochva: K\u016f\u017ee<br \/>\nV\u00fdrobce: Muela, \u0160pan\u011blsko<\/p>\n<p>&nbsp;<\/p>\n","protected":false},"excerpt":{"rendered":"<p><strong>GRED-16, vyroben\u00fd z molybden-vanadiov\u00e9 oceli (MoVa) je loveck\u00fd n\u016f\u017e \u0161pan\u011blsk\u00e9 firmy Muela. Ur\u010den\u00fd pro loveck\u00e9 nad\u0161ence, bude fungovat i p\u0159i expedici za p\u0159e\u017eit\u00edm a mimo m\u011bsto. Solidn\u00ed, stvo\u0159en\u00fd pro ka\u017edou pr\u00e1ci ve v\u0161ech podm\u00ednk\u00e1ch i v t\u011bch nejn\u00e1ro\u010dn\u011bj\u0161\u00edch.<\/strong><\/p>\n","protected":false},"featured_media":253953,"comment_status":"open","ping_status":"closed","template":"","meta":[],"pwb-brand":[191],"product_brand":[],"product_cat":[23,17],"product_tag":[3667],"class_list":{"0":"post-253940","1":"product","2":"type-product","3":"status-publish","4":"has-post-thumbnail","6":"pwb-brand-muela","7":"product_cat-pevne-noze","8":"product_cat-noze","9":"product_tag-b2b","11":"first","12":"instock","13":"taxable","14":"shipping-taxable","15":"purchasable","16":"product-type-simple"},"brands":[{"id":191,"name":"Muela","slug":"muela"}],"_links":{"self":[{"href":"https:\/\/www.moskito.cz\/de\/wp-json\/wp\/v2\/product\/253940","targetHints":{"allow":["GET"]}}],"collection":[{"href":"https:\/\/www.moskito.cz\/de\/wp-json\/wp\/v2\/product"}],"about":[{"href":"https:\/\/www.moskito.cz\/de\/wp-json\/wp\/v2\/types\/product"}],"replies":[{"embeddable":true,"href":"https:\/\/www.moskito.cz\/de\/wp-json\/wp\/v2\/comments?post=253940"}],"wp:featuredmedia":[{"embeddable":true,"href":"https:\/\/www.moskito.cz\/de\/wp-json\/wp\/v2\/media\/253953"}],"wp:attachment":[{"href":"https:\/\/www.moskito.cz\/de\/wp-json\/wp\/v2\/media?parent=253940"}],"wp:term":[{"taxonomy":"pwb-brand","embeddable":true,"href":"https:\/\/www.moskito.cz\/de\/wp-json\/wp\/v2\/pwb-brand?post=253940"},{"taxonomy":"product_brand","embeddable":true,"href":"https:\/\/www.moskito.cz\/de\/wp-json\/wp\/v2\/product_brand?post=253940"},{"taxonomy":"product_cat","embeddable":true,"href":"https:\/\/www.moskito.cz\/de\/wp-json\/wp\/v2\/product_cat?post=253940"},{"taxonomy":"product_tag","embeddable":true,"href":"https:\/\/www.moskito.cz\/de\/wp-json\/wp\/v2\/product_tag?post=253940"}],"curies":[{"name":"wp","href":"https:\/\/api.w.org\/{rel}","templated":true}]}}