{"id":254261,"date":"2023-07-17T19:49:34","date_gmt":"2023-07-17T18:49:34","guid":{"rendered":"https:\/\/www.moskito.cz\/?post_type=product&#038;p=254261"},"modified":"2025-12-31T16:01:23","modified_gmt":"2025-12-31T15:01:23","slug":"zaviraci-nuz-rockstead-ryo-h-bl-mirror-finish-blade-blue-titanium","status":"publish","type":"product","link":"https:\/\/www.moskito.cz\/de\/produkt\/zaviraci-nuz-rockstead-ryo-h-bl-mirror-finish-blade-blue-titanium\/","title":{"rendered":"Zav\u00edrac\u00ed N\u016f\u017e Rockstead RYO-H (BL) Mirror Finish Blade Blue Titanium"},"content":{"rendered":"<p>Zav\u00edrac\u00ed N\u016f\u017e <strong>Rockstead<\/strong> RYO-H (BL) Mirror Finish Blade Blue Titanium<\/p>\n<p>Zav\u00edrac\u00ed n\u016f\u017e Rockstead RYO H-ZDP se vyzna\u010duje\u00a0 ocel\u00ed ZDP-189, \u010depel\u00ed se zrcadlovou \u00fapravou a titanov\u00fdmi rukoje\u0165mi DLC. Otev\u00edr\u00e1n\u00ed je neuv\u011b\u0159iteln\u011b hladk\u00e9, zat\u00edmco z\u00e1mek udr\u017euje \u010depel bezpe\u010dn\u011b otev\u0159enou. RYO H-ZDP je prvn\u00ed model Rockstead se skryt\u00fdm protiskluzov\u00fdm designem, kter\u00fd v\u00e1m umo\u017en\u00ed skr\u00fdt kapesn\u00ed klip pro pohodln\u011bj\u0161\u00ed pou\u017eit\u00ed a manipulaci.<\/p>\n<p>Zrcadlov\u00e9 \u00fapravy je dosa\u017eeno tepeln\u00fdm zpracov\u00e1n\u00edm ost\u0159\u00ed a postupn\u00fdm ru\u010dn\u00edm brou\u0161en\u00edm brusn\u00fdm pap\u00edrem zrnitosti 400, 600, 800, 1 200 a 2 000 za mokra a sucha. To je velmi intenzivn\u00ed a zdlouhav\u00e9, proto\u017ee pokud by se b\u011bhem tohoto procesu objevily n\u011bjak\u00e9 \u0161kr\u00e1bance, \u010depel mus\u00ed b\u00fdt odesl\u00e1na zp\u011bt do p\u0159edchoz\u00edho kroku za \u00fa\u010delem opravy. Jakmile je toto dokon\u010deno, bude \u010depel obrou\u0161ena pro fin\u00e1ln\u00ed \u00fapravu. Lid\u00e9 z Rockstead tento proces zvl\u00e1dli, aby no\u017ei z\u00edskali kr\u00e1sn\u00fd povrch a ostrou hranu jako \u017e\u00e1dn\u00fd jin\u00fd. C\u00edt\u00ed se velmi pohodln\u011b a pevn\u011b v ruce. No\u017ee jsou jednotliv\u011b \u010d\u00edslovan\u00e9.<\/p>\n<p>P\u0159i spr\u00e1vn\u00e9 \u00fadr\u017eb\u011b je zn\u00e1mo, \u017ee Rocksteads udr\u017e\u00ed ostrou hranu po dobu 2-3 let.<\/p>\n<p>Specifikace<br \/>\nD\u00e9lka \u010depele: 8 cm<br \/>\nCelkov\u00e1 d\u00e9lka: 20 cm<br \/>\nMateri\u00e1l \u010depele: ZDP-189<br \/>\nStyl \u010depele: Sheepfoot<br \/>\nBrou\u0161en\u00ed \u010depele: &#8222;Honzukuri&#8220; konvexn\u00ed<br \/>\nTlou\u0161\u0165ka \u010depele: 0.32 cm<br \/>\nTvrdost \u010depele: 67 HRC (p\u0159ibli\u017en\u011b)<br \/>\nMateri\u00e1l rukojeti: Titan<br \/>\nPovrchov\u00e1 \u00faprava rukojeti: DLC (Diamond Like Coating)<br \/>\nHmotnost: 4,37 oz.<br \/>\nVyrobeno v Japonsku<\/p>\n","protected":false},"excerpt":{"rendered":"<p><strong>N\u016f\u017e Rockstead je uzn\u00e1v\u00e1n jako tov\u00e1rn\u00ed zak\u00e1zkov\u00fd n\u016f\u017e. Vyu\u017e\u00edv\u00e1me jak pou\u017eit\u00ed pokro\u010dil\u00fdch obr\u00e1b\u011bc\u00edch n\u00e1stroj\u016f, tak \u0159emeslnou zru\u010dnost na\u0161ich osmi\u010dlenn\u00fdch zam\u011bstnanc\u016f. N\u00e1\u0161 \u0159emesln\u00edk ru\u010dn\u011b opracov\u00e1v\u00e1 \u010depel po procesu zrcadlov\u00e9ho le\u0161t\u011bn\u00ed a poskytuje stejn\u011b vysokou kvalitu pr\u00e1ce, jakou lze o\u010dek\u00e1vat u skute\u010dn\u00e9ho zak\u00e1zkov\u00e9ho no\u017ee. Na\u0161e tov\u00e1rn\u00ed zak\u00e1zkov\u00e9 no\u017ee jsou zcela jin\u00e9 kvality ne\u017e s\u00e9riov\u011b vyr\u00e1b\u011bn\u00e9 no\u017ee.<\/strong><\/p>\n<p><strong>Doprava zdarma.<\/strong><\/p>\n","protected":false},"featured_media":254262,"comment_status":"open","ping_status":"closed","template":"","meta":[],"pwb-brand":[3227],"product_brand":[],"product_cat":[22,17],"product_tag":[],"class_list":{"0":"post-254261","1":"product","2":"type-product","3":"status-publish","4":"has-post-thumbnail","6":"pwb-brand-rockstead","7":"product_cat-zaviraci-noze","8":"product_cat-noze","10":"first","11":"outofstock","12":"taxable","13":"shipping-taxable","14":"purchasable","15":"product-type-simple"},"brands":[{"id":3227,"name":"Rockstead","slug":"rockstead"}],"_links":{"self":[{"href":"https:\/\/www.moskito.cz\/de\/wp-json\/wp\/v2\/product\/254261","targetHints":{"allow":["GET"]}}],"collection":[{"href":"https:\/\/www.moskito.cz\/de\/wp-json\/wp\/v2\/product"}],"about":[{"href":"https:\/\/www.moskito.cz\/de\/wp-json\/wp\/v2\/types\/product"}],"replies":[{"embeddable":true,"href":"https:\/\/www.moskito.cz\/de\/wp-json\/wp\/v2\/comments?post=254261"}],"wp:featuredmedia":[{"embeddable":true,"href":"https:\/\/www.moskito.cz\/de\/wp-json\/wp\/v2\/media\/254262"}],"wp:attachment":[{"href":"https:\/\/www.moskito.cz\/de\/wp-json\/wp\/v2\/media?parent=254261"}],"wp:term":[{"taxonomy":"pwb-brand","embeddable":true,"href":"https:\/\/www.moskito.cz\/de\/wp-json\/wp\/v2\/pwb-brand?post=254261"},{"taxonomy":"product_brand","embeddable":true,"href":"https:\/\/www.moskito.cz\/de\/wp-json\/wp\/v2\/product_brand?post=254261"},{"taxonomy":"product_cat","embeddable":true,"href":"https:\/\/www.moskito.cz\/de\/wp-json\/wp\/v2\/product_cat?post=254261"},{"taxonomy":"product_tag","embeddable":true,"href":"https:\/\/www.moskito.cz\/de\/wp-json\/wp\/v2\/product_tag?post=254261"}],"curies":[{"name":"wp","href":"https:\/\/api.w.org\/{rel}","templated":true}]}}