{"id":254312,"date":"2023-07-17T20:51:15","date_gmt":"2023-07-17T19:51:15","guid":{"rendered":"https:\/\/www.moskito.cz\/?post_type=product&#038;p=254312"},"modified":"2025-05-07T10:52:34","modified_gmt":"2025-05-07T09:52:34","slug":"pevny-nuz-rockstead-ritsu-zdp-mirror-finish","status":"publish","type":"product","link":"https:\/\/www.moskito.cz\/de\/produkt\/pevny-nuz-rockstead-ritsu-zdp-mirror-finish\/","title":{"rendered":"Pevn\u00fd N\u016f\u017e Rockstead RITSU-ZDP Mirror Finish"},"content":{"rendered":"<p>Pevn\u00fd N\u016f\u017e <strong>Rockstead<\/strong> RITSU-ZDP Mirror Finish<\/p>\n<p>RITSU-ZDP je modern\u00ed, kompaktn\u00ed pevn\u00e1 \u010depel od <strong>Rockstead<\/strong> Knives v Japonsku. Vyzna\u010duje se full tang 3,875&#8243; ZDP-189 dvojitou konvexn\u00ed \u010depel\u00ed Honzukuri se zrcadlov\u00fdm povrchem. Lehk\u00e9 d\u0159ev\u011bn\u00e9 rukojeti Micarta jsou zv\u00fdrazn\u011bny modr\u00fdm titanov\u00fdm chr\u00e1ni\u010dem. Chr\u00e1ni\u010d ukazov\u00e1\u010dku a h\u0159bet poskytuj\u00ed u\u017eivateli pevn\u00fd a bezpe\u010dn\u00fd \u00fachop. V\u00fdjime\u010dn\u00e9 zrcadlov\u00e9 \u00fapravy je dosa\u017eeno tepeln\u00fdm zpracov\u00e1n\u00edm ost\u0159\u00ed a postupn\u00fdm ru\u010dn\u00edm brou\u0161en\u00edm mokrosuch\u00fdm brusn\u00fdm pap\u00edrem o zrnitosti 400, 600, 800, 1200 a 2000. To je velmi intenzivn\u00ed a \u010dasov\u011b n\u00e1ro\u010dn\u00e9, proto\u017ee pokud by b\u011bhem tohoto procesu do\u0161lo k po\u0161kr\u00e1b\u00e1n\u00ed, \u010depel mus\u00ed b\u00fdt odesl\u00e1na zp\u011bt k p\u0159edchoz\u00edmu kroku pro p\u0159ebrou\u0161en\u00ed. Jakmile je toto dokon\u010deno, \u010depel bude obrou\u0161ena pro fin\u00e1ln\u00ed povrchovou \u00fapravu. Lid\u00e9 z Rockstead tento proces zvl\u00e1dli, aby m\u011bli n\u016f\u017e kr\u00e1sn\u00fd povrch a ostrou hranu jako \u017e\u00e1dn\u00fd jin\u00fd. Ka\u017ed\u00fd n\u016f\u017e je individu\u00e1ln\u011b o\u010d\u00edslov\u00e1n a obsahuje certifik\u00e1t pravosti. Obsahuje l\u00e1tkovou ta\u0161ku v japonsk\u00e9m stylu.<\/p>\n<p>P\u0159i spr\u00e1vn\u00e9 \u00fadr\u017eb\u011b je zn\u00e1mo, \u017ee Rocksteads udr\u017e\u00ed ostrou hranu po dobu 2-3 let.<\/p>\n<p>Specifikace<br \/>\nD\u00e9lka \u010depele: 9.5 cm<br \/>\nCelkov\u00e1 d\u00e9lka: 21.3 cm<br \/>\nTlou\u0161\u0165ka \u010depele: 0.37 cm<br \/>\nMateri\u00e1l \u010depele: ZDP-189<br \/>\nTvrdost \u010depele: 67 HRC (p\u0159ibli\u017en\u011b)<br \/>\nStyl \u010depele: Drop Point<br \/>\nBrou\u0161en\u00ed \u010depele: Du\u00e1ln\u00ed konvexn\u00ed<br \/>\nPovrchov\u00e1 \u00faprava \u010depele: Zrcadlo<br \/>\nTlou\u0161\u0165ka rukojeti: 1.57 cm<br \/>\nMateri\u00e1l rukojeti: D\u0159evo Micarta s modr\u00fdm titanov\u00fdm krytem<br \/>\nPochva: K\u016f\u017ee s kydexovou pod\u0161\u00edvkou<br \/>\nHmotnost: 4,3 oz.<br \/>\nVyrobeno v Japonsku<\/p>\n","protected":false},"excerpt":{"rendered":"<p><strong>Rockstead je japonsk\u00e1 spole\u010dnost zalo\u017een\u00e1 v roce 1931, kter\u00e1 vyr\u00e1b\u00ed pevn\u00e9 nebo skl\u00e1dac\u00ed \u010depele a d\u00e1v\u00e1 si pov\u011bst v\u00fdrobce \u201enejost\u0159ej\u0161\u00edch no\u017e\u016f na sv\u011bt\u011b\u201c.<\/strong><\/p>\n<p><strong>Doprava zdarma.<\/strong><\/p>\n","protected":false},"featured_media":254313,"comment_status":"open","ping_status":"closed","template":"","meta":[],"pwb-brand":[3227],"product_brand":[],"product_cat":[23,17],"product_tag":[],"class_list":{"0":"post-254312","1":"product","2":"type-product","3":"status-publish","4":"has-post-thumbnail","6":"pwb-brand-rockstead","7":"product_cat-pevne-noze","8":"product_cat-noze","10":"first","11":"instock","12":"taxable","13":"shipping-taxable","14":"purchasable","15":"product-type-simple"},"brands":[{"id":3227,"name":"Rockstead","slug":"rockstead"}],"_links":{"self":[{"href":"https:\/\/www.moskito.cz\/de\/wp-json\/wp\/v2\/product\/254312","targetHints":{"allow":["GET"]}}],"collection":[{"href":"https:\/\/www.moskito.cz\/de\/wp-json\/wp\/v2\/product"}],"about":[{"href":"https:\/\/www.moskito.cz\/de\/wp-json\/wp\/v2\/types\/product"}],"replies":[{"embeddable":true,"href":"https:\/\/www.moskito.cz\/de\/wp-json\/wp\/v2\/comments?post=254312"}],"wp:featuredmedia":[{"embeddable":true,"href":"https:\/\/www.moskito.cz\/de\/wp-json\/wp\/v2\/media\/254313"}],"wp:attachment":[{"href":"https:\/\/www.moskito.cz\/de\/wp-json\/wp\/v2\/media?parent=254312"}],"wp:term":[{"taxonomy":"pwb-brand","embeddable":true,"href":"https:\/\/www.moskito.cz\/de\/wp-json\/wp\/v2\/pwb-brand?post=254312"},{"taxonomy":"product_brand","embeddable":true,"href":"https:\/\/www.moskito.cz\/de\/wp-json\/wp\/v2\/product_brand?post=254312"},{"taxonomy":"product_cat","embeddable":true,"href":"https:\/\/www.moskito.cz\/de\/wp-json\/wp\/v2\/product_cat?post=254312"},{"taxonomy":"product_tag","embeddable":true,"href":"https:\/\/www.moskito.cz\/de\/wp-json\/wp\/v2\/product_tag?post=254312"}],"curies":[{"name":"wp","href":"https:\/\/api.w.org\/{rel}","templated":true}]}}