{"id":255326,"date":"2023-08-10T15:30:13","date_gmt":"2023-08-10T14:30:13","guid":{"rendered":"https:\/\/www.moskito.cz\/?post_type=product&#038;p=255326"},"modified":"2025-05-07T10:52:45","modified_gmt":"2025-05-07T09:52:45","slug":"potapecsky-nuz-extrema-ratio-dicok","status":"publish","type":"product","link":"https:\/\/www.moskito.cz\/de\/produkt\/potapecsky-nuz-extrema-ratio-dicok\/","title":{"rendered":"Pot\u00e1p\u011b\u010dsk\u00fd N\u016f\u017e Extrema Ratio DICOK"},"content":{"rendered":"<p>Pot\u00e1p\u011b\u010dsk\u00fd N\u016f\u017e <strong>Extrema Ratio<\/strong> DICOK<\/p>\n<p>Pot\u00e1p\u011b\u010dsk\u00fd n\u016f\u017e navr\u017een\u00fd s pomoc\u00ed odborn\u00edk\u016f v oboru a dimenzovan\u00fd pro pou\u017eit\u00ed pod vodou: v\u0161estrann\u00fd n\u00e1stroj a nezbytn\u00e1 sou\u010d\u00e1st pot\u00e1p\u011b\u010dsk\u00e9ho vybaven\u00ed. \u010cepel z nerezov\u00e9 oceli je velmi odoln\u00e1 v\u016f\u010di oh\u00fdb\u00e1n\u00ed, zachov\u00e1v\u00e1 si ostrou hranu i p\u0159es opot\u0159eben\u00ed a proces chemick\u00e9ho le\u0161t\u011bn\u00ed ji \u010din\u00ed vysoce odolnou v\u016f\u010di korozi. Zast\u0159i\u017een\u00e1 \u0161pi\u010dka umo\u017e\u0148uje pou\u017eit\u00ed jako p\u00e1ky, zat\u00edmco vroubkov\u00e1n\u00ed \u010depele se osv\u011bd\u010duje p\u0159i \u0159ez\u00e1n\u00ed s\u00edt\u00ed, lan a tkanin. Nylonov\u00e1 tkanina a polyesterov\u00e1 stuha v kombinaci s protiskluzovou gumovou membr\u00e1nou tvo\u0159\u00ed m\u011bkkou \u010d\u00e1st pl\u00e1\u0161t\u011b, zat\u00edmco tvrd\u00e1 \u010d\u00e1st je vyrobena z KYDEXU. Pouzdro je navr\u017eeno tak, aby umo\u017e\u0148ovalo v\u00edce mo\u017enost\u00ed mont\u00e1\u017ee na za\u0159\u00edzen\u00ed nebo u\u017eivatele: lze jej p\u0159ipevnit k VIS, p\u0159ipevnit ke kotn\u00edku, p\u0159ipevnit na pa\u017ei nebo p\u0159ipevnit k opasku se z\u00e1va\u017e\u00edm pomoc\u00ed syst\u00e9mu Extrema Ratio BELT-CLIP (nen\u00ed sou\u010d\u00e1st\u00ed dod\u00e1vky). Nylonov\u00e1 rukoje\u0165 je nabit\u00e1 sklen\u011bn\u00fdmi vl\u00e1kny a m\u00e1 protiskluzovou povrchovou \u00fapravu, kter\u00e1 zaji\u0161\u0165uje perfektn\u00ed ergonomick\u00fd \u00fachop v rukavic\u00edch i bez nich: To umo\u017e\u0148uje jemnou i silovou pr\u00e1ci. Pochva je vybavena syst\u00e9mem protipanikov\u00e9ho uvoln\u011bn\u00ed, kter\u00fd umo\u017e\u0148uje rychl\u00e9 vyta\u017een\u00ed jednoduch\u00fdm vyta\u017een\u00edm, nen\u00ed t\u0159eba pou\u017e\u00edvat bezpe\u010dnostn\u00ed p\u0159ezku. N\u016f\u017e DICOK nav\u00edc obsahuje n\u00e1stroj pro odblokov\u00e1n\u00ed ventilu prvn\u00edho stupn\u011b.<\/p>\n<p>Hmotnost g: 155<br \/>\nD\u00e9lka \u010depele : 8.1 cm<br \/>\nCelkov\u00e1 d\u00e9lka : 19.6 cm<br \/>\nTlou\u0161\u0165ka \u010depele (mm): 4<br \/>\nMateri\u00e1l \u010depele: B\u00f6HLER N690 STEEL (58HRC)<br \/>\nPovrchov\u00e1 \u00faprava \u010depele: MIL-C-13924 BURNISHING<br \/>\nHlavn\u00ed brus: PLOCH\u00dd<br \/>\n\u010c\u00c1STE\u010cN\u00c9 ZUBY (MM): 40<br \/>\n\u010c\u00c1STE\u010cN\u00c9 ZUBY (IN): 1,6<br \/>\nMateri\u00e1l rukojeti: NYLON<\/p>\n<p>&nbsp;<\/p>\n","protected":false},"excerpt":{"rendered":"<p><strong>V\u0161estrann\u00fd n\u00e1stroj a nezbytn\u00e1 sou\u010d\u00e1st pot\u00e1p\u011b\u010dsk\u00e9ho vybaven\u00ed.<\/strong><\/p>\n<p><strong>Doprava zdarma.<\/strong><\/p>\n","protected":false},"featured_media":255327,"comment_status":"open","ping_status":"closed","template":"","meta":[],"pwb-brand":[267],"product_brand":[],"product_cat":[23,17],"product_tag":[3667],"class_list":{"0":"post-255326","1":"product","2":"type-product","3":"status-publish","4":"has-post-thumbnail","6":"pwb-brand-extrema-ratio","7":"product_cat-pevne-noze","8":"product_cat-noze","9":"product_tag-b2b","11":"first","12":"instock","13":"taxable","14":"shipping-taxable","15":"purchasable","16":"product-type-simple"},"brands":[{"id":267,"name":"Extrema Ratio","slug":"extrema-ratio"}],"_links":{"self":[{"href":"https:\/\/www.moskito.cz\/de\/wp-json\/wp\/v2\/product\/255326","targetHints":{"allow":["GET"]}}],"collection":[{"href":"https:\/\/www.moskito.cz\/de\/wp-json\/wp\/v2\/product"}],"about":[{"href":"https:\/\/www.moskito.cz\/de\/wp-json\/wp\/v2\/types\/product"}],"replies":[{"embeddable":true,"href":"https:\/\/www.moskito.cz\/de\/wp-json\/wp\/v2\/comments?post=255326"}],"wp:featuredmedia":[{"embeddable":true,"href":"https:\/\/www.moskito.cz\/de\/wp-json\/wp\/v2\/media\/255327"}],"wp:attachment":[{"href":"https:\/\/www.moskito.cz\/de\/wp-json\/wp\/v2\/media?parent=255326"}],"wp:term":[{"taxonomy":"pwb-brand","embeddable":true,"href":"https:\/\/www.moskito.cz\/de\/wp-json\/wp\/v2\/pwb-brand?post=255326"},{"taxonomy":"product_brand","embeddable":true,"href":"https:\/\/www.moskito.cz\/de\/wp-json\/wp\/v2\/product_brand?post=255326"},{"taxonomy":"product_cat","embeddable":true,"href":"https:\/\/www.moskito.cz\/de\/wp-json\/wp\/v2\/product_cat?post=255326"},{"taxonomy":"product_tag","embeddable":true,"href":"https:\/\/www.moskito.cz\/de\/wp-json\/wp\/v2\/product_tag?post=255326"}],"curies":[{"name":"wp","href":"https:\/\/api.w.org\/{rel}","templated":true}]}}