{"id":256125,"date":"2023-08-21T22:01:28","date_gmt":"2023-08-21T21:01:28","guid":{"rendered":"https:\/\/www.moskito.cz\/?post_type=product&#038;p=256125"},"modified":"2025-06-28T12:01:10","modified_gmt":"2025-06-28T11:01:10","slug":"pevny-nuz-muela-bw-clasic-16a","status":"publish","type":"product","link":"https:\/\/www.moskito.cz\/de\/produkt\/pevny-nuz-muela-bw-clasic-16a\/","title":{"rendered":"Pevn\u00fd N\u016f\u017e Muela BW-CLASIC-16A"},"content":{"rendered":"<p>Pevn\u00fd N\u016f\u017e <strong>Muela<\/strong> BW-CLASIC-16A<\/p>\n<p>Mohutn\u00fd n\u016f\u017e v klasick\u00e9m designu no\u017e\u016f typu bowie. Vhodn\u00fd na lov i pobyt v p\u0159\u00edrod\u011b a outdoorov\u00e9 aktivity. D\u00edky integr\u00e1ln\u00ed konstrukci je velmi odoln\u00fd a m\u016f\u017eete se na n\u011bj spolehnout ve v\u0161ech situac\u00edch.<\/p>\n<p>&nbsp;<\/p>\n<p>Materi\u00e1l \u010depele: MoVa<br \/>\nMateri\u00e1l rukojeti: Paroh, Mosadz<br \/>\nMateri\u00e1l pouzdra: Ko\u017een\u00e9<br \/>\nD\u00e9lka \u010depele: 16 cm<br \/>\nCelkov\u00e1 d\u00e9lka: 27 cm<br \/>\nHmotnost: 325 g<br \/>\nVyu\u017eit\u00ed: Loveck\u00fd<br \/>\nTyp no\u017ee: Pevn\u00fd<br \/>\nZem\u011b p\u016fvodu: \u0160pan\u011blsko<br \/>\nBarva:Hn\u011bd\u00e1, Zlat\u00e1, St\u0159\u00edbrn\u00e1<\/p>\n","protected":false},"excerpt":{"rendered":"<p><strong>Mohutn\u00fd n\u016f\u017e v klasick\u00e9m designu no\u017e\u016f typu bowie.<\/strong><\/p>\n","protected":false},"featured_media":256126,"comment_status":"open","ping_status":"closed","template":"","meta":[],"pwb-brand":[191],"product_brand":[],"product_cat":[23,17],"product_tag":[3667],"class_list":{"0":"post-256125","1":"product","2":"type-product","3":"status-publish","4":"has-post-thumbnail","6":"pwb-brand-muela","7":"product_cat-pevne-noze","8":"product_cat-noze","9":"product_tag-b2b","11":"first","12":"instock","13":"taxable","14":"shipping-taxable","15":"purchasable","16":"product-type-simple"},"brands":[{"id":191,"name":"Muela","slug":"muela"}],"_links":{"self":[{"href":"https:\/\/www.moskito.cz\/de\/wp-json\/wp\/v2\/product\/256125","targetHints":{"allow":["GET"]}}],"collection":[{"href":"https:\/\/www.moskito.cz\/de\/wp-json\/wp\/v2\/product"}],"about":[{"href":"https:\/\/www.moskito.cz\/de\/wp-json\/wp\/v2\/types\/product"}],"replies":[{"embeddable":true,"href":"https:\/\/www.moskito.cz\/de\/wp-json\/wp\/v2\/comments?post=256125"}],"wp:featuredmedia":[{"embeddable":true,"href":"https:\/\/www.moskito.cz\/de\/wp-json\/wp\/v2\/media\/256126"}],"wp:attachment":[{"href":"https:\/\/www.moskito.cz\/de\/wp-json\/wp\/v2\/media?parent=256125"}],"wp:term":[{"taxonomy":"pwb-brand","embeddable":true,"href":"https:\/\/www.moskito.cz\/de\/wp-json\/wp\/v2\/pwb-brand?post=256125"},{"taxonomy":"product_brand","embeddable":true,"href":"https:\/\/www.moskito.cz\/de\/wp-json\/wp\/v2\/product_brand?post=256125"},{"taxonomy":"product_cat","embeddable":true,"href":"https:\/\/www.moskito.cz\/de\/wp-json\/wp\/v2\/product_cat?post=256125"},{"taxonomy":"product_tag","embeddable":true,"href":"https:\/\/www.moskito.cz\/de\/wp-json\/wp\/v2\/product_tag?post=256125"}],"curies":[{"name":"wp","href":"https:\/\/api.w.org\/{rel}","templated":true}]}}