{"id":257517,"date":"2023-10-06T14:52:03","date_gmt":"2023-10-06T13:52:03","guid":{"rendered":"https:\/\/www.moskito.cz\/?post_type=product&#038;p=257517"},"modified":"2025-05-07T10:53:24","modified_gmt":"2025-05-07T09:53:24","slug":"sekera-cold-steel-viking-hand-axe-90wvba","status":"publish","type":"product","link":"https:\/\/www.moskito.cz\/de\/produkt\/sekera-cold-steel-viking-hand-axe-90wvba\/","title":{"rendered":"Sekera Cold Steel VIKING HAND AXE 90WVBA"},"content":{"rendered":"<p>Sekera Cold Steel VIKING HAND AXE 90WVBA<\/p>\n<p>Historicky inspirovan\u00e1 vikingsk\u00e1 ru\u010dn\u00ed sekera je designovou spoluprac\u00ed mezi Lynn C. Thompsonovou a zak\u00e1zkov\u00fdmi \u010depelmi Davem Bakerem a Richem McDonaldem. Pevn\u00e1 30&#8243; rukoje\u0165 American Hickory, extra \u0161irok\u00e1 a ostr\u00e1 \u0159ezn\u00e1 hrana, h\u00e1kovit\u00fd vous a nahoru zahnut\u00fd trnov\u00fd roh dohromady tvo\u0159\u00ed impozantn\u00ed bojovou sekeru, kter\u00e1 by byla chloubou ka\u017ed\u00e9 kolekce Viking\u016f! Pochva Cor-Ex, kter\u00e1 se prod\u00e1v\u00e1 samostatn\u011b, je k dispozici pro Viking Bearded Axe.<\/p>\n<p>Materi\u00e1l rukojeti: Straight Grain Hickory<br \/>\nCelkov\u00e1 velikost: 7.62 cm<br \/>\nHmotnost: 498,95 g<br \/>\nBarva: ocelov\u011b \u0161ed\u00e1\/d\u0159evo<br \/>\nOcel: 1055 Carbon Steel<\/p>\n","protected":false},"excerpt":{"rendered":"<p><strong>Viking Hand Axe od firmy COLD STEEL je ru\u010dn\u00ed sekera vych\u00e1zej\u00edc\u00ed z historick\u00e9 p\u0159edlohy.<\/strong><\/p>\n","protected":false},"featured_media":257518,"comment_status":"open","ping_status":"closed","template":"","meta":[],"pwb-brand":[211],"product_brand":[],"product_cat":[32],"product_tag":[3667],"class_list":{"0":"post-257517","1":"product","2":"type-product","3":"status-publish","4":"has-post-thumbnail","6":"pwb-brand-cold-steel","7":"product_cat-sekery","8":"product_tag-b2b","10":"first","11":"outofstock","12":"taxable","13":"shipping-taxable","14":"purchasable","15":"product-type-simple"},"brands":[{"id":211,"name":"Cold Steel","slug":"cold-steel"}],"_links":{"self":[{"href":"https:\/\/www.moskito.cz\/de\/wp-json\/wp\/v2\/product\/257517","targetHints":{"allow":["GET"]}}],"collection":[{"href":"https:\/\/www.moskito.cz\/de\/wp-json\/wp\/v2\/product"}],"about":[{"href":"https:\/\/www.moskito.cz\/de\/wp-json\/wp\/v2\/types\/product"}],"replies":[{"embeddable":true,"href":"https:\/\/www.moskito.cz\/de\/wp-json\/wp\/v2\/comments?post=257517"}],"wp:featuredmedia":[{"embeddable":true,"href":"https:\/\/www.moskito.cz\/de\/wp-json\/wp\/v2\/media\/257518"}],"wp:attachment":[{"href":"https:\/\/www.moskito.cz\/de\/wp-json\/wp\/v2\/media?parent=257517"}],"wp:term":[{"taxonomy":"pwb-brand","embeddable":true,"href":"https:\/\/www.moskito.cz\/de\/wp-json\/wp\/v2\/pwb-brand?post=257517"},{"taxonomy":"product_brand","embeddable":true,"href":"https:\/\/www.moskito.cz\/de\/wp-json\/wp\/v2\/product_brand?post=257517"},{"taxonomy":"product_cat","embeddable":true,"href":"https:\/\/www.moskito.cz\/de\/wp-json\/wp\/v2\/product_cat?post=257517"},{"taxonomy":"product_tag","embeddable":true,"href":"https:\/\/www.moskito.cz\/de\/wp-json\/wp\/v2\/product_tag?post=257517"}],"curies":[{"name":"wp","href":"https:\/\/api.w.org\/{rel}","templated":true}]}}