{"id":257525,"date":"2023-10-06T15:23:36","date_gmt":"2023-10-06T14:23:36","guid":{"rendered":"https:\/\/www.moskito.cz\/?post_type=product&#038;p=257525"},"modified":"2025-05-07T10:53:25","modified_gmt":"2025-05-07T09:53:25","slug":"sipky-cold-steel-do-foukacky-357-magnum-blowgun-spear-darts-30-ks-b357dsp","status":"publish","type":"product","link":"https:\/\/www.moskito.cz\/de\/produkt\/sipky-cold-steel-do-foukacky-357-magnum-blowgun-spear-darts-30-ks-b357dsp\/","title":{"rendered":"\u0160ipky Cold Steel do fouka\u010dky .357 Magnum Blowgun, Spear Darts (30 ks) B357DSP"},"content":{"rendered":"<p>\u0160ipky <strong>Cold Steel<\/strong> do fouka\u010dky .357 Magnum Blowgun, Spear Darts (30 ks) B357DSP<\/p>\n<p>\u0160ipky do fouka\u010dky .357 Magnum Blowgun, Spear Darts od firmy Cold Steel s velmi ostr\u00fdm kovov\u00fdm hrotem v balen\u00ed po 30 kusech. \u0160ipky jsou vhodn\u00e9 p\u0159edev\u0161\u00edm ke st\u0159elb\u011b do te\u010dovnice nebo pap\u00edrov\u00fdch figur\u00fdn.<\/p>\n<p>&nbsp;<\/p>\n","protected":false},"excerpt":{"rendered":"<p><strong>\u0160ipky do fouka\u010dky .357 Magnum Blowgun, Spear Darts od firmy Cold Steel s velmi ostr\u00fdm kovov\u00fdm hrotem v balen\u00ed po 30 kusech.<\/strong><\/p>\n","protected":false},"featured_media":257526,"comment_status":"open","ping_status":"closed","template":"","meta":[],"pwb-brand":[211],"product_brand":[],"product_cat":[22,17],"product_tag":[3667],"class_list":{"0":"post-257525","1":"product","2":"type-product","3":"status-publish","4":"has-post-thumbnail","6":"pwb-brand-cold-steel","7":"product_cat-zaviraci-noze","8":"product_cat-noze","9":"product_tag-b2b","11":"first","12":"outofstock","13":"taxable","14":"shipping-taxable","15":"purchasable","16":"product-type-simple"},"brands":[{"id":211,"name":"Cold Steel","slug":"cold-steel"}],"_links":{"self":[{"href":"https:\/\/www.moskito.cz\/de\/wp-json\/wp\/v2\/product\/257525","targetHints":{"allow":["GET"]}}],"collection":[{"href":"https:\/\/www.moskito.cz\/de\/wp-json\/wp\/v2\/product"}],"about":[{"href":"https:\/\/www.moskito.cz\/de\/wp-json\/wp\/v2\/types\/product"}],"replies":[{"embeddable":true,"href":"https:\/\/www.moskito.cz\/de\/wp-json\/wp\/v2\/comments?post=257525"}],"wp:featuredmedia":[{"embeddable":true,"href":"https:\/\/www.moskito.cz\/de\/wp-json\/wp\/v2\/media\/257526"}],"wp:attachment":[{"href":"https:\/\/www.moskito.cz\/de\/wp-json\/wp\/v2\/media?parent=257525"}],"wp:term":[{"taxonomy":"pwb-brand","embeddable":true,"href":"https:\/\/www.moskito.cz\/de\/wp-json\/wp\/v2\/pwb-brand?post=257525"},{"taxonomy":"product_brand","embeddable":true,"href":"https:\/\/www.moskito.cz\/de\/wp-json\/wp\/v2\/product_brand?post=257525"},{"taxonomy":"product_cat","embeddable":true,"href":"https:\/\/www.moskito.cz\/de\/wp-json\/wp\/v2\/product_cat?post=257525"},{"taxonomy":"product_tag","embeddable":true,"href":"https:\/\/www.moskito.cz\/de\/wp-json\/wp\/v2\/product_tag?post=257525"}],"curies":[{"name":"wp","href":"https:\/\/api.w.org\/{rel}","templated":true}]}}