{"id":258585,"date":"2023-10-24T14:32:59","date_gmt":"2023-10-24T13:32:59","guid":{"rendered":"https:\/\/www.moskito.cz\/?post_type=product&#038;p=258585"},"modified":"2025-05-07T10:53:46","modified_gmt":"2025-05-07T09:53:46","slug":"vystrelovaci-nuz-akc-world-roma-swinguard-28cm","status":"publish","type":"product","link":"https:\/\/www.moskito.cz\/de\/produkt\/vystrelovaci-nuz-akc-world-roma-swinguard-28cm\/","title":{"rendered":"Vyst\u0159elovac\u00ed N\u016f\u017e AKC WORLD Roma Swinguard 28cm"},"content":{"rendered":"<p>Vyst\u0159elovac\u00ed N\u016f\u017e <strong>AKC WORLD<\/strong> Roma Swinguard 28cm<\/p>\n<p><strong>ROMA<\/strong> je nov\u00fd swinguard od AKC World je nov\u00e1 \u0159ada italsk\u00fdch no\u017e\u016f navr\u017een\u00fdch v It\u00e1lii.<\/p>\n<p>Jedn\u00e1 se o no\u017ee vynikaj\u00edc\u00ed kvality v italsk\u00e9m stylu. Velmi p\u011bkn\u00fd tvar a dobr\u00fd mechanismus.<\/p>\n<p>P\u011bkn\u00fd do ka\u017ed\u00e9 sb\u00edrky, ale tak\u00e9 jako luxusn\u00ed kapesn\u00ed n\u016f\u017e.<\/p>\n<p>Celkov\u00e1 d\u00e9lka: 28 cm<br \/>\nD\u00e9lka \u010depele: 11,7cm<br \/>\nTlou\u0161\u0165ka \u010depele: 0,3 cm<br \/>\nHmotnost: 195g &#8211; 7oz<br \/>\nMateri\u00e1l \u010depele: nerezov\u00e1 ocel AISI 420<br \/>\nMateri\u00e1l rukojeti: Imitace rohoviny<br \/>\nMateri\u00e1l r\u00e1mu: nerezov\u00e1 ocel AISI 420<\/p>\n<p>&nbsp;<\/p>\n","protected":false},"excerpt":{"rendered":"<p>ROMA je nov\u00fd swinguard od AKC World je nov\u00e1 \u0159ada italsk\u00fdch no\u017e\u016f navr\u017een\u00fdch v It\u00e1lii.<\/p>\n","protected":false},"featured_media":258586,"comment_status":"open","ping_status":"closed","template":"","meta":[],"pwb-brand":[3245],"product_brand":[],"product_cat":[2019,17],"product_tag":[],"class_list":{"0":"post-258585","1":"product","2":"type-product","3":"status-publish","4":"has-post-thumbnail","6":"pwb-brand-a-g-a-campolin","7":"product_cat-vystrelovaci-noze","8":"product_cat-noze","10":"first","11":"outofstock","12":"taxable","13":"shipping-taxable","14":"purchasable","15":"product-type-simple"},"brands":[{"id":3245,"name":"A.G.A. CAMPOLIN","slug":"a-g-a-campolin"}],"_links":{"self":[{"href":"https:\/\/www.moskito.cz\/de\/wp-json\/wp\/v2\/product\/258585","targetHints":{"allow":["GET"]}}],"collection":[{"href":"https:\/\/www.moskito.cz\/de\/wp-json\/wp\/v2\/product"}],"about":[{"href":"https:\/\/www.moskito.cz\/de\/wp-json\/wp\/v2\/types\/product"}],"replies":[{"embeddable":true,"href":"https:\/\/www.moskito.cz\/de\/wp-json\/wp\/v2\/comments?post=258585"}],"wp:featuredmedia":[{"embeddable":true,"href":"https:\/\/www.moskito.cz\/de\/wp-json\/wp\/v2\/media\/258586"}],"wp:attachment":[{"href":"https:\/\/www.moskito.cz\/de\/wp-json\/wp\/v2\/media?parent=258585"}],"wp:term":[{"taxonomy":"pwb-brand","embeddable":true,"href":"https:\/\/www.moskito.cz\/de\/wp-json\/wp\/v2\/pwb-brand?post=258585"},{"taxonomy":"product_brand","embeddable":true,"href":"https:\/\/www.moskito.cz\/de\/wp-json\/wp\/v2\/product_brand?post=258585"},{"taxonomy":"product_cat","embeddable":true,"href":"https:\/\/www.moskito.cz\/de\/wp-json\/wp\/v2\/product_cat?post=258585"},{"taxonomy":"product_tag","embeddable":true,"href":"https:\/\/www.moskito.cz\/de\/wp-json\/wp\/v2\/product_tag?post=258585"}],"curies":[{"name":"wp","href":"https:\/\/api.w.org\/{rel}","templated":true}]}}