{"id":259808,"date":"2023-11-14T14:29:11","date_gmt":"2023-11-14T13:29:11","guid":{"rendered":"https:\/\/www.moskito.cz\/?post_type=product&#038;p=259808"},"modified":"2025-05-07T10:54:08","modified_gmt":"2025-05-07T09:54:08","slug":"vystrelovaci-nuz-microtech-socom-elite-stonewash-161-11","status":"publish","type":"product","link":"https:\/\/www.moskito.cz\/de\/produkt\/vystrelovaci-nuz-microtech-socom-elite-stonewash-161-11\/","title":{"rendered":"Zav\u00edrac\u00ed N\u016f\u017e Microtech SOCOM Elite Stonewash 161-11"},"content":{"rendered":"<p>Zav\u00edrac\u00ed N\u016f\u017e <strong>Microtech<\/strong> SOCOM Elite Stonewash 161-11<\/p>\n<p>Od zalo\u017een\u00ed p\u016fvodn\u00edho Socomu v roce 1996 nastavil standard pro taktick\u00e9\/u\u017eitkov\u00e9 no\u017ee. V pr\u016fb\u011bhu let byla provedena vylep\u0161en\u00ed, d\u00edky nim\u017e se Socom l\u00e9pe p\u0159izp\u016fsob\u00ed r\u016fzn\u00fdm prost\u0159ed\u00edm. Socom m\u00e1 v\u00fdrazn\u00fd tvar rukojeti, kter\u00fd se p\u0159izp\u016fsob\u00ed va\u0161\u00ed ruce. Dvojit\u00e9 palcov\u00e9 cvo\u010dky. Zahrnuje rozb\u00edje\u010d skla, kapesn\u00ed sponu se \u0161pi\u010dkou dol\u016f, otvor pro \u0161\u0148\u016frku, voln\u011b plovouc\u00ed z\u00e1mek vlo\u017eky a super hladk\u00fd chod. Je\u0161t\u011b jednou pro rok 2018 s n\u011bkter\u00fdmi nov\u00fdmi upgrady!<\/p>\n<p>Tento model je vybaven \u010dernou eloxovanou hlin\u00edkovou rukojet\u00ed 7075-T611 s \u00fachyty. Nerezov\u00e1 tanto \u010depel M390 s povrchovou \u00fapravou Stonewash s \u010d\u00e1ste\u010dn\u011b zoubkovan\u00fdm ost\u0159\u00edm. Hardware dokon\u010den\u00fd Bead Blast a kapesn\u00ed klip. Kapesn\u00ed klip je ozna\u010den logem Microtech. \u010cepel je ozna\u010dena logem Microtech, informacemi o modelu, datem v\u00fdroby a s\u00e9riov\u00fdm \u010d\u00edslem.<\/p>\n<p>Specifikace:<\/p>\n<p>Zem\u011b p\u016fvodu: USA<br \/>\nDatum p\u016fvodu: 2023<br \/>\nStav: Zcela nov\u00fd<br \/>\nMateri\u00e1l \u010depele: M390<br \/>\nMateri\u00e1l rukojeti: Hlin\u00edk<br \/>\nStyl \u010depele: Tanto<br \/>\nPovrchov\u00e1 \u00faprava \u010depele: Stonewash<br \/>\nTyp okraje: Zoubkovan\u00fd<br \/>\nModel\/Vzor: Manu\u00e1l Socom Elite<br \/>\nTyp no\u017ee: Ru\u010dn\u00ed slo\u017eka<br \/>\nTyp z\u00e1mku: Z\u00e1mek vlo\u017eky<\/p>\n<p>Celkov\u00e1 d\u00e9lka: 22.5 cm<br \/>\nD\u00e9lka \u010depele: 10 cm<br \/>\n\u0158ezn\u00e1 hrana: 9.37 cm<br \/>\n\u0160\u00ed\u0159ka \u010depele: 2.8 cm<br \/>\nTlou\u0161\u0165ka \u010depele: 0,47 cm<\/p>\n<p><iframe title=\"Microtech Combat Troodon Torture Test\" width=\"800\" height=\"450\" src=\"https:\/\/www.youtube.com\/embed\/xE9TeOFYEjg?feature=oembed\" frameborder=\"0\" allow=\"accelerometer; autoplay; clipboard-write; encrypted-media; gyroscope; picture-in-picture; web-share\" referrerpolicy=\"strict-origin-when-cross-origin\" allowfullscreen><\/iframe><\/p>\n<p>&nbsp;<\/p>\n<p>&nbsp;<\/p>\n","protected":false},"excerpt":{"rendered":"<p><strong>V pr\u016fb\u011bhu let Microtech\u00ae Knives naplnil v\u00e1\u0161n\u00ed a dovednost\u00ed v\u00fdrobu no\u017e\u016f, a\u017e z nich vytvo\u0159il t\u00e9m\u011b\u0159 um\u011bleck\u00e1 d\u00edla,kter\u00e9 jsou vrcholem funk\u010dnosti.V\u0161echny d\u00edly jsou vyrobeny v USA.<\/strong><br \/>\n<strong>Na v\u0161echny no\u017ee Microtech je do\u017eivotn\u00ed z\u00e1ruka.<\/strong><\/p>\n<p><strong>Doprava zdarma.<\/strong><\/p>\n","protected":false},"featured_media":259812,"comment_status":"open","ping_status":"closed","template":"","meta":[],"pwb-brand":[431],"product_brand":[],"product_cat":[22,17],"product_tag":[3667],"class_list":{"0":"post-259808","1":"product","2":"type-product","3":"status-publish","4":"has-post-thumbnail","6":"pwb-brand-microtech","7":"product_cat-zaviraci-noze","8":"product_cat-noze","9":"product_tag-b2b","11":"first","12":"outofstock","13":"taxable","14":"shipping-taxable","15":"purchasable","16":"product-type-simple"},"brands":[{"id":431,"name":"Microtech","slug":"microtech"}],"_links":{"self":[{"href":"https:\/\/www.moskito.cz\/de\/wp-json\/wp\/v2\/product\/259808","targetHints":{"allow":["GET"]}}],"collection":[{"href":"https:\/\/www.moskito.cz\/de\/wp-json\/wp\/v2\/product"}],"about":[{"href":"https:\/\/www.moskito.cz\/de\/wp-json\/wp\/v2\/types\/product"}],"replies":[{"embeddable":true,"href":"https:\/\/www.moskito.cz\/de\/wp-json\/wp\/v2\/comments?post=259808"}],"wp:featuredmedia":[{"embeddable":true,"href":"https:\/\/www.moskito.cz\/de\/wp-json\/wp\/v2\/media\/259812"}],"wp:attachment":[{"href":"https:\/\/www.moskito.cz\/de\/wp-json\/wp\/v2\/media?parent=259808"}],"wp:term":[{"taxonomy":"pwb-brand","embeddable":true,"href":"https:\/\/www.moskito.cz\/de\/wp-json\/wp\/v2\/pwb-brand?post=259808"},{"taxonomy":"product_brand","embeddable":true,"href":"https:\/\/www.moskito.cz\/de\/wp-json\/wp\/v2\/product_brand?post=259808"},{"taxonomy":"product_cat","embeddable":true,"href":"https:\/\/www.moskito.cz\/de\/wp-json\/wp\/v2\/product_cat?post=259808"},{"taxonomy":"product_tag","embeddable":true,"href":"https:\/\/www.moskito.cz\/de\/wp-json\/wp\/v2\/product_tag?post=259808"}],"curies":[{"name":"wp","href":"https:\/\/api.w.org\/{rel}","templated":true}]}}