{"id":260168,"date":"2023-11-19T12:36:09","date_gmt":"2023-11-19T11:36:09","guid":{"rendered":"https:\/\/www.moskito.cz\/?post_type=product&#038;p=260168"},"modified":"2025-05-07T10:54:19","modified_gmt":"2025-05-07T09:54:19","slug":"zaviraci-nuz-spyderco-uk-penknife-c94pdbl","status":"publish","type":"product","link":"https:\/\/www.moskito.cz\/de\/produkt\/zaviraci-nuz-spyderco-uk-penknife-c94pdbl\/","title":{"rendered":"Zav\u00edrac\u00ed N\u016f\u017e Spyderco UK Penknife C94PDBL"},"content":{"rendered":"<p>Zav\u00edrac\u00ed N\u016f\u017e <strong>Spyderco<\/strong> UK Penknife C94PDBL<\/p>\n<p>Dal\u0161\u00ed p\u0159\u00edr\u016fstek do rozr\u016fstaj\u00edc\u00ed se rodiny no\u017e\u016f <strong>Spyderco<\/strong> s vysoce v\u00fdkonnou \u010depel\u00ed CPM S110V: UK Penknife Lightweight CPM S110V. UK Penknife, p\u016fvodn\u011b vyvinut\u00fd speci\u00e1ln\u011b pro britsk\u00fd trh s no\u017ei, byl p\u016fvodn\u00ed SLIPIT \u2013 druh zav\u00edrac\u00edho no\u017ee, kter\u00fd kombinuje kulat\u00fd otvor s ochrannou zn\u00e1mkou pro otev\u00edr\u00e1n\u00ed jednou rukou, oboustrannou dr\u00e1t\u011bnou sponu s hlubokou kapsou pro pohodln\u00e9 p\u0159en\u00e1\u0161en\u00ed a z\u00e1\u0159ezov\u00fd kloub. neuzamykateln\u00fd pru\u017einov\u00fd mechanismus. Tyto vlastnosti mu umo\u017e\u0148uj\u00ed nab\u00edzet stejn\u011b snadn\u00e9 p\u0159en\u00e1\u0161en\u00ed a otev\u00edr\u00e1n\u00ed jednou rukou jako no\u017ee CLIPIT, ale v pr\u00e1vn\u011b povolen\u00e9m nezamykateln\u00e9m form\u00e1tu v mnoha jurisdikc\u00edch. Podrobnosti si pros\u00edm ov\u011b\u0159te ve sv\u00fdch m\u00edstn\u00edch z\u00e1konech o no\u017ei.<\/p>\n<p>CPM S110V je extr\u00e9mn\u011b pokro\u010dil\u00e1 nerezov\u00e1 ocel s ultra vysok\u00fdm obsahem uhl\u00edku obohacen\u00e1 o vanad, niob, molybden a kobalt. Vyr\u00e1b\u00ed se procesem \u010d\u00e1sticov\u00e9 metalurgie Crucible pro zaji\u0161t\u011bn\u00ed kvality slo\u017een\u00ed slitiny, nab\u00edz\u00ed vynikaj\u00edc\u00ed odolnost proti opot\u0159eben\u00ed, odolnost proti korozi a kvalitu dr\u017een\u00ed ost\u0159\u00ed ve srovn\u00e1n\u00ed s jin\u00fdmi komer\u010dn\u011b dostupn\u00fdmi oceli.<\/p>\n<p>Spyderco tvrd\u011b pracovalo na zvl\u00e1dnut\u00ed proces\u016f pr\u00e1ce s t\u00edmto n\u00e1ro\u010dn\u00fdm materi\u00e1lem a je hrd\u00e9 na to, \u017ee m\u016f\u017ee nab\u00eddnout jeden z nej\u0161ir\u0161\u00edch v\u00fdb\u011br\u016f no\u017e\u016f CPM S110V v oboru. Toto elitn\u00ed vyj\u00e1d\u0159en\u00ed britsk\u00e9ho perov\u00e9ho no\u017ee pln\u011b vyu\u017e\u00edv\u00e1 pozoruhodn\u00fdch vlastnost\u00ed t\u00e9to oceli k zaji\u0161t\u011bn\u00ed v\u00fdjime\u010dn\u00e9ho \u0159ezn\u00e9ho v\u00fdkonu, zachov\u00e1n\u00ed ost\u0159\u00ed a odolnosti proti korozi. Stejn\u011b jako ostatn\u00ed \u010dlenov\u00e9 rodiny Spyderco CPM S110V m\u00e1 jeho vst\u0159ikovan\u00e1 nylonov\u00e1 rukoje\u0165 vyztu\u017een\u00e1 skeln\u00fdmi vl\u00e1kny sytou tmav\u011b modrou barvu, kter\u00e1 hrd\u011b oznamuje jej\u00ed rodokmen. Pokud hled\u00e1te maxim\u00e1ln\u00ed \u0159ezn\u00fd v\u00fdkon v neuzamykateln\u00e9 slo\u017ece, u\u017e nehledejte.<\/p>\n<p>Specifikace<br \/>\nD\u00e9lka \u010depele: 7.5 cm<br \/>\nCelkov\u00e1 d\u00e9lka: 17.37 cm<br \/>\nMateri\u00e1l \u010depele: CPM S110V Nerezov\u00e1 ocel<br \/>\nPovrchov\u00e1 \u00faprava \u010depele: sat\u00e9n<br \/>\nBrou\u0161en\u00ed \u010depele: Pln\u011b ploch\u00e9<br \/>\nStyl \u010depele: ve tvaru listu<br \/>\nMateri\u00e1l rukojeti: Nylon vyztu\u017een\u00fd skeln\u00fdmi vl\u00e1kny (FRN)<br \/>\nBarva rukojeti: tmav\u011b modr\u00e1<br \/>\nKapesn\u00ed spona: Sklopn\u00e1, lev\u00e1\/prav\u00e1<br \/>\nHmotnost: 1,7 oz.<br \/>\nVyrobeno v USA<\/p>\n","protected":false},"excerpt":{"rendered":"<p><strong>Dal\u0161\u00ed p\u0159\u00edr\u016fstek do rozr\u016fstaj\u00edc\u00ed se rodiny no\u017e\u016f Spyderco s vysoce v\u00fdkonnou \u010depel\u00ed CPM S110V: UK Penknife Lightweight CPM S110V.<\/strong><\/p>\n<p><strong>Doprava zdarma.<\/strong><\/p>\n","protected":false},"featured_media":260169,"comment_status":"open","ping_status":"closed","template":"","meta":[],"pwb-brand":[567],"product_brand":[],"product_cat":[22,17],"product_tag":[3667],"class_list":{"0":"post-260168","1":"product","2":"type-product","3":"status-publish","4":"has-post-thumbnail","6":"pwb-brand-spyderco","7":"product_cat-zaviraci-noze","8":"product_cat-noze","9":"product_tag-b2b","11":"first","12":"instock","13":"taxable","14":"shipping-taxable","15":"purchasable","16":"product-type-simple"},"brands":[{"id":567,"name":"Spyderco","slug":"spyderco"}],"_links":{"self":[{"href":"https:\/\/www.moskito.cz\/de\/wp-json\/wp\/v2\/product\/260168","targetHints":{"allow":["GET"]}}],"collection":[{"href":"https:\/\/www.moskito.cz\/de\/wp-json\/wp\/v2\/product"}],"about":[{"href":"https:\/\/www.moskito.cz\/de\/wp-json\/wp\/v2\/types\/product"}],"replies":[{"embeddable":true,"href":"https:\/\/www.moskito.cz\/de\/wp-json\/wp\/v2\/comments?post=260168"}],"wp:featuredmedia":[{"embeddable":true,"href":"https:\/\/www.moskito.cz\/de\/wp-json\/wp\/v2\/media\/260169"}],"wp:attachment":[{"href":"https:\/\/www.moskito.cz\/de\/wp-json\/wp\/v2\/media?parent=260168"}],"wp:term":[{"taxonomy":"pwb-brand","embeddable":true,"href":"https:\/\/www.moskito.cz\/de\/wp-json\/wp\/v2\/pwb-brand?post=260168"},{"taxonomy":"product_brand","embeddable":true,"href":"https:\/\/www.moskito.cz\/de\/wp-json\/wp\/v2\/product_brand?post=260168"},{"taxonomy":"product_cat","embeddable":true,"href":"https:\/\/www.moskito.cz\/de\/wp-json\/wp\/v2\/product_cat?post=260168"},{"taxonomy":"product_tag","embeddable":true,"href":"https:\/\/www.moskito.cz\/de\/wp-json\/wp\/v2\/product_tag?post=260168"}],"curies":[{"name":"wp","href":"https:\/\/api.w.org\/{rel}","templated":true}]}}