{"id":260275,"date":"2023-11-19T19:14:13","date_gmt":"2023-11-19T18:14:13","guid":{"rendered":"https:\/\/www.moskito.cz\/?post_type=product&#038;p=260275"},"modified":"2026-04-13T15:55:50","modified_gmt":"2026-04-13T14:55:50","slug":"zaviraci-nuz-spyderco-salt-2-black-c88sbbk2","status":"publish","type":"product","link":"https:\/\/www.moskito.cz\/de\/produkt\/zaviraci-nuz-spyderco-salt-2-black-c88sbbk2\/","title":{"rendered":"Zav\u00edrac\u00ed N\u016f\u017e Spyderco Salt 2 Black C88SBBK2"},"content":{"rendered":"<h2 data-start=\"189\" data-end=\"243\">\ud83d\udde1\ufe0f Zav\u00edrac\u00ed n\u016f\u017e <strong data-start=\"209\" data-end=\"243\">Spyderco Salt 2 Black C88SBBK2<\/strong><\/h2>\n<h3 data-start=\"245\" data-end=\"306\">Odolnost, v\u00fdkon a jistota \u2014 i v nejn\u00e1ro\u010dn\u011bj\u0161\u00edm prost\u0159ed\u00ed.<\/h3>\n<p data-start=\"308\" data-end=\"718\">Spyderco <strong data-start=\"317\" data-end=\"342\">Salt 2 Black C88SBBK2<\/strong> je \u0161pi\u010dkov\u00fd zav\u00edrac\u00ed n\u016f\u017e navr\u017een\u00fd tak, aby obst\u00e1l v podm\u00ednk\u00e1ch, kde b\u011b\u017en\u00e9 no\u017ee selh\u00e1vaj\u00ed \u2014 zejm\u00e9na ve vlhk\u00e9m, slan\u00e9m nebo korozivn\u00edm prost\u0159ed\u00ed.<br data-start=\"486\" data-end=\"489\" \/>D\u00edky pr\u00e9miov\u00fdm materi\u00e1l\u016fm, precizn\u00ed konstrukci a ergonomick\u00e9mu designu je Salt 2 ide\u00e1ln\u00ed spole\u010dn\u00edk pro outdoorov\u00e9 v\u00fdpravy, pob\u0159e\u017en\u00ed aktivity, jachting, ryba\u0159en\u00ed i ka\u017edodenn\u00ed no\u0161en\u00ed tam, kde je <strong data-start=\"682\" data-end=\"717\">odolnost proti korozi prioritou<\/strong>.<\/p>\n<p data-start=\"720\" data-end=\"938\">Kdy\u017e \u010depel otev\u0159e\u0161 charakteristick\u00fdm <strong data-start=\"757\" data-end=\"786\">kruhov\u00fdm otvorem Spyderco<\/strong> a zajist\u00ed\u0161 ji spolehliv\u00fdm <strong data-start=\"813\" data-end=\"828\">Back Lockem<\/strong>, poc\u00edt\u00ed\u0161 jistotu, kterou od no\u017ee pot\u0159ebuje\u0161 \u2014 hladk\u00fd chod, jist\u00fd \u00fachop a v\u00fdkon, na kter\u00fd se m\u016f\u017ee\u0161 spolehnout.<\/p>\n<hr data-start=\"940\" data-end=\"943\" \/>\n<h3 data-start=\"945\" data-end=\"970\">Charakter a filozofie<\/h3>\n<p data-start=\"972\" data-end=\"1402\">Salt 2 Black je optimalizovan\u00e1 verze p\u016fvodn\u00edho Salt modelu, zam\u011b\u0159en\u00e1 na odolnost v\u016f\u010di korozi bez kompromis\u016f na v\u00fdkonu.<br data-start=\"1090\" data-end=\"1093\" \/>\u010cepel z vysoce korozivzdorn\u00e9 nerezov\u00e9 oceli je schopna odolat slan\u00e9 vod\u011b a vlhk\u00e9mu prost\u0159ed\u00ed, zat\u00edmco \u010dern\u00fd povrch dod\u00e1v\u00e1 <strong data-start=\"1215\" data-end=\"1263\">taktick\u00fd vzhled a dodate\u010dnou ochranu povrchu<\/strong>.<br data-start=\"1264\" data-end=\"1267\" \/>Ergonomick\u00e1 rukoje\u0165 z FRN nab\u00edz\u00ed jist\u00fd \u00fachop i ve vlhk\u00fdch \u010di kluzk\u00fdch podm\u00ednk\u00e1ch \u2014 kl\u00ed\u010dov\u00e9 pro pr\u00e1ci u vody nebo p\u0159i ter\u00e9nn\u00edch \u00fakolech.<\/p>\n<p data-start=\"1404\" data-end=\"1513\">Salt 2 je n\u00e1stroj, kter\u00fd je <strong data-start=\"1432\" data-end=\"1469\">p\u0159ipraven fungovat bez kompromis\u016f<\/strong> \u2014 p\u0159esn\u011b tehdy, kdy\u017e je to nejv\u00edce pot\u0159eba.<\/p>\n<hr data-start=\"1515\" data-end=\"1518\" \/>\n<h2 data-start=\"1520\" data-end=\"1535\">\ud83c\udfed O v\u00fdrobci<\/h2>\n<p data-start=\"1537\" data-end=\"1845\">Spyderco je zna\u010dka, kter\u00e1 dlouhodob\u011b pat\u0159\u00ed mezi pr\u016fkopn\u00edky modern\u00edho no\u017e\u00ed\u0159stv\u00ed.<br data-start=\"1616\" data-end=\"1619\" \/>D\u00edky sm\u011bru zam\u011b\u0159en\u00e9mu na <strong data-start=\"1644\" data-end=\"1683\">ergonomii, inovace a funk\u010dn\u00ed design<\/strong> se jejich no\u017ee staly standardem mezi profesion\u00e1ly, outdoorov\u00fdmi nad\u0161enci i ka\u017edodenn\u00edmi u\u017eivateli, kte\u0159\u00ed vy\u017eaduj\u00ed <strong data-start=\"1798\" data-end=\"1844\">spolehliv\u00fd v\u00fdkon i v extr\u00e9mn\u00edch podm\u00ednk\u00e1ch<\/strong>.<\/p>\n<p data-start=\"1847\" data-end=\"1939\">Salt 2 Black je dal\u0161\u00edm modelem t\u00e9to filozofie \u2014 kombinac\u00ed odolnosti, jistoty a prakti\u010dnosti.<\/p>\n<hr data-start=\"1941\" data-end=\"1944\" \/>\n<h2 data-start=\"1946\" data-end=\"1973\">\u2699\ufe0f Technick\u00e9 specifikace<\/h2>\n<div class=\"TyagGW_tableContainer\">\n<div class=\"group TyagGW_tableWrapper flex w-fit flex-col-reverse\" tabindex=\"-1\">\n<table class=\"w-fit min-w-(--thread-content-width)\" data-start=\"1975\" data-end=\"2561\">\n<thead data-start=\"1975\" data-end=\"1997\">\n<tr data-start=\"1975\" data-end=\"1997\">\n<th data-start=\"1975\" data-end=\"1986\" data-col-size=\"sm\">Parametr<\/th>\n<th data-start=\"1986\" data-end=\"1997\" data-col-size=\"md\">Hodnota<\/th>\n<\/tr>\n<\/thead>\n<tbody data-start=\"2021\" data-end=\"2561\">\n<tr data-start=\"2021\" data-end=\"2056\">\n<td data-start=\"2021\" data-end=\"2037\" data-col-size=\"sm\">Celkov\u00e1 d\u00e9lka<\/td>\n<td data-start=\"2037\" data-end=\"2056\" data-col-size=\"md\">cca <strong data-start=\"2043\" data-end=\"2054\">20,3 cm<\/strong><\/td>\n<\/tr>\n<tr data-start=\"2057\" data-end=\"2090\">\n<td data-start=\"2057\" data-end=\"2072\" data-col-size=\"sm\">D\u00e9lka \u010depele<\/td>\n<td data-start=\"2072\" data-end=\"2090\" data-col-size=\"md\">cca <strong data-start=\"2078\" data-end=\"2088\">8,9 cm<\/strong><\/td>\n<\/tr>\n<tr data-start=\"2091\" data-end=\"2127\">\n<td data-start=\"2091\" data-end=\"2109\" data-col-size=\"sm\">Tlou\u0161\u0165ka \u010depele<\/td>\n<td data-start=\"2109\" data-end=\"2127\" data-col-size=\"md\">cca <strong data-start=\"2115\" data-end=\"2125\">3,3 mm<\/strong><\/td>\n<\/tr>\n<tr data-start=\"2128\" data-end=\"2184\">\n<td data-start=\"2128\" data-end=\"2146\" data-col-size=\"sm\">Materi\u00e1l \u010depele<\/td>\n<td data-start=\"2146\" data-end=\"2184\" data-col-size=\"md\">Vysoce korozivzdorn\u00e1 nerezov\u00e1 ocel<\/td>\n<\/tr>\n<tr data-start=\"2185\" data-end=\"2239\">\n<td data-start=\"2185\" data-end=\"2201\" data-col-size=\"sm\">Tvrdost oceli<\/td>\n<td data-start=\"2201\" data-end=\"2239\" data-col-size=\"md\">Optimalizov\u00e1na pro korozivzdornost<\/td>\n<\/tr>\n<tr data-start=\"2240\" data-end=\"2288\">\n<td data-start=\"2240\" data-end=\"2254\" data-col-size=\"sm\">Tvar \u010depele<\/td>\n<td data-start=\"2254\" data-end=\"2288\" data-col-size=\"md\">Drop-point \/ utilit\u00e1rn\u00ed profil<\/td>\n<\/tr>\n<tr data-start=\"2289\" data-end=\"2324\">\n<td data-start=\"2289\" data-end=\"2305\" data-col-size=\"sm\">Povrch \u010depele<\/td>\n<td data-start=\"2305\" data-end=\"2324\" data-col-size=\"md\"><strong data-start=\"2307\" data-end=\"2322\">Black Blade<\/strong><\/td>\n<\/tr>\n<tr data-start=\"2325\" data-end=\"2367\">\n<td data-start=\"2325\" data-end=\"2335\" data-col-size=\"sm\">Rukoje\u0165<\/td>\n<td data-start=\"2335\" data-end=\"2367\" data-col-size=\"md\"><strong data-start=\"2337\" data-end=\"2365\">FRN (\u010dern\u00e1, texturovan\u00e1)<\/strong><\/td>\n<\/tr>\n<tr data-start=\"2368\" data-end=\"2429\">\n<td data-start=\"2368\" data-end=\"2376\" data-col-size=\"sm\">Z\u00e1mek<\/td>\n<td data-start=\"2376\" data-end=\"2429\" data-col-size=\"md\"><strong data-start=\"2378\" data-end=\"2391\">Back Lock<\/strong> \u2013 bezpe\u010dn\u00fd a spolehliv\u00fd mechanismus<\/td>\n<\/tr>\n<tr data-start=\"2430\" data-end=\"2468\">\n<td data-start=\"2430\" data-end=\"2442\" data-col-size=\"sm\">Otev\u00edr\u00e1n\u00ed<\/td>\n<td data-start=\"2442\" data-end=\"2468\" data-col-size=\"md\">Kruhov\u00fd otvor Spyderco<\/td>\n<\/tr>\n<tr data-start=\"2469\" data-end=\"2512\">\n<td data-start=\"2469\" data-end=\"2476\" data-col-size=\"sm\">Klip<\/td>\n<td data-start=\"2476\" data-end=\"2512\" data-col-size=\"md\">\u010cty\u0159polohov\u00fd \u2013 flexibiln\u00ed no\u0161en\u00ed<\/td>\n<\/tr>\n<tr data-start=\"2513\" data-end=\"2544\">\n<td data-start=\"2513\" data-end=\"2524\" data-col-size=\"sm\">Hmotnost<\/td>\n<td data-start=\"2524\" data-end=\"2544\" data-col-size=\"md\">cca <strong data-start=\"2530\" data-end=\"2542\">95\u2013105 g<\/strong><\/td>\n<\/tr>\n<tr data-start=\"2545\" data-end=\"2561\">\n<td data-start=\"2545\" data-end=\"2554\" data-col-size=\"sm\">V\u00fdroba<\/td>\n<td data-start=\"2554\" data-end=\"2561\" data-col-size=\"md\">USA<\/td>\n<\/tr>\n<\/tbody>\n<\/table>\n<\/div>\n<\/div>\n<hr data-start=\"2563\" data-end=\"2566\" \/>\n<h2 data-start=\"2568\" data-end=\"2586\">\u2705 Hlavn\u00ed v\u00fdhody<\/h2>\n<ul data-start=\"2588\" data-end=\"2929\">\n<li data-start=\"2588\" data-end=\"2662\">\n<p data-start=\"2590\" data-end=\"2662\"><strong data-start=\"2590\" data-end=\"2619\">Vysoce korozivzdorn\u00e1 ocel<\/strong> \u2013 ide\u00e1ln\u00ed pro pob\u0159e\u017en\u00ed a vlhk\u00e9 prost\u0159ed\u00ed<\/p>\n<\/li>\n<li data-start=\"2663\" data-end=\"2710\">\n<p data-start=\"2665\" data-end=\"2710\"><strong data-start=\"2665\" data-end=\"2678\">Back Lock<\/strong> \u2013 bezpe\u010dn\u00e9 a plynul\u00e9 uzam\u010den\u00ed<\/p>\n<\/li>\n<li data-start=\"2711\" data-end=\"2778\">\n<p data-start=\"2713\" data-end=\"2778\"><strong data-start=\"2713\" data-end=\"2728\">Black Blade<\/strong> \u2013 nen\u00e1padn\u00fd taktick\u00fd vzhled a dodate\u010dn\u00e1 ochrana<\/p>\n<\/li>\n<li data-start=\"2779\" data-end=\"2831\">\n<p data-start=\"2781\" data-end=\"2831\">Ergonomick\u00e1 rukoje\u0165 FRN \u2013 jist\u00fd \u00fachop i ve vlhku<\/p>\n<\/li>\n<li data-start=\"2832\" data-end=\"2889\">\n<p data-start=\"2834\" data-end=\"2889\">Kruhov\u00fd otvor Spyderco \u2013 intuitivn\u00ed a snadn\u00e9 otev\u0159en\u00ed<\/p>\n<\/li>\n<li data-start=\"2890\" data-end=\"2929\">\n<p data-start=\"2892\" data-end=\"2929\">\u010cty\u0159polohov\u00fd klip \u2013 variabiln\u00ed no\u0161en\u00ed<\/p>\n<\/li>\n<\/ul>\n<hr data-start=\"2931\" data-end=\"2934\" \/>\n<h2 data-start=\"2936\" data-end=\"2955\">\u26a0\ufe0f Mo\u017en\u00e1 omezen\u00ed<\/h2>\n<ul data-start=\"2957\" data-end=\"3136\">\n<li data-start=\"2957\" data-end=\"3023\">\n<p data-start=\"2959\" data-end=\"3023\">Nen\u00ed ur\u010deno pro extr\u00e9mn\u00ed p\u00e1\u010den\u00ed nebo t\u011b\u017ek\u00e9 mechanick\u00e9 zat\u00ed\u017een\u00ed<\/p>\n<\/li>\n<li data-start=\"3024\" data-end=\"3086\">\n<p data-start=\"3026\" data-end=\"3086\">Black Blade povrch vy\u017eaduje p\u00e9\u010di p\u0159i intenzivn\u00edm pou\u017e\u00edv\u00e1n\u00ed<\/p>\n<\/li>\n<li data-start=\"3087\" data-end=\"3136\">\n<p data-start=\"3089\" data-end=\"3136\">FRN rukoje\u0165 klade d\u016fraz na funkci, nikoli dekor<\/p>\n<\/li>\n<\/ul>\n<hr data-start=\"3138\" data-end=\"3141\" \/>\n<h2 data-start=\"3143\" data-end=\"3163\">\ud83d\udee0\ufe0f \u00dadr\u017eba a p\u00e9\u010de<\/h2>\n<ul data-start=\"3165\" data-end=\"3404\">\n<li data-start=\"3165\" data-end=\"3208\">\n<p data-start=\"3167\" data-end=\"3208\">Po pou\u017eit\u00ed \u010depel pe\u010dliv\u011b o\u010disti a osu\u0161\u00ed<\/p>\n<\/li>\n<li data-start=\"3209\" data-end=\"3268\">\n<p data-start=\"3211\" data-end=\"3268\">Vyh\u00fdbej se abrazivn\u00edm a agresivn\u00edm \u010distic\u00edm prost\u0159edk\u016fm<\/p>\n<\/li>\n<li data-start=\"3269\" data-end=\"3306\">\n<p data-start=\"3271\" data-end=\"3306\">Rukoje\u0165 FRN \u010dist\u011b jemn\u00fdm had\u0159\u00edkem<\/p>\n<\/li>\n<li data-start=\"3307\" data-end=\"3362\">\n<p data-start=\"3309\" data-end=\"3362\">Pivot a Back Lock pravideln\u011b proma\u017e vhodn\u00fdm mazivem<\/p>\n<\/li>\n<li data-start=\"3363\" data-end=\"3404\">\n<p data-start=\"3365\" data-end=\"3404\">Skladuj v such\u00e9m prost\u0159ed\u00ed mimo vlhkost<\/p>\n<\/li>\n<\/ul>\n<hr data-start=\"3406\" data-end=\"3409\" \/>\n<h2 data-start=\"3411\" data-end=\"3447\">\ud83d\udd2a Pro udr\u017een\u00ed ost\u0159\u00ed doporu\u010dujeme<\/h2>\n<p data-start=\"3449\" data-end=\"3571\">Pro zachov\u00e1n\u00ed maxim\u00e1ln\u00ed ostrosti \u010depele doporu\u010dujeme kvalitn\u00ed syst\u00e9m brou\u0161en\u00ed ur\u010den\u00fd pro <strong data-start=\"3538\" data-end=\"3570\">odoln\u00e1 a korozivzdorn\u00e1 ost\u0159\u00ed<\/strong>.<\/p>\n<p data-start=\"3573\" data-end=\"3676\">Ide\u00e1ln\u00ed volbou je <strong data-start=\"3591\" data-end=\"3657\">Spyderco Tri-Angle Sharpmaker Complete Sharpening System 204MF<\/strong>, kter\u00fd umo\u017e\u0148uje:<\/p>\n<ul data-start=\"3677\" data-end=\"3826\">\n<li data-start=\"3677\" data-end=\"3720\">\n<p data-start=\"3679\" data-end=\"3720\"><strong data-start=\"3679\" data-end=\"3718\">p\u0159esn\u00e9 a konzistentn\u00ed \u00fahly brou\u0161en\u00ed<\/strong><\/p>\n<\/li>\n<li data-start=\"3721\" data-end=\"3774\">\n<p data-start=\"3723\" data-end=\"3774\"><strong data-start=\"3723\" data-end=\"3772\">\u0161etrnou \u00fadr\u017ebu bez zbyte\u010dn\u00e9ho \u00fab\u011bru materi\u00e1lu<\/strong><\/p>\n<\/li>\n<li data-start=\"3775\" data-end=\"3826\">\n<p data-start=\"3777\" data-end=\"3826\"><strong data-start=\"3777\" data-end=\"3826\">bezpe\u010dn\u00e9 pou\u017eit\u00ed i bez p\u0159edchoz\u00edch zku\u0161enost\u00ed<\/strong><\/p>\n<\/li>\n<\/ul>\n<p data-start=\"3828\" data-end=\"3873\">\ud83d\uded2 <strong data-start=\"3831\" data-end=\"3873\">Zakoup\u00edte na na\u0161ich str\u00e1nk\u00e1ch Moskito.<\/strong><\/p>\n<hr data-start=\"3875\" data-end=\"3878\" \/>\n<h2 data-start=\"3880\" data-end=\"3900\">\ud83c\udfaf Doporu\u010deno pro<\/h2>\n<ul data-start=\"3902\" data-end=\"4114\">\n<li data-start=\"3902\" data-end=\"3955\">\n<p data-start=\"3904\" data-end=\"3955\">Outdoorov\u00e9 nad\u0161ence, ryb\u00e1\u0159e a pob\u0159e\u017en\u00ed dobrodruhy<\/p>\n<\/li>\n<li data-start=\"3956\" data-end=\"4021\">\n<p data-start=\"3958\" data-end=\"4021\">U\u017eivatel\u00e9, kte\u0159\u00ed pot\u0159ebuj\u00ed <strong data-start=\"3985\" data-end=\"4019\">maxim\u00e1ln\u00ed odolnost v\u016f\u010di korozi<\/strong><\/p>\n<\/li>\n<li data-start=\"4022\" data-end=\"4073\">\n<p data-start=\"4024\" data-end=\"4073\">Ka\u017edodenn\u00ed no\u0161en\u00ed i pou\u017eit\u00ed ve vlhk\u00e9m prost\u0159ed\u00ed<\/p>\n<\/li>\n<li data-start=\"4074\" data-end=\"4114\">\n<p data-start=\"4076\" data-end=\"4114\">Fanou\u0161ci funk\u010dn\u00edch a spolehliv\u00fdch no\u017e\u016f<\/p>\n<\/li>\n<\/ul>\n<hr data-start=\"4116\" data-end=\"4119\" \/>\n<h2 data-start=\"4121\" data-end=\"4145\">\u2b50 Z\u00e1v\u011bre\u010dn\u00e9 hodnocen\u00ed<\/h2>\n<p data-start=\"4147\" data-end=\"4391\">Spyderco <strong data-start=\"4156\" data-end=\"4181\">Salt 2 Black C88SBBK2<\/strong> je <strong data-start=\"4185\" data-end=\"4232\">odoln\u00fd, spolehliv\u00fd a praktick\u00fd zav\u00edrac\u00ed n\u016f\u017e<\/strong>, kter\u00fd si porad\u00ed i v t\u011bch nejn\u00e1ro\u010dn\u011bj\u0161\u00edch podm\u00ednk\u00e1ch.<br data-start=\"4286\" data-end=\"4289\" \/>Je to n\u00e1stroj, kter\u00fd <strong data-start=\"4310\" data-end=\"4340\">funguje \u2014 a bez kompromis\u016f<\/strong>, p\u0159esto\u017ee je lehk\u00fd, pohodln\u00fd a snadno ovladateln\u00fd.<\/p>\n<p data-start=\"4393\" data-end=\"4452\"><strong data-start=\"4393\" data-end=\"4452\">Salt 2 Black \u2013 odolnost, na kterou se m\u016f\u017ee\u0161 spolehnout.<\/strong><\/p>\n","protected":false},"excerpt":{"rendered":"<p data-start=\"4147\" data-end=\"4391\"><strong>Spyderco Salt 2 Black C88SBBK2 je odoln\u00fd, spolehliv\u00fd a praktick\u00fd zav\u00edrac\u00ed n\u016f\u017e, kter\u00fd si porad\u00ed i v t\u011bch nejn\u00e1ro\u010dn\u011bj\u0161\u00edch podm\u00ednk\u00e1ch.<\/strong><br data-start=\"4286\" data-end=\"4289\" \/><strong>Je to n\u00e1stroj, kter\u00fd funguje \u2014 a bez kompromis\u016f, p\u0159esto\u017ee je lehk\u00fd, pohodln\u00fd a snadno ovladateln\u00fd.<\/strong><\/p>\n<p data-start=\"4393\" data-end=\"4452\"><strong data-start=\"4393\" data-end=\"4452\">Salt 2 Black \u2013 odolnost, na kterou se m\u016f\u017ee\u0161 spolehnout.<\/strong><\/p>\n<p data-start=\"4393\" data-end=\"4452\"><strong>Doprava zdarma.<\/strong><\/p>\n","protected":false},"featured_media":260276,"comment_status":"open","ping_status":"closed","template":"","meta":[],"pwb-brand":[567],"product_brand":[],"product_cat":[22,17],"product_tag":[3667],"class_list":{"0":"post-260275","1":"product","2":"type-product","3":"status-publish","4":"has-post-thumbnail","6":"pwb-brand-spyderco","7":"product_cat-zaviraci-noze","8":"product_cat-noze","9":"product_tag-b2b","11":"first","12":"outofstock","13":"taxable","14":"shipping-taxable","15":"purchasable","16":"product-type-simple"},"brands":[{"id":567,"name":"Spyderco","slug":"spyderco"}],"_links":{"self":[{"href":"https:\/\/www.moskito.cz\/de\/wp-json\/wp\/v2\/product\/260275","targetHints":{"allow":["GET"]}}],"collection":[{"href":"https:\/\/www.moskito.cz\/de\/wp-json\/wp\/v2\/product"}],"about":[{"href":"https:\/\/www.moskito.cz\/de\/wp-json\/wp\/v2\/types\/product"}],"replies":[{"embeddable":true,"href":"https:\/\/www.moskito.cz\/de\/wp-json\/wp\/v2\/comments?post=260275"}],"wp:featuredmedia":[{"embeddable":true,"href":"https:\/\/www.moskito.cz\/de\/wp-json\/wp\/v2\/media\/260276"}],"wp:attachment":[{"href":"https:\/\/www.moskito.cz\/de\/wp-json\/wp\/v2\/media?parent=260275"}],"wp:term":[{"taxonomy":"pwb-brand","embeddable":true,"href":"https:\/\/www.moskito.cz\/de\/wp-json\/wp\/v2\/pwb-brand?post=260275"},{"taxonomy":"product_brand","embeddable":true,"href":"https:\/\/www.moskito.cz\/de\/wp-json\/wp\/v2\/product_brand?post=260275"},{"taxonomy":"product_cat","embeddable":true,"href":"https:\/\/www.moskito.cz\/de\/wp-json\/wp\/v2\/product_cat?post=260275"},{"taxonomy":"product_tag","embeddable":true,"href":"https:\/\/www.moskito.cz\/de\/wp-json\/wp\/v2\/product_tag?post=260275"}],"curies":[{"name":"wp","href":"https:\/\/api.w.org\/{rel}","templated":true}]}}