{"id":260804,"date":"2023-12-01T23:25:39","date_gmt":"2023-12-01T22:25:39","guid":{"rendered":"https:\/\/www.moskito.cz\/?post_type=product&#038;p=260804"},"modified":"2026-01-05T20:46:24","modified_gmt":"2026-01-05T19:46:24","slug":"zaviraci-nuz-spyderco-polestar-c220gpgy","status":"publish","type":"product","link":"https:\/\/www.moskito.cz\/de\/produkt\/zaviraci-nuz-spyderco-polestar-c220gpgy\/","title":{"rendered":"Zav\u00edrac\u00ed N\u016f\u017e Spyderco Polestar C220GPGY"},"content":{"rendered":"<h2 data-start=\"197\" data-end=\"247\">\ud83d\udde1\ufe0f Zav\u00edrac\u00ed n\u016f\u017e <strong data-start=\"217\" data-end=\"247\">Spyderco Polestar C220GPGY<\/strong><\/h2>\n<h3 data-start=\"249\" data-end=\"287\">Lehk\u00fd, precizn\u00ed a v\u017edy p\u0159ipraven\u00fd.<\/h3>\n<p data-start=\"289\" data-end=\"630\">Spyderco <em data-start=\"298\" data-end=\"308\">Polestar<\/em> je <strong data-start=\"312\" data-end=\"347\">kompaktn\u00ed a v\u00fdkonn\u00fd kapesn\u00ed n\u016f\u017e<\/strong>, kter\u00fd p\u0159in\u00e1\u0161\u00ed precizn\u00ed funkci, ergonomii a minimalistick\u00fd design do ka\u017edodenn\u00edho pou\u017eit\u00ed.<br data-start=\"438\" data-end=\"441\" \/>D\u00edky vyv\u00e1\u017een\u00fdm rozm\u011br\u016fm, dob\u0159e navr\u017een\u00e9mu profilu a ergonomick\u00e9 <strong data-start=\"505\" data-end=\"526\">\u0161ed\u00e9 FRN rukojeti<\/strong> je Polestar ide\u00e1ln\u00ed pro ka\u017edodenn\u00ed \u00fakony \u2014 od b\u011b\u017en\u00e9ho otev\u00edr\u00e1n\u00ed bal\u00edk\u016f a\u017e po n\u00e1ro\u010dn\u011bj\u0161\u00ed \u0159ezn\u00e9 \u010dinnosti.<\/p>\n<p data-start=\"632\" data-end=\"810\">Otev\u0159i \u010depel pomoc\u00ed charakteristick\u00e9ho <strong data-start=\"671\" data-end=\"700\">kruhov\u00e9ho otvoru Spyderco<\/strong> a zajisti ji <strong data-start=\"714\" data-end=\"729\">Back Lockem<\/strong> \u2014 syst\u00e9mem, kter\u00fd ti d\u00e1 jistotu <strong data-start=\"762\" data-end=\"795\">pevn\u00e9ho a bezpe\u010dn\u00e9ho uzam\u010den\u00ed<\/strong> v ka\u017ed\u00e9m tahu.<\/p>\n<hr data-start=\"812\" data-end=\"815\" \/>\n<h3 data-start=\"817\" data-end=\"842\">Charakter a filozofie<\/h3>\n<p data-start=\"844\" data-end=\"1173\">Polestar je navr\u017een jako <strong data-start=\"869\" data-end=\"895\">lehk\u00fd a v\u0161estrann\u00fd n\u016f\u017e<\/strong> pro ka\u017edodenn\u00ed no\u0161en\u00ed (EDC).<br data-start=\"924\" data-end=\"927\" \/>Jeho design klade d\u016fraz na <strong data-start=\"954\" data-end=\"1020\">komfort ovl\u00e1d\u00e1n\u00ed, spolehliv\u00fd v\u00fdkon a jednoduchou ovladatelnost<\/strong>. Nen\u00e1padn\u00fd profil, ergonomick\u00e1 rukoje\u0165 a funk\u010dn\u00ed konstrukce z n\u011bj d\u011blaj\u00ed <strong data-start=\"1094\" data-end=\"1172\">praktick\u00fd n\u00e1stroj, na kter\u00fd se m\u016f\u017ee\u0161 spolehnout v b\u011b\u017en\u00e9m \u017eivot\u011b i v ter\u00e9nu<\/strong>.<\/p>\n<p data-start=\"1175\" data-end=\"1233\">Je to n\u016f\u017e, kter\u00fd <strong data-start=\"1192\" data-end=\"1233\">neru\u0161\u00ed, ale v\u017edy funguje tak, jak m\u00e1.<\/strong><\/p>\n<hr data-start=\"1235\" data-end=\"1238\" \/>\n<h2 data-start=\"1240\" data-end=\"1255\">\ud83c\udfed O v\u00fdrobci<\/h2>\n<p data-start=\"1257\" data-end=\"1588\">Spyderco je zna\u010dka, kter\u00e1 dlouhodob\u011b pat\u0159\u00ed mezi \u0161pi\u010dku modern\u00edho no\u017e\u00ed\u0159stv\u00ed.<br data-start=\"1332\" data-end=\"1335\" \/>D\u00edky d\u016frazu na <strong data-start=\"1350\" data-end=\"1399\">ergonomii, inovativn\u00ed \u0159e\u0161en\u00ed a funk\u010dn\u00ed design<\/strong> jsou jejich no\u017ee obl\u00edbenci profesion\u00e1l\u016f i nad\u0161enc\u016f po cel\u00e9m sv\u011bt\u011b.<br data-start=\"1466\" data-end=\"1469\" \/>Polestar je dal\u0161\u00edm p\u0159\u00edkladem t\u00e9to filozofie \u2014 <strong data-start=\"1515\" data-end=\"1561\">jednoduch\u00fd, spolehliv\u00fd a praktick\u00fd n\u00e1stroj<\/strong> bez zbyte\u010dn\u00fdch kompromis\u016f.<\/p>\n<hr data-start=\"1590\" data-end=\"1593\" \/>\n<h2 data-start=\"1595\" data-end=\"1622\">\u2699\ufe0f Technick\u00e9 specifikace<\/h2>\n<div class=\"TyagGW_tableContainer\">\n<div class=\"group TyagGW_tableWrapper flex w-fit flex-col-reverse\" tabindex=\"-1\">\n<table class=\"w-fit min-w-(--thread-content-width)\" data-start=\"1624\" data-end=\"2178\">\n<thead data-start=\"1624\" data-end=\"1646\">\n<tr data-start=\"1624\" data-end=\"1646\">\n<th data-start=\"1624\" data-end=\"1635\" data-col-size=\"sm\">Parametr<\/th>\n<th data-start=\"1635\" data-end=\"1646\" data-col-size=\"md\">Hodnota<\/th>\n<\/tr>\n<\/thead>\n<tbody data-start=\"1670\" data-end=\"2178\">\n<tr data-start=\"1670\" data-end=\"1705\">\n<td data-start=\"1670\" data-end=\"1686\" data-col-size=\"sm\">Celkov\u00e1 d\u00e9lka<\/td>\n<td data-start=\"1686\" data-end=\"1705\" data-col-size=\"md\">cca <strong data-start=\"1692\" data-end=\"1703\">17,7 cm<\/strong><\/td>\n<\/tr>\n<tr data-start=\"1706\" data-end=\"1739\">\n<td data-start=\"1706\" data-end=\"1721\" data-col-size=\"sm\">D\u00e9lka \u010depele<\/td>\n<td data-col-size=\"md\" data-start=\"1721\" data-end=\"1739\">cca <strong data-start=\"1727\" data-end=\"1737\">7,5 cm<\/strong><\/td>\n<\/tr>\n<tr data-start=\"1740\" data-end=\"1776\">\n<td data-start=\"1740\" data-end=\"1758\" data-col-size=\"sm\">Tlou\u0161\u0165ka \u010depele<\/td>\n<td data-start=\"1758\" data-end=\"1776\" data-col-size=\"md\">cca <strong data-start=\"1764\" data-end=\"1774\">3,0 mm<\/strong><\/td>\n<\/tr>\n<tr data-start=\"1777\" data-end=\"1836\">\n<td data-start=\"1777\" data-end=\"1795\" data-col-size=\"sm\">Materi\u00e1l \u010depele<\/td>\n<td data-col-size=\"md\" data-start=\"1795\" data-end=\"1836\"><strong data-start=\"1797\" data-end=\"1809\">CPM S30V<\/strong> \u2013 pr\u00e9miov\u00e1 nerezov\u00e1 ocel<\/td>\n<\/tr>\n<tr data-start=\"1837\" data-end=\"1874\">\n<td data-start=\"1837\" data-end=\"1853\" data-col-size=\"sm\">Tvrdost oceli<\/td>\n<td data-start=\"1853\" data-end=\"1874\" data-col-size=\"md\">cca <strong data-start=\"1859\" data-end=\"1872\">58\u201360 HRC<\/strong><\/td>\n<\/tr>\n<tr data-start=\"1875\" data-end=\"1907\">\n<td data-start=\"1875\" data-end=\"1889\" data-col-size=\"sm\">Tvar \u010depele<\/td>\n<td data-col-size=\"md\" data-start=\"1889\" data-end=\"1907\"><strong data-start=\"1891\" data-end=\"1905\">Leaf-shape<\/strong><\/td>\n<\/tr>\n<tr data-start=\"1908\" data-end=\"1933\">\n<td data-start=\"1908\" data-end=\"1924\" data-col-size=\"sm\">Povrch \u010depele<\/td>\n<td data-start=\"1924\" data-end=\"1933\" data-col-size=\"md\">Satin<\/td>\n<\/tr>\n<tr data-start=\"1934\" data-end=\"1974\">\n<td data-start=\"1934\" data-end=\"1944\" data-col-size=\"sm\">Rukoje\u0165<\/td>\n<td data-start=\"1944\" data-end=\"1974\" data-col-size=\"md\"><strong data-start=\"1946\" data-end=\"1958\">\u0160ed\u00e1 FRN<\/strong> \u2013 texturovan\u00e1<\/td>\n<\/tr>\n<tr data-start=\"1975\" data-end=\"2036\">\n<td data-start=\"1975\" data-end=\"1983\" data-col-size=\"sm\">Z\u00e1mek<\/td>\n<td data-col-size=\"md\" data-start=\"1983\" data-end=\"2036\"><strong data-start=\"1985\" data-end=\"1998\">Back Lock<\/strong> \u2013 spolehliv\u00fd a bezpe\u010dn\u00fd mechanismus<\/td>\n<\/tr>\n<tr data-start=\"2037\" data-end=\"2075\">\n<td data-start=\"2037\" data-end=\"2049\" data-col-size=\"sm\">Otev\u00edr\u00e1n\u00ed<\/td>\n<td data-col-size=\"md\" data-start=\"2049\" data-end=\"2075\">Kruhov\u00fd otvor Spyderco<\/td>\n<\/tr>\n<tr data-start=\"2076\" data-end=\"2119\">\n<td data-start=\"2076\" data-end=\"2083\" data-col-size=\"sm\">Klip<\/td>\n<td data-start=\"2083\" data-end=\"2119\" data-col-size=\"md\">\u010cty\u0159polohov\u00fd \u2013 flexibiln\u00ed no\u0161en\u00ed<\/td>\n<\/tr>\n<tr data-start=\"2120\" data-end=\"2150\">\n<td data-start=\"2120\" data-end=\"2131\" data-col-size=\"sm\">Hmotnost<\/td>\n<td data-start=\"2131\" data-end=\"2150\" data-col-size=\"md\">cca <strong data-start=\"2137\" data-end=\"2148\">85\u201395 g<\/strong><\/td>\n<\/tr>\n<tr data-start=\"2151\" data-end=\"2178\">\n<td data-start=\"2151\" data-end=\"2160\" data-col-size=\"sm\">V\u00fdroba<\/td>\n<td data-start=\"2160\" data-end=\"2178\" data-col-size=\"md\">USA \/ Japonsko<\/td>\n<\/tr>\n<\/tbody>\n<\/table>\n<\/div>\n<\/div>\n<hr data-start=\"2180\" data-end=\"2183\" \/>\n<h2 data-start=\"2185\" data-end=\"2203\">\u2705 Hlavn\u00ed v\u00fdhody<\/h2>\n<ul data-start=\"2205\" data-end=\"2586\">\n<li data-start=\"2205\" data-end=\"2273\">\n<p data-start=\"2207\" data-end=\"2273\"><strong data-start=\"2207\" data-end=\"2239\">Kompaktn\u00ed a lehk\u00e1 konstrukce<\/strong> \u2013 ide\u00e1ln\u00ed pro ka\u017edodenn\u00ed no\u0161en\u00ed<\/p>\n<\/li>\n<li data-start=\"2274\" data-end=\"2345\">\n<p data-start=\"2276\" data-end=\"2345\"><strong data-start=\"2276\" data-end=\"2302\">Pr\u00e9miov\u00e1 ocel CPM S30V<\/strong> \u2013 v\u00fdborn\u00e1 rovnov\u00e1ha ostrosti a odolnosti<\/p>\n<\/li>\n<li data-start=\"2346\" data-end=\"2393\">\n<p data-start=\"2348\" data-end=\"2393\"><strong data-start=\"2348\" data-end=\"2361\">Back Lock<\/strong> \u2013 bezpe\u010dn\u00e9 uzam\u010den\u00ed p\u0159i pr\u00e1ci<\/p>\n<\/li>\n<li data-start=\"2394\" data-end=\"2471\">\n<p data-start=\"2396\" data-end=\"2471\"><strong data-start=\"2396\" data-end=\"2430\">Ergonomick\u00e1 FRN rukoje\u0165 (\u0161ed\u00e1)<\/strong> \u2013 jist\u00fd \u00fachop i p\u0159i mokr\u00fdch podm\u00ednk\u00e1ch<\/p>\n<\/li>\n<li data-start=\"2472\" data-end=\"2526\">\n<p data-start=\"2474\" data-end=\"2526\"><strong data-start=\"2474\" data-end=\"2495\">\u010cty\u0159polohov\u00fd klip<\/strong> \u2013 variabiln\u00ed mo\u017enosti no\u0161en\u00ed<\/p>\n<\/li>\n<li data-start=\"2527\" data-end=\"2586\">\n<p data-start=\"2529\" data-end=\"2586\"><strong data-start=\"2529\" data-end=\"2555\">Kruhov\u00fd otvor Spyderco<\/strong> \u2013 rychl\u00e9 a intuitivn\u00ed otev\u0159en\u00ed<\/p>\n<\/li>\n<\/ul>\n<hr data-start=\"2588\" data-end=\"2591\" \/>\n<h2 data-start=\"2593\" data-end=\"2612\">\u26a0\ufe0f Mo\u017en\u00e1 omezen\u00ed<\/h2>\n<ul data-start=\"2614\" data-end=\"2771\">\n<li data-start=\"2614\" data-end=\"2670\">\n<p data-start=\"2616\" data-end=\"2670\">Men\u0161\u00ed velikost m\u016f\u017ee b\u00fdt m\u00e9n\u011b vhodn\u00e1 pro t\u011b\u017ek\u00e9 p\u00e1\u010den\u00ed<\/p>\n<\/li>\n<li data-start=\"2671\" data-end=\"2720\">\n<p data-start=\"2673\" data-end=\"2720\">Jednoduch\u00fd design je funk\u010dn\u00ed \u2013 ne dekorativn\u00ed<\/p>\n<\/li>\n<li data-start=\"2721\" data-end=\"2771\">\n<p data-start=\"2723\" data-end=\"2771\">Vy\u0161\u0161\u00ed cena odpov\u00edd\u00e1 pou\u017eit\u00ed kvalitn\u00edch materi\u00e1l\u016f<\/p>\n<\/li>\n<\/ul>\n<hr data-start=\"2773\" data-end=\"2776\" \/>\n<h2 data-start=\"2778\" data-end=\"2798\">\ud83d\udee0\ufe0f \u00dadr\u017eba a p\u00e9\u010de<\/h2>\n<ul data-start=\"2800\" data-end=\"3040\">\n<li data-start=\"2800\" data-end=\"2844\">\n<p data-start=\"2802\" data-end=\"2844\">Po pou\u017eit\u00ed \u010depel d\u016fkladn\u011b o\u010disti a osu\u0161\u00ed<\/p>\n<\/li>\n<li data-start=\"2845\" data-end=\"2882\">\n<p data-start=\"2847\" data-end=\"2882\">Rukoje\u0165 FRN \u010dist\u011b jemn\u00fdm had\u0159\u00edkem<\/p>\n<\/li>\n<li data-start=\"2883\" data-end=\"2942\">\n<p data-start=\"2885\" data-end=\"2942\">Vyh\u00fdbej se abrazivn\u00edm a agresivn\u00edm \u010distic\u00edm prost\u0159edk\u016fm<\/p>\n<\/li>\n<li data-start=\"2943\" data-end=\"2998\">\n<p data-start=\"2945\" data-end=\"2998\">Pivot a Back Lock pravideln\u011b proma\u017e vhodn\u00fdm mazivem<\/p>\n<\/li>\n<li data-start=\"2999\" data-end=\"3040\">\n<p data-start=\"3001\" data-end=\"3040\">Skladuj v such\u00e9m prost\u0159ed\u00ed mimo vlhkost<\/p>\n<\/li>\n<\/ul>\n<hr data-start=\"3042\" data-end=\"3045\" \/>\n<h2 data-start=\"3047\" data-end=\"3083\">\ud83d\udd2a Pro udr\u017een\u00ed ost\u0159\u00ed doporu\u010dujeme<\/h2>\n<p data-start=\"3085\" data-end=\"3199\">Pro zachov\u00e1n\u00ed maxim\u00e1ln\u00ed ostrosti \u010depele <strong data-start=\"3125\" data-end=\"3137\">CPM S30V<\/strong> doporu\u010dujeme kvalitn\u00ed syst\u00e9m brou\u0161en\u00ed ur\u010den\u00fd pro tvrd\u00e1 ost\u0159\u00ed.<\/p>\n<p data-start=\"3201\" data-end=\"3304\">Ide\u00e1ln\u00ed volbou je <strong data-start=\"3219\" data-end=\"3285\">Spyderco Tri-Angle Sharpmaker Complete Sharpening System 204MF<\/strong>, kter\u00fd umo\u017e\u0148uje:<\/p>\n<ul data-start=\"3305\" data-end=\"3454\">\n<li data-start=\"3305\" data-end=\"3348\">\n<p data-start=\"3307\" data-end=\"3348\"><strong data-start=\"3307\" data-end=\"3346\">p\u0159esn\u00e9 a konzistentn\u00ed \u00fahly brou\u0161en\u00ed<\/strong><\/p>\n<\/li>\n<li data-start=\"3349\" data-end=\"3402\">\n<p data-start=\"3351\" data-end=\"3402\"><strong data-start=\"3351\" data-end=\"3400\">\u0161etrnou \u00fadr\u017ebu bez nadm\u011brn\u00e9ho \u00fab\u011bru materi\u00e1lu<\/strong><\/p>\n<\/li>\n<li data-start=\"3403\" data-end=\"3454\">\n<p data-start=\"3405\" data-end=\"3454\"><strong data-start=\"3405\" data-end=\"3454\">bezpe\u010dn\u00e9 pou\u017eit\u00ed i bez p\u0159edchoz\u00edch zku\u0161enost\u00ed<\/strong><\/p>\n<\/li>\n<\/ul>\n<p data-start=\"3456\" data-end=\"3501\">\ud83d\uded2 <strong data-start=\"3459\" data-end=\"3501\">Zakoup\u00edte na na\u0161ich str\u00e1nk\u00e1ch Moskito.<\/strong><\/p>\n<hr data-start=\"3503\" data-end=\"3506\" \/>\n<h2 data-start=\"3508\" data-end=\"3528\">\ud83c\udfaf Doporu\u010deno pro<\/h2>\n<ul data-start=\"3530\" data-end=\"3701\">\n<li data-start=\"3530\" data-end=\"3557\">\n<p data-start=\"3532\" data-end=\"3557\">Ka\u017edodenn\u00ed no\u0161en\u00ed (EDC)<\/p>\n<\/li>\n<li data-start=\"3558\" data-end=\"3590\">\n<p data-start=\"3560\" data-end=\"3590\">Outdoorov\u00e9 a praktick\u00e9 \u00fakoly<\/p>\n<\/li>\n<li data-start=\"3591\" data-end=\"3656\">\n<p data-start=\"3593\" data-end=\"3656\">U\u017eivatel\u00e9, kte\u0159\u00ed cht\u011bj\u00ed <strong data-start=\"3617\" data-end=\"3654\">kompaktn\u00ed, lehk\u00fd a spolehliv\u00fd n\u016f\u017e<\/strong><\/p>\n<\/li>\n<li data-start=\"3657\" data-end=\"3701\">\n<p data-start=\"3659\" data-end=\"3701\">Fanou\u0161ci ergonomick\u00e9ho a funk\u010dn\u00edho designu<\/p>\n<\/li>\n<\/ul>\n<hr data-start=\"3703\" data-end=\"3706\" \/>\n<h2 data-start=\"3708\" data-end=\"3732\">\u2b50 Z\u00e1v\u011bre\u010dn\u00e9 hodnocen\u00ed<\/h2>\n<p data-start=\"3734\" data-end=\"3950\">Spyderco <strong data-start=\"3743\" data-end=\"3764\">Polestar C220GPGY<\/strong> je <strong data-start=\"3768\" data-end=\"3804\">vyv\u00e1\u017een\u00fd a pohodln\u00fd zav\u00edrac\u00ed n\u016f\u017e<\/strong>, kter\u00fd poskytuje <strong data-start=\"3822\" data-end=\"3866\">spolehliv\u00fd v\u00fdkon p\u0159i ka\u017edodenn\u00edm pou\u017eit\u00ed<\/strong>.<br data-start=\"3867\" data-end=\"3870\" \/>Lehk\u00fd, praktick\u00fd a v\u017edy p\u0159ipraven\u00fd \u2014 p\u0159esn\u011b takov\u00fd n\u016f\u017e, kter\u00fd chce\u0161 m\u00edt po ruce.<\/p>\n<p data-start=\"3952\" data-end=\"4007\"><strong data-start=\"3952\" data-end=\"4007\">Polestar \u2014 lehkost, kterou poc\u00edt\u00ed\u0161 p\u0159i ka\u017ed\u00e9m tahu.<\/strong><\/p>\n","protected":false},"excerpt":{"rendered":"<p data-start=\"3734\" data-end=\"3950\"><strong>Spyderco Polestar C220GPGY je vyv\u00e1\u017een\u00fd a pohodln\u00fd zav\u00edrac\u00ed n\u016f\u017e, kter\u00fd poskytuje spolehliv\u00fd v\u00fdkon p\u0159i ka\u017edodenn\u00edm pou\u017eit\u00ed.<\/strong><br data-start=\"3867\" data-end=\"3870\" \/><strong>Lehk\u00fd, praktick\u00fd a v\u017edy p\u0159ipraven\u00fd \u2014 p\u0159esn\u011b takov\u00fd n\u016f\u017e, kter\u00fd chce\u0161 m\u00edt po ruce.<\/strong><\/p>\n<p data-start=\"3952\" data-end=\"4007\"><strong data-start=\"3952\" data-end=\"4007\">Polestar \u2014 lehkost, kterou poc\u00edt\u00ed\u0161 p\u0159i ka\u017ed\u00e9m tahu.<\/strong><\/p>\n","protected":false},"featured_media":260805,"comment_status":"open","ping_status":"closed","template":"","meta":[],"pwb-brand":[567],"product_brand":[],"product_cat":[22,17],"product_tag":[3667],"class_list":{"0":"post-260804","1":"product","2":"type-product","3":"status-publish","4":"has-post-thumbnail","6":"pwb-brand-spyderco","7":"product_cat-zaviraci-noze","8":"product_cat-noze","9":"product_tag-b2b","11":"first","12":"instock","13":"taxable","14":"shipping-taxable","15":"purchasable","16":"product-type-simple"},"brands":[{"id":567,"name":"Spyderco","slug":"spyderco"}],"_links":{"self":[{"href":"https:\/\/www.moskito.cz\/de\/wp-json\/wp\/v2\/product\/260804","targetHints":{"allow":["GET"]}}],"collection":[{"href":"https:\/\/www.moskito.cz\/de\/wp-json\/wp\/v2\/product"}],"about":[{"href":"https:\/\/www.moskito.cz\/de\/wp-json\/wp\/v2\/types\/product"}],"replies":[{"embeddable":true,"href":"https:\/\/www.moskito.cz\/de\/wp-json\/wp\/v2\/comments?post=260804"}],"wp:featuredmedia":[{"embeddable":true,"href":"https:\/\/www.moskito.cz\/de\/wp-json\/wp\/v2\/media\/260805"}],"wp:attachment":[{"href":"https:\/\/www.moskito.cz\/de\/wp-json\/wp\/v2\/media?parent=260804"}],"wp:term":[{"taxonomy":"pwb-brand","embeddable":true,"href":"https:\/\/www.moskito.cz\/de\/wp-json\/wp\/v2\/pwb-brand?post=260804"},{"taxonomy":"product_brand","embeddable":true,"href":"https:\/\/www.moskito.cz\/de\/wp-json\/wp\/v2\/product_brand?post=260804"},{"taxonomy":"product_cat","embeddable":true,"href":"https:\/\/www.moskito.cz\/de\/wp-json\/wp\/v2\/product_cat?post=260804"},{"taxonomy":"product_tag","embeddable":true,"href":"https:\/\/www.moskito.cz\/de\/wp-json\/wp\/v2\/product_tag?post=260804"}],"curies":[{"name":"wp","href":"https:\/\/api.w.org\/{rel}","templated":true}]}}