{"id":261091,"date":"2023-12-04T21:48:17","date_gmt":"2023-12-04T20:48:17","guid":{"rendered":"https:\/\/www.moskito.cz\/?post_type=product&#038;p=261091"},"modified":"2025-08-07T15:20:12","modified_gmt":"2025-08-07T14:20:12","slug":"zaviraci-nuz-spyderco-efficient-c216gpbbk","status":"publish","type":"product","link":"https:\/\/www.moskito.cz\/de\/produkt\/zaviraci-nuz-spyderco-efficient-c216gpbbk\/","title":{"rendered":"Zav\u00edrac\u00ed N\u016f\u017e Spyderco Efficient C216GPBBK"},"content":{"rendered":"<p>Zav\u00edrac\u00ed N\u016f\u017e <strong>Spyderco<\/strong> Efficient C216GPBBK<\/p>\n<p>Efficient, od z\u00e1kladu navr\u017een\u00fd jako cenov\u011b dostupn\u00fd, u\u017eivatelsky orientovan\u00fd zav\u00edrac\u00ed n\u016f\u017e, si Efficient rychle vydobyl respektovan\u00e9 m\u00edsto v \u0159ad\u011b no\u017e\u016f Spyderco. Aby je\u0161t\u011b l\u00e9pe vyhovoval pot\u0159eb\u00e1m taktick\u00fdch koncov\u00fdch u\u017eivatel\u016f, Spyderco jej nyn\u00ed nab\u00edz\u00ed v celo\u010dern\u00e9 konfiguraci s nereflexn\u00edm \u010dern\u00fdm oxidov\u00fdm povlakem \u010depele a odpov\u00eddaj\u00edc\u00edmi \u010dern\u00fdmi vlo\u017ekami a hardwarem rukojeti. Je k dispozici s mo\u017enost\u00ed v\u00fdb\u011bru \u010depele PlainEdge nebo CombinationEdge a zachov\u00e1v\u00e1 si v\u0161echny vysoce v\u00fdkonn\u00e9 funkce p\u016fvodn\u00ed verze, v\u010detn\u011b \u010depele 8Cr13MoV s \u00fapln\u00fdm ploch\u00fdm brou\u0161en\u00edm, ukazov\u00e1\u010dku, robustn\u00edho mechanismu LinerLock, texturovan\u00fdch stupnic G10, lemovan\u00e9ho lanka. otvorem a oboustrannou sponou p\u0159es\u00fdpac\u00edch hodin, kterou lze nakonfigurovat pro no\u0161en\u00ed se sklopnou levou nebo pravou stranou.<\/p>\n<p>Specifikace:<br \/>\nD\u00e9lka \u010depele: 7.45 cm<br \/>\nD\u00e9lka v zav\u0159en\u00e9m stavu: 10.22 cm<br \/>\nCelkov\u00e1 d\u00e9lka: 17.67 cm<br \/>\nMateri\u00e1l \u010depele: Nerezov\u00e1 ocel 8Cr13MoV<br \/>\nStyl \u010depele: Drop Point<br \/>\nBrou\u0161en\u00ed \u010depele: Pln\u011b ploch\u00e9<br \/>\nPovrchov\u00e1 \u00faprava \u010depele: \u010dern\u00fd oxid<br \/>\nOst\u0159\u00ed \u010depele: Hladk\u00e9<br \/>\nMateri\u00e1l rukojeti: G10<br \/>\nBarva rukojeti: \u010cern\u00e1<br \/>\nUzamykac\u00ed mechanismus: Vlo\u017eka<br \/>\nKapesn\u00ed klip: Vykl\u00e1p\u011bn\u00ed, lev\u00e9\/prav\u00e9 no\u0161en\u00ed<br \/>\n\u010c\u00edslo modelu: C216GPBBK<br \/>\nN\u00e1zev modelu: Efficient Black Blade<br \/>\nHmotnost: 4,1 oz.<\/p>\n","protected":false},"excerpt":{"rendered":"<p><strong>Efficient, od z\u00e1kladu navr\u017een\u00fd jako cenov\u011b dostupn\u00fd, u\u017eivatelsky orientovan\u00fd zav\u00edrac\u00ed n\u016f\u017e, si Efficient rychle vydobyl respektovan\u00e9 m\u00edsto v \u0159ad\u011b no\u017e\u016f Spyderco.<\/strong><\/p>\n","protected":false},"featured_media":261092,"comment_status":"open","ping_status":"closed","template":"","meta":[],"pwb-brand":[567],"product_brand":[],"product_cat":[22,17],"product_tag":[3667],"class_list":{"0":"post-261091","1":"product","2":"type-product","3":"status-publish","4":"has-post-thumbnail","6":"pwb-brand-spyderco","7":"product_cat-zaviraci-noze","8":"product_cat-noze","9":"product_tag-b2b","11":"first","12":"instock","13":"taxable","14":"shipping-taxable","15":"purchasable","16":"product-type-simple"},"brands":[{"id":567,"name":"Spyderco","slug":"spyderco"}],"_links":{"self":[{"href":"https:\/\/www.moskito.cz\/de\/wp-json\/wp\/v2\/product\/261091","targetHints":{"allow":["GET"]}}],"collection":[{"href":"https:\/\/www.moskito.cz\/de\/wp-json\/wp\/v2\/product"}],"about":[{"href":"https:\/\/www.moskito.cz\/de\/wp-json\/wp\/v2\/types\/product"}],"replies":[{"embeddable":true,"href":"https:\/\/www.moskito.cz\/de\/wp-json\/wp\/v2\/comments?post=261091"}],"wp:featuredmedia":[{"embeddable":true,"href":"https:\/\/www.moskito.cz\/de\/wp-json\/wp\/v2\/media\/261092"}],"wp:attachment":[{"href":"https:\/\/www.moskito.cz\/de\/wp-json\/wp\/v2\/media?parent=261091"}],"wp:term":[{"taxonomy":"pwb-brand","embeddable":true,"href":"https:\/\/www.moskito.cz\/de\/wp-json\/wp\/v2\/pwb-brand?post=261091"},{"taxonomy":"product_brand","embeddable":true,"href":"https:\/\/www.moskito.cz\/de\/wp-json\/wp\/v2\/product_brand?post=261091"},{"taxonomy":"product_cat","embeddable":true,"href":"https:\/\/www.moskito.cz\/de\/wp-json\/wp\/v2\/product_cat?post=261091"},{"taxonomy":"product_tag","embeddable":true,"href":"https:\/\/www.moskito.cz\/de\/wp-json\/wp\/v2\/product_tag?post=261091"}],"curies":[{"name":"wp","href":"https:\/\/api.w.org\/{rel}","templated":true}]}}