{"id":261838,"date":"2023-12-17T20:43:40","date_gmt":"2023-12-17T19:43:40","guid":{"rendered":"https:\/\/www.moskito.cz\/?post_type=product&#038;p=261838"},"modified":"2025-06-28T12:01:26","modified_gmt":"2025-06-28T11:01:26","slug":"zaviraci-nuz-spyderco-honeybee-micro-size-non-locking-c137bkp","status":"publish","type":"product","link":"https:\/\/www.moskito.cz\/de\/produkt\/zaviraci-nuz-spyderco-honeybee-micro-size-non-locking-c137bkp\/","title":{"rendered":"Zav\u00edrac\u00ed N\u016f\u017e Spyderco HoneyBee Micro-Size (non-locking) C137BKP"},"content":{"rendered":"<p>Zav\u00edrac\u00ed N\u016f\u017e <strong>Spyderco<\/strong> HoneyBee Micro-Size (non-locking) C137BKP<\/p>\n<p>Mikroskluzov\u00e1 <strong>Spyderca<\/strong> jsou pln\u011b funk\u010dn\u00ed \u0159ezn\u00e9 n\u00e1stroje dostate\u010dn\u011b mal\u00e9, aby se ve\u0161ly na kl\u00ed\u010denku. Jejich kulat\u00e9 otvory s ochrannou zn\u00e1mkou je hrd\u011b identifikuj\u00ed jako no\u017ee Spyderco a nab\u00edzej\u00ed pohodln\u00e9 otev\u00edr\u00e1n\u00ed bez neht\u016f. Tyto pozoruhodn\u00e9 no\u017ee, pe\u010dliv\u011b vyroben\u00e9 z nerezov\u00e9 oceli, jsou nyn\u00ed k dispozici v kr\u00e1sn\u00e9m celo\u010dern\u00e9m proveden\u00ed. \u010cepele i rukojeti maj\u00ed odolnou povrchovou \u00fapravu z \u010dern\u00e9ho oxidu, kter\u00e1 zv\u00fdraz\u0148uje jejich bezprobl\u00e9movou funk\u010dnost a umo\u017e\u0148uje jim je\u0161t\u011b l\u00e9pe zapadnout do va\u0161\u00ed kl\u00ed\u010denky.<\/p>\n<p>Specifikace:<br \/>\nD\u00e9lka \u010depele: 4.2 cm<br \/>\nD\u00e9lka v zav\u0159en\u00e9m stavu: 5.2 cm<br \/>\nCelkov\u00e1 d\u00e9lka: 9.4 cm<br \/>\nMateri\u00e1l \u010depele: Nerezov\u00e1 ocel 3Cr13<br \/>\nTlou\u0161\u0165ka \u010depele: 0,16 cm<br \/>\nStyl \u010depele: Drop Point<br \/>\nBrou\u0161en\u00ed \u010depele: Pln\u011b ploch\u00e9<br \/>\nPovrchov\u00e1 \u00faprava \u010depele: Black Oxide Coated<br \/>\nMateri\u00e1l rukojeti: Nerezov\u00e1 ocel pota\u017een\u00e1 \u010dern\u00fdm oxidem<br \/>\nUzamykac\u00ed mechanismus: Kluzn\u00fd kloub<br \/>\nKapesn\u00ed klip: \u017d\u00e1dn\u00fd<br \/>\nHmotnost: 0,6 oz. (17 g)<\/p>\n","protected":false},"excerpt":{"rendered":"<p><strong>Mikroskluzov\u00e1 Spyderca jsou pln\u011b funk\u010dn\u00ed \u0159ezn\u00e9 n\u00e1stroje dostate\u010dn\u011b mal\u00e9, aby se ve\u0161ly na kl\u00ed\u010denku.<\/strong><\/p>\n","protected":false},"featured_media":261839,"comment_status":"open","ping_status":"closed","template":"","meta":[],"pwb-brand":[567],"product_brand":[],"product_cat":[22,17],"product_tag":[3667],"class_list":{"0":"post-261838","1":"product","2":"type-product","3":"status-publish","4":"has-post-thumbnail","6":"pwb-brand-spyderco","7":"product_cat-zaviraci-noze","8":"product_cat-noze","9":"product_tag-b2b","11":"first","12":"instock","13":"taxable","14":"shipping-taxable","15":"purchasable","16":"product-type-simple"},"brands":[{"id":567,"name":"Spyderco","slug":"spyderco"}],"_links":{"self":[{"href":"https:\/\/www.moskito.cz\/de\/wp-json\/wp\/v2\/product\/261838","targetHints":{"allow":["GET"]}}],"collection":[{"href":"https:\/\/www.moskito.cz\/de\/wp-json\/wp\/v2\/product"}],"about":[{"href":"https:\/\/www.moskito.cz\/de\/wp-json\/wp\/v2\/types\/product"}],"replies":[{"embeddable":true,"href":"https:\/\/www.moskito.cz\/de\/wp-json\/wp\/v2\/comments?post=261838"}],"wp:featuredmedia":[{"embeddable":true,"href":"https:\/\/www.moskito.cz\/de\/wp-json\/wp\/v2\/media\/261839"}],"wp:attachment":[{"href":"https:\/\/www.moskito.cz\/de\/wp-json\/wp\/v2\/media?parent=261838"}],"wp:term":[{"taxonomy":"pwb-brand","embeddable":true,"href":"https:\/\/www.moskito.cz\/de\/wp-json\/wp\/v2\/pwb-brand?post=261838"},{"taxonomy":"product_brand","embeddable":true,"href":"https:\/\/www.moskito.cz\/de\/wp-json\/wp\/v2\/product_brand?post=261838"},{"taxonomy":"product_cat","embeddable":true,"href":"https:\/\/www.moskito.cz\/de\/wp-json\/wp\/v2\/product_cat?post=261838"},{"taxonomy":"product_tag","embeddable":true,"href":"https:\/\/www.moskito.cz\/de\/wp-json\/wp\/v2\/product_tag?post=261838"}],"curies":[{"name":"wp","href":"https:\/\/api.w.org\/{rel}","templated":true}]}}