{"id":261947,"date":"2023-12-20T20:38:35","date_gmt":"2023-12-20T19:38:35","guid":{"rendered":"https:\/\/www.moskito.cz\/?post_type=product&#038;p=261947"},"modified":"2025-05-07T10:54:54","modified_gmt":"2025-05-07T09:54:54","slug":"zaviraci-nuz-rockstead-higo-ii-ti-dlc-s-japanese","status":"publish","type":"product","link":"https:\/\/www.moskito.cz\/de\/produkt\/zaviraci-nuz-rockstead-higo-ii-ti-dlc-s-japanese\/","title":{"rendered":"Zav\u00edrac\u00ed N\u016f\u017e Rockstead HIGO II TI-DLC (S) Japanese"},"content":{"rendered":"<p>Zav\u00edrac\u00ed N\u016f\u017e <strong>Rockstead<\/strong> HIGO II TI-DLC (S) Japanese<\/p>\n<p><strong>Rockstead Knives<\/strong> jsou podle na\u0161eho n\u00e1zoru jedny z nejlep\u0161\u00edch no\u017e\u016f dostupn\u00fdch na trhu. D\u00edky pe\u010dliv\u00e9mu \u0159emesln\u00e9mu zpracov\u00e1n\u00ed a jedine\u010dn\u00fdm design\u016fm Rockstead stoj\u00ed tato polozak\u00e1zkov\u00fd n\u016f\u017e za pr\u00e9miovou cenu. Slo\u017eka HIGO II se vyzna\u010duje drobn\u00fdmi zm\u011bnami v designu HIGO JH, hlavn\u011b tyto kr\u00e1sn\u011b fr\u00e9zovan\u00e9 titanov\u00e9 \u0161upiny. \u010cepel je st\u00e1le 3,5&#8243; z uhl\u00edkov\u00e9 oceli YXR7 s \u010dernou zrcadlovou \u00fapravou DLC a nejlep\u0161\u00edm ost\u0159\u00edm v oboru. Tento n\u016f\u017e m\u00e1 \u00fahel ost\u0159\u00ed 30\u00b0 bl\u00edzko poloviny a 24\u00b0 bl\u00edzko horn\u00ed \u010d\u00e1sti s jedn\u00edm souvisl\u00fdm, postupn\u011b se zmen\u0161uj\u00edc\u00edm \u00fahlem jejich spojen\u00edm. Tento zmen\u0161uj\u00edc\u00ed se \u00fahel \u010depele je v\u00fdsledkem neust\u00e1l\u00e9ho \u00fasil\u00ed spole\u010dnosti Rockstead o vynikaj\u00edc\u00ed ostrost. Otev\u00edr\u00e1n\u00ed je plynul\u00e9 s pevn\u00fdm titanov\u00fdm z\u00e1mkem, kter\u00fd \u010depel bezpe\u010dn\u011b dr\u017e\u00ed na m\u00edst\u011b. Neuv\u011b\u0159iteln\u00e9ho zrcadlov\u00e9ho povrchu je dosa\u017eeno tepeln\u00fdm zpracov\u00e1n\u00edm \u010depele a postupn\u00e9 ru\u010dn\u00ed brou\u0161en\u00ed brusn\u00fdm pap\u00edrem o zrnitosti 400, 600, 800, 1 200 a 2 000 zrnitosti. To je velmi intenzivn\u00ed a \u010dasov\u011b n\u00e1ro\u010dn\u00e9, proto\u017ee pokud by se b\u011bhem tohoto procesu objevily n\u011bjak\u00e9 \u0161kr\u00e1bance, je nutn\u00e9 \u010depel poslat zp\u011bt do p\u0159edchoz\u00edho kroku k oprav\u011b . Jakmile je toto dokon\u010deno, \u010depel bude obrou\u0161ena pro fin\u00e1ln\u00ed povrchovou \u00fapravu. Lid\u00e9 z Rockstead tento proces zvl\u00e1dli, aby dali no\u017ei kr\u00e1sn\u00fd povrch a ostr\u00e9 ost\u0159\u00ed jako \u017e\u00e1dn\u00fd jin\u00fd. HIGO II TI-ZDP se dod\u00e1v\u00e1 s pravou rukou , vykl\u00e1p\u011bc\u00ed kapesn\u00ed spona a ka\u017ed\u00fd n\u016f\u017e je individu\u00e1ln\u011b o\u010d\u00edslov\u00e1n a obsahuje certifik\u00e1t pravosti.<\/p>\n<p>&nbsp;<\/p>\n<p>Specifikace:<br \/>\nD\u00e9lka \u010depele: 8.9 cm<br \/>\nD\u00e9lka v zav\u0159en\u00e9m stavu: 12.1 cm<br \/>\nCelkov\u00e1 d\u00e9lka: 21 cm<br \/>\nTlou\u0161\u0165ka \u010depele: 0,32 cm<br \/>\nMateri\u00e1l \u010depele: YXR7 Steel<br \/>\nTvrdost \u010depele: 64 HRC (p\u0159ibli\u017en\u011b)<br \/>\nStyl \u010depele: Drop Point<br \/>\nBrou\u0161en\u00ed \u010depele: Konvexn\u00ed<br \/>\nPovrchov\u00e1 \u00faprava \u010depele: DLC (Diamond Like Coating), Black Polished<br \/>\nTlou\u0161\u0165ka rukojeti: 0,59&#8243;<br \/>\nMateri\u00e1l rukojeti: Titan, leskl\u00fd (le\u0161t\u011bn\u00fd) DLC<br \/>\nUzamykac\u00ed mechanismus: Frame Lock<br \/>\nKapesn\u00ed klip: Vykl\u00e1p\u011bc\u00ed, prav\u00e9 no\u0161en\u00ed<br \/>\nHmotnost: 4,9 oz. (138 g)<br \/>\nVyrobeno v Japonsku<\/p>\n","protected":false},"excerpt":{"rendered":"<p><strong>Rockstead Knives jsou podle na\u0161eho n\u00e1zoru jedny z nejlep\u0161\u00edch no\u017e\u016f dostupn\u00fdch na trhu. D\u00edky pe\u010dliv\u00e9mu \u0159emesln\u00e9mu zpracov\u00e1n\u00ed a jedine\u010dn\u00fdm design\u016fm Rockstead stoj\u00ed tato polozak\u00e1zkov\u00fd n\u016f\u017e za pr\u00e9miovou cenu.<\/strong><\/p>\n<p><strong>Doprava zdarma.<\/strong><\/p>\n","protected":false},"featured_media":261948,"comment_status":"open","ping_status":"closed","template":"","meta":[],"pwb-brand":[3227],"product_brand":[],"product_cat":[22,17],"product_tag":[],"class_list":{"0":"post-261947","1":"product","2":"type-product","3":"status-publish","4":"has-post-thumbnail","6":"pwb-brand-rockstead","7":"product_cat-zaviraci-noze","8":"product_cat-noze","10":"first","11":"instock","12":"taxable","13":"shipping-taxable","14":"purchasable","15":"product-type-simple"},"brands":[{"id":3227,"name":"Rockstead","slug":"rockstead"}],"_links":{"self":[{"href":"https:\/\/www.moskito.cz\/de\/wp-json\/wp\/v2\/product\/261947","targetHints":{"allow":["GET"]}}],"collection":[{"href":"https:\/\/www.moskito.cz\/de\/wp-json\/wp\/v2\/product"}],"about":[{"href":"https:\/\/www.moskito.cz\/de\/wp-json\/wp\/v2\/types\/product"}],"replies":[{"embeddable":true,"href":"https:\/\/www.moskito.cz\/de\/wp-json\/wp\/v2\/comments?post=261947"}],"wp:featuredmedia":[{"embeddable":true,"href":"https:\/\/www.moskito.cz\/de\/wp-json\/wp\/v2\/media\/261948"}],"wp:attachment":[{"href":"https:\/\/www.moskito.cz\/de\/wp-json\/wp\/v2\/media?parent=261947"}],"wp:term":[{"taxonomy":"pwb-brand","embeddable":true,"href":"https:\/\/www.moskito.cz\/de\/wp-json\/wp\/v2\/pwb-brand?post=261947"},{"taxonomy":"product_brand","embeddable":true,"href":"https:\/\/www.moskito.cz\/de\/wp-json\/wp\/v2\/product_brand?post=261947"},{"taxonomy":"product_cat","embeddable":true,"href":"https:\/\/www.moskito.cz\/de\/wp-json\/wp\/v2\/product_cat?post=261947"},{"taxonomy":"product_tag","embeddable":true,"href":"https:\/\/www.moskito.cz\/de\/wp-json\/wp\/v2\/product_tag?post=261947"}],"curies":[{"name":"wp","href":"https:\/\/api.w.org\/{rel}","templated":true}]}}