{"id":264724,"date":"2024-01-25T02:06:35","date_gmt":"2024-02-05T09:45:12","guid":{"rendered":"https:\/\/www.moskito.cz\/produkt\/kaesemesser-5-130-mm-dellinger-dellinger-classic-sandal-wood\/"},"modified":"2025-05-07T10:55:24","modified_gmt":"2025-05-07T09:55:24","slug":"kaesemesser-5-130-mm-dellinger-dellinger-classic-sandal-wood","status":"publish","type":"product","link":"https:\/\/www.moskito.cz\/de\/produkt\/kaesemesser-5-130-mm-dellinger-dellinger-classic-sandal-wood\/","title":{"rendered":"K\u00e4semesser 5&#8243; &#8211; 130 mm Dellinger Dellinger CLASSIC Sandal Wood"},"content":{"rendered":"<p>K\u00e4semesser 5&#8243; Dellinger Classic Sandal Wood &amp; Messer geeignet zum Schneiden von K\u00e4se, Obst und Gem\u00fcse &amp; Klinge aus deutschem Stahl 1.4116 &amp; Westerngriff aus Sandelholz &amp; Klingenl\u00e4nge 130 mm &amp; Klingenh\u00e4rte 56-58 HRC<\/p>\n","protected":false},"excerpt":{"rendered":"<p>K\u00e4semesser 5&#8243; Dellinger Classic Sandal Wood &amp; Messer geeignet zum Schneiden von K\u00e4se, Obst und Gem\u00fcse &amp; Klinge aus deutschem Stahl 1.4116 &amp; Westerngriff aus Sandelholz &amp; Klingenl\u00e4nge 130 mm &amp; Klingenh\u00e4rte 56-58 HRC<\/p>\n","protected":false},"featured_media":0,"comment_status":"closed","ping_status":"open","template":"","meta":[],"pwb-brand":[],"product_brand":[],"product_cat":[3885],"product_tag":[],"class_list":{"0":"post-264724","1":"product","2":"type-product","3":"status-publish","5":"product_cat-wurzen","7":"first","8":"instock","9":"purchasable","10":"product-type-simple"},"brands":[],"_links":{"self":[{"href":"https:\/\/www.moskito.cz\/de\/wp-json\/wp\/v2\/product\/264724","targetHints":{"allow":["GET"]}}],"collection":[{"href":"https:\/\/www.moskito.cz\/de\/wp-json\/wp\/v2\/product"}],"about":[{"href":"https:\/\/www.moskito.cz\/de\/wp-json\/wp\/v2\/types\/product"}],"replies":[{"embeddable":true,"href":"https:\/\/www.moskito.cz\/de\/wp-json\/wp\/v2\/comments?post=264724"}],"wp:attachment":[{"href":"https:\/\/www.moskito.cz\/de\/wp-json\/wp\/v2\/media?parent=264724"}],"wp:term":[{"taxonomy":"pwb-brand","embeddable":true,"href":"https:\/\/www.moskito.cz\/de\/wp-json\/wp\/v2\/pwb-brand?post=264724"},{"taxonomy":"product_brand","embeddable":true,"href":"https:\/\/www.moskito.cz\/de\/wp-json\/wp\/v2\/product_brand?post=264724"},{"taxonomy":"product_cat","embeddable":true,"href":"https:\/\/www.moskito.cz\/de\/wp-json\/wp\/v2\/product_cat?post=264724"},{"taxonomy":"product_tag","embeddable":true,"href":"https:\/\/www.moskito.cz\/de\/wp-json\/wp\/v2\/product_tag?post=264724"}],"curies":[{"name":"wp","href":"https:\/\/api.w.org\/{rel}","templated":true}]}}