{"id":306054,"date":"2018-10-15T17:54:19","date_gmt":"2024-02-05T20:16:05","guid":{"rendered":"https:\/\/www.moskito.cz\/produkt\/mag-lite-ml25-lt-led-taschenlampe\/"},"modified":"2025-07-11T07:48:03","modified_gmt":"2025-07-11T06:48:03","slug":"mag-lite-ml25-lt-led-taschenlampe","status":"publish","type":"product","link":"https:\/\/www.moskito.cz\/de\/produkt\/mag-lite-ml25-lt-led-taschenlampe\/","title":{"rendered":"Mag-Lite ML25 LT LED-Taschenlampe"},"content":{"rendered":"<p>Gesamtl\u00e4nge betr\u00e4gt 17 cm, wasserdicht, sto\u00dffest, drehbarer Kopf, Ein\/Aus und Fokus, ausgewogene Optik, Kerzenfunktion, Entfernung 319 Meter. 177 Lumen bei 2 Stunden Betriebszeit. Ben\u00f6tigt (2) Typ-C-Batterien (nicht im Lieferumfang enthalten). Schwarzes Aluminiumgeh\u00e4use.<\/p>\n<p>Insgesamt 6,6 Zoll. Wasserfest. Schlagfest. Kopf drehen, ein-\/ausschalten und fokussieren. Ausgewogene Optik. Mit Kerzenmodus. 319 m Strahlentfernung. 177 Lumen mit 2 Stunden Laufzeit. Ben\u00f6tigt (2) C-Zellen-Batterien (nicht im Lieferumfang enthalten). Schwarzes Aluminiumgeh\u00e4use. Verpackt.<\/p>\n","protected":false},"excerpt":{"rendered":"<p>Mag-Lite ML25 LT LED-Taschenlampe<\/p>\n","protected":false},"featured_media":123760,"comment_status":"open","ping_status":"closed","template":"","meta":[],"pwb-brand":[3382],"product_brand":[],"product_cat":[3335,3368],"product_tag":[],"class_list":{"0":"post-306054","1":"product","2":"type-product","3":"status-publish","4":"has-post-thumbnail","6":"pwb-brand-mag-lite-de","7":"product_cat-camping-de","8":"product_cat-lampen","10":"first","11":"outofstock","12":"taxable","13":"shipping-taxable","14":"purchasable","15":"product-type-simple"},"brands":[{"id":3382,"name":"Mag-Lite","slug":"mag-lite-de"}],"_links":{"self":[{"href":"https:\/\/www.moskito.cz\/de\/wp-json\/wp\/v2\/product\/306054","targetHints":{"allow":["GET"]}}],"collection":[{"href":"https:\/\/www.moskito.cz\/de\/wp-json\/wp\/v2\/product"}],"about":[{"href":"https:\/\/www.moskito.cz\/de\/wp-json\/wp\/v2\/types\/product"}],"replies":[{"embeddable":true,"href":"https:\/\/www.moskito.cz\/de\/wp-json\/wp\/v2\/comments?post=306054"}],"wp:featuredmedia":[{"embeddable":true,"href":"https:\/\/www.moskito.cz\/de\/wp-json\/wp\/v2\/media\/123760"}],"wp:attachment":[{"href":"https:\/\/www.moskito.cz\/de\/wp-json\/wp\/v2\/media?parent=306054"}],"wp:term":[{"taxonomy":"pwb-brand","embeddable":true,"href":"https:\/\/www.moskito.cz\/de\/wp-json\/wp\/v2\/pwb-brand?post=306054"},{"taxonomy":"product_brand","embeddable":true,"href":"https:\/\/www.moskito.cz\/de\/wp-json\/wp\/v2\/product_brand?post=306054"},{"taxonomy":"product_cat","embeddable":true,"href":"https:\/\/www.moskito.cz\/de\/wp-json\/wp\/v2\/product_cat?post=306054"},{"taxonomy":"product_tag","embeddable":true,"href":"https:\/\/www.moskito.cz\/de\/wp-json\/wp\/v2\/product_tag?post=306054"}],"curies":[{"name":"wp","href":"https:\/\/api.w.org\/{rel}","templated":true}]}}