{"id":306079,"date":"2018-09-18T19:14:13","date_gmt":"2018-09-18T18:14:13","guid":{"rendered":"https:\/\/www.moskito.cz\/produkt\/mittelalterliche-ruestung-schlicht\/"},"modified":"2026-03-29T18:52:00","modified_gmt":"2026-03-29T17:52:00","slug":"mittelalterliche-ruestung-schlicht","status":"publish","type":"product","link":"https:\/\/www.moskito.cz\/de\/produkt\/mittelalterliche-ruestung-schlicht\/","title":{"rendered":"Mittelalterliche R\u00fcstung schlicht."},"content":{"rendered":"<p>Obwohl der Ursprung der Kampfr\u00fcstung bis in die \u00e4gyptische Zeit zur\u00fcckreicht, ist die griechische und r\u00f6mische mittelalterliche R\u00fcstung die bekannteste. Sie besteht aus Platten aus Stahl oder Eisen, die durch Haken und N\u00e4gel miteinander verbunden sind und den Krieger mittels Riemen und Schnallen halten. Es begann in Europa sowohl von der Infanterie als auch von der Kavallerie eingesetzt zu werden. Im 14. und 15. Jahrhundert erreichte es seine Perfektion. Mitte des 16. Jahrhunderts erfolgte die Umwandlung in luxuri\u00f6se Kleidung f\u00fcr einen Krieger, verziert mit den Sch\u00f6nheiten der Bildhauerkunst und der Metallindustrie. Im 17. Jahrhundert kam es zu einem deutlichen Anstieg der Schusswaffen, ab dem 18. Jahrhundert dienen sie nur noch der Dekoration von Burgen, Schl\u00f6ssern und Museen.<\/p>\n<p>Die K\u00f6nigliche Waffenkammer in Madrid beherbergt eine der gr\u00f6\u00dften und reichhaltigsten Waffensammlungen der Welt und umfasst St\u00fccke haupts\u00e4chlich aus dem 16. Jahrhundert. Jahrhundert von Carlos I., von dem Marto seine Inspiration bezieht und sie in verschiedenen Gr\u00f6\u00dfen oder Ma\u00dfst\u00e4ben reproduziert. Die verwendeten Materialien sind den Originalen sehr \u00e4hnlich, das Eisen und der Stahl sind handgefertigt, die Brokate imitieren die Stoffe dieser Zeit.<\/p>\n<p>Gr\u00f6\u00dfe 200 cm<\/p>\n","protected":false},"excerpt":{"rendered":"<p>Mittelalterliche R\u00fcstung schlicht.<\/p>\n","protected":false},"featured_media":156130,"comment_status":"open","ping_status":"closed","template":"","meta":[],"pwb-brand":[3406],"product_brand":[],"product_cat":[3409,3407],"product_tag":[],"class_list":{"0":"post-306079","1":"product","2":"type-product","3":"status-publish","4":"has-post-thumbnail","6":"pwb-brand-martha-de-2","7":"product_cat-rustung","8":"product_cat-schwerter-dolche-repliken","10":"first","11":"onbackorder","12":"taxable","13":"shipping-taxable","14":"purchasable","15":"product-type-simple"},"brands":[{"id":3406,"name":"Martha","slug":"martha-de-2"}],"_links":{"self":[{"href":"https:\/\/www.moskito.cz\/de\/wp-json\/wp\/v2\/product\/306079","targetHints":{"allow":["GET"]}}],"collection":[{"href":"https:\/\/www.moskito.cz\/de\/wp-json\/wp\/v2\/product"}],"about":[{"href":"https:\/\/www.moskito.cz\/de\/wp-json\/wp\/v2\/types\/product"}],"replies":[{"embeddable":true,"href":"https:\/\/www.moskito.cz\/de\/wp-json\/wp\/v2\/comments?post=306079"}],"wp:featuredmedia":[{"embeddable":true,"href":"https:\/\/www.moskito.cz\/de\/wp-json\/wp\/v2\/media\/156130"}],"wp:attachment":[{"href":"https:\/\/www.moskito.cz\/de\/wp-json\/wp\/v2\/media?parent=306079"}],"wp:term":[{"taxonomy":"pwb-brand","embeddable":true,"href":"https:\/\/www.moskito.cz\/de\/wp-json\/wp\/v2\/pwb-brand?post=306079"},{"taxonomy":"product_brand","embeddable":true,"href":"https:\/\/www.moskito.cz\/de\/wp-json\/wp\/v2\/product_brand?post=306079"},{"taxonomy":"product_cat","embeddable":true,"href":"https:\/\/www.moskito.cz\/de\/wp-json\/wp\/v2\/product_cat?post=306079"},{"taxonomy":"product_tag","embeddable":true,"href":"https:\/\/www.moskito.cz\/de\/wp-json\/wp\/v2\/product_tag?post=306079"}],"curies":[{"name":"wp","href":"https:\/\/api.w.org\/{rel}","templated":true}]}}