{"id":306137,"date":"2022-04-21T11:20:21","date_gmt":"2024-02-05T20:18:39","guid":{"rendered":"https:\/\/www.moskito.cz\/produkt\/schiessmesser-microtech-ultratech-stonewashed-123-10bl\/"},"modified":"2025-05-07T10:55:46","modified_gmt":"2025-05-07T09:55:46","slug":"schiessmesser-microtech-ultratech-stonewashed-123-10bl","status":"publish","type":"product","link":"https:\/\/www.moskito.cz\/de\/produkt\/schiessmesser-microtech-ultratech-stonewashed-123-10bl\/","title":{"rendered":"Schie\u00dfmesser Microtech Ultratech Stonewashed 123-10BL"},"content":{"rendered":"<p>Schie\u00dfmesser <strong>Microtech<\/strong> Ultratech Stonewashed 123-10BL<\/p>\n<p>Das Ultratech-Automatikmesser mit Dual-Action-Front von Microtech setzt den Standard in dieser Kategorie. Diese Version verf\u00fcgt \u00fcber einen blau eloxierten und geformten Griff und eine satinierte, zweischneidige Klinge aus CTS-204P.<\/p>\n<p>Ganz neu direkt von Microtech Knives. Hergestellt in den USA.<\/p>\n<p>Die Klinge verf\u00fcgt \u00fcber ein majest\u00e4tisches Satin-Finish und doppelte, glatte Standard-Schneidkanten oben und unten. Die Klinge mit feiner Spitze besteht aus erstklassigem amerikanischem Edelstahl CTS-204P. Die 3,44-Zoll-Klinge verf\u00fcgt \u00fcber einen doppelt wirkenden \u00d6ffnungs- und Schlie\u00dfmechanismus. Bewegen Sie einfach den Daumenschieber an der Seite des Griffs zum Ausfahren nach oben und zum Einfahren nach unten. Die interne Feder bleibt sowohl in der offenen als auch in der geschlossenen Position still, um den Verschlei\u00df zu reduzieren. Die Aktion ist reibungslos und schnell.<\/p>\n<p>Griff: Glattes, blau eloxiertes 6061-T6-Aluminium mit konturierten Kanten, die nicht nur f\u00fcr ein angenehmes Handgef\u00fchl sorgen, sondern auch einen reibungslosen \u00dcbergang in die Tasche und aus der Tasche heraus erm\u00f6glichen. An den Au\u00dfenseiten befinden sich mehrere Bereiche mit maschinell gerillter Textur, um den Halt zu verbessern. Dieser leichtere und ergonomischere Griff schont H\u00e4nde und Augen. Die Griffkonstruktion wird durch die patentierte Hardware von Microtech, ein Glasbruchende und einen eingespritzten Taschenclip mit individueller Seriennummer\/Herstellungsdatum vervollst\u00e4ndigt.<\/p>\n<p>Wird in der rechten Hand getragen, der Taschenclip klappt nur heraus.<\/p>\n<p>CTS-204P: Hochfester pulvermetallurgischer rostfreier Werkzeugstahl. Der Stahl enth\u00e4lt eine gro\u00dfe Menge extrem harter Vanadiumkarbide, die eine hervorragende Verschlei\u00dffestigkeit bieten. CTS-204P hat einen der h\u00f6chsten Chromgehalte der derzeit erh\u00e4ltlichen Edelst\u00e4hle mit hohem Vanadiumgehalt. Die chromreiche Matrix sorgt f\u00fcr eine hervorragende Korrosionsbest\u00e4ndigkeit. Zu den Analoga des CTS-204P geh\u00f6ren der CPM-20CV und der Bohler M390.<\/p>\n<p>Bitte beachten Sie, dass der Klingenstahl nicht angegeben werden kann, da dieser je nach Verf\u00fcgbarkeit variieren kann (Informationen von Microtech).<\/p>\n<p>Gesamtl\u00e4nge: 22 cm<br \/>\nKlingenl\u00e4nge: 8,6 cm<br \/>\nKlingenmaterial: Stonewashed CTS-204P<br \/>\nKlingenstil: Tanto<br \/>\nEins\u00e4tze: Flach<br \/>\nRandtyp: Uni<br \/>\nGriffmaterial: Aluminium<br \/>\nGewicht: 3,60 Unzen.<br \/>\nBenutzer: Rechte Hand<br \/>\nTaschenclip: Tip-Down<br \/>\nMessertyp: Double-Action OTF Automatic<br \/>\n\u00d6ffner: Daumenschieber<br \/>\nMarke: Microtech<br \/>\nModell: Ultratech<\/p>\n<p><iframe title=\"Microtech Combat Troodon Torture Test\" width=\"800\" height=\"450\" src=\"https:\/\/www.youtube.com\/embed\/xE9TeOFYEjg?feature=oembed\" frameborder=\"0\" allow=\"accelerometer; autoplay; clipboard-write; encrypted-media; gyroscope; picture-in-picture; web-share\" allowfullscreen><\/iframe><\/p>\n<p>&nbsp;<\/p>\n<p>&nbsp;<\/p>\n","protected":false},"excerpt":{"rendered":"<div class=\"elementor-element elementor-element-bbb542b elementor-widget elementor-widget-woocommerce-product-short-description\" data-id=\"bbb542b\" data-element_type=\"widget\" data-widget_type=\"woocommerce-product-short-description.default\">\n<div class=\"elementor-widget-container\">\n<div class=\"woocommerce-product-details__short-description\">\n<p>Im Laufe der Jahre hat <strong>Microtech\u00ae<\/strong> Knives Messer mit Leidenschaft und K\u00f6nnen gef\u00fcllt, um nahezu Kunstwerke zu schaffen, die den Gipfel der Funktionalit\u00e4t darstellen. Alle Teile werden in den USA hergestellt.<br \/>\n<strong>F\u00fcr alle Microtech-Messer gilt eine lebenslange Garantie.<\/strong><\/p>\n<p><strong>Kostenloser Transport.<\/strong><\/p>\n<\/div>\n<\/div>\n<\/div>\n","protected":false},"featured_media":306139,"comment_status":"open","ping_status":"closed","template":"","meta":[],"pwb-brand":[3278],"product_brand":[],"product_cat":[3285,3343],"product_tag":[3669],"class_list":{"0":"post-306137","1":"product","2":"type-product","3":"status-publish","4":"has-post-thumbnail","6":"pwb-brand-microtech-de","7":"product_cat-messer","8":"product_cat-schiesmesser","9":"product_tag-b2b-de","11":"first","12":"instock","13":"taxable","14":"shipping-taxable","15":"purchasable","16":"product-type-simple"},"brands":[{"id":3278,"name":"Microtech","slug":"microtech-de"}],"_links":{"self":[{"href":"https:\/\/www.moskito.cz\/de\/wp-json\/wp\/v2\/product\/306137","targetHints":{"allow":["GET"]}}],"collection":[{"href":"https:\/\/www.moskito.cz\/de\/wp-json\/wp\/v2\/product"}],"about":[{"href":"https:\/\/www.moskito.cz\/de\/wp-json\/wp\/v2\/types\/product"}],"replies":[{"embeddable":true,"href":"https:\/\/www.moskito.cz\/de\/wp-json\/wp\/v2\/comments?post=306137"}],"wp:featuredmedia":[{"embeddable":true,"href":"https:\/\/www.moskito.cz\/de\/wp-json\/wp\/v2\/media\/306139"}],"wp:attachment":[{"href":"https:\/\/www.moskito.cz\/de\/wp-json\/wp\/v2\/media?parent=306137"}],"wp:term":[{"taxonomy":"pwb-brand","embeddable":true,"href":"https:\/\/www.moskito.cz\/de\/wp-json\/wp\/v2\/pwb-brand?post=306137"},{"taxonomy":"product_brand","embeddable":true,"href":"https:\/\/www.moskito.cz\/de\/wp-json\/wp\/v2\/product_brand?post=306137"},{"taxonomy":"product_cat","embeddable":true,"href":"https:\/\/www.moskito.cz\/de\/wp-json\/wp\/v2\/product_cat?post=306137"},{"taxonomy":"product_tag","embeddable":true,"href":"https:\/\/www.moskito.cz\/de\/wp-json\/wp\/v2\/product_tag?post=306137"}],"curies":[{"name":"wp","href":"https:\/\/api.w.org\/{rel}","templated":true}]}}