{"id":306145,"date":"2019-02-09T09:25:13","date_gmt":"2024-02-05T20:18:41","guid":{"rendered":"https:\/\/www.moskito.cz\/produkt\/boeker-special-run-thorn-mokuti-113210-klappmesser\/"},"modified":"2025-07-11T07:48:10","modified_gmt":"2025-07-11T06:48:10","slug":"boeker-special-run-thorn-mokuti-113210-klappmesser","status":"publish","type":"product","link":"https:\/\/www.moskito.cz\/de\/produkt\/boeker-special-run-thorn-mokuti-113210-klappmesser\/","title":{"rendered":"B\u00f6ker Special Run Thorn Mokuti 113210 Klappmesser"},"content":{"rendered":"<p>B\u00f6ker Special Run Thorn Mokuti 113210 Klappmesser.<\/p>\n<p><span class=\"tlid-translation translation\">Nach der sehr erfolgreichen Ans\u00f8 67 Mokuti, die 2012 in einer limitierten Kleinserie erschien und innerhalb weniger Tage ausverkauft war, m\u00f6chten wir mit Thorne Mokuti (Design Jim Burke aus Mississippi \/ USA) allen Sammlern ein neues Projekt vorstellen, das sogar abtaucht tiefer in \u201eMokuti\u201c. Chad Nichols, ebenfalls aus Mississippi, mit einem rostfreien Damast, den wir bereits f\u00fcr einige unserer Damastmesser verwendet haben, ist einer der wenigen Schmiede weltweit, der die Herstellung dieses damastgeschwei\u00dften Verbundwerkstoffs aus zwei Titanlegierungen beherrscht. In einem sehr aufwendigen Schmiedeverfahren entsteht aus zwei verschiedenen Titanlegierungen ein Material, das nicht nur sehr exklusiv, sondern auch \u00e4u\u00dferst langlebig ist. Aus diesem innovativen und einzigartigen Material, das sonst ausschlie\u00dflich f\u00fcr hochwertige Custom-Messer verwendet wird, fertigt B\u00f6ker in der Serienmesserfertigung der B\u00f6ker Manufaktur Solingen ausschlie\u00dflich ein komplettes Rahmenmesser. Um den Grad an Raffinesse und Exklusivit\u00e4t im Vergleich zum ersten Mokuti-Modell zu steigern, bietet Thorn Mokuti einen kompletten Griff aus edlem Material an. Das Backcover besteht ebenfalls aus Mokuti und ist wie beim Standardmodell als Titanschloss ausgef\u00fchrt. Der desinfizierte Clip sorgt f\u00fcr zus\u00e4tzliche Betonung der R\u00fcckseite des Griffs. Um das hohe Niveau dieses exklusiven Sammlermessers zu erreichen, haben wir uns bei der Klinge f\u00fcr den pulvermetallurgischen Klingenstahl CPM S35-VN entschieden, der neue Ma\u00dfst\u00e4be hinsichtlich Schnitthaltigkeit und weiteren Eigenschaften setzt. Die fein geschliffene Klinge zeichnet sich durch ihre zweifarbige Oberfl\u00e4che aus, die f\u00fcr einen dynamischen und dennoch harmonischen Schliff sorgt. Dadurch wird sichergestellt, dass die beabsichtigte Exklusivit\u00e4t dieses Projekts vom Griff auf die Klinge \u00fcbertragen wird. Produziert werden lediglich 199 Messer in zwei streng limitierten Serien, eine f\u00fcr Europa und eine f\u00fcr die USA, jeweils mit entsprechend codierter Seriennummer. Die Lieferung erfolgt mit Zertifikat und in einer hochwertigen Sammlerbox.<br \/>\nSpezifikationen<\/span><\/p>\n<p>Gesamtl\u00e4nge: 15,9 cm<br \/>\nKlingenl\u00e4nge: 6,6 cm<br \/>\nGewicht: 87 g<br \/>\nKlingenst\u00e4rke: 3,5 mm<br \/>\nKlingenmaterial: CPM S-35VN<br \/>\nGriffmaterial: Titan<br \/>\nDesigner: Jim Burke<\/p>\n<p>&nbsp;<\/p>\n","protected":false},"excerpt":{"rendered":"<p>Feststellmesser mit Sicherung.<\/p>\n","protected":false},"featured_media":198642,"comment_status":"open","ping_status":"closed","template":"","meta":[],"pwb-brand":[3422],"product_brand":[],"product_cat":[3285,3303],"product_tag":[3669],"class_list":{"0":"post-306145","1":"product","2":"type-product","3":"status-publish","4":"has-post-thumbnail","6":"pwb-brand-boker-de","7":"product_cat-messer","8":"product_cat-schliesmesser","9":"product_tag-b2b-de","11":"first","12":"instock","13":"taxable","14":"shipping-taxable","15":"purchasable","16":"product-type-simple"},"brands":[{"id":3422,"name":"B\u00f6ker","slug":"boker-de"}],"_links":{"self":[{"href":"https:\/\/www.moskito.cz\/de\/wp-json\/wp\/v2\/product\/306145","targetHints":{"allow":["GET"]}}],"collection":[{"href":"https:\/\/www.moskito.cz\/de\/wp-json\/wp\/v2\/product"}],"about":[{"href":"https:\/\/www.moskito.cz\/de\/wp-json\/wp\/v2\/types\/product"}],"replies":[{"embeddable":true,"href":"https:\/\/www.moskito.cz\/de\/wp-json\/wp\/v2\/comments?post=306145"}],"wp:featuredmedia":[{"embeddable":true,"href":"https:\/\/www.moskito.cz\/de\/wp-json\/wp\/v2\/media\/198642"}],"wp:attachment":[{"href":"https:\/\/www.moskito.cz\/de\/wp-json\/wp\/v2\/media?parent=306145"}],"wp:term":[{"taxonomy":"pwb-brand","embeddable":true,"href":"https:\/\/www.moskito.cz\/de\/wp-json\/wp\/v2\/pwb-brand?post=306145"},{"taxonomy":"product_brand","embeddable":true,"href":"https:\/\/www.moskito.cz\/de\/wp-json\/wp\/v2\/product_brand?post=306145"},{"taxonomy":"product_cat","embeddable":true,"href":"https:\/\/www.moskito.cz\/de\/wp-json\/wp\/v2\/product_cat?post=306145"},{"taxonomy":"product_tag","embeddable":true,"href":"https:\/\/www.moskito.cz\/de\/wp-json\/wp\/v2\/product_tag?post=306145"}],"curies":[{"name":"wp","href":"https:\/\/api.w.org\/{rel}","templated":true}]}}