{"id":306158,"date":"2019-02-09T09:17:56","date_gmt":"2024-02-05T20:18:43","guid":{"rendered":"https:\/\/www.moskito.cz\/produkt\/boeker-scout-mother-of-pearl-klappmesser\/"},"modified":"2025-07-11T07:48:09","modified_gmt":"2025-07-11T06:48:09","slug":"boeker-scout-mother-of-pearl-klappmesser","status":"publish","type":"product","link":"https:\/\/www.moskito.cz\/de\/produkt\/boeker-scout-mother-of-pearl-klappmesser\/","title":{"rendered":"B\u00f6ker Scout Mother Of Pearl Klappmesser"},"content":{"rendered":"<p><strong>B\u00f6ker<\/strong> Scout Mother Of Pearl Klappmesser.<\/p>\n<p>Die B\u00f6ker Solingen Manufaktur f\u00fchrt die deutsche Tradition ber\u00fchmter Messer seit 1869 fort. Diese Premiummarke stellt handgefertigte Messer f\u00fcr J\u00e4ger, Verteidigung, Alltagskleidung sowie milit\u00e4rische Spezialmesser f\u00fcr h\u00e4rteste Bedingungen her.<\/p>\n<p>Gesamtl\u00e4nge: 18,4 cm<br \/>\nKlingenl\u00e4nge: 8 cm<br \/>\nKlingenst\u00e4rke: 2,5 mm<br \/>\nGewicht: 270 g<br \/>\nKlingenmaterial: N690<br \/>\nGriffmaterial: Perlmutt<\/p>\n","protected":false},"excerpt":{"rendered":"<p>Feststellmesser mit Sicherung.<\/p>\n","protected":false},"featured_media":190190,"comment_status":"open","ping_status":"closed","template":"","meta":[],"pwb-brand":[3422],"product_brand":[],"product_cat":[3285,3303],"product_tag":[3669],"class_list":{"0":"post-306158","1":"product","2":"type-product","3":"status-publish","4":"has-post-thumbnail","6":"pwb-brand-boker-de","7":"product_cat-messer","8":"product_cat-schliesmesser","9":"product_tag-b2b-de","11":"first","12":"outofstock","13":"taxable","14":"shipping-taxable","15":"purchasable","16":"product-type-simple"},"brands":[{"id":3422,"name":"B\u00f6ker","slug":"boker-de"}],"_links":{"self":[{"href":"https:\/\/www.moskito.cz\/de\/wp-json\/wp\/v2\/product\/306158","targetHints":{"allow":["GET"]}}],"collection":[{"href":"https:\/\/www.moskito.cz\/de\/wp-json\/wp\/v2\/product"}],"about":[{"href":"https:\/\/www.moskito.cz\/de\/wp-json\/wp\/v2\/types\/product"}],"replies":[{"embeddable":true,"href":"https:\/\/www.moskito.cz\/de\/wp-json\/wp\/v2\/comments?post=306158"}],"wp:featuredmedia":[{"embeddable":true,"href":"https:\/\/www.moskito.cz\/de\/wp-json\/wp\/v2\/media\/190190"}],"wp:attachment":[{"href":"https:\/\/www.moskito.cz\/de\/wp-json\/wp\/v2\/media?parent=306158"}],"wp:term":[{"taxonomy":"pwb-brand","embeddable":true,"href":"https:\/\/www.moskito.cz\/de\/wp-json\/wp\/v2\/pwb-brand?post=306158"},{"taxonomy":"product_brand","embeddable":true,"href":"https:\/\/www.moskito.cz\/de\/wp-json\/wp\/v2\/product_brand?post=306158"},{"taxonomy":"product_cat","embeddable":true,"href":"https:\/\/www.moskito.cz\/de\/wp-json\/wp\/v2\/product_cat?post=306158"},{"taxonomy":"product_tag","embeddable":true,"href":"https:\/\/www.moskito.cz\/de\/wp-json\/wp\/v2\/product_tag?post=306158"}],"curies":[{"name":"wp","href":"https:\/\/api.w.org\/{rel}","templated":true}]}}