{"id":306160,"date":"2019-02-09T11:55:47","date_gmt":"2024-02-05T20:18:44","guid":{"rendered":"https:\/\/www.moskito.cz\/produkt\/boeker-epicenter-01bo170-schliessmesser\/"},"modified":"2025-07-11T07:48:13","modified_gmt":"2025-07-11T06:48:13","slug":"boeker-epicenter-01bo170-schliessmesser","status":"publish","type":"product","link":"https:\/\/www.moskito.cz\/de\/produkt\/boeker-epicenter-01bo170-schliessmesser\/","title":{"rendered":"B\u00f6ker Epicenter 01BO170 Schlie\u00dfmesser"},"content":{"rendered":"<p><strong>B\u00f6ker<\/strong> Epicenter 01BO170 Schlie\u00dfmesser.<\/p>\n<p>B\u00d6KER\u00ae ist ein deutsches Unternehmen, das Messer h\u00f6chster Qualit\u00e4t herstellt. Messer mit feststehender Klinge, Klappmesser, K\u00fcchenmesser und Messerhalter erfreuen sich aufgrund ihrer au\u00dfergew\u00f6hnlichen Qualit\u00e4t gro\u00dfer Beliebtheit bei vielen Kunden auf der ganzen Welt. Alle Messer sind aus den besten, langlebigen Materialien gefertigt und werden ein unverzichtbarer Helfer zu Hause, in der Werkstatt, bei der Jagd und auf einem Ausflug in die Natur sein. Sie werden ein tolles Geschenk f\u00fcr Ihre Lieben und Gesch\u00e4ftspartner sein. Seien Sie originell, nutzen Sie die Gravurm\u00f6glichkeit und versehen Sie das Messer mit Ihrem Firmenlogo oder dem Namen des Empf\u00e4ngers.<\/p>\n<p>B\u00f6ker Epicenter 01BO170 Schlie\u00dfmesser:<\/p>\n<p>Feststellmesser mit Sicherung<br \/>\nGesamtl\u00e4nge: 21,2 cm.<br \/>\nKlingenl\u00e4nge: 8,9 cm.<br \/>\nGewicht: 200 g.<br \/>\nKlingenst\u00e4rke: 4,0 mm.<br \/>\nKlingenmaterial: VG10.<br \/>\nGriffmaterial: Titan.<\/p>\n","protected":false},"excerpt":{"rendered":"<p>Feststellmesser mit Sicherung und Titangriff.<\/p>\n","protected":false},"featured_media":198639,"comment_status":"open","ping_status":"closed","template":"","meta":[],"pwb-brand":[3422],"product_brand":[],"product_cat":[3285,3303],"product_tag":[],"class_list":{"0":"post-306160","1":"product","2":"type-product","3":"status-publish","4":"has-post-thumbnail","6":"pwb-brand-boker-de","7":"product_cat-messer","8":"product_cat-schliesmesser","10":"first","11":"outofstock","12":"taxable","13":"shipping-taxable","14":"purchasable","15":"product-type-simple"},"brands":[{"id":3422,"name":"B\u00f6ker","slug":"boker-de"}],"_links":{"self":[{"href":"https:\/\/www.moskito.cz\/de\/wp-json\/wp\/v2\/product\/306160","targetHints":{"allow":["GET"]}}],"collection":[{"href":"https:\/\/www.moskito.cz\/de\/wp-json\/wp\/v2\/product"}],"about":[{"href":"https:\/\/www.moskito.cz\/de\/wp-json\/wp\/v2\/types\/product"}],"replies":[{"embeddable":true,"href":"https:\/\/www.moskito.cz\/de\/wp-json\/wp\/v2\/comments?post=306160"}],"wp:featuredmedia":[{"embeddable":true,"href":"https:\/\/www.moskito.cz\/de\/wp-json\/wp\/v2\/media\/198639"}],"wp:attachment":[{"href":"https:\/\/www.moskito.cz\/de\/wp-json\/wp\/v2\/media?parent=306160"}],"wp:term":[{"taxonomy":"pwb-brand","embeddable":true,"href":"https:\/\/www.moskito.cz\/de\/wp-json\/wp\/v2\/pwb-brand?post=306160"},{"taxonomy":"product_brand","embeddable":true,"href":"https:\/\/www.moskito.cz\/de\/wp-json\/wp\/v2\/product_brand?post=306160"},{"taxonomy":"product_cat","embeddable":true,"href":"https:\/\/www.moskito.cz\/de\/wp-json\/wp\/v2\/product_cat?post=306160"},{"taxonomy":"product_tag","embeddable":true,"href":"https:\/\/www.moskito.cz\/de\/wp-json\/wp\/v2\/product_tag?post=306160"}],"curies":[{"name":"wp","href":"https:\/\/api.w.org\/{rel}","templated":true}]}}