{"id":306161,"date":"2019-02-09T11:27:29","date_gmt":"2024-02-05T20:18:44","guid":{"rendered":"https:\/\/www.moskito.cz\/produkt\/boeker-scout-amboina-klappmesser-aus-damast\/"},"modified":"2025-07-11T07:48:12","modified_gmt":"2025-07-11T06:48:12","slug":"boeker-scout-amboina-klappmesser-aus-damast","status":"publish","type":"product","link":"https:\/\/www.moskito.cz\/de\/produkt\/boeker-scout-amboina-klappmesser-aus-damast\/","title":{"rendered":"B\u00f6ker Scout Amboina Klappmesser aus Damast"},"content":{"rendered":"<p><strong>B\u00f6ker<\/strong> Scout Amboina Klappmesser aus Damast.<\/p>\n<p>Die B\u00f6ker Solingen Manufaktur f\u00fchrt die deutsche Tradition ber\u00fchmter Messer seit 1869 fort. Diese Premiummarke stellt handgefertigte Messer f\u00fcr J\u00e4ger, Verteidigung, Alltagskleidung sowie milit\u00e4rische Spezialmesser f\u00fcr h\u00e4rteste Bedingungen her.<\/p>\n<p>Gesamtl\u00e4nge: 18 cm<br \/>\nKlingenl\u00e4nge: 7,8 cm<br \/>\nKlingenst\u00e4rke: 3 mm<br \/>\nGewicht: 508 g<br \/>\nKlingenmaterial: Damast<br \/>\nGriffmaterial: Amboina<\/p>\n","protected":false},"excerpt":{"rendered":"<p><strong>Ama\u0161ka-<\/strong> Verschlussmesser.<\/p>\n","protected":false},"featured_media":190052,"comment_status":"open","ping_status":"closed","template":"","meta":[],"pwb-brand":[3422],"product_brand":[],"product_cat":[3420,3285],"product_tag":[],"class_list":{"0":"post-306161","1":"product","2":"type-product","3":"status-publish","4":"has-post-thumbnail","6":"pwb-brand-boker-de","7":"product_cat-damaszenermesser","8":"product_cat-messer","10":"first","11":"onbackorder","12":"taxable","13":"shipping-taxable","14":"purchasable","15":"product-type-simple"},"brands":[{"id":3422,"name":"B\u00f6ker","slug":"boker-de"}],"_links":{"self":[{"href":"https:\/\/www.moskito.cz\/de\/wp-json\/wp\/v2\/product\/306161","targetHints":{"allow":["GET"]}}],"collection":[{"href":"https:\/\/www.moskito.cz\/de\/wp-json\/wp\/v2\/product"}],"about":[{"href":"https:\/\/www.moskito.cz\/de\/wp-json\/wp\/v2\/types\/product"}],"replies":[{"embeddable":true,"href":"https:\/\/www.moskito.cz\/de\/wp-json\/wp\/v2\/comments?post=306161"}],"wp:featuredmedia":[{"embeddable":true,"href":"https:\/\/www.moskito.cz\/de\/wp-json\/wp\/v2\/media\/190052"}],"wp:attachment":[{"href":"https:\/\/www.moskito.cz\/de\/wp-json\/wp\/v2\/media?parent=306161"}],"wp:term":[{"taxonomy":"pwb-brand","embeddable":true,"href":"https:\/\/www.moskito.cz\/de\/wp-json\/wp\/v2\/pwb-brand?post=306161"},{"taxonomy":"product_brand","embeddable":true,"href":"https:\/\/www.moskito.cz\/de\/wp-json\/wp\/v2\/product_brand?post=306161"},{"taxonomy":"product_cat","embeddable":true,"href":"https:\/\/www.moskito.cz\/de\/wp-json\/wp\/v2\/product_cat?post=306161"},{"taxonomy":"product_tag","embeddable":true,"href":"https:\/\/www.moskito.cz\/de\/wp-json\/wp\/v2\/product_tag?post=306161"}],"curies":[{"name":"wp","href":"https:\/\/api.w.org\/{rel}","templated":true}]}}