{"id":306176,"date":"2019-02-09T10:22:18","date_gmt":"2024-02-05T20:18:47","guid":{"rendered":"https:\/\/www.moskito.cz\/produkt\/massives-messer-boeker-amico-damascus\/"},"modified":"2025-07-11T07:48:11","modified_gmt":"2025-07-11T06:48:11","slug":"massives-messer-boeker-amico-damascus","status":"publish","type":"product","link":"https:\/\/www.moskito.cz\/de\/produkt\/massives-messer-boeker-amico-damascus\/","title":{"rendered":"Massives Messer B\u00d6KER AMICO DAMASCUS"},"content":{"rendered":"<p>Massives Messer B\u00d6KER AMICO <strong>DAMASCUS<\/strong> .  <\/p>\n<p>B\u00d6KER\u00ae ist ein deutsches Unternehmen, das Messer h\u00f6chster Qualit\u00e4t herstellt. Messer mit feststehender Klinge, Klappmesser, K\u00fcchenmesser und Messerhalter erfreuen sich aufgrund ihrer au\u00dfergew\u00f6hnlichen Qualit\u00e4t gro\u00dfer Beliebtheit bei vielen Kunden auf der ganzen Welt. Alle Messer sind aus den besten, langlebigen Materialien gefertigt und werden ein unverzichtbarer Helfer zu Hause, in der Werkstatt, bei der Jagd und auf einem Ausflug in die Natur sein. Sie werden ein tolles Geschenk f\u00fcr Ihre Lieben und Gesch\u00e4ftspartner sein. Seien Sie originell, nutzen Sie die Gravurm\u00f6glichkeit und versehen Sie das Messer mit Ihrem Firmenlogo oder dem Namen des Empf\u00e4ngers.<\/p>\n<p><span class=\"tlid-translation translation\"><span class=\"\" title=\"\">Klingenmaterial: Damaststahl<\/span><br \/>\n<span class=\"\" title=\"\">Griffmaterial: gekantetes Holz<\/span><br \/>\n<span class=\"\" title=\"\">Messerl\u00e4nge: 16,25 cm (gesamt)<\/span><br \/>\n<span class=\"\" title=\"\">Herstellungsland: Deutschland<\/span><br \/>\n<span class=\"\" title=\"\">Lieferumfang: B\u00f6ker-Displaybox aus Holz, schwarzes Lederetui.<\/span><\/span><\/p>\n","protected":false},"excerpt":{"rendered":"<p>Massives <strong>Damastmesser<\/strong> mit Scheide.<\/p>\n","protected":false},"featured_media":190070,"comment_status":"open","ping_status":"closed","template":"","meta":[],"pwb-brand":[3422],"product_brand":[],"product_cat":[3420,3285],"product_tag":[3669],"class_list":{"0":"post-306176","1":"product","2":"type-product","3":"status-publish","4":"has-post-thumbnail","6":"pwb-brand-boker-de","7":"product_cat-damaszenermesser","8":"product_cat-messer","9":"product_tag-b2b-de","11":"first","12":"instock","13":"taxable","14":"shipping-taxable","15":"purchasable","16":"product-type-simple"},"brands":[{"id":3422,"name":"B\u00f6ker","slug":"boker-de"}],"_links":{"self":[{"href":"https:\/\/www.moskito.cz\/de\/wp-json\/wp\/v2\/product\/306176","targetHints":{"allow":["GET"]}}],"collection":[{"href":"https:\/\/www.moskito.cz\/de\/wp-json\/wp\/v2\/product"}],"about":[{"href":"https:\/\/www.moskito.cz\/de\/wp-json\/wp\/v2\/types\/product"}],"replies":[{"embeddable":true,"href":"https:\/\/www.moskito.cz\/de\/wp-json\/wp\/v2\/comments?post=306176"}],"wp:featuredmedia":[{"embeddable":true,"href":"https:\/\/www.moskito.cz\/de\/wp-json\/wp\/v2\/media\/190070"}],"wp:attachment":[{"href":"https:\/\/www.moskito.cz\/de\/wp-json\/wp\/v2\/media?parent=306176"}],"wp:term":[{"taxonomy":"pwb-brand","embeddable":true,"href":"https:\/\/www.moskito.cz\/de\/wp-json\/wp\/v2\/pwb-brand?post=306176"},{"taxonomy":"product_brand","embeddable":true,"href":"https:\/\/www.moskito.cz\/de\/wp-json\/wp\/v2\/product_brand?post=306176"},{"taxonomy":"product_cat","embeddable":true,"href":"https:\/\/www.moskito.cz\/de\/wp-json\/wp\/v2\/product_cat?post=306176"},{"taxonomy":"product_tag","embeddable":true,"href":"https:\/\/www.moskito.cz\/de\/wp-json\/wp\/v2\/product_tag?post=306176"}],"curies":[{"name":"wp","href":"https:\/\/api.w.org\/{rel}","templated":true}]}}