{"id":306221,"date":"2019-02-09T18:11:00","date_gmt":"2019-02-09T17:11:00","guid":{"rendered":"https:\/\/www.moskito.cz\/produkt\/boeker-fellow-damast-klappmesser\/"},"modified":"2025-07-11T07:48:16","modified_gmt":"2025-07-11T06:48:16","slug":"boeker-fellow-damast-klappmesser","status":"publish","type":"product","link":"https:\/\/www.moskito.cz\/de\/produkt\/boeker-fellow-damast-klappmesser\/","title":{"rendered":"B\u00f6ker Fellow Damast Klappmesser"},"content":{"rendered":"<p><strong>B\u00f6ker<\/strong> Fellow Damast Klappmesser.<\/p>\n<p>Die B\u00f6ker Solingen Manufaktur f\u00fchrt die deutsche Tradition ber\u00fchmter Messer seit 1869 fort. Diese Premiummarke stellt handgefertigte Messer f\u00fcr J\u00e4ger, Verteidigung, Alltagskleidung sowie milit\u00e4rische Spezialmesser f\u00fcr h\u00e4rteste Bedingungen her.<\/p>\n<p>Zuziehmesser B\u00f6ker Fellow Damast 111045DAM:<br \/>\nGesamtl\u00e4nge: 19,1 cm<br \/>\nKlingenl\u00e4nge: 8,3 cm<br \/>\nKlingenst\u00e4rke: 1,8 mm<br \/>\nGewicht: 105 g<br \/>\nKlingenmaterial: Damast<br \/>\nGriffmaterial: Mooreiche<\/p>\n","protected":false},"excerpt":{"rendered":"<p><strong>Damast<\/strong> -Klappmesser.<\/p>\n","protected":false},"featured_media":190049,"comment_status":"open","ping_status":"closed","template":"","meta":[],"pwb-brand":[3422],"product_brand":[],"product_cat":[3420,3285],"product_tag":[3669],"class_list":{"0":"post-306221","1":"product","2":"type-product","3":"status-publish","4":"has-post-thumbnail","6":"pwb-brand-boker-de","7":"product_cat-damaszenermesser","8":"product_cat-messer","9":"product_tag-b2b-de","11":"first","12":"outofstock","13":"taxable","14":"shipping-taxable","15":"purchasable","16":"product-type-simple"},"brands":[{"id":3422,"name":"B\u00f6ker","slug":"boker-de"}],"_links":{"self":[{"href":"https:\/\/www.moskito.cz\/de\/wp-json\/wp\/v2\/product\/306221","targetHints":{"allow":["GET"]}}],"collection":[{"href":"https:\/\/www.moskito.cz\/de\/wp-json\/wp\/v2\/product"}],"about":[{"href":"https:\/\/www.moskito.cz\/de\/wp-json\/wp\/v2\/types\/product"}],"replies":[{"embeddable":true,"href":"https:\/\/www.moskito.cz\/de\/wp-json\/wp\/v2\/comments?post=306221"}],"wp:featuredmedia":[{"embeddable":true,"href":"https:\/\/www.moskito.cz\/de\/wp-json\/wp\/v2\/media\/190049"}],"wp:attachment":[{"href":"https:\/\/www.moskito.cz\/de\/wp-json\/wp\/v2\/media?parent=306221"}],"wp:term":[{"taxonomy":"pwb-brand","embeddable":true,"href":"https:\/\/www.moskito.cz\/de\/wp-json\/wp\/v2\/pwb-brand?post=306221"},{"taxonomy":"product_brand","embeddable":true,"href":"https:\/\/www.moskito.cz\/de\/wp-json\/wp\/v2\/product_brand?post=306221"},{"taxonomy":"product_cat","embeddable":true,"href":"https:\/\/www.moskito.cz\/de\/wp-json\/wp\/v2\/product_cat?post=306221"},{"taxonomy":"product_tag","embeddable":true,"href":"https:\/\/www.moskito.cz\/de\/wp-json\/wp\/v2\/product_tag?post=306221"}],"curies":[{"name":"wp","href":"https:\/\/api.w.org\/{rel}","templated":true}]}}