{"id":306322,"date":"2019-03-24T15:45:54","date_gmt":"2024-02-05T20:25:25","guid":{"rendered":"https:\/\/www.moskito.cz\/produkt\/flobert-patronen-kal-6mm-kugel-100-stk\/"},"modified":"2025-10-16T00:28:37","modified_gmt":"2025-10-15T23:28:37","slug":"flobert-patronen-kal-6mm-kugel-100-stk","status":"publish","type":"product","link":"https:\/\/www.moskito.cz\/de\/produkt\/flobert-patronen-kal-6mm-kugel-100-stk\/","title":{"rendered":"Flobert-Patronen Kal. 6mm Kugel 100 Stk"},"content":{"rendered":"<div class=\"col-md-8\">\n<p><strong>Flobert-Patronen<\/strong> Kal. 6mm Kugel 100 Stk.<\/p>\n<p>Verpackung: 100 St\u00fcck.<\/p>\n<p>Runde Patronenh\u00fclse, gr\u00f6\u00dfere Durchschlagskraft.<\/p>\n<\/div>\n<div class=\"col-md-4\">\n<p>6 mm Flobert<\/p>\n<p><strong>Patronen der Gruppe D, frei erh\u00e4ltlich ab 18 Jahren.<\/strong><\/p>\n<\/div>\n","protected":false},"excerpt":{"rendered":"<p><strong>Flobert-<\/strong> Patronen f\u00fcr Flobert cal. 6 mm, mit rundem Kopf.<\/p>\n","protected":false},"featured_media":189906,"comment_status":"open","ping_status":"closed","template":"","meta":[],"pwb-brand":[3445],"product_brand":[],"product_cat":[3444],"product_tag":[3669],"class_list":{"0":"post-306322","1":"product","2":"type-product","3":"status-publish","4":"has-post-thumbnail","6":"pwb-brand-sellier-bellot","7":"product_cat-patronen-der-gruppe-d","8":"product_tag-b2b-de","10":"first","11":"outofstock","12":"taxable","13":"shipping-taxable","14":"purchasable","15":"product-type-simple"},"brands":[{"id":3445,"name":"Sellier &amp; Bellot","slug":"sellier-bellot"}],"_links":{"self":[{"href":"https:\/\/www.moskito.cz\/de\/wp-json\/wp\/v2\/product\/306322","targetHints":{"allow":["GET"]}}],"collection":[{"href":"https:\/\/www.moskito.cz\/de\/wp-json\/wp\/v2\/product"}],"about":[{"href":"https:\/\/www.moskito.cz\/de\/wp-json\/wp\/v2\/types\/product"}],"replies":[{"embeddable":true,"href":"https:\/\/www.moskito.cz\/de\/wp-json\/wp\/v2\/comments?post=306322"}],"wp:featuredmedia":[{"embeddable":true,"href":"https:\/\/www.moskito.cz\/de\/wp-json\/wp\/v2\/media\/189906"}],"wp:attachment":[{"href":"https:\/\/www.moskito.cz\/de\/wp-json\/wp\/v2\/media?parent=306322"}],"wp:term":[{"taxonomy":"pwb-brand","embeddable":true,"href":"https:\/\/www.moskito.cz\/de\/wp-json\/wp\/v2\/pwb-brand?post=306322"},{"taxonomy":"product_brand","embeddable":true,"href":"https:\/\/www.moskito.cz\/de\/wp-json\/wp\/v2\/product_brand?post=306322"},{"taxonomy":"product_cat","embeddable":true,"href":"https:\/\/www.moskito.cz\/de\/wp-json\/wp\/v2\/product_cat?post=306322"},{"taxonomy":"product_tag","embeddable":true,"href":"https:\/\/www.moskito.cz\/de\/wp-json\/wp\/v2\/product_tag?post=306322"}],"curies":[{"name":"wp","href":"https:\/\/api.w.org\/{rel}","templated":true}]}}