{"id":306573,"date":"2022-04-09T16:59:07","date_gmt":"2024-02-05T20:37:14","guid":{"rendered":"https:\/\/www.moskito.cz\/produkt\/schiessmesser-microtech-hera-bronzed-702-15\/"},"modified":"2025-05-07T10:56:29","modified_gmt":"2025-05-07T09:56:29","slug":"schiessmesser-microtech-hera-bronzed-702-15","status":"publish","type":"product","link":"https:\/\/www.moskito.cz\/de\/produkt\/schiessmesser-microtech-hera-bronzed-702-15\/","title":{"rendered":"Schie\u00dfmesser Microtech Hera Bronzed 702-15"},"content":{"rendered":"<p>Schie\u00dfmesser <strong>Microtech<\/strong> Hera Bronzed 702-15.<\/p>\n<p>Microtech HERA D\/E 702-10<br \/>\nDas Hera ist ein wundersch\u00f6nes Double-Action-Frontauto mit einer Rahmenform, die lose an das Troodon-Design angelehnt ist. Allerdings ist es ergonomischer und hat unserer Meinung nach eine verbesserte Optik. Alles an diesem Design schreit sowohl nach Raffinesse als auch nach Funktionalit\u00e4t. Es handelt sich um eines der besten Allround-Automatik-OTF-Designs mit genau der richtigen Gr\u00f6\u00dfe f\u00fcr den Alltag.<\/p>\n<p>&nbsp;<\/p>\n<p>Spezifikationen<br \/>\nKlingenl\u00e4nge: 8 cm<br \/>\nGesamtl\u00e4nge: 19 cm<br \/>\n<strong>Stahl: M390<\/strong><br \/>\nKlingenstil: Doppelschneidiger Dolch<br \/>\nKlingenschliff: Flach<br \/>\nOberfl\u00e4chenbehandlung der Klinge: Stonewash<br \/>\nGriffmaterial: Schwarz eloxiertes Flugzeugaluminium<br \/>\nVerriegelungsmechanismus: Daumenschieber<br \/>\nTaschenclip: Titan (klappbar, rechts)<br \/>\nDesigner: Tony und Sean Marfione<br \/>\nHergestellt in den USA<\/p>\n<p><iframe title=\"Microtech Combat Troodon Torture Test\" width=\"800\" height=\"450\" src=\"https:\/\/www.youtube.com\/embed\/xE9TeOFYEjg?feature=oembed\" frameborder=\"0\" allow=\"accelerometer; autoplay; clipboard-write; encrypted-media; gyroscope; picture-in-picture; web-share\" allowfullscreen><\/iframe><\/p>\n<p>Microtech HERA D\/E 702-10<br \/>\nDie Hera ist eine wundersch\u00f6ne, nach vorne gerichtete Dual-Action-Automatik mit einer Rahmenform, die lose an das Troodon-Design angelehnt ist. Es ist jedoch ergonomischer, mit maschinell bearbeiteten Stellen an den Enden, die unserer Meinung nach einen besseren Halt und ein verbessertes Aussehen erm\u00f6glichen. Alles an diesem Design schreit sowohl nach Raffinesse als auch nach Funktionalit\u00e4t. Es ist eines der besten Allround-OTF-Automatikdesigns in einem \u00e4u\u00dferst \u00fcberf\u00fcllten Bereich und hat genau die richtige Gr\u00f6\u00dfe f\u00fcr den t\u00e4glichen Gebrauch.<\/p>\n<p>Spezifikationen<br \/>\nKlingenl\u00e4nge: 3,125 Zoll<br \/>\nSchneide: 2,95&#8243;<br \/>\nGeschlossene L\u00e4nge: 4,375&#8243;<br \/>\nGesamtl\u00e4nge: 7,50&#8243;<br \/>\nKlingenmaterial: Bitte beachten Sie, dass der Klingenstahl nicht angegeben werden kann, da er sich je nach Verf\u00fcgbarkeit \u00e4ndern kann (Informationen von Microtech).<br \/>\nKlingenst\u00e4rke: 0,094 Zoll<br \/>\nKlingenstil: Doppelschneidiger Dolch<br \/>\nKlingenschliff: Flach<br \/>\nGriffmaterial: Schwarz eloxiertes Flugzeugaluminium<br \/>\nGriffst\u00e4rke: 0,403 Zoll<br \/>\nVerriegelungsmechanismus: Daumenschieber<br \/>\nTaschenclip: Titan (Tip-Down, rechtstragend)<br \/>\nGewicht: 3,10 Unzen.<br \/>\nDesigner: Tony und Sean Marfione<br \/>\nHergestellt in den USA<\/p>\n","protected":false},"excerpt":{"rendered":"<p>Im Laufe der Jahre hat <strong>Microtech\u00ae<\/strong> Knives Messer mit Leidenschaft und K\u00f6nnen gef\u00fcllt, um nahezu Kunstwerke zu schaffen, die den Gipfel der Funktionalit\u00e4t darstellen. Alle Teile werden in den USA hergestellt.<br \/>\n<strong>Alle Microtech-Messer haben eine lebenslange Garantie (mindestens 80.000 Zyklen, \u00d6ffnen und Schlie\u00dfen).<\/strong><\/p>\n<p><strong>Kostenloser Transport.<\/strong><\/p>\n","protected":false},"featured_media":306576,"comment_status":"open","ping_status":"closed","template":"","meta":[],"pwb-brand":[3278],"product_brand":[],"product_cat":[3285,3343],"product_tag":[3669],"class_list":{"0":"post-306573","1":"product","2":"type-product","3":"status-publish","4":"has-post-thumbnail","6":"pwb-brand-microtech-de","7":"product_cat-messer","8":"product_cat-schiesmesser","9":"product_tag-b2b-de","11":"first","12":"instock","13":"taxable","14":"shipping-taxable","15":"purchasable","16":"product-type-simple"},"brands":[{"id":3278,"name":"Microtech","slug":"microtech-de"}],"_links":{"self":[{"href":"https:\/\/www.moskito.cz\/de\/wp-json\/wp\/v2\/product\/306573","targetHints":{"allow":["GET"]}}],"collection":[{"href":"https:\/\/www.moskito.cz\/de\/wp-json\/wp\/v2\/product"}],"about":[{"href":"https:\/\/www.moskito.cz\/de\/wp-json\/wp\/v2\/types\/product"}],"replies":[{"embeddable":true,"href":"https:\/\/www.moskito.cz\/de\/wp-json\/wp\/v2\/comments?post=306573"}],"wp:featuredmedia":[{"embeddable":true,"href":"https:\/\/www.moskito.cz\/de\/wp-json\/wp\/v2\/media\/306576"}],"wp:attachment":[{"href":"https:\/\/www.moskito.cz\/de\/wp-json\/wp\/v2\/media?parent=306573"}],"wp:term":[{"taxonomy":"pwb-brand","embeddable":true,"href":"https:\/\/www.moskito.cz\/de\/wp-json\/wp\/v2\/pwb-brand?post=306573"},{"taxonomy":"product_brand","embeddable":true,"href":"https:\/\/www.moskito.cz\/de\/wp-json\/wp\/v2\/product_brand?post=306573"},{"taxonomy":"product_cat","embeddable":true,"href":"https:\/\/www.moskito.cz\/de\/wp-json\/wp\/v2\/product_cat?post=306573"},{"taxonomy":"product_tag","embeddable":true,"href":"https:\/\/www.moskito.cz\/de\/wp-json\/wp\/v2\/product_tag?post=306573"}],"curies":[{"name":"wp","href":"https:\/\/api.w.org\/{rel}","templated":true}]}}