{"id":306688,"date":"2022-04-09T10:20:35","date_gmt":"2024-02-06T07:26:56","guid":{"rendered":"https:\/\/www.moskito.cz\/produkt\/schiessmesser-microtech-combat-troodon-satin-142-4bl\/"},"modified":"2025-05-07T10:56:39","modified_gmt":"2025-05-07T09:56:39","slug":"schiessmesser-microtech-combat-troodon-satin-142-4bl","status":"publish","type":"product","link":"https:\/\/www.moskito.cz\/de\/produkt\/schiessmesser-microtech-combat-troodon-satin-142-4bl\/","title":{"rendered":"Schie\u00dfmesser Microtech Combat Troodon Satin 142-4BL"},"content":{"rendered":"<p>Schie\u00dfmesser <strong>Microtech<\/strong> Combat Troodon Satin 142-4BL<\/p>\n<p>Das Combat Troodon ist ein pr\u00e4zisionsgefertigtes taktisches Frontmesser. Es ist 25 % gr\u00f6\u00dfer als unser Flaggschiff, das Troodon. Es verf\u00fcgt \u00fcber einen schlanken Griff, eine konturierte Form, radikale Designelemente und einen ausgekl\u00fcgelten internen Mechanismus, der die betriebliche Funktionalit\u00e4t und Zuverl\u00e4ssigkeit in gr\u00f6\u00dferem Ma\u00dfstab verbessert. Der Combat Troodon ist f\u00fcr eine breite Palette von Nutz- und Nahkampfanwendungen konzipiert.<\/p>\n<p>Gesamtl\u00e4nge: 19,2 cm<br \/>\nKlingenl\u00e4nge: 7,5 cm<br \/>\nKlingenmaterial: 204P<br \/>\nKlingenstil: Dolch<br \/>\nEins\u00e4tze: Flach<br \/>\nRandtyp: Uni<br \/>\nGriffl\u00e4nge: 10,63 cm<br \/>\nGriffst\u00e4rke: 1,12 cm<br \/>\nGriffmaterial: Aluminium<br \/>\nGewicht: 3,00 Unzen.<br \/>\nBenutzer: Rechte Hand<br \/>\nTaschenclip: Tip-Down<br \/>\nMessertyp: Automatisch<br \/>\n\u00d6ffner: Daumenschieber<br \/>\nMarke: Microtech<br \/>\nModell: Troodon<\/p>\n<p>Stahl: M390<br \/>\nHerkunftsland: USA<br \/>\nBeste Verwendung: Taktisch<br \/>\nHergestellt in den USA<\/p>\n<p><iframe title=\"Microtech Combat Troodon Torture Test\" width=\"800\" height=\"450\" src=\"https:\/\/www.youtube.com\/embed\/xE9TeOFYEjg?feature=oembed\" frameborder=\"0\" allow=\"accelerometer; autoplay; clipboard-write; encrypted-media; gyroscope; picture-in-picture; web-share\" allowfullscreen><\/iframe><\/p>\n<p>Das <strong>Combat Troodon<\/strong> ist ein pr\u00e4zisionsgefertigtes, nach vorne gerichtetes taktisches Messer. Es ist 25 % gr\u00f6\u00dfer als unser Flaggschiff, das Troodon. Es bringt den schlanken Griff, die konturierte Form, radikale Designelemente und einen ausgekl\u00fcgelten internen Mechanismus, der die Betriebsfunktionalit\u00e4t und Zuverl\u00e4ssigkeit verbessert, auf ein gr\u00f6\u00dferes Niveau. Der Combat Troodon ist f\u00fcr ein breites Spektrum an Nutz- und Nahkampfeins\u00e4tzen konzipiert.<\/p>\n<p>Spezifikationen<br \/>\nTroodon \u2013 \u201eWundender Zahn\u201c<br \/>\nAktion: Dual Action Auto Fire und Retract<br \/>\nKlingenl\u00e4nge: 3,75 Zoll<br \/>\nKlingenst\u00e4rke: 0,095 Zoll<br \/>\nGlasbruch: Glasbruch mit Wolframspitze<br \/>\nGriff: 6061-T6-Aluminium, Mil-Spec-Hartbeschichtung, blau eloxiert<br \/>\nGriffst\u00e4rke: Skulptural, konisch, min. 0,304 Zoll, max. 435 Zoll<br \/>\nOffene L\u00e4nge: 9,10&#8243;<br \/>\nL\u00e4nge geschlossen: 5,20&#8243;<br \/>\nTaschenclip: 301 federgeh\u00e4rtet, beidh\u00e4ndig verwendbar<br \/>\nGewicht: 5,3 Unzen.<br \/>\nBitte beachten Sie, dass der Klingenstahl nicht angegeben werden kann, da er sich je nach Verf\u00fcgbarkeit \u00e4ndern kann (Informationen von Microtech).<br \/>\nHergestellt in den USA<\/p>\n","protected":false},"excerpt":{"rendered":"<p>Im Laufe der Jahre hat <strong>Microtech\u00ae<\/strong> Knives Messer mit Leidenschaft und K\u00f6nnen gef\u00fcllt, um nahezu Kunstwerke zu schaffen, die den Gipfel der Funktionalit\u00e4t darstellen. Alle Teile werden in den USA hergestellt.<br \/>\n<strong>F\u00fcr alle Microtech-Messer gilt eine lebenslange Garantie.<\/strong><\/p>\n<p><strong>Kostenloser Transport.<\/strong><\/p>\n","protected":false},"featured_media":306698,"comment_status":"open","ping_status":"closed","template":"","meta":[],"pwb-brand":[3278],"product_brand":[],"product_cat":[3285,3343],"product_tag":[3669],"class_list":{"0":"post-306688","1":"product","2":"type-product","3":"status-publish","4":"has-post-thumbnail","6":"pwb-brand-microtech-de","7":"product_cat-messer","8":"product_cat-schiesmesser","9":"product_tag-b2b-de","11":"first","12":"instock","13":"taxable","14":"shipping-taxable","15":"purchasable","16":"product-type-simple"},"brands":[{"id":3278,"name":"Microtech","slug":"microtech-de"}],"_links":{"self":[{"href":"https:\/\/www.moskito.cz\/de\/wp-json\/wp\/v2\/product\/306688","targetHints":{"allow":["GET"]}}],"collection":[{"href":"https:\/\/www.moskito.cz\/de\/wp-json\/wp\/v2\/product"}],"about":[{"href":"https:\/\/www.moskito.cz\/de\/wp-json\/wp\/v2\/types\/product"}],"replies":[{"embeddable":true,"href":"https:\/\/www.moskito.cz\/de\/wp-json\/wp\/v2\/comments?post=306688"}],"wp:featuredmedia":[{"embeddable":true,"href":"https:\/\/www.moskito.cz\/de\/wp-json\/wp\/v2\/media\/306698"}],"wp:attachment":[{"href":"https:\/\/www.moskito.cz\/de\/wp-json\/wp\/v2\/media?parent=306688"}],"wp:term":[{"taxonomy":"pwb-brand","embeddable":true,"href":"https:\/\/www.moskito.cz\/de\/wp-json\/wp\/v2\/pwb-brand?post=306688"},{"taxonomy":"product_brand","embeddable":true,"href":"https:\/\/www.moskito.cz\/de\/wp-json\/wp\/v2\/product_brand?post=306688"},{"taxonomy":"product_cat","embeddable":true,"href":"https:\/\/www.moskito.cz\/de\/wp-json\/wp\/v2\/product_cat?post=306688"},{"taxonomy":"product_tag","embeddable":true,"href":"https:\/\/www.moskito.cz\/de\/wp-json\/wp\/v2\/product_tag?post=306688"}],"curies":[{"name":"wp","href":"https:\/\/api.w.org\/{rel}","templated":true}]}}