{"id":306696,"date":"2019-05-04T13:34:48","date_gmt":"2024-02-06T07:26:56","guid":{"rendered":"https:\/\/www.moskito.cz\/produkt\/excalibur-silberschwert-marto-ma752-1\/"},"modified":"2025-07-11T07:48:52","modified_gmt":"2025-07-11T06:48:52","slug":"excalibur-silberschwert-marto-ma752-1","status":"publish","type":"product","link":"https:\/\/www.moskito.cz\/de\/produkt\/excalibur-silberschwert-marto-ma752-1\/","title":{"rendered":"Excalibur Silberschwert Marto MA752.1"},"content":{"rendered":"<p>Excalibur Silberschwert Marto MA752.1.<\/p>\n<p><span class=\"tlid-translation translation\" lang=\"cs\">Excalibur ist der bekannteste Name des legend\u00e4ren Schwertes von K\u00f6nig Artus, dem verschiedene au\u00dfergew\u00f6hnliche Eigenschaften zugeschrieben wurden.<\/span><\/p>\n<p>Zur Herkunft seines Namens gibt es mehrere Theorien. Eine der am meisten akzeptierten ist, dass es vom lateinischen \u201eEX Calce Liberatus\u201c stammt, \u201evom Stein befreit\u201c. Andere glauben, dass Excalibur \u201eschneidender Stahl\u201c bedeutet und sich auf eine seiner vielen magischen Eigenschaften bezieht.<\/p>\n<p>Der Legende nach schuf Merlin nach dem Tod von K\u00f6nig Uther Pendragon auf der Insel Avalon ein Schwert (Exalibur) und trieb es in einen Stein in London in der N\u00e4he der Kapelle.<\/p>\n<p>Die am weitesten verbreitete Legende besagt, dass es Arthur durch einen magischen Akt von Marlin gelang, vom Felsen zu steigen. Das Schwert wurde in einer Scheide aufbewahrt, damit der K\u00f6nig kein Blut verlor, wenn er es in die Schlacht trug. Arthur war bereits im Sterben und befahl seinem Ritter, das Schwert in den See zu werfen, in dem Nimue, die Herrin des Sees, lebte. Als sie es wirft, wird sie von einer in wei\u00dfe Seide gekleideten Hand aufgefangen und in die Tiefe getragen.<\/p>\n<p>Das Schwert soll beim K\u00f6nig in Avalon ruhen und auf seine R\u00fcckkehr warten.<\/p>\n<p>Griff aus Silber mit blauem Kontrast und Klinge mit Spezial\u00e4tzung in tiefschwarzer S\u00e4ure.<br \/>\nL\u00e4nge: 120 cm<br \/>\nBreite: 23 cm<br \/>\nGewicht: 2,1 kg<\/p>\n<p>Hochwertiges Schwert aus der exklusiven \u201eDeep Lept Swords\u201c-Kollektion von MARTO.<\/p>\n<p>Herkunfts- und Qualit\u00e4tszertifikat, hergestellt in Toledo.<\/p>\n","protected":false},"excerpt":{"rendered":"<p>Excalibur-Schwert.<\/p>\n","protected":false},"featured_media":163835,"comment_status":"open","ping_status":"closed","template":"","meta":[],"pwb-brand":[3406],"product_brand":[],"product_cat":[3403,3407],"product_tag":[],"class_list":{"0":"post-306696","1":"product","2":"type-product","3":"status-publish","4":"has-post-thumbnail","6":"pwb-brand-martha-de-2","7":"product_cat-katanas-und-schwerter","8":"product_cat-schwerter-dolche-repliken","10":"first","11":"instock","12":"taxable","13":"shipping-taxable","14":"purchasable","15":"product-type-simple"},"brands":[{"id":3406,"name":"Martha","slug":"martha-de-2"}],"_links":{"self":[{"href":"https:\/\/www.moskito.cz\/de\/wp-json\/wp\/v2\/product\/306696","targetHints":{"allow":["GET"]}}],"collection":[{"href":"https:\/\/www.moskito.cz\/de\/wp-json\/wp\/v2\/product"}],"about":[{"href":"https:\/\/www.moskito.cz\/de\/wp-json\/wp\/v2\/types\/product"}],"replies":[{"embeddable":true,"href":"https:\/\/www.moskito.cz\/de\/wp-json\/wp\/v2\/comments?post=306696"}],"wp:featuredmedia":[{"embeddable":true,"href":"https:\/\/www.moskito.cz\/de\/wp-json\/wp\/v2\/media\/163835"}],"wp:attachment":[{"href":"https:\/\/www.moskito.cz\/de\/wp-json\/wp\/v2\/media?parent=306696"}],"wp:term":[{"taxonomy":"pwb-brand","embeddable":true,"href":"https:\/\/www.moskito.cz\/de\/wp-json\/wp\/v2\/pwb-brand?post=306696"},{"taxonomy":"product_brand","embeddable":true,"href":"https:\/\/www.moskito.cz\/de\/wp-json\/wp\/v2\/product_brand?post=306696"},{"taxonomy":"product_cat","embeddable":true,"href":"https:\/\/www.moskito.cz\/de\/wp-json\/wp\/v2\/product_cat?post=306696"},{"taxonomy":"product_tag","embeddable":true,"href":"https:\/\/www.moskito.cz\/de\/wp-json\/wp\/v2\/product_tag?post=306696"}],"curies":[{"name":"wp","href":"https:\/\/api.w.org\/{rel}","templated":true}]}}