{"id":306729,"date":"2019-05-03T19:11:10","date_gmt":"2024-02-06T07:27:07","guid":{"rendered":"https:\/\/www.moskito.cz\/produkt\/zwilling-steel-teller-aus-verchromtem-stahl-mit-rillen-23-cm\/"},"modified":"2025-07-11T07:48:51","modified_gmt":"2025-07-11T06:48:51","slug":"zwilling-steel-teller-aus-verchromtem-stahl-mit-rillen-23-cm","status":"publish","type":"product","link":"https:\/\/www.moskito.cz\/de\/produkt\/zwilling-steel-teller-aus-verchromtem-stahl-mit-rillen-23-cm\/","title":{"rendered":"Zwilling Steel Teller aus verchromtem Stahl mit Rillen 23 cm"},"content":{"rendered":"<p>Zwilling Steel Teller aus verchromtem Stahl mit Rillen 23 cm.<\/p>\n<p>Zwilling 32576-231 Wetzstahl (23 cm) Der ZWILLING 32576-231 Wetzstahl mit einer L\u00e4nge von 23 cm und geriffelter Oberfl\u00e4che sorgt f\u00fcr einfaches Sch\u00e4rfen Ihrer Messer. Es hat eine verchromte Schale. Der Griff rutscht nicht und liegt durch seine ovale Form gut in der Hand. Es verf\u00fcgt \u00fcber ein praktisches Aufh\u00e4ngeloch im oberen Teil.<\/p>\n","protected":false},"excerpt":{"rendered":"<p>Stahlplatte.<\/p>\n","protected":false},"featured_media":0,"comment_status":"open","ping_status":"closed","template":"","meta":[],"pwb-brand":[3467],"product_brand":[],"product_cat":[3289,3468],"product_tag":[],"class_list":{"0":"post-306729","1":"product","2":"type-product","3":"status-publish","5":"pwb-brand-zwilling-de","6":"product_cat-kuchenmesser","7":"product_cat-zwilling-de","9":"first","10":"instock","11":"taxable","12":"shipping-taxable","13":"purchasable","14":"product-type-simple"},"brands":[{"id":3467,"name":"Zwilling","slug":"zwilling-de"}],"_links":{"self":[{"href":"https:\/\/www.moskito.cz\/de\/wp-json\/wp\/v2\/product\/306729","targetHints":{"allow":["GET"]}}],"collection":[{"href":"https:\/\/www.moskito.cz\/de\/wp-json\/wp\/v2\/product"}],"about":[{"href":"https:\/\/www.moskito.cz\/de\/wp-json\/wp\/v2\/types\/product"}],"replies":[{"embeddable":true,"href":"https:\/\/www.moskito.cz\/de\/wp-json\/wp\/v2\/comments?post=306729"}],"wp:attachment":[{"href":"https:\/\/www.moskito.cz\/de\/wp-json\/wp\/v2\/media?parent=306729"}],"wp:term":[{"taxonomy":"pwb-brand","embeddable":true,"href":"https:\/\/www.moskito.cz\/de\/wp-json\/wp\/v2\/pwb-brand?post=306729"},{"taxonomy":"product_brand","embeddable":true,"href":"https:\/\/www.moskito.cz\/de\/wp-json\/wp\/v2\/product_brand?post=306729"},{"taxonomy":"product_cat","embeddable":true,"href":"https:\/\/www.moskito.cz\/de\/wp-json\/wp\/v2\/product_cat?post=306729"},{"taxonomy":"product_tag","embeddable":true,"href":"https:\/\/www.moskito.cz\/de\/wp-json\/wp\/v2\/product_tag?post=306729"}],"curies":[{"name":"wp","href":"https:\/\/api.w.org\/{rel}","templated":true}]}}