{"id":306732,"date":"2019-05-04T13:47:45","date_gmt":"2024-02-06T07:27:08","guid":{"rendered":"https:\/\/www.moskito.cz\/produkt\/robin-hood-schwert-silber-marto-ma754-1\/"},"modified":"2025-07-11T07:48:52","modified_gmt":"2025-07-11T06:48:52","slug":"robin-hood-schwert-silber-marto-ma754-1","status":"publish","type":"product","link":"https:\/\/www.moskito.cz\/de\/produkt\/robin-hood-schwert-silber-marto-ma754-1\/","title":{"rendered":"Robin Hood Schwert Silber Marto MA754.1"},"content":{"rendered":"<p><span class=\"tlid-translation translation\" lang=\"cs\">Robin Hood, \u201eDer K\u00f6nig der W\u00e4lder\u201c, ein Gesetzloser, der im fr\u00fchen 14. Jahrhundert lebte Als er im 17. Jahrhundert durch den Sherwood Forest zog, wurde er um 1290 als Sohn von Adam Hood, einem F\u00f6rster im Dienste des Earl de Warenne und Lord von Lord Wakefield, geboren.<\/p>\n<p>Robin wurde zu einem beliebten Helden f\u00fcr seine Verteidigung der Obdachlosen; Robin Hoods Schwert hat immer den Armen gedient. Er nahm den Reichtum der M\u00e4chtigen und verteilte ihn unter den Armen; Dar\u00fcber hinaus gewann er die Unterst\u00fctzung der unterdr\u00fcckten Bauern, indem er sich \u00fcber die unpopul\u00e4ren Autorit\u00e4ten seiner Zeit lustig machte.<\/p>\n<p>Robin Hoods Abenteuer im Wald dauerten bis etwa 1346; Er soll in diesem Jahr in Kirklees Abbey gestorben sein.<\/p>\n<p>Die Geschichte endet, als Robin Hood mit dem Schwert in der Hand zum letzten Mal vor seinem Tod aufsteht, einen Pfeil aus seinem Schlafzimmerfenster in Richtung Wald schie\u00dft und darum bittet, dort begraben zu werden, wo der Pfeil niedergeschlagen ist. Noch heute ist es m\u00f6glich, den Ort zu sehen, den Robin als Grabst\u00e4tte gew\u00e4hlt hat.<\/p>\n<p>Robin Hood ist eine romantische Geschichte, die seit 600 Jahren am Leben gehalten und erz\u00e4hlt wird und zu einer Reihe von Kreationen des mythischen Schwertes von Robin Hood f\u00fchrt.<\/p>\n<p>Griff aus Silber mit blauem Kontrast und Klinge mit Spezial\u00e4tzung in tiefschwarzer S\u00e4ure.<br \/>\nGesamtl\u00e4nge: 123 cm<br \/>\nBreite: 26 cm<br \/>\nGewicht: 2,6 kg<\/p>\n<p>Hochwertiges Schwert aus der exklusiven \u201eDeep Lept Swords\u201c-Kollektion von MARTO.<\/p>\n<p>Herkunfts- und Qualit\u00e4tszertifikat, hergestellt in Toledo.<\/span><\/p>\n","protected":false},"excerpt":{"rendered":"<p>Das Schwert von Robin Hood.<\/p>\n","protected":false},"featured_media":163840,"comment_status":"open","ping_status":"closed","template":"","meta":[],"pwb-brand":[3406],"product_brand":[],"product_cat":[3403,3407],"product_tag":[],"class_list":{"0":"post-306732","1":"product","2":"type-product","3":"status-publish","4":"has-post-thumbnail","6":"pwb-brand-martha-de-2","7":"product_cat-katanas-und-schwerter","8":"product_cat-schwerter-dolche-repliken","10":"first","11":"instock","12":"taxable","13":"shipping-taxable","14":"purchasable","15":"product-type-simple"},"brands":[{"id":3406,"name":"Martha","slug":"martha-de-2"}],"_links":{"self":[{"href":"https:\/\/www.moskito.cz\/de\/wp-json\/wp\/v2\/product\/306732","targetHints":{"allow":["GET"]}}],"collection":[{"href":"https:\/\/www.moskito.cz\/de\/wp-json\/wp\/v2\/product"}],"about":[{"href":"https:\/\/www.moskito.cz\/de\/wp-json\/wp\/v2\/types\/product"}],"replies":[{"embeddable":true,"href":"https:\/\/www.moskito.cz\/de\/wp-json\/wp\/v2\/comments?post=306732"}],"wp:featuredmedia":[{"embeddable":true,"href":"https:\/\/www.moskito.cz\/de\/wp-json\/wp\/v2\/media\/163840"}],"wp:attachment":[{"href":"https:\/\/www.moskito.cz\/de\/wp-json\/wp\/v2\/media?parent=306732"}],"wp:term":[{"taxonomy":"pwb-brand","embeddable":true,"href":"https:\/\/www.moskito.cz\/de\/wp-json\/wp\/v2\/pwb-brand?post=306732"},{"taxonomy":"product_brand","embeddable":true,"href":"https:\/\/www.moskito.cz\/de\/wp-json\/wp\/v2\/product_brand?post=306732"},{"taxonomy":"product_cat","embeddable":true,"href":"https:\/\/www.moskito.cz\/de\/wp-json\/wp\/v2\/product_cat?post=306732"},{"taxonomy":"product_tag","embeddable":true,"href":"https:\/\/www.moskito.cz\/de\/wp-json\/wp\/v2\/product_tag?post=306732"}],"curies":[{"name":"wp","href":"https:\/\/api.w.org\/{rel}","templated":true}]}}