{"id":306736,"date":"2019-05-05T13:11:18","date_gmt":"2024-02-06T07:27:10","guid":{"rendered":"https:\/\/www.moskito.cz\/produkt\/meyerco-randall-king-tsavo-mc3217\/"},"modified":"2025-07-11T07:48:54","modified_gmt":"2025-07-11T06:48:54","slug":"meyerco-randall-king-tsavo-mc3217","status":"publish","type":"product","link":"https:\/\/www.moskito.cz\/de\/produkt\/meyerco-randall-king-tsavo-mc3217\/","title":{"rendered":"Meyerco Randall King Tsavo MC3217"},"content":{"rendered":"<p>Meyerco Randall King Tsavo MC3217.<\/p>\n<p><span class=\"tlid-translation translation\" lang=\"cs\"><span class=\"\" title=\"\">Meyerco Tsavo Assisted Klappmesser von Randall King.<\/span> <span class=\"\" title=\"\">Es verf\u00fcgt \u00fcber eine Tsavo-L\u00f6wenkrallenklinge mit zwei separaten Schleifwinkeln.<\/span> <span title=\"\">Klinge aus AUS8-Edelstahl mit schwarzem Finish.<\/span> <span title=\"\">Der Griff verf\u00fcgt au\u00dferdem \u00fcber ein Loch zur schnellen Demontage.<\/span><br \/>\n<span title=\"\">Spezifikationen:<\/span><br \/>\n<span title=\"\">Gesamtl\u00e4nge: 19 cm<\/span><br \/>\n<span title=\"\">Klingenl\u00e4nge: 8 cm<\/span><br \/>\n<\/span><\/p>\n","protected":false},"excerpt":{"rendered":"<p>Feststellmesser mit Sicherung.<\/p>\n","protected":false},"featured_media":163886,"comment_status":"open","ping_status":"closed","template":"","meta":[],"pwb-brand":[3471],"product_brand":[],"product_cat":[3285,3303],"product_tag":[],"class_list":{"0":"post-306736","1":"product","2":"type-product","3":"status-publish","4":"has-post-thumbnail","6":"pwb-brand-meyerco-de","7":"product_cat-messer","8":"product_cat-schliesmesser","10":"first","11":"instock","12":"taxable","13":"shipping-taxable","14":"purchasable","15":"product-type-simple"},"brands":[{"id":3471,"name":"Meyerco","slug":"meyerco-de"}],"_links":{"self":[{"href":"https:\/\/www.moskito.cz\/de\/wp-json\/wp\/v2\/product\/306736","targetHints":{"allow":["GET"]}}],"collection":[{"href":"https:\/\/www.moskito.cz\/de\/wp-json\/wp\/v2\/product"}],"about":[{"href":"https:\/\/www.moskito.cz\/de\/wp-json\/wp\/v2\/types\/product"}],"replies":[{"embeddable":true,"href":"https:\/\/www.moskito.cz\/de\/wp-json\/wp\/v2\/comments?post=306736"}],"wp:featuredmedia":[{"embeddable":true,"href":"https:\/\/www.moskito.cz\/de\/wp-json\/wp\/v2\/media\/163886"}],"wp:attachment":[{"href":"https:\/\/www.moskito.cz\/de\/wp-json\/wp\/v2\/media?parent=306736"}],"wp:term":[{"taxonomy":"pwb-brand","embeddable":true,"href":"https:\/\/www.moskito.cz\/de\/wp-json\/wp\/v2\/pwb-brand?post=306736"},{"taxonomy":"product_brand","embeddable":true,"href":"https:\/\/www.moskito.cz\/de\/wp-json\/wp\/v2\/product_brand?post=306736"},{"taxonomy":"product_cat","embeddable":true,"href":"https:\/\/www.moskito.cz\/de\/wp-json\/wp\/v2\/product_cat?post=306736"},{"taxonomy":"product_tag","embeddable":true,"href":"https:\/\/www.moskito.cz\/de\/wp-json\/wp\/v2\/product_tag?post=306736"}],"curies":[{"name":"wp","href":"https:\/\/api.w.org\/{rel}","templated":true}]}}