{"id":306752,"date":"2019-05-12T17:00:04","date_gmt":"2019-05-12T16:00:04","guid":{"rendered":"https:\/\/www.moskito.cz\/produkt\/multifunktionszange-multitool-leatherman-wave-plus\/"},"modified":"2025-12-09T10:31:41","modified_gmt":"2025-12-09T09:31:41","slug":"multifunktionszange-multitool-leatherman-wave-plus","status":"publish","type":"product","link":"https:\/\/www.moskito.cz\/de\/produkt\/multifunktionszange-multitool-leatherman-wave-plus\/","title":{"rendered":"Multitool Leatherman WAVE Plus"},"content":{"rendered":"<p data-start=\"0\" data-end=\"497\">Wenn Sie das <strong data-start=\"20\" data-end=\"44\">Leatherman WAVE Plus<\/strong> in die Hand nehmen, werden Sie sofort erkennen, warum dieses Multitool eines der meistverkauften und beliebtesten der Welt ist. Die solide Konstruktion aus rostfreiem Stahl, 18 pr\u00e4zisionsgefertigte Werkzeuge und durchdachte Details machen das WAVE Plus zu einem zuverl\u00e4ssigen Begleiter f\u00fcr jede Situation &#8211; von kleinen Reparaturen bis hin zu rauen Outdoor-Abenteuern. Eine verbesserte Version mit austauschbaren Zangenklingen erh\u00f6ht die Haltbarkeit noch weiter und gibt Ihnen die Gewissheit, dass Ihr Multitool jahrelangen harten Eins\u00e4tzen standh\u00e4lt.  <\/p>\n<p data-start=\"499\" data-end=\"654\">Bei diesem Multitool geht es nicht nur um Werkzeuge &#8211; es geht darum, dass Sie alles, was Sie brauchen, immer zur Hand haben. Robust und doch tragbar, und immer bereit, seine Vielseitigkeit unter Beweis zu stellen. <\/p>\n<hr data-start=\"656\" data-end=\"659\">\n<p data-start=\"661\" data-end=\"714\">\ud83d\udd27 <strong data-start=\"664\" data-end=\"712\">Technische Daten (Leatherman WAVE Plus)<\/strong><\/p>\n<ul data-start=\"716\" data-end=\"1282\">\n<li data-start=\"716\" data-end=\"760\">\n<p data-start=\"718\" data-end=\"760\">Gesamtl\u00e4nge (offen): 16 cm<\/p>\n<\/li>\n<li data-start=\"761\" data-end=\"798\">\n<p data-start=\"763\" data-end=\"798\">L\u00e4nge des geschlossenen Multitools: 10 cm<\/p>\n<\/li>\n<li data-start=\"799\" data-end=\"824\">\n<p data-start=\"801\" data-end=\"824\">L\u00e4nge der Klinge: 7,37 cm<\/p>\n<\/li>\n<li data-start=\"825\" data-end=\"848\">\n<p data-start=\"827\" data-end=\"848\">Gewicht: ca. 241 g<\/p>\n<\/li>\n<li data-start=\"849\" data-end=\"892\">\n<p data-start=\"851\" data-end=\"892\">Material: Hochwertiger Edelstahl<\/p>\n<\/li>\n<li data-start=\"893\" data-end=\"915\">\n<p data-start=\"895\" data-end=\"915\">Anzahl der Instrumente: 18<\/p>\n<\/li>\n<li data-start=\"916\" data-end=\"1163\">\n<p data-start=\"918\" data-end=\"1163\">Werkzeuge: Zange mit austauschbaren Klingen, Spaltzange, Messer aus rostfreiem Stahl, Messer mit Wellenschliff, S\u00e4ge, Holz-\/Metallfeile, Diamantfeile, Schere, Flaschen\u00f6ffner, Dosen\u00f6ffner, Ahle, verschiedene Schraubendreher und Bits, Lineal und mehr.<\/p>\n<\/li>\n<li data-start=\"1164\" data-end=\"1236\">\n<p data-start=\"1166\" data-end=\"1236\">Einhandbedienung: ja &#8211; ausgew\u00e4hlte Klingen k\u00f6nnen mit einer Hand ge\u00f6ffnet werden<\/p>\n<\/li>\n<li data-start=\"1237\" data-end=\"1282\">\n<p data-start=\"1239\" data-end=\"1282\">Etui: Inklusive Nylontasche<\/p>\n<\/li>\n<\/ul>\n<hr data-start=\"1284\" data-end=\"1287\">\n<p data-start=\"1289\" data-end=\"1310\">\u2705 <strong data-start=\"1291\" data-end=\"1308\">Hauptvorteile<\/strong><\/p>\n<ul data-start=\"1312\" data-end=\"1726\">\n<li data-start=\"1312\" data-end=\"1387\">\n<p data-start=\"1314\" data-end=\"1387\"><strong data-start=\"1314\" data-end=\"1347\">18 Werkzeuge in einem kompakten Geh\u00e4use<\/strong> &#8211; von Messern bis zu Zangen, immer griffbereit.<\/p>\n<\/li>\n<li data-start=\"1388\" data-end=\"1455\">\n<p data-start=\"1390\" data-end=\"1455\"><strong data-start=\"1390\" data-end=\"1418\">Auswechselbare Zangenklingen<\/strong> &#8211; verl\u00e4ngern die Lebensdauer des Multitools.<\/p>\n<\/li>\n<li data-start=\"1456\" data-end=\"1540\">\n<p data-start=\"1458\" data-end=\"1540\"><strong data-start=\"1458\" data-end=\"1489\">Einh\u00e4ndiges \u00d6ffnen der Klinge<\/strong> &#8211; schneller Zugriff auf das Messer, ohne dass Sie es aufklappen m\u00fcssen.<\/p>\n<\/li>\n<li data-start=\"1541\" data-end=\"1597\">\n<p data-start=\"1543\" data-end=\"1597\"><strong data-start=\"1543\" data-end=\"1560\">Rostfreier Stahl<\/strong> &#8211; korrosions- und verschlei\u00dffest.<\/p>\n<\/li>\n<li data-start=\"1598\" data-end=\"1658\">\n<p data-start=\"1600\" data-end=\"1658\"><strong data-start=\"1600\" data-end=\"1629\">Inklusive Nylontasche<\/strong> &#8211; einfach am G\u00fcrtel zu tragen.<\/p>\n<\/li>\n<li data-start=\"1659\" data-end=\"1726\">\n<p data-start=\"1661\" data-end=\"1726\"><strong data-start=\"1661\" data-end=\"1679\">Ein ikonisches Modell<\/strong> &#8211; seit Jahren und von Benutzern auf der ganzen Welt bew\u00e4hrt.<\/p>\n<\/li>\n<\/ul>\n<hr data-start=\"1728\" data-end=\"1731\">\n<p data-start=\"1733\" data-end=\"1755\">\u26a0\ufe0f <strong data-start=\"1736\" data-end=\"1753\">M\u00f6gliche Einschr\u00e4nkungen<\/strong><\/p>\n<ul data-start=\"1757\" data-end=\"2065\">\n<li data-start=\"1757\" data-end=\"1824\">\n<p data-start=\"1759\" data-end=\"1824\"><strong data-start=\"1759\" data-end=\"1777\">Gewicht 241 g<\/strong> &#8211; in der Tasche sp\u00fcrbar, ideal eher im Etui.<\/p>\n<\/li>\n<li data-start=\"1825\" data-end=\"1943\">\n<p data-start=\"1827\" data-end=\"1943\"><strong data-start=\"1827\" data-end=\"1860\">Kein spezieller Premium-Stahl<\/strong> f\u00fcr Messer &#8211; normaler rostfreier Stahl ist v\u00f6llig ausreichend, wird aber Sammler von High-End-Klingen nicht beeindrucken.<\/p>\n<\/li>\n<li data-start=\"1944\" data-end=\"2065\">\n<p data-start=\"1946\" data-end=\"2065\"><strong data-start=\"1946\" data-end=\"2007\">Die Werkzeuge sind nicht f\u00fcr extrem spezialisierte Aufgaben gedacht<\/strong> &#8211; es handelt sich um ein Allzweckwerkzeug, nicht um ein professionelles Werkstattger\u00e4t.<\/p>\n<\/li>\n<\/ul>\n<hr data-start=\"2067\" data-end=\"2070\">\n<p data-start=\"2072\" data-end=\"2095\">\ud83d\udee0\ufe0f <strong data-start=\"2076\" data-end=\"2093\">Wartung und Pflege<\/strong><\/p>\n<ul data-start=\"2097\" data-end=\"2556\">\n<li data-start=\"2097\" data-end=\"2176\">\n<p data-start=\"2099\" data-end=\"2176\">Wischen Sie das Multitool nach dem Gebrauch trocken, insbesondere nach Kontakt mit Feuchtigkeit.<\/p>\n<\/li>\n<li data-start=\"2177\" data-end=\"2236\">\n<p data-start=\"2179\" data-end=\"2236\">Schmieren Sie die Gelenke und beweglichen Teile von Zeit zu Zeit mit einem hochwertigen \u00d6l.<\/p>\n<\/li>\n<li data-start=\"2237\" data-end=\"2299\">\n<p data-start=\"2239\" data-end=\"2299\">Sp\u00fclen und trocknen Sie das Multitool nach der Arbeit mit aggressiven Substanzen ab.<\/p>\n<\/li>\n<li data-start=\"2300\" data-end=\"2556\">\n<p data-start=\"2302\" data-end=\"2556\">Klingen k\u00f6nnen scharf gehalten werden &#8211; <strong data-start=\"2330\" data-end=\"2554\">um die Klinge scharf zu halten, empfehlen wir das <a class=\"decorated-link cursor-pointer\" target=\"_new\" rel=\"noopener\" data-start=\"2363\" data-end=\"2452\">Spyderco Tri-Angle Sharpmaker Complete Sharpening System 204MF<\/a><\/strong><\/p>\n<\/li>\n<li data-start=\"2300\" data-end=\"2556\">\n<p data-start=\"2563\" data-end=\"2586\">\ud83c\udfaf <strong data-start=\"2566\" data-end=\"2584\">Empfohlen f\u00fcr<\/strong><\/p>\n<ul data-start=\"2588\" data-end=\"2858\">\n<li data-start=\"2588\" data-end=\"2649\">\n<p data-start=\"2590\" data-end=\"2649\">Outdoor-Fans, die ein vielseitiges Werkzeug ben\u00f6tigen.<\/p>\n<\/li>\n<li data-start=\"2650\" data-end=\"2714\">\n<p data-start=\"2652\" data-end=\"2714\">Reisende und Touristen, die einen kompakten Workshop in ihrer Tasche haben m\u00f6chten.<\/p>\n<\/li>\n<li data-start=\"2715\" data-end=\"2777\">\n<p data-start=\"2717\" data-end=\"2777\">Profis, die ein zuverl\u00e4ssiges Multitool f\u00fcr die Arbeit suchen.<\/p>\n<\/li>\n<li data-start=\"2778\" data-end=\"2858\">\n<p data-start=\"2780\" data-end=\"2858\">Jeder, der die Kombination aus Funktionalit\u00e4t, Zuverl\u00e4ssigkeit und ikonischem Design zu sch\u00e4tzen wei\u00df.<\/p>\n<\/li>\n<\/ul>\n<hr data-start=\"2860\" data-end=\"2863\">\n<p data-start=\"2865\" data-end=\"2892\">\u2b50 <strong data-start=\"2867\" data-end=\"2890\">Endg\u00fcltige Bewertung<\/strong><\/p>\n<p data-start=\"2894\" data-end=\"3285\"><strong data-start=\"2894\" data-end=\"2918\">Das Leatherman WAVE Plus<\/strong> ist ein Multitool, das Ma\u00dfst\u00e4be setzt. Sein robustes Design, die gro\u00dfe Auswahl an Werkzeugen und die M\u00f6glichkeit, die Zangenklingen zu wechseln, machen es zur ersten Wahl f\u00fcr Benutzer weltweit. Es ist ein vielseitiges Arbeitstier, das Sie weder auf dem Feld noch im Alltag entt\u00e4uschen wird. Wenn Sie ein zuverl\u00e4ssiges Multitool mit einer langen Lebensdauer und einem hervorragenden Preis-Leistungs-Verh\u00e4ltnis suchen, ist das WAVE Plus eine sichere Sache.   <\/p>\n<\/li>\n<\/ul>\n<p>&nbsp;<\/p>\n<p><iframe title=\"Wave+ Multi-tool Overview\" width=\"800\" height=\"450\" src=\"https:\/\/www.youtube.com\/embed\/TuaAsoscXyY?feature=oembed\" frameborder=\"0\" allow=\"accelerometer; autoplay; clipboard-write; encrypted-media; gyroscope; picture-in-picture; web-share\" referrerpolicy=\"strict-origin-when-cross-origin\" allowfullscreen><\/iframe><\/p>\n<p>&nbsp;<\/p>\n<p>&nbsp;<\/p>\n<p>&nbsp;<\/p>\n<p>&nbsp;<\/p>\n","protected":false},"excerpt":{"rendered":"<p><strong>Das Leatherman WAVE Plus ist ein Multitool, das Ma\u00dfst\u00e4be setzt. Sein robustes Design, die gro\u00dfe Auswahl an Werkzeugen und die M\u00f6glichkeit, die Zangenklingen zu wechseln, machen es zur ersten Wahl f\u00fcr Benutzer weltweit. <\/strong><br \/>\n<strong>Kostenloser Versand.<\/strong><\/p>\n","protected":false},"featured_media":358890,"comment_status":"open","ping_status":"closed","template":"","meta":[],"pwb-brand":[3482],"product_brand":[],"product_cat":[3340],"product_tag":[],"class_list":{"0":"post-306752","1":"product","2":"type-product","3":"status-publish","4":"has-post-thumbnail","6":"pwb-brand-ledermann","7":"product_cat-multi-tool-de","9":"first","10":"outofstock","11":"taxable","12":"shipping-taxable","13":"purchasable","14":"product-type-simple"},"brands":[{"id":3482,"name":"Ledermann","slug":"ledermann"}],"_links":{"self":[{"href":"https:\/\/www.moskito.cz\/de\/wp-json\/wp\/v2\/product\/306752","targetHints":{"allow":["GET"]}}],"collection":[{"href":"https:\/\/www.moskito.cz\/de\/wp-json\/wp\/v2\/product"}],"about":[{"href":"https:\/\/www.moskito.cz\/de\/wp-json\/wp\/v2\/types\/product"}],"replies":[{"embeddable":true,"href":"https:\/\/www.moskito.cz\/de\/wp-json\/wp\/v2\/comments?post=306752"}],"wp:featuredmedia":[{"embeddable":true,"href":"https:\/\/www.moskito.cz\/de\/wp-json\/wp\/v2\/media\/358890"}],"wp:attachment":[{"href":"https:\/\/www.moskito.cz\/de\/wp-json\/wp\/v2\/media?parent=306752"}],"wp:term":[{"taxonomy":"pwb-brand","embeddable":true,"href":"https:\/\/www.moskito.cz\/de\/wp-json\/wp\/v2\/pwb-brand?post=306752"},{"taxonomy":"product_brand","embeddable":true,"href":"https:\/\/www.moskito.cz\/de\/wp-json\/wp\/v2\/product_brand?post=306752"},{"taxonomy":"product_cat","embeddable":true,"href":"https:\/\/www.moskito.cz\/de\/wp-json\/wp\/v2\/product_cat?post=306752"},{"taxonomy":"product_tag","embeddable":true,"href":"https:\/\/www.moskito.cz\/de\/wp-json\/wp\/v2\/product_tag?post=306752"}],"curies":[{"name":"wp","href":"https:\/\/api.w.org\/{rel}","templated":true}]}}