{"id":306764,"date":"2019-05-05T13:20:15","date_gmt":"2024-02-06T07:27:59","guid":{"rendered":"https:\/\/www.moskito.cz\/produkt\/meyerco-brent-beshara-besh-wedge-neck-knife-mlnk\/"},"modified":"2025-07-11T07:48:55","modified_gmt":"2025-07-11T06:48:55","slug":"meyerco-brent-beshara-besh-wedge-neck-knife-mlnk","status":"publish","type":"product","link":"https:\/\/www.moskito.cz\/de\/produkt\/meyerco-brent-beshara-besh-wedge-neck-knife-mlnk\/","title":{"rendered":"Meyerco Brent Beshara Besh Wedge Neck Knife MLNK"},"content":{"rendered":"<p>Meyerco Brent Beshara Besh Wedge Neck Knife MLNK.<\/p>\n<p><span class=\"tlid-translation translation\" lang=\"cs\"><span class=\"\" title=\"\">Meyerco MLNK Brent Beshara Besh Keilhalsmesser.<\/span> <span class=\"\" title=\"\">Brent Beshara beschreibt dieses von ihm entworfene Messer wie folgt: Das BESH Wedge ist ein revolution\u00e4res dreischneidiges Messer, das ich gemeinsam mit Ihnen, dem Endbenutzer, erfunden habe.<\/span> <span class=\"\" title=\"\">Es ist das st\u00e4rkste Messer der Welt.<\/span> <span class=\"\" title=\"\">Meine Geometrie kombiniert mit Darrel Ralphs herausragendem Design und der hochwertigen Konstruktion von Meyerco ergibt \u201edas richtige Werkzeug f\u00fcr den richtigen Job\u201c.<\/span><\/span><\/p>\n<p><span title=\"\">Die BESH Wedge Blade von Brent Beshara verf\u00fcgt \u00fcber eine einzigartige Klingengeometrie, die so viel Stahl wie m\u00f6glich an die Klingenspitze transportiert.<\/span> <span class=\"\" title=\"\">Das BESH Wedge Neck Knife verf\u00fcgt \u00fcber einen mit Parakabel umwickelten Griff und eine Kydexscheide mit Halskette.<\/span> <span class=\"\" title=\"\">Meyerco ist \u00fcber BESH Knives Inc. zur Herstellung dieser BESH-Keile lizenziert.<\/span><\/p>\n<p><span title=\"\">Gesamtl\u00e4nge:<\/span> 20 cm<\/p>\n<p><span title=\"\">Klingenl\u00e4nge:<\/span> 11 cm<\/p>\n<p><span title=\"\">Griffmaterial:<\/span> <span title=\"\">Paracord<\/span><\/p>\n<p><span title=\"\">Holster:<\/span> <span title=\"\">Kydex mit Halskette<\/span><\/p>\n<p>&nbsp;<\/p>\n","protected":false},"excerpt":{"rendered":"<p>Feststehendes Messer mit Scheide.<\/p>\n","protected":false},"featured_media":163888,"comment_status":"open","ping_status":"closed","template":"","meta":[],"pwb-brand":[3471],"product_brand":[],"product_cat":[3285,3287],"product_tag":[],"class_list":{"0":"post-306764","1":"product","2":"type-product","3":"status-publish","4":"has-post-thumbnail","6":"pwb-brand-meyerco-de","7":"product_cat-messer","8":"product_cat-solide-messer","10":"first","11":"onbackorder","12":"taxable","13":"shipping-taxable","14":"purchasable","15":"product-type-simple"},"brands":[{"id":3471,"name":"Meyerco","slug":"meyerco-de"}],"_links":{"self":[{"href":"https:\/\/www.moskito.cz\/de\/wp-json\/wp\/v2\/product\/306764","targetHints":{"allow":["GET"]}}],"collection":[{"href":"https:\/\/www.moskito.cz\/de\/wp-json\/wp\/v2\/product"}],"about":[{"href":"https:\/\/www.moskito.cz\/de\/wp-json\/wp\/v2\/types\/product"}],"replies":[{"embeddable":true,"href":"https:\/\/www.moskito.cz\/de\/wp-json\/wp\/v2\/comments?post=306764"}],"wp:featuredmedia":[{"embeddable":true,"href":"https:\/\/www.moskito.cz\/de\/wp-json\/wp\/v2\/media\/163888"}],"wp:attachment":[{"href":"https:\/\/www.moskito.cz\/de\/wp-json\/wp\/v2\/media?parent=306764"}],"wp:term":[{"taxonomy":"pwb-brand","embeddable":true,"href":"https:\/\/www.moskito.cz\/de\/wp-json\/wp\/v2\/pwb-brand?post=306764"},{"taxonomy":"product_brand","embeddable":true,"href":"https:\/\/www.moskito.cz\/de\/wp-json\/wp\/v2\/product_brand?post=306764"},{"taxonomy":"product_cat","embeddable":true,"href":"https:\/\/www.moskito.cz\/de\/wp-json\/wp\/v2\/product_cat?post=306764"},{"taxonomy":"product_tag","embeddable":true,"href":"https:\/\/www.moskito.cz\/de\/wp-json\/wp\/v2\/product_tag?post=306764"}],"curies":[{"name":"wp","href":"https:\/\/api.w.org\/{rel}","templated":true}]}}