{"id":306827,"date":"2019-05-18T17:54:15","date_gmt":"2019-05-18T16:54:15","guid":{"rendered":"https:\/\/www.moskito.cz\/produkt\/nitecore-ha40\/"},"modified":"2025-09-15T09:57:55","modified_gmt":"2025-09-15T08:57:55","slug":"nitecore-ha40","status":"publish","type":"product","link":"https:\/\/www.moskito.cz\/de\/produkt\/nitecore-ha40\/","title":{"rendered":"Nitecore HA40"},"content":{"rendered":"<p>Nitecore HA40.<\/p>\n<p> Leistungsstarke Universal-Stirnlampe zum Wandern, f\u00fcr den Au\u00dfenbereich oder zur Arbeit.<\/p>\n<p> Stromversorgung \u00fcber 4 AA-Batterien (Einwegbatterien k\u00f6nnen verwendet werden, f\u00fcr maximale Leistung und Lebensdauer werden jedoch wiederaufladbare NiMH-Batterien empfohlen)<\/p>\n","protected":false},"excerpt":{"rendered":"<p>Nitecore HA40<\/p>\n","protected":false},"featured_media":164230,"comment_status":"open","ping_status":"closed","template":"","meta":[],"pwb-brand":[3502],"product_brand":[],"product_cat":[3368,3335],"product_tag":[],"class_list":{"0":"post-306827","1":"product","2":"type-product","3":"status-publish","4":"has-post-thumbnail","6":"pwb-brand-nitecore-de","7":"product_cat-lampen","8":"product_cat-camping-de","10":"first","11":"outofstock","12":"taxable","13":"shipping-taxable","14":"purchasable","15":"product-type-simple"},"brands":[{"id":3502,"name":"Nitecore","slug":"nitecore-de"}],"_links":{"self":[{"href":"https:\/\/www.moskito.cz\/de\/wp-json\/wp\/v2\/product\/306827","targetHints":{"allow":["GET"]}}],"collection":[{"href":"https:\/\/www.moskito.cz\/de\/wp-json\/wp\/v2\/product"}],"about":[{"href":"https:\/\/www.moskito.cz\/de\/wp-json\/wp\/v2\/types\/product"}],"replies":[{"embeddable":true,"href":"https:\/\/www.moskito.cz\/de\/wp-json\/wp\/v2\/comments?post=306827"}],"wp:featuredmedia":[{"embeddable":true,"href":"https:\/\/www.moskito.cz\/de\/wp-json\/wp\/v2\/media\/164230"}],"wp:attachment":[{"href":"https:\/\/www.moskito.cz\/de\/wp-json\/wp\/v2\/media?parent=306827"}],"wp:term":[{"taxonomy":"pwb-brand","embeddable":true,"href":"https:\/\/www.moskito.cz\/de\/wp-json\/wp\/v2\/pwb-brand?post=306827"},{"taxonomy":"product_brand","embeddable":true,"href":"https:\/\/www.moskito.cz\/de\/wp-json\/wp\/v2\/product_brand?post=306827"},{"taxonomy":"product_cat","embeddable":true,"href":"https:\/\/www.moskito.cz\/de\/wp-json\/wp\/v2\/product_cat?post=306827"},{"taxonomy":"product_tag","embeddable":true,"href":"https:\/\/www.moskito.cz\/de\/wp-json\/wp\/v2\/product_tag?post=306827"}],"curies":[{"name":"wp","href":"https:\/\/api.w.org\/{rel}","templated":true}]}}