{"id":306835,"date":"2019-05-18T14:48:17","date_gmt":"2024-02-06T07:28:37","guid":{"rendered":"https:\/\/www.moskito.cz\/produkt\/ledlenser-fernausloeser-fuer-t7\/"},"modified":"2025-07-11T07:49:00","modified_gmt":"2025-07-11T06:49:00","slug":"ledlenser-fernausloeser-fuer-t7","status":"publish","type":"product","link":"https:\/\/www.moskito.cz\/de\/produkt\/ledlenser-fernausloeser-fuer-t7\/","title":{"rendered":"Ledlenser Fernausl\u00f6ser f\u00fcr T7"},"content":{"rendered":"<p>Ledlenser Fernausl\u00f6ser f\u00fcr T7.<\/p>\n<p>Kabelschalter mit separatem Taster zur Erweiterung der beliebten Led Lenser P7, P7.2, T7, MT7 Lampen.<\/p>\n","protected":false},"excerpt":{"rendered":"<p>Ledlenser Fernausl\u00f6ser f\u00fcr T7<\/p>\n","protected":false},"featured_media":164210,"comment_status":"open","ping_status":"closed","template":"","meta":[],"pwb-brand":[3488],"product_brand":[],"product_cat":[3335,3368],"product_tag":[],"class_list":{"0":"post-306835","1":"product","2":"type-product","3":"status-publish","4":"has-post-thumbnail","6":"pwb-brand-ledlenser-de","7":"product_cat-camping-de","8":"product_cat-lampen","10":"first","11":"outofstock","12":"taxable","13":"shipping-taxable","14":"purchasable","15":"product-type-simple"},"brands":[{"id":3488,"name":"Ledlenser","slug":"ledlenser-de"}],"_links":{"self":[{"href":"https:\/\/www.moskito.cz\/de\/wp-json\/wp\/v2\/product\/306835","targetHints":{"allow":["GET"]}}],"collection":[{"href":"https:\/\/www.moskito.cz\/de\/wp-json\/wp\/v2\/product"}],"about":[{"href":"https:\/\/www.moskito.cz\/de\/wp-json\/wp\/v2\/types\/product"}],"replies":[{"embeddable":true,"href":"https:\/\/www.moskito.cz\/de\/wp-json\/wp\/v2\/comments?post=306835"}],"wp:featuredmedia":[{"embeddable":true,"href":"https:\/\/www.moskito.cz\/de\/wp-json\/wp\/v2\/media\/164210"}],"wp:attachment":[{"href":"https:\/\/www.moskito.cz\/de\/wp-json\/wp\/v2\/media?parent=306835"}],"wp:term":[{"taxonomy":"pwb-brand","embeddable":true,"href":"https:\/\/www.moskito.cz\/de\/wp-json\/wp\/v2\/pwb-brand?post=306835"},{"taxonomy":"product_brand","embeddable":true,"href":"https:\/\/www.moskito.cz\/de\/wp-json\/wp\/v2\/product_brand?post=306835"},{"taxonomy":"product_cat","embeddable":true,"href":"https:\/\/www.moskito.cz\/de\/wp-json\/wp\/v2\/product_cat?post=306835"},{"taxonomy":"product_tag","embeddable":true,"href":"https:\/\/www.moskito.cz\/de\/wp-json\/wp\/v2\/product_tag?post=306835"}],"curies":[{"name":"wp","href":"https:\/\/api.w.org\/{rel}","templated":true}]}}