{"id":306850,"date":"2022-04-07T21:08:30","date_gmt":"2024-02-06T07:28:41","guid":{"rendered":"https:\/\/www.moskito.cz\/produkt\/schiessmesser-microtech-marfione-mini-halo-iii\/"},"modified":"2025-05-07T10:56:57","modified_gmt":"2025-05-07T09:56:57","slug":"schiessmesser-microtech-marfione-mini-halo-iii","status":"publish","type":"product","link":"https:\/\/www.moskito.cz\/de\/produkt\/schiessmesser-microtech-marfione-mini-halo-iii\/","title":{"rendered":"Schie\u00dfmesser Microtech Marfione Mini Halo III"},"content":{"rendered":"<p>Schie\u00dfmesser <strong>Microtech<\/strong> Marfione Mini Halo III<\/p>\n<p><strong>Das einzige St\u00fcck in Europa!!!!<\/strong><\/p>\n<p>Tony Marfiones Halo Automatic ist die Klasse der OTF-Welt und verf\u00fcgt \u00fcber eine der st\u00e4rksten Schussklingen, die wir je gesehen haben. Der Knopf feuert die Klinge blitzschnell ab und entriegelt sie gleichzeitig. Wenn Sie also an der Lasche am stumpfen Ende des Messers ziehen, f\u00e4hrt die Klinge leicht in den Griff zur\u00fcck und feuert erneut. Dieses Mini Halo III OTF verf\u00fcgt \u00fcber eine hochglanzpolierte M390-Tantoklinge, einen schwarzen Aluminiumgriff, doppelt gestrahlte Hardware und wird in einer eigenen Kohlefaserscheide mit Echtheitszertifikat aus Metall geliefert. Dies ist ein absolut erstaunliches Sammlerst\u00fcck und gibt Ihnen wirklich einen Eindruck davon, wie sch\u00f6n Frontautos sein k\u00f6nnen, insbesondere solche, die so klein sind.<\/p>\n<p>Spezifikationen<br \/>\nKlingenl\u00e4nge: 5 cm<br \/>\nGesamtl\u00e4nge: 12 cm<br \/>\nKlingenmaterial: Edelstahl M390<br \/>\nKlingenstil: Tanto<br \/>\nKlingenschliff: Hohl, Sterngitter<br \/>\nOberfl\u00e4chenbehandlung der Klinge: Spiegelpolitur<br \/>\nGriffmaterial: Hartanodisiertes Aluminium 6061-T6<br \/>\nVerriegelungsmechanismus: Knopf<br \/>\nTaschenclip: Keine<br \/>\nGeh\u00e4usematerial: Ma\u00dfgeschneidertes Kohlefasergeh\u00e4use<br \/>\nGewicht: 0,5 Unzen.<br \/>\nDesigner: Tony und Sean Marfione<br \/>\nHandgefertigt in den USA<\/p>\n<p><iframe title=\"Microtech Combat Troodon Torture Test\" width=\"800\" height=\"450\" src=\"https:\/\/www.youtube.com\/embed\/xE9TeOFYEjg?feature=oembed\" frameborder=\"0\" allow=\"accelerometer; autoplay; clipboard-write; encrypted-media; gyroscope; picture-in-picture; web-share\" allowfullscreen><\/iframe><\/p>\n<p>&nbsp;<\/p>\n<p>MCKMHALO3SG: Mini Halo III OTF AUTO \u2013 Hochglanzpolierter Sternschliff<br \/>\nMarfione Custom-Messer<br \/>\nDie Halo Automatic von Tony Marfione ist die Klasse der OTF-Welt und verf\u00fcgt \u00fcber eine der st\u00e4rksten Schussklingen, die wir je gesehen haben. Der Druckknopf feuert die Klinge blitzschnell ab und entriegelt die Klinge, sodass die Klinge beim Ziehen an der Lasche am Ende des Messers leicht in den Griff zur\u00fcckgezogen werden kann, um erneut zu feuern. Dieses Mini Halo III OTF verf\u00fcgt \u00fcber eine hochglanzpolierte M390-Tantoklinge, einen schwarzen Aluminiumgriff, doppelt dampfgestrahlte Hardware und wird in einem eigenen, ma\u00dfgeschneiderten Kohlefasergeh\u00e4use mit einem Echtheitszertifikat aus Metall geliefert. Dies ist ein absolut erstaunliches Sammlerst\u00fcck und es gibt Ihnen wirklich einen Einblick, wie sch\u00f6n vordere AUTOs sein k\u00f6nnen, insbesondere solche, die so klein sind.<\/p>\n<p>Spezifikationen<br \/>\nKlingenl\u00e4nge: 2,00&#8243;<br \/>\nSchneide: 1,92&#8243;<br \/>\nGeschlossene L\u00e4nge: 2,69&#8243;<br \/>\nGesamtl\u00e4nge: 4,65&#8243;<br \/>\nKlingenmaterialien: M390-Edelstahl<br \/>\nKlingenst\u00e4rke: 0,075 Zoll<br \/>\nKlingenstil: Tanto<br \/>\nKlingenschliff: Hohl, Sterngitter<br \/>\nKlingenoberfl\u00e4che: Hochglanzpoliert<br \/>\nGriffmaterial: hartbeschichtetes eloxiertes 6061-T6-Aluminium<br \/>\nGriffst\u00e4rke: 0,214 Zoll<br \/>\nVerriegelungsmechanismus: Knopf<br \/>\nTaschenclip: Keine<br \/>\nGeh\u00e4usematerial: Kundenspezifisches Kohlefasergeh\u00e4use<br \/>\nGewicht: 0,5 Unzen.<br \/>\nDesigner: Tony und Sean Marfione<br \/>\nHandgefertigt in den USA<\/p>\n","protected":false},"excerpt":{"rendered":"<p>Schie\u00dfmesser Microtech Marfione Mini Halo III Das einzige St\u00fcck in Europa!!!! Tony Marfiones Halo Automatic ist die Klasse der OTF-Welt und verf\u00fcgt \u00fcber eine der st\u00e4rksten Schussklingen, die wir je gesehen haben. Der Knopf feuert die Klinge blitzschnell ab und entriegelt sie gleichzeitig. Wenn Sie also an der Lasche am stumpfen Ende des Messers ziehen, [&hellip;]<\/p>\n","protected":false},"featured_media":306853,"comment_status":"open","ping_status":"closed","template":"","meta":[],"pwb-brand":[3278],"product_brand":[],"product_cat":[3285,3343],"product_tag":[3669],"class_list":{"0":"post-306850","1":"product","2":"type-product","3":"status-publish","4":"has-post-thumbnail","6":"pwb-brand-microtech-de","7":"product_cat-messer","8":"product_cat-schiesmesser","9":"product_tag-b2b-de","11":"first","12":"outofstock","13":"taxable","14":"shipping-taxable","15":"purchasable","16":"product-type-simple"},"brands":[{"id":3278,"name":"Microtech","slug":"microtech-de"}],"_links":{"self":[{"href":"https:\/\/www.moskito.cz\/de\/wp-json\/wp\/v2\/product\/306850","targetHints":{"allow":["GET"]}}],"collection":[{"href":"https:\/\/www.moskito.cz\/de\/wp-json\/wp\/v2\/product"}],"about":[{"href":"https:\/\/www.moskito.cz\/de\/wp-json\/wp\/v2\/types\/product"}],"replies":[{"embeddable":true,"href":"https:\/\/www.moskito.cz\/de\/wp-json\/wp\/v2\/comments?post=306850"}],"wp:featuredmedia":[{"embeddable":true,"href":"https:\/\/www.moskito.cz\/de\/wp-json\/wp\/v2\/media\/306853"}],"wp:attachment":[{"href":"https:\/\/www.moskito.cz\/de\/wp-json\/wp\/v2\/media?parent=306850"}],"wp:term":[{"taxonomy":"pwb-brand","embeddable":true,"href":"https:\/\/www.moskito.cz\/de\/wp-json\/wp\/v2\/pwb-brand?post=306850"},{"taxonomy":"product_brand","embeddable":true,"href":"https:\/\/www.moskito.cz\/de\/wp-json\/wp\/v2\/product_brand?post=306850"},{"taxonomy":"product_cat","embeddable":true,"href":"https:\/\/www.moskito.cz\/de\/wp-json\/wp\/v2\/product_cat?post=306850"},{"taxonomy":"product_tag","embeddable":true,"href":"https:\/\/www.moskito.cz\/de\/wp-json\/wp\/v2\/product_tag?post=306850"}],"curies":[{"name":"wp","href":"https:\/\/api.w.org\/{rel}","templated":true}]}}